{"id":21339,"date":"2023-07-03T22:23:14","date_gmt":"2023-07-04T06:23:14","guid":{"rendered":"https:\/\/www.bonelinks.com\/product\/przewod-swiatlowodowy-sc-sc-om4\/"},"modified":"2024-02-08T18:31:10","modified_gmt":"2024-02-09T02:31:10","slug":"sc-sc-om4-fibre-patch-lead","status":"publish","type":"product","link":"https:\/\/www.bonelinks.com\/pl\/product\/sc-sc-om4-fibre-patch-lead\/","title":{"rendered":"Przew\u00f3d \u015bwiat\u0142owodowy SC SC OM4"},"content":{"rendered":"<h1 style=\"text-align: left; font-size: 18px;\"><strong>Niezawodny \u015bwiat\u0142owodowy przew\u00f3d krosowy SC SC OM4 do po\u0142\u0105cze\u0144 o wysokiej przepustowo\u015bci<\/strong><\/h1>\n<p>Zmodernizuj swoj\u0105 sie\u0107 za pomoc\u0105 naszego niezawodnego \u015bwiat\u0142owodowego kabla krosowego SC SC OM4, zapewniaj\u0105cego po\u0142\u0105czenia Ethernet o wysokiej przepustowo\u015bci. Kable te charakteryzuj\u0105 si\u0119 imponuj\u0105c\u0105 przepustowo\u015bci\u0105 4700 MHz*km, obs\u0142uguj\u0105c transmisj\u0119 10 GB na odleg\u0142o\u015b\u0107 do 550 metr\u00f3w i 100 GB na odleg\u0142o\u015b\u0107 do 125 metr\u00f3w. S\u0105 one w pe\u0142ni kompatybilne z urz\u0105dzeniami 50\/125 i 10-gigabitowymi aplikacjami Ethernet, zapewniaj\u0105c bezproblemow\u0105 integracj\u0119.<\/p>\n<p>Dzi\u0119ki z\u0142\u0105czom UPC Polish, nasze wysokiej jako\u015bci kable oferuj\u0105 lepsze wyko\u0144czenie powierzchni i zmniejszone odbicie wsteczne. Wykonane z wysokiej jako\u015bci \u015bwiat\u0142owod\u00f3w i ceramicznych z\u0142\u0105czy SC-SC, zapewniaj\u0105 bezpieczne i trwa\u0142e po\u0142\u0105czenia. Dzi\u0119ki zminimalizowanej dyspersji modalnej i utracie \u015bwiat\u0142a, nasze \u015bwiat\u0142owodowe kable krosowe OM4 zapewniaj\u0105 maksymaln\u0105 wydajno\u015b\u0107 sieci. Oferuj\u0105 one ekonomiczne rozwi\u0105zanie dla zwi\u0119kszonej \u0142\u0105czno\u015bci, eliminuj\u0105c potrzeb\u0119 stosowania drogich jednomodowych transceiver\u00f3w optycznych 40G\/100G. Idealne do po\u0142\u0105cze\u0144 10GBase-SR, 40GBase-SR BiDi, SFP+ i QSFP+, nasze \u015bwiat\u0142owodowe kable krosowe SC SC OM4 s\u0105 dost\u0119pne w r\u00f3\u017cnych d\u0142ugo\u015bciach, aby spe\u0142ni\u0107 wymagania zwi\u0105zane z wdro\u017ceniem.<\/p>\n<p>Kable te zapewniaj\u0105 wydajne i niezawodne po\u0142\u0105czenia Ethernet, zapewniaj\u0105c doskona\u0142\u0105 wydajno\u015b\u0107 przy niskich stratach odbiciowych i t\u0142umienno\u015bci wtr\u0105ceniowej.<\/p>\n<table>\n<caption><strong>Obs\u0142uga odleg\u0142o\u015bci \u0142\u0105cza OM4<\/strong><\/caption>\n<tbody>\n<tr>\n<th>Oznaczenie urz\u0105dzenia nadawczo-odbiorczego<\/th>\n<th>OM4 (maksymalna odleg\u0142o\u015b\u0107 w metrach)<\/th>\n<\/tr>\n<tr>\n<td style=\"text-align: center;\">10GBASE-SR<\/td>\n<td style=\"text-align: center;\">550<\/td>\n<\/tr>\n<tr>\n<td style=\"text-align: center;\">10GBASE-LX4<\/td>\n<td style=\"text-align: center;\">300<\/td>\n<\/tr>\n<tr>\n<td style=\"text-align: center;\">10GBASE-LRM<\/td>\n<td style=\"text-align: center;\">220<\/td>\n<\/tr>\n<tr>\n<td style=\"text-align: center;\">40GBASE-SR4<\/td>\n<td style=\"text-align: center;\">125<\/td>\n<\/tr>\n<tr>\n<td style=\"text-align: center;\">100GBASE-SR10<\/td>\n<td style=\"text-align: center;\">125<\/td>\n<\/tr>\n<\/tbody>\n<\/table>\n<h2 style=\"text-align: left; font-size: 18px;\"><strong>Cechy \u015bwiat\u0142owodowego przewodu krosowego SC SC OM4<\/strong><\/h2>\n<ul>\n<li>\u015awiat\u0142ow\u00f3d wielomodowy zoptymalizowany pod k\u0105tem lasera (LOMMF) z rdzeniem\/ok\u0142adzin\u0105 \u015bwiat\u0142owodow\u0105 50\/125<\/li>\n<li>Z\u0142\u0105cza SC do SC<\/li>\n<li>Aplikacje 100Gig<\/li>\n<li>W 100% w pe\u0142ni przetestowane<\/li>\n<li>Dost\u0119pne opcje d\u0142ugo\u015bci od 0,5 metra do 10 metr\u00f3w lub d\u0142ugo\u015bci niestandardowe<\/li>\n<\/ul>\n<h2 style=\"text-align: left; font-size: 18px;\"><strong>Zastosowania \u015bwiat\u0142owodowego przewodu krosowego SC SC OM4<\/strong><\/h2>\n<ul>\n<li>Aplikacje o wysokiej przepustowo\u015bci<\/li>\n<li>Przechowywanie danych<\/li>\n<li>10\/40\/100 Gigabit Ethernet<\/li>\n<\/ul>\n<p><img fetchpriority=\"high\" decoding=\"async\" class=\"alignnone size-full wp-image-7181\" src=\"https:\/\/www.bonelinks.com\/wp-content\/uploads\/2023\/07\/dual-sc-patch-lead-application.png\" alt=\"\" width=\"714\" height=\"260\" srcset=\"https:\/\/www.bonelinks.com\/wp-content\/uploads\/2023\/07\/dual-sc-patch-lead-application.png 714w, https:\/\/www.bonelinks.com\/wp-content\/uploads\/2023\/07\/dual-sc-patch-lead-application-300x109.png 300w, https:\/\/www.bonelinks.com\/wp-content\/uploads\/2023\/07\/dual-sc-patch-lead-application-650x237.png 650w\" sizes=\"(max-width: 714px) 100vw, 714px\" \/><\/p>\n<h2 style=\"text-align: left; font-size: 18px;\"><strong>Szukasz wi\u0119cej opcji kabli \u015bwiat\u0142owodowych?<\/strong><\/h2>\n<p>Potrzebujesz wi\u0119cej opcji kabli \u015bwiat\u0142owodowych? Zapoznaj si\u0119 z nasz\u0105 ofert\u0105 <a title=\"Kable \u015bwiat\u0142owodowe SC\" href=\"https:\/\/www.bonelinks.com\/pl\/sc-fibre-patch-leads\/\" target=\"_blank\" rel=\"noopener\"><strong><span style=\"color: #0054a6;\">Kable \u015bwiat\u0142owodowe SC, <\/span><\/strong><\/a><strong><span style=\"color: #0054a6;\"><a style=\"color: #0054a6;\" href=\"https:\/\/www.bonelinks.com\/pl\/multimode-fibre-patch-leads\/\" target=\"_blank\" rel=\"noopener\">Kable \u015bwiat\u0142owodowe wielomodowe <\/a><\/span><\/strong>dla bezproblemowej pracy w sieci.<\/p>\n<p>Szukasz niestandardowych i specjalnie zaprojektowanych kabli \u015bwiat\u0142owodowych? Zapoznaj si\u0119 z nasz\u0105 dedykowan\u0105 sekcj\u0105<a href=\"https:\/\/www.bonelinks.com\/pl\/custom-fiber-optic-cables\/\" target=\"_blank\" rel=\"noopener\"><span style=\"color: #0054a6;\"><strong> Niestandardowe kable \u015bwiat\u0142owodowe <\/strong><\/span><\/a>w celu uzyskania dopasowanych rozwi\u0105za\u0144 w zakresie \u0142\u0105czno\u015bci.<\/p>\n<ul>\n<li>Sprzeda\u017c detaliczna lub hurtowa &#8211; mamy wszystko pod kontrol\u0105!<\/li>\n<li>Nie wiesz co kupi\u0107? Oferujemy porady ekspert\u00f3w.<\/li>\n<li>Ma\u0142e MOQ: Nie musisz kupowa\u0107 wi\u0119cej ni\u017c chcesz.<\/li>\n<li>Konkurencyjne ceny: Uzyskaj \u015bwietn\u0105 warto\u015b\u0107 za ka\u017cdym razem.<\/li>\n<li>Szybka dostawa: Twoja szybko\u015b\u0107, nasz priorytet.<\/li>\n<li>Zorientowanie na klienta: Dostosowujemy nasze us\u0142ugi do Twoich potrzeb.<\/li>\n<\/ul>\n<p><strong>Po\u0142\u0105cz si\u0119 z nami!<\/strong><br \/>\nJe\u015bli masz problem ze znalezieniem odpowiedniego <span style=\"color: #0054a6;\"><strong><a style=\"color: #0054a6;\" href=\"https:\/\/www.bonelinks.com\/pl\/fiber-optic-patch-cord-supplier\/\" target=\"_blank\" rel=\"noopener\">\u015bwiat\u0142owodowego kabla krosowego <\/a><\/strong><\/span>do swoich potrzeb lub potrzebujesz porady eksperta, wystarczy jedno klikni\u0119cie i mo\u017cesz<a href=\"https:\/\/www.bonelinks.com\/pl\/contact-us\/\" target=\"_blank\" rel=\"noopener\"><strong><span style=\"color: #0054a6;\"> porozmawia\u0107 z nami <\/span><\/strong><\/a>w kilka sekund. Twoje zadowolenie jest naszym priorytetem. Jeste\u015bmy gotowi pom\u00f3c Ci pod ka\u017cdym wzgl\u0119dem. <strong>Nie martw si\u0119, nadmierne my\u015blenie nie jest wymagane. Jeste\u015bmy tutaj, gotowi do pomocy.<\/strong><\/p>\n","protected":false},"excerpt":{"rendered":"<p>Przew\u00f3d \u015bwiat\u0142owodowy SC SC OM4, wyposa\u017cony w z\u0142\u0105cza SC na obu ko\u0144cach, oferuje niezwykle wysok\u0105 przepustowo\u015b\u0107 4700 MHz * km. Obs\u0142uguj\u0105 przepustowo\u015b\u0107 10 GB do 550 m i 100 GB do 125 m, dzi\u0119ki czemu nadaj\u0105 si\u0119 do zastosowa\u0144 o wysokiej przepustowo\u015bci i s\u0105 w pe\u0142ni kompatybilne ze sprz\u0119tem 50\/125 i 10-gigabitowym Ethernetem.<\/p>\n<ul>\n<li>100Gig, \u015bwiat\u0142ow\u00f3d wielomodowy zoptymalizowany pod k\u0105tem lasera (LOMMF)<\/li>\n<li>2,5 mm SC do SC UPC\/UPC<\/li>\n<li>Obs\u0142uguje sieci Fast Ethernet, 1Gb Ethernet, 10Gb Ethernet, 40Gb Ethernet i 100Gb Ethernet.<\/li>\n<li>Opcje d\u0142ugo\u015bci od 0,5 m do 10 m lub niestandardowe<\/li>\n<li>W 100% w pe\u0142ni przetestowane<\/li>\n<\/ul>\n","protected":false},"featured_media":17812,"template":"","meta":{"site-sidebar-layout":"default","site-content-layout":"default","ast-site-content-layout":"default","site-content-style":"default","site-sidebar-style":"default","ast-global-header-display":"","ast-banner-title-visibility":"","ast-main-header-display":"","ast-hfb-above-header-display":"","ast-hfb-below-header-display":"","ast-hfb-mobile-header-display":"","site-post-title":"","ast-breadcrumbs-content":"","ast-featured-img":"","footer-sml-layout":"","ast-disable-related-posts":"","theme-transparent-header-meta":"default","adv-header-id-meta":"","stick-header-meta":"default","header-above-stick-meta":"","header-main-stick-meta":"","header-below-stick-meta":"","astra-migrate-meta-layouts":"set","ast-page-background-enabled":"default","ast-page-background-meta":{"desktop":{"background-color":"","background-image":"","background-repeat":"repeat","background-position":"center center","background-size":"auto","background-attachment":"scroll","background-type":"","background-media":"","overlay-type":"","overlay-color":"","overlay-opacity":"","overlay-gradient":""},"tablet":{"background-color":"","background-image":"","background-repeat":"repeat","background-position":"center center","background-size":"auto","background-attachment":"scroll","background-type":"","background-media":"","overlay-type":"","overlay-color":"","overlay-opacity":"","overlay-gradient":""},"mobile":{"background-color":"","background-image":"","background-repeat":"repeat","background-position":"center center","background-size":"auto","background-attachment":"scroll","background-type":"","background-media":"","overlay-type":"","overlay-color":"","overlay-opacity":"","overlay-gradient":""}},"ast-content-background-meta":{"desktop":{"background-color":"var(--ast-global-color-5)","background-image":"","background-repeat":"repeat","background-position":"center center","background-size":"auto","background-attachment":"scroll","background-type":"","background-media":"","overlay-type":"","overlay-color":"","overlay-opacity":"","overlay-gradient":""},"tablet":{"background-color":"var(--ast-global-color-5)","background-image":"","background-repeat":"repeat","background-position":"center center","background-size":"auto","background-attachment":"scroll","background-type":"","background-media":"","overlay-type":"","overlay-color":"","overlay-opacity":"","overlay-gradient":""},"mobile":{"background-color":"var(--ast-global-color-5)","background-image":"","background-repeat":"repeat","background-position":"center center","background-size":"auto","background-attachment":"scroll","background-type":"","background-media":"","overlay-type":"","overlay-color":"","overlay-opacity":"","overlay-gradient":""}}},"product_brand":[],"product_cat":[236,269,238],"product_tag":[],"class_list":{"0":"post-21339","1":"product","2":"type-product","3":"status-publish","4":"has-post-thumbnail","6":"product_cat-fiber-patch-cord-pl","7":"product_cat-sc-fiber-patch-cord-pl-2","8":"product_cat-multimode-fiber-patch-cord-pl","9":"pa_connector-type-sc-sc-pl","10":"pa_fiber-type-50-125-om4-pl","11":"desktop-align-left","12":"tablet-align-left","13":"mobile-align-left","14":"ast-product-gallery-layout-vertical","15":"ast-product-gallery-with-no-image","16":"ast-product-tabs-layout-vertical","17":"ast-qv-on-image","19":"first","20":"instock","21":"shipping-taxable","22":"product-type-simple"},"_links":{"self":[{"href":"https:\/\/www.bonelinks.com\/pl\/wp-json\/wp\/v2\/product\/21339","targetHints":{"allow":["GET"]}}],"collection":[{"href":"https:\/\/www.bonelinks.com\/pl\/wp-json\/wp\/v2\/product"}],"about":[{"href":"https:\/\/www.bonelinks.com\/pl\/wp-json\/wp\/v2\/types\/product"}],"version-history":[{"count":3,"href":"https:\/\/www.bonelinks.com\/pl\/wp-json\/wp\/v2\/product\/21339\/revisions"}],"predecessor-version":[{"id":25838,"href":"https:\/\/www.bonelinks.com\/pl\/wp-json\/wp\/v2\/product\/21339\/revisions\/25838"}],"wp:featuredmedia":[{"embeddable":true,"href":"https:\/\/www.bonelinks.com\/pl\/wp-json\/wp\/v2\/media\/17812"}],"wp:attachment":[{"href":"https:\/\/www.bonelinks.com\/pl\/wp-json\/wp\/v2\/media?parent=21339"}],"wp:term":[{"taxonomy":"product_brand","embeddable":true,"href":"https:\/\/www.bonelinks.com\/pl\/wp-json\/wp\/v2\/product_brand?post=21339"},{"taxonomy":"product_cat","embeddable":true,"href":"https:\/\/www.bonelinks.com\/pl\/wp-json\/wp\/v2\/product_cat?post=21339"},{"taxonomy":"product_tag","embeddable":true,"href":"https:\/\/www.bonelinks.com\/pl\/wp-json\/wp\/v2\/product_tag?post=21339"}],"curies":[{"name":"wp","href":"https:\/\/api.w.org\/{rel}","templated":true}]}}