{"id":21337,"date":"2023-07-04T06:19:54","date_gmt":"2023-07-04T14:19:54","guid":{"rendered":"https:\/\/www.bonelinks.com\/product\/lc-do-st-swiatlowodowy-przewod-krosowy-mm\/"},"modified":"2024-02-08T18:27:58","modified_gmt":"2024-02-09T02:27:58","slug":"lc-to-st-fibre-patch-lead-mm","status":"publish","type":"product","link":"https:\/\/www.bonelinks.com\/pl\/product\/lc-to-st-fibre-patch-lead-mm\/","title":{"rendered":"LC do ST \u015bwiat\u0142owodowy przew\u00f3d krosowy MM"},"content":{"rendered":"<h1 style=\"text-align: left; font-size: 18px;\"><strong>Kompaktowy \u015bwiat\u0142owodowy przew\u00f3d krosowy MM LC-ST: niezawodne po\u0142\u0105czenie dla sieci o wysokiej pr\u0119dko\u015bci<\/strong><\/h1>\n<p>Kabel krosowy \u015bwiat\u0142owodowy LC na ST MM jest przeznaczony do \u015brodowisk kompaktowych i o du\u017cej g\u0119sto\u015bci. Przew\u00f3d ten jest zako\u0144czony ceramicznym z\u0142\u0105czem LC SFF 1,25 mm na jednym ko\u0144cu i wytrzyma\u0142ym z\u0142\u0105czem ST ze stali nierdzewnej na drugim ko\u0144cu, zapewniaj\u0105c niezb\u0119dne po\u0142\u0105czenie mi\u0119dzy \u015bwiat\u0142owodowymi urz\u0105dzeniami sieciowymi w szybkich sieciach. Odporna na rozci\u0105ganie konstrukcja p\u0142aszcza zapewnia trwa\u0142o\u015b\u0107 i chroni popularny \u015bwiat\u0142ow\u00f3d wielomodowy przed zak\u0142\u00f3ceniami elektrycznymi.<\/p>\n<p>Nasze kable \u015bwiat\u0142owodowe LC na ST s\u0105 dost\u0119pne w wersjach wielomodowych OM1 (62,5\/125), OM2 (50\/125), OM3 (50\/125) i OM4 (50\/125). Wyprodukowane w naszym zaawansowanym zak\u0142adzie terminacji \u015bwiat\u0142owod\u00f3w, te kable \u015bwiat\u0142owodowe przechodz\u0105 rygorystyczn\u0105 kontrol\u0119 jako\u015bci. Ka\u017cdy kabel \u015bwiat\u0142owodowy LC na ST MM jest w 100% przetestowany, przewy\u017cszaj\u0105c wysokie standardy wymagane dla wyj\u0105tkowo szybkich aplikacji danych.<\/p>\n<table width=\"1104\">\n<tbody>\n<tr>\n<td width=\"160\"><strong>Przew\u00f3d \u015bwiat\u0142owodowy LC do ST typu MM<\/strong><\/td>\n<td width=\"131\"><strong>\u015arednica<\/strong><\/td>\n<td width=\"121\"><strong>Kolor kurtki<\/strong><\/td>\n<td width=\"127\"><strong>\u0179r\u00f3d\u0142o optyczne<\/strong><\/td>\n<td width=\"143\"><strong>Przepustowo\u015b\u0107<\/strong><\/td>\n<td width=\"134\"><strong>Fast Ethernet<\/strong><\/td>\n<td width=\"72\"><strong>1GbE<\/strong><\/td>\n<td width=\"72\"><strong>10GbE<\/strong><\/td>\n<td width=\"72\"><strong>40GbE<\/strong><\/td>\n<td width=\"72\"><strong>100GbE<\/strong><\/td>\n<\/tr>\n<tr>\n<td width=\"160\">OM1<\/td>\n<td width=\"131\">62,5\/125 \u00b5m<\/td>\n<td width=\"121\">Pomara\u0144czowy<\/td>\n<td width=\"127\">LED<\/td>\n<td width=\"143\">200MHz*km<\/td>\n<td width=\"134\">2000m<\/td>\n<td width=\"72\">275m<\/td>\n<td width=\"72\">33m<\/td>\n<td width=\"72\">\/<\/td>\n<td width=\"72\">\/<\/td>\n<\/tr>\n<tr>\n<td width=\"160\">OM2<\/td>\n<td width=\"131\">50\/125\u00b5m<\/td>\n<td width=\"121\">Pomara\u0144czowy<\/td>\n<td width=\"127\">LED<\/td>\n<td width=\"143\">500MHz*km<\/td>\n<td width=\"134\">2000m<\/td>\n<td width=\"72\">550m<\/td>\n<td width=\"72\">82m<\/td>\n<td width=\"72\">\/<\/td>\n<td width=\"72\">\/<\/td>\n<\/tr>\n<tr>\n<td width=\"160\">OM3<\/td>\n<td width=\"131\">50\/125\u00b5m<\/td>\n<td width=\"121\">Aqua<\/td>\n<td width=\"127\">VSCEL<\/td>\n<td width=\"143\">2000MHz*km<\/td>\n<td width=\"134\">2000m<\/td>\n<td width=\"72\">\/<\/td>\n<td width=\"72\">300m<\/td>\n<td width=\"72\">100m<\/td>\n<td width=\"72\">70m<\/td>\n<\/tr>\n<tr>\n<td width=\"160\">OM4<\/td>\n<td width=\"131\">50\/125\u00b5m<\/td>\n<td width=\"121\">Fioletowy<\/td>\n<td width=\"127\">VSCEL<\/td>\n<td width=\"143\">4700MHz*km<\/td>\n<td width=\"134\">2000m<\/td>\n<td width=\"72\">\/<\/td>\n<td width=\"72\">550m<\/td>\n<td width=\"72\">150m<\/td>\n<td width=\"72\">150m<\/td>\n<\/tr>\n<\/tbody>\n<\/table>\n<h2 style=\"text-align: left; font-size: 18px;\"><strong>Najlepiej sprzedaj\u0105cy si\u0119 kabel \u015bwiat\u0142owodowy LC na ST MM w Bonelinks<\/strong><\/h2>\n<table>\n<tbody>\n<tr>\n<th class=\"header\">LC do ST \u015bwiat\u0142owodowy przew\u00f3d krosowy MM<\/th>\n<th class=\"header\">OM2 \u015awiat\u0142ow\u00f3d LC do ST<\/th>\n<th class=\"header\">OM3 \u015awiat\u0142ow\u00f3d LC do ST<\/th>\n<th class=\"header\">OM4 \u015awiat\u0142ow\u00f3d LC do ST<\/th>\n<\/tr>\n<tr>\n<td>Liczba w\u0142\u00f3kien<\/td>\n<td>Simplex, Duplex<\/td>\n<td>Simplex, Duplex<\/td>\n<td>Simplex, Duplex<\/td>\n<\/tr>\n<tr>\n<td>Tryb \u015bwiat\u0142owodowy<\/td>\n<td>Wielomodowy<\/td>\n<td>Wielomodowy<\/td>\n<td>Wielomodowy<\/td>\n<\/tr>\n<tr>\n<td>Szybko\u015b\u0107 transmisji danych<\/td>\n<td>1G\/10GB<\/td>\n<td>10G\/40G\/100GB<\/td>\n<td>10G\/40G\/100GB<\/td>\n<\/tr>\n<tr>\n<td>Z\u0142\u0105cze<\/td>\n<td>LC UPC do ST UPC<\/td>\n<td>LC UPC do ST UPC<\/td>\n<td>LC UPC do ST UPC<\/td>\n<\/tr>\n<tr>\n<td>Strata wtr\u0105ceniowa<\/td>\n<td>\u22640,3dB<\/td>\n<td>\u22640,3dB<\/td>\n<td>\u22640,3dB<\/td>\n<\/tr>\n<tr>\n<td>Straty odbiciowe<\/td>\n<td>\u226530dB<\/td>\n<td>\u226530dB<\/td>\n<td>\u226530dB<\/td>\n<\/tr>\n<tr>\n<td>D\u0142ugo\u015b\u0107<\/td>\n<td>1m, 2m, 3m, 5m, 10m lub niestandardowe<\/td>\n<td>1m, 2m, 3m, 5m, 10m lub niestandardowe<\/td>\n<td>1m, 2m, 3m, 5m, 10m lub niestandardowe<\/td>\n<\/tr>\n<tr>\n<td>Kurtka<\/td>\n<td>LSZH, OFNR, PVC<\/td>\n<td>LSZH, OFNR, PVC<\/td>\n<td>LSZH, OFNR, PVC<\/td>\n<\/tr>\n<\/tbody>\n<\/table>\n<h2 style=\"text-align: left; font-size: 18px;\"><strong>Cechy kabla \u015bwiat\u0142owodowego LC na ST MM<\/strong><\/h2>\n<ul>\n<li>Zatrzaskowe z\u0142\u0105cza LC i skr\u0119cane z\u0142\u0105cza ST dla wygodnej konfiguracji<\/li>\n<li>Dost\u0119pne w opcjach OM1, OM2, OM3, OM4, aby spe\u0142ni\u0107 okre\u015blone wymagania sieciowe.<\/li>\n<li>Dost\u0119pne w r\u00f3\u017cnych d\u0142ugo\u015bciach, od 0,5 m do 10 m, z opcjami dostosowywania<\/li>\n<li>Dok\u0142adnie przetestowane pod k\u0105tem optymalnej wydajno\u015bci i niezawodno\u015bci<\/li>\n<li>Niska t\u0142umienno\u015b\u0107 wtr\u0105ceniowa i wysoka t\u0142umienno\u015b\u0107 odbicia wstecznego<\/li>\n<li>Stabilne mo\u017cliwo\u015bci i wysoka niezawodno\u015b\u0107<\/li>\n<\/ul>\n<h2 style=\"text-align: left; font-size: 18px;\"><strong>Zastosowania kabla \u015bwiat\u0142owodowego LC na ST MM<\/strong><\/h2>\n<ul>\n<li>Idealne rozwi\u0105zanie dla aplikacji wymagaj\u0105cych szybkiej transmisji danych<\/li>\n<li>Systemy szerokopasmowe<\/li>\n<li>Telekomunikacja\/komunikacja danych<\/li>\n<\/ul>\n<h2 style=\"text-align: left; font-size: 18px;\"><strong>Szukasz wi\u0119cej opcji kabli \u015bwiat\u0142owodowych?<\/strong><\/h2>\n<p>Potrzebujesz wi\u0119cej opcji kabli \u015bwiat\u0142owodowych? Zapoznaj si\u0119 z nasz\u0105 ofert\u0105 <span style=\"color: #0054a6;\"><strong><a style=\"color: #0054a6;\" href=\"https:\/\/www.bonelinks.com\/pl\/lc-fibre-patch-leads\/\" target=\"_blank\" rel=\"noopener\">Kable krosowe \u015bwiat\u0142owodowe LC, <\/a><\/strong><\/span><a title=\"Kable krosowe \u015bwiat\u0142owodowe ST\" href=\"https:\/\/www.bonelinks.com\/pl\/st-fibre-patch-leads\/\" target=\"_blank\" rel=\"noopener\"><strong><span style=\"color: #0054a6;\">Kable krosowe \u015bwiat\u0142owodowe ST,<\/span><\/strong> <\/a><strong><span style=\"color: #0054a6;\"><a style=\"color: #0054a6;\" href=\"https:\/\/www.bonelinks.com\/pl\/st-lc-fiber-patch-cable\/\" target=\"_blank\" rel=\"noopener\">Kable krosowe \u015bwiat\u0142owodowe ST LC,<\/a><\/span> <span style=\"color: #0054a6;\"><a style=\"color: #0054a6;\" href=\"https:\/\/www.bonelinks.com\/pl\/multimode-fibre-patch-leads\/\" target=\"_blank\" rel=\"noopener\">Kable \u015bwiat\u0142owodowe wielomodowe<\/a> <\/span><\/strong>zapewniaj\u0105ce p\u0142ynn\u0105 prac\u0119 w sieci.<\/p>\n<p>Szukasz niestandardowych i specjalnie zaprojektowanych kabli \u015bwiat\u0142owodowych? Zapoznaj si\u0119 z nasz\u0105 dedykowan\u0105 sekcj\u0105<a href=\"https:\/\/www.bonelinks.com\/pl\/custom-fiber-optic-cables\/\" target=\"_blank\" rel=\"noopener\"><span style=\"color: #0054a6;\"><strong> Niestandardowe kable \u015bwiat\u0142owodowe <\/strong><\/span><\/a>w celu uzyskania dopasowanych rozwi\u0105za\u0144 w zakresie \u0142\u0105czno\u015bci.<\/p>\n<ul>\n<li>Sprzeda\u017c detaliczna lub hurtowa &#8211; mamy wszystko pod kontrol\u0105!<\/li>\n<li>Nie wiesz co kupi\u0107? Oferujemy porady ekspert\u00f3w.<\/li>\n<li>Ma\u0142e MOQ: Nie musisz kupowa\u0107 wi\u0119cej ni\u017c chcesz.<\/li>\n<li>Konkurencyjne ceny: Uzyskaj \u015bwietn\u0105 warto\u015b\u0107 za ka\u017cdym razem.<\/li>\n<li>Szybka dostawa: Twoja szybko\u015b\u0107, nasz priorytet.<\/li>\n<li>Zorientowanie na klienta: Dostosowujemy nasze us\u0142ugi do Twoich potrzeb.<\/li>\n<\/ul>\n<p><strong>Po\u0142\u0105cz si\u0119 z nami!<\/strong><br \/>\nJe\u015bli masz problem ze znalezieniem odpowiedniego <span style=\"color: #0054a6;\"><strong><a style=\"color: #0054a6;\" href=\"https:\/\/www.bonelinks.com\/pl\/fiber-optic-patch-cord-supplier\/\" target=\"_blank\" rel=\"noopener\">\u015bwiat\u0142owodowego kabla krosowego <\/a><\/strong><\/span>do swoich potrzeb lub potrzebujesz porady eksperta, wystarczy jedno klikni\u0119cie i mo\u017cesz<a href=\"https:\/\/www.bonelinks.com\/pl\/contact-us\/\" target=\"_blank\" rel=\"noopener\"><strong><span style=\"color: #0054a6;\"> porozmawia\u0107 z nami <\/span><\/strong><\/a>w kilka sekund. Twoje zadowolenie jest naszym priorytetem. Jeste\u015bmy gotowi pom\u00f3c Ci pod ka\u017cdym wzgl\u0119dem. <strong>Nie martw si\u0119, nadmierne my\u015blenie nie jest wymagane. Jeste\u015bmy tutaj, gotowi do pomocy.<\/strong><\/p>\n","protected":false},"excerpt":{"rendered":"<p>LC do ST Fibre Patch Lead MM jest idealny do szybkich sieci w kompaktowych \u015brodowiskach. Charakteryzuje si\u0119 odporn\u0105 na ci\u0105gni\u0119cie konstrukcj\u0105 p\u0142aszcza dla \u015bwiat\u0142owod\u00f3w wielomodowych, z\u0142\u0105czami LC z ceramiczn\u0105 tulej\u0105 SFF 1,25 mm i trwa\u0142ymi z\u0142\u0105czami ST ze stali nierdzewnej.<\/p>\n<ul>\n<li>OM1, OM2, OM3, OM4 Opcje<\/li>\n<li>Zatrzaskowe z\u0142\u0105cza LC i skr\u0119cane z\u0142\u0105cza ST dla wygodnej konfiguracji<\/li>\n<li>Dost\u0119pne w r\u00f3\u017cnych d\u0142ugo\u015bciach, od 0,5 m do 10 m, z opcjami dostosowywania<\/li>\n<li>Ka\u017cdy przew\u00f3d przechodzi dok\u0142adne testy<\/li>\n<\/ul>\n","protected":false},"featured_media":17047,"template":"","meta":{"site-sidebar-layout":"default","site-content-layout":"default","ast-site-content-layout":"default","site-content-style":"default","site-sidebar-style":"default","ast-global-header-display":"","ast-banner-title-visibility":"","ast-main-header-display":"","ast-hfb-above-header-display":"","ast-hfb-below-header-display":"","ast-hfb-mobile-header-display":"","site-post-title":"","ast-breadcrumbs-content":"","ast-featured-img":"","footer-sml-layout":"","ast-disable-related-posts":"","theme-transparent-header-meta":"default","adv-header-id-meta":"","stick-header-meta":"default","header-above-stick-meta":"","header-main-stick-meta":"","header-below-stick-meta":"","astra-migrate-meta-layouts":"set","ast-page-background-enabled":"default","ast-page-background-meta":{"desktop":{"background-color":"","background-image":"","background-repeat":"repeat","background-position":"center center","background-size":"auto","background-attachment":"scroll","background-type":"","background-media":"","overlay-type":"","overlay-color":"","overlay-opacity":"","overlay-gradient":""},"tablet":{"background-color":"","background-image":"","background-repeat":"repeat","background-position":"center center","background-size":"auto","background-attachment":"scroll","background-type":"","background-media":"","overlay-type":"","overlay-color":"","overlay-opacity":"","overlay-gradient":""},"mobile":{"background-color":"","background-image":"","background-repeat":"repeat","background-position":"center center","background-size":"auto","background-attachment":"scroll","background-type":"","background-media":"","overlay-type":"","overlay-color":"","overlay-opacity":"","overlay-gradient":""}},"ast-content-background-meta":{"desktop":{"background-color":"var(--ast-global-color-5)","background-image":"","background-repeat":"repeat","background-position":"center center","background-size":"auto","background-attachment":"scroll","background-type":"","background-media":"","overlay-type":"","overlay-color":"","overlay-opacity":"","overlay-gradient":""},"tablet":{"background-color":"var(--ast-global-color-5)","background-image":"","background-repeat":"repeat","background-position":"center center","background-size":"auto","background-attachment":"scroll","background-type":"","background-media":"","overlay-type":"","overlay-color":"","overlay-opacity":"","overlay-gradient":""},"mobile":{"background-color":"var(--ast-global-color-5)","background-image":"","background-repeat":"repeat","background-position":"center center","background-size":"auto","background-attachment":"scroll","background-type":"","background-media":"","overlay-type":"","overlay-color":"","overlay-opacity":"","overlay-gradient":""}}},"product_brand":[],"product_cat":[236,243,264,238],"product_tag":[],"class_list":{"0":"post-21337","1":"product","2":"type-product","3":"status-publish","4":"has-post-thumbnail","6":"product_cat-fiber-patch-cord-pl","7":"product_cat-lc-fiber-patch-cord-pl","8":"product_cat-st-fiber-patch-cord-pl","9":"product_cat-multimode-fiber-patch-cord-pl","10":"pa_connector-type-lc-st-pl","11":"pa_fiber-type-wielomodowy","12":"desktop-align-left","13":"tablet-align-left","14":"mobile-align-left","15":"ast-product-gallery-layout-vertical","16":"ast-product-gallery-with-no-image","17":"ast-product-tabs-layout-vertical","18":"ast-qv-on-image","20":"first","21":"instock","22":"shipping-taxable","23":"product-type-simple"},"_links":{"self":[{"href":"https:\/\/www.bonelinks.com\/pl\/wp-json\/wp\/v2\/product\/21337","targetHints":{"allow":["GET"]}}],"collection":[{"href":"https:\/\/www.bonelinks.com\/pl\/wp-json\/wp\/v2\/product"}],"about":[{"href":"https:\/\/www.bonelinks.com\/pl\/wp-json\/wp\/v2\/types\/product"}],"version-history":[{"count":3,"href":"https:\/\/www.bonelinks.com\/pl\/wp-json\/wp\/v2\/product\/21337\/revisions"}],"predecessor-version":[{"id":25834,"href":"https:\/\/www.bonelinks.com\/pl\/wp-json\/wp\/v2\/product\/21337\/revisions\/25834"}],"wp:featuredmedia":[{"embeddable":true,"href":"https:\/\/www.bonelinks.com\/pl\/wp-json\/wp\/v2\/media\/17047"}],"wp:attachment":[{"href":"https:\/\/www.bonelinks.com\/pl\/wp-json\/wp\/v2\/media?parent=21337"}],"wp:term":[{"taxonomy":"product_brand","embeddable":true,"href":"https:\/\/www.bonelinks.com\/pl\/wp-json\/wp\/v2\/product_brand?post=21337"},{"taxonomy":"product_cat","embeddable":true,"href":"https:\/\/www.bonelinks.com\/pl\/wp-json\/wp\/v2\/product_cat?post=21337"},{"taxonomy":"product_tag","embeddable":true,"href":"https:\/\/www.bonelinks.com\/pl\/wp-json\/wp\/v2\/product_tag?post=21337"}],"curies":[{"name":"wp","href":"https:\/\/api.w.org\/{rel}","templated":true}]}}