{"id":21336,"date":"2023-07-04T07:21:37","date_gmt":"2023-07-04T15:21:37","guid":{"rendered":"https:\/\/www.bonelinks.com\/product\/kable-swiatlowodowe-st-lc-2mt\/"},"modified":"2024-02-08T18:26:07","modified_gmt":"2024-02-09T02:26:07","slug":"fibre-patch-leads-st-lc-2mt","status":"publish","type":"product","link":"https:\/\/www.bonelinks.com\/pl\/product\/fibre-patch-leads-st-lc-2mt\/","title":{"rendered":"Kable \u015bwiat\u0142owodowe ST-LC 2mt"},"content":{"rendered":"<h1 style=\"text-align: left; font-size: 18px;\"><strong>\u015awiat\u0142owodowe przewody krosowe ST-LC 2mt: niezawodne po\u0142\u0105czenia dla instalacji okablowania<\/strong><\/h1>\n<p>\u015awiat\u0142owodowe kable krosowe ST-LC 2mt posiadaj\u0105 z\u0142\u0105cza \u015bwiat\u0142owodowe LC na jednym ko\u0144cu i z\u0142\u0105cza \u015bwiat\u0142owodowe ST na drugim (LC-ST). Te zatrzaskowe z\u0142\u0105cza, znane r\u00f3wnie\u017c jako Lucent Connectors lub Little Connectors, s\u0105 idealne do po\u0142\u0105cze\u0144 o du\u017cej g\u0119sto\u015bci. S\u0105 one kompatybilne z urz\u0105dzeniami typu plug-and-play, takimi jak modu\u0142y SFP i transceivery XFP. Z\u0142\u0105cza ST wykorzystuj\u0105 typ z\u0142\u0105cza bagnetowego, oferuj\u0105c \u0142atw\u0105 instalacj\u0119 typu twist-on i twist-off.<\/p>\n<p>Patchcord \u015bwiat\u0142owodowy ST do LC jest dost\u0119pny zar\u00f3wno w wersji jednomodowej, jak i wielomodowej. Dodatkowe opcje obejmuj\u0105 kolor kabla, \u015brednic\u0119 w\u0142\u00f3kna i dostosowanie p\u0142aszcza do konkretnych wymaga\u0144.<\/p>\n<p>Wykonane z wysokiej jako\u015bci \u015bwiat\u0142owod\u00f3w i z\u0142\u0105czy ceramicznych, \u015bwiat\u0142owodowe przewody krosowe ST-LC przechodz\u0105 rygorystyczne testy pod k\u0105tem t\u0142umienno\u015bci wtr\u0105ceniowej i powrotnej. Zapewnia to doskona\u0142\u0105 wydajno\u015b\u0107 i niezawodno\u015b\u0107 w r\u00f3\u017cnych instalacjach okablowania. Z\u0142\u0105cza LC na ST<\/p>\n<h2 style=\"text-align: left; font-size: 18px;\"><strong>Cechy \u015bwiat\u0142owodowych kabli krosowych ST-LC 2mt<\/strong><\/h2>\n<ul>\n<li>D\u0142ugo\u015b\u0107 kabla 2 mt<\/li>\n<li>\u015awiat\u0142ow\u00f3d jednomodowy i wielomodowy, simpleks i dupleks, opcje PC, UPC, APC<\/li>\n<li>Niska t\u0142umienno\u015b\u0107 wtr\u0105ceniowa i wysoka t\u0142umienno\u015b\u0107 odbicia wstecznego<\/li>\n<li>Stabilne mo\u017cliwo\u015bci i wysoka niezawodno\u015b\u0107<\/li>\n<li>Doskona\u0142e w\u0142a\u015bciwo\u015bci mechaniczne<\/li>\n<li>Wszystkie kable s\u0105 w 100% testowane pod k\u0105tem t\u0142umienno\u015bci wtr\u0105ceniowej i odbicia wstecznego.<\/li>\n<\/ul>\n<h2 style=\"text-align: left; font-size: 18px;\"><strong>Zastosowania \u015bwiat\u0142owodowych kabli krosowych ST-LC 2mt<\/strong><\/h2>\n<ul>\n<li>centra danych<\/li>\n<li>Sieci korporacyjne<\/li>\n<li>Pok\u00f3j telekomunikacyjny<\/li>\n<li>Serwery hostuj\u0105ce<\/li>\n<li>Sieci pami\u0119ci masowych<\/li>\n<\/ul>\n<h2 style=\"text-align: left; font-size: 18px;\"><strong>Szukasz wi\u0119cej opcji kabli \u015bwiat\u0142owodowych?<\/strong><\/h2>\n<p>Potrzebujesz wi\u0119cej opcji kabli \u015bwiat\u0142owodowych? Zapoznaj si\u0119 z nasz\u0105 ofert\u0105 <span style=\"color: #0054a6;\"><strong><a style=\"color: #0054a6;\" href=\"https:\/\/www.bonelinks.com\/pl\/lc-fibre-patch-leads\/\" target=\"_blank\" rel=\"noopener\">Kable krosowe \u015bwiat\u0142owodowe LC,<\/a> <\/strong><br \/>\n<\/span><a title=\"Kable krosowe \u015bwiat\u0142owodowe ST\" href=\"https:\/\/www.bonelinks.com\/pl\/st-fibre-patch-leads\/\" target=\"_blank\" rel=\"noopener\"><strong><span style=\"color: #0054a6;\">Kable krosowe \u015bwiat\u0142owodowe ST, <\/span><\/strong><\/a><strong><span style=\"color: #0054a6;\"><a style=\"color: #0054a6;\" href=\"https:\/\/www.bonelinks.com\/pl\/st-lc-fiber-patch-cable\/\" target=\"_blank\" rel=\"noopener\">Kable krosowe \u015bwiat\u0142owodowe ST LC <\/a><\/span><\/strong>dla bezproblemowej pracy w sieci.<\/p>\n<p>Szukasz niestandardowych i specjalnie zaprojektowanych kabli \u015bwiat\u0142owodowych? Zapoznaj si\u0119 z nasz\u0105 dedykowan\u0105 sekcj\u0105<a href=\"https:\/\/www.bonelinks.com\/pl\/custom-fiber-optic-cables\/\" target=\"_blank\" rel=\"noopener\"><span style=\"color: #0054a6;\"><strong> Niestandardowe kable \u015bwiat\u0142owodowe <\/strong><\/span><\/a>w celu uzyskania dopasowanych rozwi\u0105za\u0144 w zakresie \u0142\u0105czno\u015bci.<\/p>\n<ul>\n<li>Sprzeda\u017c detaliczna lub hurtowa &#8211; mamy wszystko pod kontrol\u0105!<\/li>\n<li>Nie wiesz co kupi\u0107? Oferujemy porady ekspert\u00f3w.<\/li>\n<li>Ma\u0142e MOQ: Nie musisz kupowa\u0107 wi\u0119cej ni\u017c chcesz.<\/li>\n<li>Konkurencyjne ceny: Uzyskaj \u015bwietn\u0105 warto\u015b\u0107 za ka\u017cdym razem.<\/li>\n<li>Szybka dostawa: Twoja szybko\u015b\u0107, nasz priorytet.<\/li>\n<li>Zorientowanie na klienta: Dostosowujemy nasze us\u0142ugi do Twoich potrzeb.<\/li>\n<\/ul>\n<p><strong>Po\u0142\u0105cz si\u0119 z nami!<\/strong><br \/>\nJe\u015bli masz problem ze znalezieniem odpowiedniego <span style=\"color: #0054a6;\"><strong><a style=\"color: #0054a6;\" href=\"https:\/\/www.bonelinks.com\/pl\/fiber-optic-patch-cord-supplier\/\" target=\"_blank\" rel=\"noopener\">\u015bwiat\u0142owodowego kabla krosowego <\/a><\/strong><\/span>do swoich potrzeb lub potrzebujesz porady eksperta, wystarczy jedno klikni\u0119cie i mo\u017cesz<a href=\"https:\/\/www.bonelinks.com\/pl\/contact-us\/\" target=\"_blank\" rel=\"noopener\"><strong><span style=\"color: #0054a6;\"> porozmawia\u0107 z nami <\/span><\/strong><\/a>w kilka sekund. Twoje zadowolenie jest naszym priorytetem. Jeste\u015bmy gotowi pom\u00f3c Ci pod ka\u017cdym wzgl\u0119dem. <strong>Nie martw si\u0119, nadmierne my\u015blenie nie jest wymagane. Jeste\u015bmy tutaj, gotowi do pomocy.<\/strong><\/p>\n","protected":false},"excerpt":{"rendered":"<p>\u015awiat\u0142owodowe kable krosowe ST-LC 2mt s\u0105 wyposa\u017cone w zatrzaskowe z\u0142\u0105cza LC i bagnetowe z\u0142\u0105cza ST. Wysokiej jako\u015bci z\u0142\u0105cza \u015bwiat\u0142owodowe i ceramiczne zapewniaj\u0105 najwy\u017csz\u0105 wydajno\u015b\u0107 instalacji okablowania.<\/p>\n<ul>\n<li>Z\u0142\u0105cza LC do ST<\/li>\n<li>D\u0142ugo\u015b\u0107 kabla 2 mt<\/li>\n<li>\u015awiat\u0142ow\u00f3d jednomodowy i wielomodowy, simpleks i dupleks, opcje PC, UPC, APC<\/li>\n<li>Wszystkie kable s\u0105 w 100% testowane pod k\u0105tem t\u0142umienno\u015bci wtr\u0105ceniowej i odbicia wstecznego.<\/li>\n<\/ul>\n","protected":false},"featured_media":17042,"template":"","meta":{"site-sidebar-layout":"default","site-content-layout":"default","ast-site-content-layout":"default","site-content-style":"default","site-sidebar-style":"default","ast-global-header-display":"","ast-banner-title-visibility":"","ast-main-header-display":"","ast-hfb-above-header-display":"","ast-hfb-below-header-display":"","ast-hfb-mobile-header-display":"","site-post-title":"","ast-breadcrumbs-content":"","ast-featured-img":"","footer-sml-layout":"","ast-disable-related-posts":"","theme-transparent-header-meta":"default","adv-header-id-meta":"","stick-header-meta":"default","header-above-stick-meta":"","header-main-stick-meta":"","header-below-stick-meta":"","astra-migrate-meta-layouts":"set","ast-page-background-enabled":"default","ast-page-background-meta":{"desktop":{"background-color":"","background-image":"","background-repeat":"repeat","background-position":"center center","background-size":"auto","background-attachment":"scroll","background-type":"","background-media":"","overlay-type":"","overlay-color":"","overlay-opacity":"","overlay-gradient":""},"tablet":{"background-color":"","background-image":"","background-repeat":"repeat","background-position":"center center","background-size":"auto","background-attachment":"scroll","background-type":"","background-media":"","overlay-type":"","overlay-color":"","overlay-opacity":"","overlay-gradient":""},"mobile":{"background-color":"","background-image":"","background-repeat":"repeat","background-position":"center center","background-size":"auto","background-attachment":"scroll","background-type":"","background-media":"","overlay-type":"","overlay-color":"","overlay-opacity":"","overlay-gradient":""}},"ast-content-background-meta":{"desktop":{"background-color":"var(--ast-global-color-5)","background-image":"","background-repeat":"repeat","background-position":"center center","background-size":"auto","background-attachment":"scroll","background-type":"","background-media":"","overlay-type":"","overlay-color":"","overlay-opacity":"","overlay-gradient":""},"tablet":{"background-color":"var(--ast-global-color-5)","background-image":"","background-repeat":"repeat","background-position":"center center","background-size":"auto","background-attachment":"scroll","background-type":"","background-media":"","overlay-type":"","overlay-color":"","overlay-opacity":"","overlay-gradient":""},"mobile":{"background-color":"var(--ast-global-color-5)","background-image":"","background-repeat":"repeat","background-position":"center center","background-size":"auto","background-attachment":"scroll","background-type":"","background-media":"","overlay-type":"","overlay-color":"","overlay-opacity":"","overlay-gradient":""}}},"product_brand":[],"product_cat":[236,243,264],"product_tag":[],"class_list":{"0":"post-21336","1":"product","2":"type-product","3":"status-publish","4":"has-post-thumbnail","6":"product_cat-fiber-patch-cord-pl","7":"product_cat-lc-fiber-patch-cord-pl","8":"product_cat-st-fiber-patch-cord-pl","9":"pa_connector-type-lc-st-pl","10":"desktop-align-left","11":"tablet-align-left","12":"mobile-align-left","13":"ast-product-gallery-layout-vertical","14":"ast-product-gallery-with-no-image","15":"ast-product-tabs-layout-vertical","16":"ast-qv-on-image","18":"first","19":"instock","20":"shipping-taxable","21":"product-type-simple"},"_links":{"self":[{"href":"https:\/\/www.bonelinks.com\/pl\/wp-json\/wp\/v2\/product\/21336","targetHints":{"allow":["GET"]}}],"collection":[{"href":"https:\/\/www.bonelinks.com\/pl\/wp-json\/wp\/v2\/product"}],"about":[{"href":"https:\/\/www.bonelinks.com\/pl\/wp-json\/wp\/v2\/types\/product"}],"version-history":[{"count":3,"href":"https:\/\/www.bonelinks.com\/pl\/wp-json\/wp\/v2\/product\/21336\/revisions"}],"predecessor-version":[{"id":25832,"href":"https:\/\/www.bonelinks.com\/pl\/wp-json\/wp\/v2\/product\/21336\/revisions\/25832"}],"wp:featuredmedia":[{"embeddable":true,"href":"https:\/\/www.bonelinks.com\/pl\/wp-json\/wp\/v2\/media\/17042"}],"wp:attachment":[{"href":"https:\/\/www.bonelinks.com\/pl\/wp-json\/wp\/v2\/media?parent=21336"}],"wp:term":[{"taxonomy":"product_brand","embeddable":true,"href":"https:\/\/www.bonelinks.com\/pl\/wp-json\/wp\/v2\/product_brand?post=21336"},{"taxonomy":"product_cat","embeddable":true,"href":"https:\/\/www.bonelinks.com\/pl\/wp-json\/wp\/v2\/product_cat?post=21336"},{"taxonomy":"product_tag","embeddable":true,"href":"https:\/\/www.bonelinks.com\/pl\/wp-json\/wp\/v2\/product_tag?post=21336"}],"curies":[{"name":"wp","href":"https:\/\/api.w.org\/{rel}","templated":true}]}}