{"id":21284,"date":"2023-07-06T00:41:49","date_gmt":"2023-07-06T08:41:49","guid":{"rendered":"https:\/\/www.bonelinks.com\/product\/jednomodowe-kable-swiatlowodowe-st-lc\/"},"modified":"2024-02-08T08:05:28","modified_gmt":"2024-02-08T16:05:28","slug":"st-lc-fibre-patch-leads-single-mode","status":"publish","type":"product","link":"https:\/\/www.bonelinks.com\/pl\/product\/st-lc-fibre-patch-leads-single-mode\/","title":{"rendered":"Jednomodowe kable \u015bwiat\u0142owodowe ST LC"},"content":{"rendered":"<h1 style=\"text-align: left; font-size: 18px;\"><strong> Jednomodowe kable \u015bwiat\u0142owodowe ST LC do niezawodnych po\u0142\u0105cze\u0144 na du\u017ce odleg\u0142o\u015bci<\/strong><\/h1>\n<p>Jednomodowe kable \u015bwiat\u0142owodowe ST LC Fibre Patch Leads zapewniaj\u0105 niezawodne rozwi\u0105zanie \u015bwiat\u0142owodowe do zastosowa\u0144 10Gb Ethernet na d\u0142ugich dystansach. Te przewody krosowe s\u0105 zako\u0144czone wytrzyma\u0142ym z\u0142\u0105czem LC z ceramiczn\u0105 tulej\u0105 o \u015brednicy 1,25 mm i z\u0142\u0105czem ST ze stali nierdzewnej. Z\u0142\u0105cze LC oszcz\u0119dza miejsce i pozwala na \u0142atw\u0105 instalacj\u0119, podczas gdy z\u0142\u0105cze ST zapewnia bezpieczne i wyr\u00f3wnane po\u0142\u0105czenie. Te kable krosowe, przeznaczone do zastosowa\u0144 w sieciach Ethernet 10 Gb na du\u017ce odleg\u0142o\u015bci, stanowi\u0105 niezawodne rozwi\u0105zanie do \u015bwiat\u0142owodowej transmisji danych. Wyprodukowane z najwy\u017cszej jako\u015bci materia\u0142\u00f3w i poddane rygorystycznym testom pod k\u0105tem t\u0142umienno\u015bci wtr\u0105ceniowej i powrotnej, zapewniaj\u0105 doskona\u0142\u0105 wydajno\u015b\u0107, niskie straty transmisji i niezawodn\u0105 transmisj\u0119 danych na odleg\u0142o\u015bci do 10 km przy 1310 nm lub 40 km przy 1550 nm.<\/p>\n<p>Dzi\u0119ki r\u00f3\u017cnym opcjom d\u0142ugo\u015bci, materia\u0142om p\u0142aszcza i polerowania, Bonelinks zapewnia szeroki wyb\u00f3r, aby spe\u0142ni\u0107 Twoje potrzeby w zakresie \u0142\u0105czno\u015bci.<\/p>\n<table width=\"643\">\n<tbody>\n<tr>\n<td width=\"188\"><strong>Opis i typ w\u0142\u00f3kna<\/strong><\/td>\n<td colspan=\"4\" width=\"260\"><strong>Typowe t\u0142umienie (dB\/km)<\/strong><\/td>\n<td width=\"65\"><strong>1 Gb\/s Ethernet Odleg\u0142o\u015b\u0107 (metry)<\/strong><\/td>\n<td colspan=\"2\" width=\"130\"><strong>10 Gb\/s Ethernet Odleg\u0142o\u015b\u0107 (metry)<\/strong><\/td>\n<\/tr>\n<tr>\n<td width=\"188\">Jednomodowy, w\u0105ski bufor<\/td>\n<td width=\"65\">1310nm<\/td>\n<td width=\"65\">1383nm<\/td>\n<td width=\"65\">1550nm<\/td>\n<td width=\"65\">1625nm<\/td>\n<td width=\"65\">1310nm<\/td>\n<td width=\"65\">1310nm<\/td>\n<td width=\"65\">1550nm<\/td>\n<\/tr>\n<tr>\n<td width=\"188\">900 mikron\u00f3w<\/td>\n<td width=\"65\">0.65<\/td>\n<td width=\"65\">&#8212;<\/td>\n<td width=\"65\">0.65<\/td>\n<td width=\"65\">&#8212;<\/td>\n<td width=\"65\">10,000<\/td>\n<td width=\"65\">5,000<\/td>\n<td width=\"65\">30,000<\/td>\n<\/tr>\n<tr>\n<td width=\"188\">Przerwanie 2mm\/3mm<\/td>\n<td width=\"65\">1<\/td>\n<td width=\"65\">&#8212;<\/td>\n<td width=\"65\">1<\/td>\n<td width=\"65\">&#8212;<\/td>\n<td width=\"65\">10,000<\/td>\n<td width=\"65\">5,000<\/td>\n<td width=\"65\">30,000<\/td>\n<\/tr>\n<\/tbody>\n<\/table>\n<h2 style=\"text-align: left; font-size: 18px;\"><strong>Cechy jednomodowych \u015bwiat\u0142owodowych przewod\u00f3w krosowych ST LC<\/strong><\/h2>\n<ul>\n<li>Zako\u0144czone z\u0142\u0105czami SFF 1,25 mm LC i ST ze stali nierdzewnej<\/li>\n<li>\u015awiat\u0142ow\u00f3d jednomodowy 9\/125 mikron\u00f3w z \u017c\u00f3\u0142tym p\u0142aszczem<\/li>\n<li>Zaprojektowany do przesy\u0142ania danych na du\u017ce odleg\u0142o\u015bci<\/li>\n<li>W 100% przetestowane pod k\u0105tem t\u0142umienno\u015bci wtr\u0105ceniowej i odbicia wstecznego<\/li>\n<li>Dost\u0119pne w r\u00f3\u017cnych d\u0142ugo\u015bciach kabla<\/li>\n<\/ul>\n<h2 style=\"text-align: left; font-size: 18px;\"><strong>Zastosowania jednomodowych \u015bwiat\u0142owodowych przewod\u00f3w krosowych ST LC<\/strong><\/h2>\n<ul>\n<li>Telekomunikacja<\/li>\n<li>Datacom (centra danych)<\/li>\n<li>Transceiver<\/li>\n<\/ul>\n<h2 style=\"text-align: left; font-size: 18px;\"><strong>Szukasz wi\u0119cej opcji kabli \u015bwiat\u0142owodowych?<\/strong><\/h2>\n<p>Potrzebujesz wi\u0119cej opcji kabli \u015bwiat\u0142owodowych? Zapoznaj si\u0119 z nasz\u0105 ofert\u0105 <span style=\"color: #0054a6;\"><br \/>\n<strong><a style=\"color: #0054a6;\" href=\"https:\/\/www.bonelinks.com\/pl\/st-fibre-patch-leads\/\" target=\"_blank\" rel=\"noopener\">Kable krosowe \u015bwiat\u0142owodowe ST,<\/a> <a style=\"color: #0054a6;\" href=\"https:\/\/www.bonelinks.com\/pl\/lc-fibre-patch-leads\/\" target=\"_blank\" rel=\"noopener\">Kable krosowe \u015bwiat\u0142owodowe LC, <\/a><\/strong><\/span><a title=\"Kable \u015bwiat\u0142owodowe ST do LC\" href=\"https:\/\/www.bonelinks.com\/pl\/st-lc-fiber-patch-cable\/\" target=\"_blank\" rel=\"noopener\"><strong><span style=\"color: #0054a6;\">Kable krosowe \u015bwiat\u0142owodowe ST do LC, <\/span><\/strong><\/a><strong><span style=\"color: #0054a6;\"><a style=\"color: #0054a6;\" href=\"https:\/\/www.bonelinks.com\/pl\/products\/single-mode-fiber-patch-cord-pl\/\" target=\"_blank\" rel=\"noopener\">Kable \u015bwiat\u0142owodowe jednomodowe <\/a><\/span><\/strong>dla bezproblemowej pracy w sieci.<\/p>\n<p>Szukasz niestandardowych i specjalnie zaprojektowanych kabli \u015bwiat\u0142owodowych? Zapoznaj si\u0119 z nasz\u0105 dedykowan\u0105 sekcj\u0105<a href=\"https:\/\/www.bonelinks.com\/pl\/custom-fiber-optic-cables\/\" target=\"_blank\" rel=\"noopener\"><span style=\"color: #0054a6;\"><strong> Niestandardowe kable \u015bwiat\u0142owodowe <\/strong><\/span><\/a>w celu uzyskania dopasowanych rozwi\u0105za\u0144 w zakresie \u0142\u0105czno\u015bci.<\/p>\n<ul>\n<li>Sprzeda\u017c detaliczna lub hurtowa &#8211; mamy wszystko pod kontrol\u0105!<\/li>\n<li>Nie wiesz co kupi\u0107? Oferujemy porady ekspert\u00f3w.<\/li>\n<li>Ma\u0142e MOQ: Nie musisz kupowa\u0107 wi\u0119cej ni\u017c chcesz.<\/li>\n<li>Konkurencyjne ceny: Uzyskaj \u015bwietn\u0105 warto\u015b\u0107 za ka\u017cdym razem.<\/li>\n<li>Szybka dostawa: Twoja szybko\u015b\u0107, nasz priorytet.<\/li>\n<li>Zorientowanie na klienta: Dostosowujemy nasze us\u0142ugi do Twoich potrzeb.<\/li>\n<\/ul>\n<p><strong>Po\u0142\u0105cz si\u0119 z nami!<\/strong><br \/>\nJe\u015bli masz problem ze znalezieniem odpowiedniego <span style=\"color: #0054a6;\"><strong><a style=\"color: #0054a6;\" href=\"https:\/\/www.bonelinks.com\/pl\/fiber-optic-patch-cord-supplier\/\" target=\"_blank\" rel=\"noopener\">\u015bwiat\u0142owodowego kabla krosowego <\/a><\/strong><\/span>do swoich potrzeb lub potrzebujesz porady eksperta, wystarczy jedno klikni\u0119cie i mo\u017cesz<a href=\"https:\/\/www.bonelinks.com\/pl\/contact-us\/\" target=\"_blank\" rel=\"noopener\"><strong><span style=\"color: #0054a6;\"> porozmawia\u0107 z nami <\/span><\/strong><\/a>w kilka sekund. Twoje zadowolenie jest naszym priorytetem. Jeste\u015bmy gotowi pom\u00f3c Ci pod ka\u017cdym wzgl\u0119dem. <strong>Nie martw si\u0119, nadmierne my\u015blenie nie jest wymagane. Jeste\u015bmy tutaj, gotowi do pomocy.<\/strong><\/p>\n","protected":false},"excerpt":{"rendered":"<p>Jednomodowe kable \u015bwiat\u0142owodowe ST LC s\u0105 wyposa\u017cone w wysokiej jako\u015bci \u015bwiat\u0142ow\u00f3d z wytrzyma\u0142ymi z\u0142\u0105czami LC i ST. Idealne do zastosowa\u0144 10Gb Ethernet, te kable krosowe obs\u0142uguj\u0105 du\u017ce odleg\u0142o\u015bci transmisji przy niskich stratach.<\/p>\n<ul>\n<li>Zako\u0144czone z\u0142\u0105czem SFF 1,25 mm LC i z\u0142\u0105czem ST ze stali nierdzewnej<\/li>\n<li>\u017b\u00f3\u0142ty p\u0142aszcz jednomodowy 9\/125 mikron\u00f3w<\/li>\n<li>Nadaje si\u0119 do przesy\u0142ania danych na du\u017ce odleg\u0142o\u015bci<\/li>\n<li>Dost\u0119pne w r\u00f3\u017cnych d\u0142ugo\u015bciach kabla<\/li>\n<li>W 100% przetestowane pod k\u0105tem t\u0142umienno\u015bci wtr\u0105ceniowej i odbicia wstecznego<\/li>\n<\/ul>\n","protected":false},"featured_media":17042,"template":"","meta":{"site-sidebar-layout":"default","site-content-layout":"default","ast-site-content-layout":"default","site-content-style":"default","site-sidebar-style":"default","ast-global-header-display":"","ast-banner-title-visibility":"","ast-main-header-display":"","ast-hfb-above-header-display":"","ast-hfb-below-header-display":"","ast-hfb-mobile-header-display":"","site-post-title":"","ast-breadcrumbs-content":"","ast-featured-img":"","footer-sml-layout":"","ast-disable-related-posts":"","theme-transparent-header-meta":"default","adv-header-id-meta":"","stick-header-meta":"default","header-above-stick-meta":"","header-main-stick-meta":"","header-below-stick-meta":"","astra-migrate-meta-layouts":"set","ast-page-background-enabled":"default","ast-page-background-meta":{"desktop":{"background-color":"","background-image":"","background-repeat":"repeat","background-position":"center center","background-size":"auto","background-attachment":"scroll","background-type":"","background-media":"","overlay-type":"","overlay-color":"","overlay-opacity":"","overlay-gradient":""},"tablet":{"background-color":"","background-image":"","background-repeat":"repeat","background-position":"center center","background-size":"auto","background-attachment":"scroll","background-type":"","background-media":"","overlay-type":"","overlay-color":"","overlay-opacity":"","overlay-gradient":""},"mobile":{"background-color":"","background-image":"","background-repeat":"repeat","background-position":"center center","background-size":"auto","background-attachment":"scroll","background-type":"","background-media":"","overlay-type":"","overlay-color":"","overlay-opacity":"","overlay-gradient":""}},"ast-content-background-meta":{"desktop":{"background-color":"var(--ast-global-color-5)","background-image":"","background-repeat":"repeat","background-position":"center center","background-size":"auto","background-attachment":"scroll","background-type":"","background-media":"","overlay-type":"","overlay-color":"","overlay-opacity":"","overlay-gradient":""},"tablet":{"background-color":"var(--ast-global-color-5)","background-image":"","background-repeat":"repeat","background-position":"center center","background-size":"auto","background-attachment":"scroll","background-type":"","background-media":"","overlay-type":"","overlay-color":"","overlay-opacity":"","overlay-gradient":""},"mobile":{"background-color":"var(--ast-global-color-5)","background-image":"","background-repeat":"repeat","background-position":"center center","background-size":"auto","background-attachment":"scroll","background-type":"","background-media":"","overlay-type":"","overlay-color":"","overlay-opacity":"","overlay-gradient":""}}},"product_brand":[],"product_cat":[236,246,243,264],"product_tag":[],"class_list":{"0":"post-21284","1":"product","2":"type-product","3":"status-publish","4":"has-post-thumbnail","6":"product_cat-fiber-patch-cord-pl","7":"product_cat-single-mode-fiber-patch-cord-pl","8":"product_cat-lc-fiber-patch-cord-pl","9":"product_cat-st-fiber-patch-cord-pl","10":"pa_connector-type-lc-st-pl","11":"pa_fiber-type-jednomodowy","12":"desktop-align-left","13":"tablet-align-left","14":"mobile-align-left","15":"ast-product-gallery-layout-vertical","16":"ast-product-gallery-with-no-image","17":"ast-product-tabs-layout-vertical","18":"ast-qv-on-image","20":"first","21":"instock","22":"shipping-taxable","23":"product-type-simple"},"_links":{"self":[{"href":"https:\/\/www.bonelinks.com\/pl\/wp-json\/wp\/v2\/product\/21284","targetHints":{"allow":["GET"]}}],"collection":[{"href":"https:\/\/www.bonelinks.com\/pl\/wp-json\/wp\/v2\/product"}],"about":[{"href":"https:\/\/www.bonelinks.com\/pl\/wp-json\/wp\/v2\/types\/product"}],"version-history":[{"count":3,"href":"https:\/\/www.bonelinks.com\/pl\/wp-json\/wp\/v2\/product\/21284\/revisions"}],"predecessor-version":[{"id":25812,"href":"https:\/\/www.bonelinks.com\/pl\/wp-json\/wp\/v2\/product\/21284\/revisions\/25812"}],"wp:featuredmedia":[{"embeddable":true,"href":"https:\/\/www.bonelinks.com\/pl\/wp-json\/wp\/v2\/media\/17042"}],"wp:attachment":[{"href":"https:\/\/www.bonelinks.com\/pl\/wp-json\/wp\/v2\/media?parent=21284"}],"wp:term":[{"taxonomy":"product_brand","embeddable":true,"href":"https:\/\/www.bonelinks.com\/pl\/wp-json\/wp\/v2\/product_brand?post=21284"},{"taxonomy":"product_cat","embeddable":true,"href":"https:\/\/www.bonelinks.com\/pl\/wp-json\/wp\/v2\/product_cat?post=21284"},{"taxonomy":"product_tag","embeddable":true,"href":"https:\/\/www.bonelinks.com\/pl\/wp-json\/wp\/v2\/product_tag?post=21284"}],"curies":[{"name":"wp","href":"https:\/\/api.w.org\/{rel}","templated":true}]}}