{"id":21283,"date":"2023-07-04T20:14:39","date_gmt":"2023-07-05T04:14:39","guid":{"rendered":"https:\/\/www.bonelinks.com\/product\/przewody-swiatlowodowe-st-lc-1m\/"},"modified":"2024-02-08T18:19:12","modified_gmt":"2024-02-09T02:19:12","slug":"1m-st-lc-fibre-patch-leads","status":"publish","type":"product","link":"https:\/\/www.bonelinks.com\/pl\/product\/1m-st-lc-fibre-patch-leads\/","title":{"rendered":"Przewody \u015bwiat\u0142owodowe ST-LC 1m"},"content":{"rendered":"<h1 style=\"text-align: left; font-size: 18px;\"><strong>Lepsza \u0142\u0105czno\u015b\u0107 dzi\u0119ki \u015bwiat\u0142owodowym przewodom krosowym ST-LC o d\u0142ugo\u015bci 1 m<\/strong><\/h1>\n<p>Do\u015bwiadcz p\u0142ynnej \u0142\u0105czno\u015bci dzi\u0119ki naszym 1-metrowym \u015bwiat\u0142owodowym przewodom krosowym ST-LC. Te 1-metrowe \u015bwiat\u0142owodowe kable krosowe ST-LC charakteryzuj\u0105 si\u0119 zajmuj\u0105c\u0105 niewiele miejsca konstrukcj\u0105 z niewielkimi z\u0142\u0105czami \u015bwiat\u0142owodowymi LC (o \u015brednicy 1,25 mm) na jednym ko\u0144cu, co pozwala na \u0142atw\u0105 instalacj\u0119. Przeciwleg\u0142y koniec kabla jest zako\u0144czony z\u0142\u0105czami bagnetowymi ST, zapewniaj\u0105c solidne i niezawodne po\u0142\u0105czenia przy ka\u017cdym u\u017cyciu.<\/p>\n<p>Nasze 1-metrowe \u015bwiat\u0142owodowe przewody krosowe ST-LC przechodz\u0105 rygorystyczne indywidualne testy, aby spe\u0142ni\u0107 dopuszczalne limity strat wtr\u0105ceniowych, zapewniaj\u0105c kompatybilno\u015b\u0107 i 100% niezawodno\u015b\u0107. Zapoznaj si\u0119 z nasz\u0105 bogat\u0105 ofert\u0105 kabli krosowych, obejmuj\u0105c\u0105 r\u00f3\u017cne opcje, takie jak tryb \u015bwiat\u0142owodu, materia\u0142 p\u0142aszcza, polerowanie i \u015brednica kabla. Dostarczamy r\u00f3wnie\u017c rozwi\u0105zania dostosowane do indywidualnych potrzeb klient\u00f3w. Skontaktuj si\u0119 z nami, aby om\u00f3wi\u0107 swoje potrzeby i znale\u017a\u0107 idealne przewody krosowe dla swojej sieci.<\/p>\n<h2 style=\"text-align: left; font-size: 18px;\"><strong>Cechy 1-metrowych \u015bwiat\u0142owodowych kabli krosowych ST-LC<\/strong><\/h2>\n<ul>\n<li>Kabel o d\u0142ugo\u015bci 1 m<\/li>\n<li>Z\u0142\u0105cza ST do LC<\/li>\n<li>Kurtka przeciwdeszczowa<\/li>\n<li>\u015awiat\u0142ow\u00f3d jednomodowy i wielomodowy, simpleks i dupleks, opcje PC, UPC, APC<\/li>\n<li>Niska t\u0142umienno\u015b\u0107 wtr\u0105ceniowa i wysoka t\u0142umienno\u015b\u0107 odbicia wstecznego<\/li>\n<li>Odporno\u015b\u0107 na zak\u0142\u00f3cenia elektryczne<\/li>\n<li>W 100% przetestowany optycznie pod k\u0105tem t\u0142umienno\u015bci wtr\u0105ceniowej i odbicia wstecznego<\/li>\n<\/ul>\n<h2 style=\"text-align: left; font-size: 18px;\"><strong>Zastosowania 1-metrowych \u015bwiat\u0142owodowych kabli krosowych ST-LC<\/strong><\/h2>\n<ul>\n<li>Transmisja danych<\/li>\n<li>Sieci lokalne (LAN)<\/li>\n<li>\u015awiat\u0142ow\u00f3d do domu (FTTX)<\/li>\n<\/ul>\n<h2 style=\"text-align: left; font-size: 18px;\"><strong>Szukasz wi\u0119cej opcji kabli \u015bwiat\u0142owodowych?<\/strong><\/h2>\n<p>Potrzebujesz wi\u0119cej opcji kabli \u015bwiat\u0142owodowych? Zapoznaj si\u0119 z nasz\u0105 ofert\u0105 <span style=\"color: #0054a6;\"><strong><a style=\"color: #0054a6;\" href=\"https:\/\/www.bonelinks.com\/pl\/lc-fibre-patch-leads\/\" target=\"_blank\" rel=\"noopener\">Kable krosowe \u015bwiat\u0142owodowe LC, <\/a><\/strong><\/span><a title=\"Kable krosowe \u015bwiat\u0142owodowe ST\" href=\"https:\/\/www.bonelinks.com\/pl\/st-fibre-patch-leads\/\" target=\"_blank\" rel=\"noopener\"><strong><span style=\"color: #0054a6;\">Kable krosowe \u015bwiat\u0142owodowe ST,<\/span><\/strong> <\/a><strong><span style=\"color: #0054a6;\"><a style=\"color: #0054a6;\" href=\"https:\/\/www.bonelinks.com\/pl\/st-lc-fiber-patch-cable\/\" target=\"_blank\" rel=\"noopener\">Kable krosowe \u015bwiat\u0142owodowe ST LC,<\/a><\/span> <span style=\"color: #0054a6;\"><a style=\"color: #0054a6;\" href=\"https:\/\/www.bonelinks.com\/pl\/multimode-fibre-patch-leads\/\">Kable \u015bwiat\u0142owodowe wielomodowe<\/a> <\/span><\/strong>dla bezproblemowej pracy w sieci.<\/p>\n<p>Szukasz niestandardowych i specjalnie zaprojektowanych kabli \u015bwiat\u0142owodowych? Zapoznaj si\u0119 z nasz\u0105 dedykowan\u0105 sekcj\u0105<a href=\"https:\/\/www.bonelinks.com\/pl\/custom-fiber-optic-cables\/\" target=\"_blank\" rel=\"noopener\"><span style=\"color: #0054a6;\"><strong> Niestandardowe kable \u015bwiat\u0142owodowe <\/strong><\/span><\/a>w celu uzyskania dopasowanych rozwi\u0105za\u0144 w zakresie \u0142\u0105czno\u015bci.<\/p>\n<ul>\n<li>Sprzeda\u017c detaliczna lub hurtowa &#8211; mamy wszystko pod kontrol\u0105!<\/li>\n<li>Nie wiesz co kupi\u0107? Oferujemy porady ekspert\u00f3w.<\/li>\n<li>Ma\u0142e MOQ: Nie musisz kupowa\u0107 wi\u0119cej ni\u017c chcesz.<\/li>\n<li>Konkurencyjne ceny: Uzyskaj \u015bwietn\u0105 warto\u015b\u0107 za ka\u017cdym razem.<\/li>\n<li>Szybka dostawa: Twoja szybko\u015b\u0107, nasz priorytet.<\/li>\n<li>Zorientowanie na klienta: Dostosowujemy nasze us\u0142ugi do Twoich potrzeb.<\/li>\n<\/ul>\n<p><strong>Po\u0142\u0105cz si\u0119 z nami!<\/strong><br \/>\nJe\u015bli masz problem ze znalezieniem odpowiedniego <span style=\"color: #0054a6;\"><strong><a style=\"color: #0054a6;\" href=\"https:\/\/www.bonelinks.com\/pl\/fiber-optic-patch-cord-supplier\/\" target=\"_blank\" rel=\"noopener\">\u015bwiat\u0142owodowego kabla krosowego <\/a><\/strong><\/span>do swoich potrzeb lub potrzebujesz porady eksperta, wystarczy jedno klikni\u0119cie i mo\u017cesz<a href=\"https:\/\/www.bonelinks.com\/pl\/contact-us\/\" target=\"_blank\" rel=\"noopener\"><strong><span style=\"color: #0054a6;\"> porozmawia\u0107 z nami <\/span><\/strong><\/a>w kilka sekund. Twoje zadowolenie jest naszym priorytetem. Jeste\u015bmy gotowi pom\u00f3c Ci pod ka\u017cdym wzgl\u0119dem. <strong>Nie martw si\u0119, nadmierne my\u015blenie nie jest wymagane. Jeste\u015bmy tutaj, gotowi do pomocy.<\/strong><\/p>\n","protected":false},"excerpt":{"rendered":"<p>\u015awiat\u0142owodowe kable krosowe ST-LC o d\u0142ugo\u015bci 1 m zapewniaj\u0105 szybkie po\u0142\u0105czenia na du\u017ce odleg\u0142o\u015bci. Z\u0142\u0105cza bagnetowe ST zapewniaj\u0105 solidne i niezawodne po\u0142\u0105czenia, a z\u0142\u0105cza LC (1,25 mm) s\u0105 \u0142atwe w instalacji. Przetestowane pod k\u0105tem optymalnej wydajno\u015bci i niezawodno\u015bci.<\/p>\n<ul>\n<li>Kabel o d\u0142ugo\u015bci 1 m<\/li>\n<li>Z\u0142\u0105cza ST do LC<\/li>\n<li>\u015awiat\u0142ow\u00f3d jednomodowy i wielomodowy, simpleks i dupleks, opcje PC, UPC, APC<\/li>\n<li>W 100% przetestowany optycznie pod k\u0105tem t\u0142umienno\u015bci wtr\u0105ceniowej i odbicia wstecznego<\/li>\n<\/ul>\n","protected":false},"featured_media":17042,"template":"","meta":{"site-sidebar-layout":"default","site-content-layout":"default","ast-site-content-layout":"default","site-content-style":"default","site-sidebar-style":"default","ast-global-header-display":"","ast-banner-title-visibility":"","ast-main-header-display":"","ast-hfb-above-header-display":"","ast-hfb-below-header-display":"","ast-hfb-mobile-header-display":"","site-post-title":"","ast-breadcrumbs-content":"","ast-featured-img":"","footer-sml-layout":"","ast-disable-related-posts":"","theme-transparent-header-meta":"default","adv-header-id-meta":"","stick-header-meta":"default","header-above-stick-meta":"","header-main-stick-meta":"","header-below-stick-meta":"","astra-migrate-meta-layouts":"set","ast-page-background-enabled":"default","ast-page-background-meta":{"desktop":{"background-color":"","background-image":"","background-repeat":"repeat","background-position":"center center","background-size":"auto","background-attachment":"scroll","background-type":"","background-media":"","overlay-type":"","overlay-color":"","overlay-opacity":"","overlay-gradient":""},"tablet":{"background-color":"","background-image":"","background-repeat":"repeat","background-position":"center center","background-size":"auto","background-attachment":"scroll","background-type":"","background-media":"","overlay-type":"","overlay-color":"","overlay-opacity":"","overlay-gradient":""},"mobile":{"background-color":"","background-image":"","background-repeat":"repeat","background-position":"center center","background-size":"auto","background-attachment":"scroll","background-type":"","background-media":"","overlay-type":"","overlay-color":"","overlay-opacity":"","overlay-gradient":""}},"ast-content-background-meta":{"desktop":{"background-color":"var(--ast-global-color-5)","background-image":"","background-repeat":"repeat","background-position":"center center","background-size":"auto","background-attachment":"scroll","background-type":"","background-media":"","overlay-type":"","overlay-color":"","overlay-opacity":"","overlay-gradient":""},"tablet":{"background-color":"var(--ast-global-color-5)","background-image":"","background-repeat":"repeat","background-position":"center center","background-size":"auto","background-attachment":"scroll","background-type":"","background-media":"","overlay-type":"","overlay-color":"","overlay-opacity":"","overlay-gradient":""},"mobile":{"background-color":"var(--ast-global-color-5)","background-image":"","background-repeat":"repeat","background-position":"center center","background-size":"auto","background-attachment":"scroll","background-type":"","background-media":"","overlay-type":"","overlay-color":"","overlay-opacity":"","overlay-gradient":""}}},"product_brand":[],"product_cat":[236,243,264],"product_tag":[],"class_list":{"0":"post-21283","1":"product","2":"type-product","3":"status-publish","4":"has-post-thumbnail","6":"product_cat-fiber-patch-cord-pl","7":"product_cat-lc-fiber-patch-cord-pl","8":"product_cat-st-fiber-patch-cord-pl","9":"pa_connector-type-lc-st-pl","10":"desktop-align-left","11":"tablet-align-left","12":"mobile-align-left","13":"ast-product-gallery-layout-vertical","14":"ast-product-gallery-with-no-image","15":"ast-product-tabs-layout-vertical","16":"ast-qv-on-image","18":"first","19":"instock","20":"shipping-taxable","21":"product-type-simple"},"_links":{"self":[{"href":"https:\/\/www.bonelinks.com\/pl\/wp-json\/wp\/v2\/product\/21283","targetHints":{"allow":["GET"]}}],"collection":[{"href":"https:\/\/www.bonelinks.com\/pl\/wp-json\/wp\/v2\/product"}],"about":[{"href":"https:\/\/www.bonelinks.com\/pl\/wp-json\/wp\/v2\/types\/product"}],"version-history":[{"count":3,"href":"https:\/\/www.bonelinks.com\/pl\/wp-json\/wp\/v2\/product\/21283\/revisions"}],"predecessor-version":[{"id":25827,"href":"https:\/\/www.bonelinks.com\/pl\/wp-json\/wp\/v2\/product\/21283\/revisions\/25827"}],"wp:featuredmedia":[{"embeddable":true,"href":"https:\/\/www.bonelinks.com\/pl\/wp-json\/wp\/v2\/media\/17042"}],"wp:attachment":[{"href":"https:\/\/www.bonelinks.com\/pl\/wp-json\/wp\/v2\/media?parent=21283"}],"wp:term":[{"taxonomy":"product_brand","embeddable":true,"href":"https:\/\/www.bonelinks.com\/pl\/wp-json\/wp\/v2\/product_brand?post=21283"},{"taxonomy":"product_cat","embeddable":true,"href":"https:\/\/www.bonelinks.com\/pl\/wp-json\/wp\/v2\/product_cat?post=21283"},{"taxonomy":"product_tag","embeddable":true,"href":"https:\/\/www.bonelinks.com\/pl\/wp-json\/wp\/v2\/product_tag?post=21283"}],"curies":[{"name":"wp","href":"https:\/\/api.w.org\/{rel}","templated":true}]}}