{"id":21282,"date":"2023-07-05T07:16:53","date_gmt":"2023-07-05T15:16:53","guid":{"rendered":"https:\/\/www.bonelinks.com\/product\/przewody-krosowe-lc-fibre-om2\/"},"modified":"2024-02-08T18:11:34","modified_gmt":"2024-02-09T02:11:34","slug":"lc-fibre-om2-patch-leads","status":"publish","type":"product","link":"https:\/\/www.bonelinks.com\/pl\/product\/lc-fibre-om2-patch-leads\/","title":{"rendered":"Przewody krosowe LC Fibre OM2"},"content":{"rendered":"<h1 style=\"text-align: left; font-size: 18px;\"><strong>Przewody krosowe LC Fibre OM2 do szybkiej i niezawodnej transmisji danych<\/strong><\/h1>\n<p>Przewody krosowe Bonelinks LC Fibre OM2 s\u0105 zako\u0144czone wytrzyma\u0142ym z\u0142\u0105czem LC z ceramiczn\u0105 tulej\u0105 SFF, zapewniaj\u0105c niezawodn\u0105 i wydajn\u0105 \u0142\u0105czno\u015b\u0107. Te kable krosowe s\u0105 wyposa\u017cone we wzmocnione zamkiem b\u0142yskawicznym, wielomodowe kable \u015bwiat\u0142owodowe o wysokiej przepustowo\u015bci z wysokiej jako\u015bci w\u0142\u00f3knem szklanym. Zaprojektowane z my\u015bl\u0105 o szybkiej i niskostratnej transmisji danych, te kable krosowe s\u0105 idealne do r\u00f3\u017cnych zastosowa\u0144.<\/p>\n<p>Przewody krosowe LC Fibre OM2 s\u0105 zako\u0144czone z\u0142\u0105czem LC (Lucent Connector), co pozwala na wi\u0119ksz\u0105 g\u0119sto\u015b\u0107 zastosowa\u0144 ze wzgl\u0119du na ich mniejsz\u0105 \u015brednic\u0119. Z\u0142\u0105cze LC jest powszechnie uznawane za standard w bran\u017cy \u015bwiat\u0142owodowej, oferuj\u0105c szybkie, \u0142atwe i niezawodne po\u0142\u0105czenia.<\/p>\n<p>\u015awiat\u0142ow\u00f3d wielomodowy OM2 o rozmiarze rdzenia 50 mikron\u00f3w i zewn\u0119trznej \u015brednicy ok\u0142adziny 125 mikron\u00f3w jest idealny do szybkich sieci Ethernet, gigabitowych sieci Ethernet, centr\u00f3w danych i innych zastosowa\u0144 wymagaj\u0105cych du\u017cej szybko\u015bci transmisji danych. Obs\u0142uguje d\u0142u\u017csze odleg\u0142o\u015bci transmisji przy ni\u017cszych stratach w por\u00f3wnaniu do kabli \u015bwiat\u0142owodowych OM1 62,5\/125\u00b5m.<\/p>\n<p>Bonelinks oferuje szerok\u0105 gam\u0119 kabli krosowych LC Fibre OM2, zapewniaj\u0105c elastyczno\u015b\u0107 dzi\u0119ki opcjom r\u00f3\u017cnych d\u0142ugo\u015bci, materia\u0142\u00f3w p\u0142aszcza i liczby w\u0142\u00f3kien. Wybierz przewody krosowe, kt\u00f3re spe\u0142niaj\u0105 okre\u015blone wymagania, aby zapewni\u0107 p\u0142ynn\u0105 i wydajn\u0105 \u0142\u0105czno\u015b\u0107 danych.<\/p>\n<h2 style=\"text-align: left; font-size: 18px;\"><strong>Cechy przewod\u00f3w krosowych LC Fibre OM2<\/strong><\/h2>\n<ul>\n<li>\u015awiat\u0142ow\u00f3d 50\/125 OM2<\/li>\n<li>Z\u0142\u0105cze LC z tulej\u0105 ceramiczn\u0105 1,25<\/li>\n<li>Dost\u0119pne w r\u00f3\u017cnych d\u0142ugo\u015bciach kabla<\/li>\n<li>W 100% przetestowane pod k\u0105tem t\u0142umienno\u015bci wtr\u0105ceniowej i odbicia wstecznego<\/li>\n<\/ul>\n<h2 style=\"text-align: left; font-size: 18px;\"><strong>Zastosowania kabli krosowych LC Fibre OM2<\/strong><\/h2>\n<ul>\n<li>Telekomunikacja<\/li>\n<li>Datacom (centra danych)<\/li>\n<li>\u0141\u0105czno\u015b\u0107 nadajnika-odbiornika<\/li>\n<\/ul>\n<h2 style=\"text-align: left; font-size: 18px;\"><strong>Szukasz wi\u0119cej opcji kabli \u015bwiat\u0142owodowych?<\/strong><\/h2>\n<p>Potrzebujesz wi\u0119cej opcji kabli \u015bwiat\u0142owodowych? Zapoznaj si\u0119 z nasz\u0105 ofert\u0105 <span style=\"color: #0054a6;\"><strong><a style=\"color: #0054a6;\" href=\"https:\/\/www.bonelinks.com\/pl\/lc-fibre-patch-leads\/\" target=\"_blank\" rel=\"noopener\">Kable krosowe \u015bwiat\u0142owodowe LC, <\/a><\/strong><\/span><strong><span style=\"color: #0054a6;\"><a style=\"color: #0054a6;\" href=\"https:\/\/www.bonelinks.com\/pl\/multimode-fibre-patch-leads\/\" target=\"_blank\" rel=\"noopener\">Kable \u015bwiat\u0142owodowe wielomodowe <\/a><\/span><\/strong>dla bezproblemowej pracy w sieci.<\/p>\n<p>Szukasz niestandardowych i specjalnie zaprojektowanych kabli \u015bwiat\u0142owodowych? Zapoznaj si\u0119 z nasz\u0105 dedykowan\u0105 sekcj\u0105<a href=\"https:\/\/www.bonelinks.com\/pl\/custom-fiber-optic-cables\/\" target=\"_blank\" rel=\"noopener\"><span style=\"color: #0054a6;\"><strong> Niestandardowe kable \u015bwiat\u0142owodowe <\/strong><\/span><\/a>w celu uzyskania dopasowanych rozwi\u0105za\u0144 w zakresie \u0142\u0105czno\u015bci.<\/p>\n<ul>\n<li>Sprzeda\u017c detaliczna lub hurtowa &#8211; mamy wszystko pod kontrol\u0105!<\/li>\n<li>Nie wiesz co kupi\u0107? Oferujemy porady ekspert\u00f3w.<\/li>\n<li>Ma\u0142e MOQ: Nie musisz kupowa\u0107 wi\u0119cej ni\u017c chcesz.<\/li>\n<li>Konkurencyjne ceny: Uzyskaj \u015bwietn\u0105 warto\u015b\u0107 za ka\u017cdym razem.<\/li>\n<li>Szybka dostawa: Twoja szybko\u015b\u0107, nasz priorytet.<\/li>\n<li>Zorientowanie na klienta: Dostosowujemy nasze us\u0142ugi do Twoich potrzeb.<\/li>\n<\/ul>\n<p><strong>Po\u0142\u0105cz si\u0119 z nami!<\/strong><br \/>\nJe\u015bli masz problem ze znalezieniem odpowiedniego <span style=\"color: #0054a6;\"><strong><a style=\"color: #0054a6;\" href=\"https:\/\/www.bonelinks.com\/pl\/fiber-optic-patch-cord-supplier\/\" target=\"_blank\" rel=\"noopener\">\u015bwiat\u0142owodowego kabla krosowego <\/a><\/strong><\/span>do swoich potrzeb lub potrzebujesz porady eksperta, wystarczy jedno klikni\u0119cie i mo\u017cesz<a href=\"https:\/\/www.bonelinks.com\/pl\/contact-us\/\" target=\"_blank\" rel=\"noopener\"><strong><span style=\"color: #0054a6;\"> porozmawia\u0107 z nami <\/span><\/strong><\/a>w kilka sekund. Twoje zadowolenie jest naszym priorytetem. Jeste\u015bmy gotowi pom\u00f3c Ci pod ka\u017cdym wzgl\u0119dem. <strong>Nie martw si\u0119, nadmierne my\u015blenie nie jest wymagane. Jeste\u015bmy tutaj, gotowi do pomocy.<\/strong><\/p>\n","protected":false},"excerpt":{"rendered":"<p>Przewody krosowe LC Fibre OM2 s\u0105 wyposa\u017cone w wytrzyma\u0142e z\u0142\u0105cza LC z ceramiczn\u0105 tulej\u0105 typu Small Form Factor (SFF). \u015awiat\u0142ow\u00f3d wielomodowy o wysokiej przepustowo\u015bci zapewnia szybk\u0105, niskostratn\u0105 transmisj\u0119 danych ze wzmocnieniem zip-cord.<\/p>\n<ul>\n<li>Szk\u0142o wielomodowe OM2 50\/125 mikron\u00f3w z pomara\u0144czow\u0105 os\u0142on\u0105<\/li>\n<li>Z\u0142\u0105cze LC z tulej\u0105 ceramiczn\u0105 1,25<\/li>\n<li>Idealne rozwi\u0105zanie do szybkiej transmisji danych<\/li>\n<li>100% kontrola w celu zapewnienia jako\u015bci<\/li>\n<\/ul>\n","protected":false},"featured_media":16447,"template":"","meta":{"site-sidebar-layout":"default","site-content-layout":"default","ast-site-content-layout":"default","site-content-style":"default","site-sidebar-style":"default","ast-global-header-display":"","ast-banner-title-visibility":"","ast-main-header-display":"","ast-hfb-above-header-display":"","ast-hfb-below-header-display":"","ast-hfb-mobile-header-display":"","site-post-title":"","ast-breadcrumbs-content":"","ast-featured-img":"","footer-sml-layout":"","ast-disable-related-posts":"","theme-transparent-header-meta":"default","adv-header-id-meta":"","stick-header-meta":"default","header-above-stick-meta":"","header-main-stick-meta":"","header-below-stick-meta":"","astra-migrate-meta-layouts":"set","ast-page-background-enabled":"default","ast-page-background-meta":{"desktop":{"background-color":"","background-image":"","background-repeat":"repeat","background-position":"center center","background-size":"auto","background-attachment":"scroll","background-type":"","background-media":"","overlay-type":"","overlay-color":"","overlay-opacity":"","overlay-gradient":""},"tablet":{"background-color":"","background-image":"","background-repeat":"repeat","background-position":"center center","background-size":"auto","background-attachment":"scroll","background-type":"","background-media":"","overlay-type":"","overlay-color":"","overlay-opacity":"","overlay-gradient":""},"mobile":{"background-color":"","background-image":"","background-repeat":"repeat","background-position":"center center","background-size":"auto","background-attachment":"scroll","background-type":"","background-media":"","overlay-type":"","overlay-color":"","overlay-opacity":"","overlay-gradient":""}},"ast-content-background-meta":{"desktop":{"background-color":"var(--ast-global-color-5)","background-image":"","background-repeat":"repeat","background-position":"center center","background-size":"auto","background-attachment":"scroll","background-type":"","background-media":"","overlay-type":"","overlay-color":"","overlay-opacity":"","overlay-gradient":""},"tablet":{"background-color":"var(--ast-global-color-5)","background-image":"","background-repeat":"repeat","background-position":"center center","background-size":"auto","background-attachment":"scroll","background-type":"","background-media":"","overlay-type":"","overlay-color":"","overlay-opacity":"","overlay-gradient":""},"mobile":{"background-color":"var(--ast-global-color-5)","background-image":"","background-repeat":"repeat","background-position":"center center","background-size":"auto","background-attachment":"scroll","background-type":"","background-media":"","overlay-type":"","overlay-color":"","overlay-opacity":"","overlay-gradient":""}}},"product_brand":[],"product_cat":[236,243,238],"product_tag":[],"class_list":{"0":"post-21282","1":"product","2":"type-product","3":"status-publish","4":"has-post-thumbnail","6":"product_cat-fiber-patch-cord-pl","7":"product_cat-lc-fiber-patch-cord-pl","8":"product_cat-multimode-fiber-patch-cord-pl","9":"pa_connector-type-lc-pl","10":"pa_fiber-type-50-125-om2-pl","11":"desktop-align-left","12":"tablet-align-left","13":"mobile-align-left","14":"ast-product-gallery-layout-vertical","15":"ast-product-gallery-with-no-image","16":"ast-product-tabs-layout-vertical","17":"ast-qv-on-image","19":"first","20":"instock","21":"shipping-taxable","22":"product-type-simple"},"_links":{"self":[{"href":"https:\/\/www.bonelinks.com\/pl\/wp-json\/wp\/v2\/product\/21282","targetHints":{"allow":["GET"]}}],"collection":[{"href":"https:\/\/www.bonelinks.com\/pl\/wp-json\/wp\/v2\/product"}],"about":[{"href":"https:\/\/www.bonelinks.com\/pl\/wp-json\/wp\/v2\/types\/product"}],"version-history":[{"count":3,"href":"https:\/\/www.bonelinks.com\/pl\/wp-json\/wp\/v2\/product\/21282\/revisions"}],"predecessor-version":[{"id":25820,"href":"https:\/\/www.bonelinks.com\/pl\/wp-json\/wp\/v2\/product\/21282\/revisions\/25820"}],"wp:featuredmedia":[{"embeddable":true,"href":"https:\/\/www.bonelinks.com\/pl\/wp-json\/wp\/v2\/media\/16447"}],"wp:attachment":[{"href":"https:\/\/www.bonelinks.com\/pl\/wp-json\/wp\/v2\/media?parent=21282"}],"wp:term":[{"taxonomy":"product_brand","embeddable":true,"href":"https:\/\/www.bonelinks.com\/pl\/wp-json\/wp\/v2\/product_brand?post=21282"},{"taxonomy":"product_cat","embeddable":true,"href":"https:\/\/www.bonelinks.com\/pl\/wp-json\/wp\/v2\/product_cat?post=21282"},{"taxonomy":"product_tag","embeddable":true,"href":"https:\/\/www.bonelinks.com\/pl\/wp-json\/wp\/v2\/product_tag?post=21282"}],"curies":[{"name":"wp","href":"https:\/\/api.w.org\/{rel}","templated":true}]}}