{"id":21281,"date":"2023-07-05T04:14:12","date_gmt":"2023-07-05T12:14:12","guid":{"rendered":"https:\/\/www.bonelinks.com\/product\/wielomodowe-swiatlowodowe-przewody-krosowe-lc-duplex\/"},"modified":"2024-02-08T18:13:20","modified_gmt":"2024-02-09T02:13:20","slug":"lc-multimode-duplex-fibre-patch-leads","status":"publish","type":"product","link":"https:\/\/www.bonelinks.com\/pl\/product\/lc-multimode-duplex-fibre-patch-leads\/","title":{"rendered":"Wielomodowe \u015bwiat\u0142owodowe przewody krosowe LC Duplex"},"content":{"rendered":"<h1 style=\"text-align: left; font-size: 18px;\"><strong>Niezawodne i wysokowydajne \u015bwiat\u0142owodowe kable krosowe LC Multimode Duplex do zastosowa\u0144 wymagaj\u0105cych szybkiej transmisji danych<\/strong><\/h1>\n<p>Nasze wielomodowe \u015bwiat\u0142owodowe przewody krosowe LC Duplex s\u0105 wyposa\u017cone w z\u0142\u0105cza Lucent, oferuj\u0105c niezawodn\u0105 \u0142\u0105czno\u015b\u0107 o wysokiej g\u0119sto\u015bci przy ni\u017cszych kosztach. Te \u015bwiat\u0142owodowe kable krosowe s\u0105 idealne do sieci szkieletowych, zapewniaj\u0105c wi\u0119ksz\u0105 \u015brednic\u0119 i wi\u0119ksz\u0105 zdolno\u015b\u0107 gromadzenia \u015bwiat\u0142a w por\u00f3wnaniu do \u015bwiat\u0142owod\u00f3w jednomodowych. Przy \u015brednicy rdzenia wynosz\u0105cej 50 mikron\u00f3w i \u015brednicy ok\u0142adziny 125 mikron\u00f3w, dobrze nadaj\u0105 si\u0119 do transmisji danych na kr\u00f3tkie odleg\u0142o\u015bci w budynkach biurowych.<\/p>\n<p>Nasze \u015bwiat\u0142owodowe kable krosowe LC Multimode Duplex s\u0105 produkowane przy u\u017cyciu wysokiej jako\u015bci komponent\u00f3w i s\u0105 dost\u0119pne w wersjach 62,5\/125 (OM1), 50\/125 (OM2), Enhanced 50\/125 (OM3) i 50\/125 (OM4). S\u0105 one dost\u0119pne w r\u00f3\u017cnych d\u0142ugo\u015bciach, w tym 1 m, 2 m, 3 m, 5 m, 10 m lub d\u0142ugo\u015bciach niestandardowych. Przewody s\u0105 wst\u0119pnie zako\u0144czone z\u0142\u0105czami LC na jednym ko\u0144cu i mog\u0105 by\u0107 zako\u0144czone z\u0142\u0105czami LC, SC, ST, MPO lub FC na drugim ko\u0144cu.<\/p>\n<p>Nasze \u015bwiat\u0142owodowe kable krosowe LC Multimode Duplex przechodz\u0105 rygorystyczne testy, aby przewy\u017cszy\u0107 wysokie standardy wymagane w aplikacjach do szybkiej transmisji danych. S\u0105 one produkowane w naszym zaawansowanym zak\u0142adzie terminacji \u015bwiat\u0142owod\u00f3w w rygorystycznych warunkach kontroli jako\u015bci, zapewniaj\u0105c wyj\u0105tkow\u0105 wydajno\u015b\u0107 i niezawodno\u015b\u0107.<\/p>\n<table width=\"1104\">\n<tbody>\n<tr>\n<td width=\"160\"><strong>Typy kabli \u015bwiat\u0142owodowych LC Multimode Duplex<\/strong><\/td>\n<td width=\"131\"><strong>\u015arednica<\/strong><\/td>\n<td width=\"121\"><strong>Kolor kurtki<\/strong><\/td>\n<td width=\"127\"><strong>\u0179r\u00f3d\u0142o optyczne<\/strong><\/td>\n<td width=\"143\"><strong>Przepustowo\u015b\u0107<\/strong><\/td>\n<td width=\"134\"><strong>Fast Ethernet<\/strong><\/td>\n<td width=\"72\"><strong>1GbE<\/strong><\/td>\n<td width=\"72\"><strong>10GbE<\/strong><\/td>\n<td width=\"72\"><strong>40GbE<\/strong><\/td>\n<td width=\"72\"><strong>100GbE<\/strong><\/td>\n<\/tr>\n<tr>\n<td width=\"160\">OM1<\/td>\n<td width=\"131\">62,5\/125 \u00b5m<\/td>\n<td width=\"121\">Pomara\u0144czowy<\/td>\n<td width=\"127\">LED<\/td>\n<td width=\"143\">200MHz*km<\/td>\n<td width=\"134\">2000m<\/td>\n<td width=\"72\">275m<\/td>\n<td width=\"72\">33m<\/td>\n<td width=\"72\">\/<\/td>\n<td width=\"72\">\/<\/td>\n<\/tr>\n<tr>\n<td width=\"160\">OM2<\/td>\n<td width=\"131\">50\/125\u00b5m<\/td>\n<td width=\"121\">Pomara\u0144czowy<\/td>\n<td width=\"127\">LED<\/td>\n<td width=\"143\">500MHz*km<\/td>\n<td width=\"134\">2000m<\/td>\n<td width=\"72\">550m<\/td>\n<td width=\"72\">82m<\/td>\n<td width=\"72\">\/<\/td>\n<td width=\"72\">\/<\/td>\n<\/tr>\n<tr>\n<td width=\"160\">OM3<\/td>\n<td width=\"131\">50\/125\u00b5m<\/td>\n<td width=\"121\">Aqua<\/td>\n<td width=\"127\">VSCEL<\/td>\n<td width=\"143\">2000MHz*km<\/td>\n<td width=\"134\">2000m<\/td>\n<td width=\"72\">\/<\/td>\n<td width=\"72\">300m<\/td>\n<td width=\"72\">100m<\/td>\n<td width=\"72\">70m<\/td>\n<\/tr>\n<tr>\n<td width=\"160\">OM4<\/td>\n<td width=\"131\">50\/125\u00b5m<\/td>\n<td width=\"121\">Fioletowy<\/td>\n<td width=\"127\">VSCEL<\/td>\n<td width=\"143\">4700MHz*km<\/td>\n<td width=\"134\">2000m<\/td>\n<td width=\"72\">\/<\/td>\n<td width=\"72\">550m<\/td>\n<td width=\"72\">150m<\/td>\n<td width=\"72\">150m<\/td>\n<\/tr>\n<\/tbody>\n<\/table>\n<h2 style=\"text-align: left; font-size: 18px;\"><strong>Najlepiej sprzedaj\u0105ce si\u0119 \u015bwiat\u0142owodowe kable krosowe LC Multimode Duplex w Bonelinks<\/strong><\/h2>\n<table>\n<tbody>\n<tr>\n<th class=\"header\">Wielomodowe, dupleksowe \u015bwiat\u0142owodowe przewody krosowe LC<\/th>\n<th class=\"header\">Przewody \u015bwiat\u0142owodowe OM2 LC<\/th>\n<th class=\"header\">Przewody \u015bwiat\u0142owodowe OM3 LC<\/th>\n<th class=\"header\">Przewody \u015bwiat\u0142owodowe OM4 LC<\/th>\n<\/tr>\n<tr>\n<td>Liczba w\u0142\u00f3kien<\/td>\n<td>Dupleks<\/td>\n<td>Dupleks<\/td>\n<td>Dupleks<\/td>\n<\/tr>\n<tr>\n<td>Tryb \u015bwiat\u0142owodowy<\/td>\n<td>Wielomodowy<\/td>\n<td>Wielomodowy<\/td>\n<td>Wielomodowy<\/td>\n<\/tr>\n<tr>\n<td>Szybko\u015b\u0107 transmisji danych<\/td>\n<td>1G\/10GB<\/td>\n<td>10G\/40G\/100GB<\/td>\n<td>10G\/40G\/100GB<\/td>\n<\/tr>\n<tr>\n<td>Z\u0142\u0105cze<\/td>\n<td>LC UPC do LC UPC;<br \/>\nLC UPC do SC UPC;<br \/>\nLC UPC do ST UPC;<br \/>\nLC UPC do FC UPC;<br \/>\nLC UPC do MPO UPC<\/td>\n<td>LC UPC do LC UPC;<br \/>\nLC UPC do SC UPC;<br \/>\nLC UPC do ST UPC;<br \/>\nLC UPC do FC UPC;<br \/>\nLC UPC do MPO UPC<\/td>\n<td>LC UPC do LC UPC;<br \/>\nLC UPC do SC UPC;<br \/>\nLC UPC do ST UPC;<br \/>\nLC UPC do FC UPC;<br \/>\nLC UPC do MPO UPC<\/td>\n<\/tr>\n<tr>\n<td>Strata wtr\u0105ceniowa<\/td>\n<td>\u22640,3dB<\/td>\n<td>\u22640,3dB<\/td>\n<td>\u22640,3dB<\/td>\n<\/tr>\n<tr>\n<td>Straty odbiciowe<\/td>\n<td>UPC\u226530dB<\/td>\n<td>UPC\u226530dB<\/td>\n<td>UPC\u226530dB<\/td>\n<\/tr>\n<tr>\n<td>D\u0142ugo\u015b\u0107<\/td>\n<td>1m, 2m, 3m, 5m, 10m lub niestandardowe<\/td>\n<td>1m, 2m, 3m, 5m, 10m lub niestandardowe<\/td>\n<td>1m, 2m, 3m, 5m, 10m lub niestandardowe<\/td>\n<\/tr>\n<tr>\n<td>Kurtka<\/td>\n<td>LSZH, OFNR, PVC<\/td>\n<td>LSZH, OFNR, PVC<\/td>\n<td>LSZH, OFNR, PVC<\/td>\n<\/tr>\n<\/tbody>\n<\/table>\n<h2 style=\"text-align: left; font-size: 18px;\"><strong>Cechy kabli \u015bwiat\u0142owodowych LC Multimode Duplex<\/strong><\/h2>\n<ul>\n<li>Z\u0142\u0105cze LC UPC i mo\u017ce by\u0107 zako\u0144czone z\u0142\u0105czami LC, SC, ST, MPO lub FC na drugim ko\u0144cu.<\/li>\n<li>Dost\u0119pne w d\u0142ugo\u015bciach 1, 2, 3, 5, 15, 20, 25, 30 i 50 metr\u00f3w lub niestandardowych.<\/li>\n<li>Dost\u0119pne w wersjach wielomodowych OM1 (62,5\/125), OM2 (50\/125), OM3 (50\/125) i OM4 (50\/125).<\/li>\n<li>Wsteczna kompatybilno\u015b\u0107 z w\u0142\u00f3knami 62,5 mikrona<\/li>\n<\/ul>\n<h2 style=\"text-align: left; font-size: 18px;\"><strong>Zastosowania wielomodowych dupleksowych \u015bwiat\u0142owodowych przewod\u00f3w krosowych LC<\/strong><\/h2>\n<ul>\n<li>Idealne rozwi\u0105zanie dla aplikacji wymagaj\u0105cych szybkiej transmisji danych<\/li>\n<li>Systemy szerokopasmowe<\/li>\n<li>Telekomunikacja \/ Transmisja danych<\/li>\n<\/ul>\n<h2 style=\"text-align: left; font-size: 18px;\"><strong>Szukasz wi\u0119cej opcji kabli \u015bwiat\u0142owodowych?<\/strong><\/h2>\n<p>Potrzebujesz wi\u0119cej opcji kabli \u015bwiat\u0142owodowych? Zapoznaj si\u0119 z nasz\u0105 ofert\u0105 <span style=\"color: #0054a6;\"><strong><a style=\"color: #0054a6;\" href=\"https:\/\/www.bonelinks.com\/pl\/lc-fibre-patch-leads\/\" target=\"_blank\" rel=\"noopener\">Kable \u015bwiat\u0142owodowe LC, <\/a><\/strong><\/span><a title=\"Kable \u015bwiat\u0142owodowe LC Duplex\" href=\"https:\/\/www.bonelinks.com\/pl\/lc-duplex-fiber-patch-cable\/\" target=\"_blank\" rel=\"noopener\"><strong><span style=\"color: #0054a6;\">Kable \u015bwiat\u0142owodowe LC Duplex, <\/span><\/strong><\/a><strong><span style=\"color: #0054a6;\"><a style=\"color: #0054a6;\" href=\"https:\/\/www.bonelinks.com\/pl\/multimode-fibre-patch-leads\/\" target=\"_blank\" rel=\"noopener\">Kable \u015bwiat\u0142owodowe wielomodowe <\/a><\/span><\/strong>dla bezproblemowej pracy w sieci.<\/p>\n<p>Szukasz niestandardowych i specjalnie zaprojektowanych kabli \u015bwiat\u0142owodowych? Zapoznaj si\u0119 z nasz\u0105 dedykowan\u0105 sekcj\u0105<a href=\"https:\/\/www.bonelinks.com\/p\/custom-fiber-optic-cables\/\" target=\"_blank\" rel=\"noopener\"><span style=\"color: #0054a6;\"><strong> Niestandardowe kable \u015bwiat\u0142owodowe <\/strong><\/span><\/a>w celu uzyskania dopasowanych rozwi\u0105za\u0144 w zakresie \u0142\u0105czno\u015bci.<\/p>\n<ul>\n<li>Sprzeda\u017c detaliczna lub hurtowa &#8211; mamy wszystko pod kontrol\u0105!<\/li>\n<li>Nie wiesz co kupi\u0107? Oferujemy porady ekspert\u00f3w.<\/li>\n<li>Ma\u0142e MOQ: Nie musisz kupowa\u0107 wi\u0119cej ni\u017c chcesz.<\/li>\n<li>Konkurencyjne ceny: Uzyskaj \u015bwietn\u0105 warto\u015b\u0107 za ka\u017cdym razem.<\/li>\n<li>Szybka dostawa: Twoja szybko\u015b\u0107, nasz priorytet.<\/li>\n<li>Zorientowanie na klienta: Dostosowujemy nasze us\u0142ugi do Twoich potrzeb.<\/li>\n<\/ul>\n<p><strong>Po\u0142\u0105cz si\u0119 z nami!<\/strong><br \/>\nJe\u015bli masz problem ze znalezieniem odpowiedniego <span style=\"color: #0054a6;\"><strong><a style=\"color: #0054a6;\" href=\"https:\/\/www.bonelinks.com\/pl\/fiber-optic-patch-cord-supplier\/\" target=\"_blank\" rel=\"noopener\">\u015bwiat\u0142owodowego kabla krosowego <\/a><\/strong><\/span>do swoich potrzeb lub potrzebujesz porady eksperta, wystarczy jedno klikni\u0119cie i mo\u017cesz<a href=\"https:\/\/www.bonelinks.com\/pl\/contact-us\/\" target=\"_blank\" rel=\"noopener\"><strong><span style=\"color: #0054a6;\"> porozmawia\u0107 z nami <\/span><\/strong><\/a>w kilka sekund. Twoje zadowolenie jest naszym priorytetem. Jeste\u015bmy gotowi pom\u00f3c Ci pod ka\u017cdym wzgl\u0119dem. <strong>Nie martw si\u0119, nadmierne my\u015blenie nie jest wymagane. Jeste\u015bmy tutaj, gotowi do pomocy.<\/strong><\/p>\n","protected":false},"excerpt":{"rendered":"<p>LC Multimode Duplex Fibre Patch Leads ze z\u0142\u0105czami Lucent zapewniaj\u0105 wysok\u0105 g\u0119sto\u015b\u0107 po\u0142\u0105cze\u0144 przy ni\u017cszych kosztach. Idealny do transmisji danych na kr\u00f3tkie odleg\u0142o\u015bci w sieciach szkieletowych.<\/p>\n<ul>\n<li>Dost\u0119pne w wersjach OM1, OM2, OM3 i OM4 Multimode o r\u00f3\u017cnych d\u0142ugo\u015bciach.<\/li>\n<li>Z\u0142\u0105cze LC UPC<\/li>\n<li>Dupleks 2 w\u0142\u00f3kna \u015bwiat\u0142owodowe<\/li>\n<li>W 100% przetestowane optycznie<\/li>\n<\/ul>\n","protected":false},"featured_media":17867,"template":"","meta":{"site-sidebar-layout":"default","site-content-layout":"default","ast-site-content-layout":"default","site-content-style":"default","site-sidebar-style":"default","ast-global-header-display":"","ast-banner-title-visibility":"","ast-main-header-display":"","ast-hfb-above-header-display":"","ast-hfb-below-header-display":"","ast-hfb-mobile-header-display":"","site-post-title":"","ast-breadcrumbs-content":"","ast-featured-img":"","footer-sml-layout":"","ast-disable-related-posts":"","theme-transparent-header-meta":"default","adv-header-id-meta":"","stick-header-meta":"default","header-above-stick-meta":"","header-main-stick-meta":"","header-below-stick-meta":"","astra-migrate-meta-layouts":"set","ast-page-background-enabled":"default","ast-page-background-meta":{"desktop":{"background-color":"","background-image":"","background-repeat":"repeat","background-position":"center center","background-size":"auto","background-attachment":"scroll","background-type":"","background-media":"","overlay-type":"","overlay-color":"","overlay-opacity":"","overlay-gradient":""},"tablet":{"background-color":"","background-image":"","background-repeat":"repeat","background-position":"center center","background-size":"auto","background-attachment":"scroll","background-type":"","background-media":"","overlay-type":"","overlay-color":"","overlay-opacity":"","overlay-gradient":""},"mobile":{"background-color":"","background-image":"","background-repeat":"repeat","background-position":"center center","background-size":"auto","background-attachment":"scroll","background-type":"","background-media":"","overlay-type":"","overlay-color":"","overlay-opacity":"","overlay-gradient":""}},"ast-content-background-meta":{"desktop":{"background-color":"var(--ast-global-color-5)","background-image":"","background-repeat":"repeat","background-position":"center center","background-size":"auto","background-attachment":"scroll","background-type":"","background-media":"","overlay-type":"","overlay-color":"","overlay-opacity":"","overlay-gradient":""},"tablet":{"background-color":"var(--ast-global-color-5)","background-image":"","background-repeat":"repeat","background-position":"center center","background-size":"auto","background-attachment":"scroll","background-type":"","background-media":"","overlay-type":"","overlay-color":"","overlay-opacity":"","overlay-gradient":""},"mobile":{"background-color":"var(--ast-global-color-5)","background-image":"","background-repeat":"repeat","background-position":"center center","background-size":"auto","background-attachment":"scroll","background-type":"","background-media":"","overlay-type":"","overlay-color":"","overlay-opacity":"","overlay-gradient":""}}},"product_brand":[],"product_cat":[236,243,238],"product_tag":[],"class_list":{"0":"post-21281","1":"product","2":"type-product","3":"status-publish","4":"has-post-thumbnail","6":"product_cat-fiber-patch-cord-pl","7":"product_cat-lc-fiber-patch-cord-pl","8":"product_cat-multimode-fiber-patch-cord-pl","9":"pa_connector-type-lc-pl","10":"pa_fiber-type-wielomodowy","11":"desktop-align-left","12":"tablet-align-left","13":"mobile-align-left","14":"ast-product-gallery-layout-vertical","15":"ast-product-gallery-with-no-image","16":"ast-product-tabs-layout-vertical","17":"ast-qv-on-image","19":"first","20":"instock","21":"shipping-taxable","22":"product-type-simple"},"_links":{"self":[{"href":"https:\/\/www.bonelinks.com\/pl\/wp-json\/wp\/v2\/product\/21281","targetHints":{"allow":["GET"]}}],"collection":[{"href":"https:\/\/www.bonelinks.com\/pl\/wp-json\/wp\/v2\/product"}],"about":[{"href":"https:\/\/www.bonelinks.com\/pl\/wp-json\/wp\/v2\/types\/product"}],"version-history":[{"count":3,"href":"https:\/\/www.bonelinks.com\/pl\/wp-json\/wp\/v2\/product\/21281\/revisions"}],"predecessor-version":[{"id":25822,"href":"https:\/\/www.bonelinks.com\/pl\/wp-json\/wp\/v2\/product\/21281\/revisions\/25822"}],"wp:featuredmedia":[{"embeddable":true,"href":"https:\/\/www.bonelinks.com\/pl\/wp-json\/wp\/v2\/media\/17867"}],"wp:attachment":[{"href":"https:\/\/www.bonelinks.com\/pl\/wp-json\/wp\/v2\/media?parent=21281"}],"wp:term":[{"taxonomy":"product_brand","embeddable":true,"href":"https:\/\/www.bonelinks.com\/pl\/wp-json\/wp\/v2\/product_brand?post=21281"},{"taxonomy":"product_cat","embeddable":true,"href":"https:\/\/www.bonelinks.com\/pl\/wp-json\/wp\/v2\/product_cat?post=21281"},{"taxonomy":"product_tag","embeddable":true,"href":"https:\/\/www.bonelinks.com\/pl\/wp-json\/wp\/v2\/product_tag?post=21281"}],"curies":[{"name":"wp","href":"https:\/\/api.w.org\/{rel}","templated":true}]}}