{"id":21279,"date":"2023-07-05T18:11:48","date_gmt":"2023-07-06T02:11:48","guid":{"rendered":"https:\/\/www.bonelinks.com\/product\/patch-swiatlowodowy-10g-wielomodowy-lc-lc\/"},"modified":"2024-02-08T18:09:29","modified_gmt":"2024-02-09T02:09:29","slug":"10g-multimode-lc-lc-fibre-patch","status":"publish","type":"product","link":"https:\/\/www.bonelinks.com\/pl\/product\/10g-multimode-lc-lc-fibre-patch\/","title":{"rendered":"Patch \u015bwiat\u0142owodowy 10g wielomodowy LC-LC"},"content":{"rendered":"<h1 style=\"text-align: left; font-size: 18px;\"><strong>Wielomodowy patch \u015bwiat\u0142owodowy LC-LC 10g: Rozwi\u0105zanie o wysokiej przepustowo\u015bci dla 10-gigabitowego Ethernetu<\/strong><\/h1>\n<p>Bonelinks prezentuje 10g Multimode LC-LC Fibre Patch, najwy\u017cszej jako\u015bci kabel zaprojektowany specjalnie do zastosowa\u0144 10 Gigabit Ethernet. Ten wielomodowy kabel \u015bwiat\u0142owodowy zoptymalizowany pod k\u0105tem lasera (LOMMF) ma wielomodow\u0105 konstrukcj\u0119 \u015bwiat\u0142owodow\u0105 50\/125 OM3, oferuj\u0105c\u0105 znacznie wy\u017csz\u0105 przepustowo\u015b\u0107 w por\u00f3wnaniu z tradycyjnymi wielomodowymi kablami \u015bwiat\u0142owodowymi 62,5\/125 \u00b5m. Jest to idealne rozwi\u0105zanie dla po\u0142\u0105cze\u0144 10GBase-SR i 10GBase-LRM w centrach danych. Z\u0142\u0105cza LC, znane jako Lucent Connectors, zapewniaj\u0105 niezawodne po\u0142\u0105czenia o wysokiej g\u0119sto\u015bci i kompatybilno\u015b\u0107 z urz\u0105dzeniami typu plug-and-play, takimi jak modu\u0142y SFP i transceivery XFP.<\/p>\n<p>Nasz wielomodowy patch \u015bwiat\u0142owodowy LC-LC 10g jest produkowany przy u\u017cyciu wysokiej jako\u015bci \u015bwiat\u0142owod\u00f3w i z\u0142\u0105czy ceramicznych. Przechodzi rygorystyczne testy, aby zapewni\u0107 nisk\u0105 t\u0142umienno\u015b\u0107 wtr\u0105ceniow\u0105 i powrotn\u0105, gwarantuj\u0105c doskona\u0142\u0105 wydajno\u015b\u0107 i wyj\u0105tkow\u0105 jako\u015b\u0107. Kabel zapewnia niezb\u0119dn\u0105 kompatybilno\u015b\u0107 wsteczn\u0105 i zapas mocy do obs\u0142ugi \u017ar\u00f3de\u0142 \u015bwiat\u0142a LED, laserowych i VCSEL, dzi\u0119ki czemu jest idealnym rozwi\u0105zaniem dla sieci 10 Gigabit Ethernet i wymagaj\u0105cych aplikacji.<\/p>\n<h2 style=\"text-align: left; font-size: 18px;\"><strong>Cechy wielomodowego kabla \u015bwiat\u0142owodowego LC-LC 10g<\/strong><\/h2>\n<ul>\n<li>Z\u0142\u0105cza LC\/LC<\/li>\n<li>LOMMF, \u015bwiat\u0142ow\u00f3d Aqua zoptymalizowany pod k\u0105tem lasera do laserowych \u017ar\u00f3de\u0142 \u015bwiat\u0142a LED\/VCSEL i zastosowa\u0144 10-gigabitowych<\/li>\n<li>OM3 do zastosowa\u0144 w sieciach Ethernet 10G<\/li>\n<li>Maksymalna odleg\u0142o\u015b\u0107 10G 300 m przy 850 nm<\/li>\n<li>S\u0142u\u017cy do pod\u0142\u0105czania paneli krosowych i\/lub urz\u0105dze\u0144 sieciowych wymagaj\u0105cych okablowania wielomodowego 50\/125<\/li>\n<li>100% kontrola w\u0142a\u015bciwo\u015bci optycznych przed wysy\u0142k\u0105<\/li>\n<li>Dost\u0119pne w r\u00f3\u017cnych d\u0142ugo\u015bciach<\/li>\n<\/ul>\n<h2 style=\"text-align: left; font-size: 18px;\"><strong>Zastosowania wielomodowego \u015bwiat\u0142owodu LC-LC 10g<\/strong><\/h2>\n<ul>\n<li>10 Gigabit Ethernet<\/li>\n<li>Przechowywanie danych<\/li>\n<li>Sieci LAN<\/li>\n<\/ul>\n<h2 style=\"text-align: left; font-size: 18px;\"><strong>Szukasz wi\u0119cej opcji kabli \u015bwiat\u0142owodowych?<\/strong><\/h2>\n<p>Potrzebujesz wi\u0119cej opcji kabli \u015bwiat\u0142owodowych? Zapoznaj si\u0119 z nasz\u0105 ofert\u0105 <span style=\"color: #0054a6;\"><strong><a style=\"color: #0054a6;\" href=\"https:\/\/www.bonelinks.com\/pl\/lc-fibre-patch-leads\/\" target=\"_blank\" rel=\"noopener\">Kable krosowe \u015bwiat\u0142owodowe LC,<\/a> <\/strong><br \/>\n<\/span><a title=\"Kable \u015bwiat\u0142owodowe LC do LC\" href=\"https:\/\/www.bonelinks.com\/pl\/lc-to-lc-fiber-patch-cable\/\" target=\"_blank\" rel=\"noopener\"><strong><span style=\"color: #0054a6;\">Kable \u015bwiat\u0142owodowe LC do LC, <\/span><\/strong><\/a><strong><span style=\"color: #0054a6;\"><a style=\"color: #0054a6;\" href=\"https:\/\/www.bonelinks.com\/pl\/multimode-fibre-patch-leads\/\" target=\"_blank\" rel=\"noopener\">Kable \u015bwiat\u0142owodowe wielomodowe <\/a><\/span><\/strong>dla bezproblemowej pracy w sieci.<\/p>\n<p>Szukasz niestandardowych i specjalnie zaprojektowanych kabli \u015bwiat\u0142owodowych? Zapoznaj si\u0119 z nasz\u0105 dedykowan\u0105 sekcj\u0105<a href=\"https:\/\/www.bonelinks.com\/pl\/custom-fiber-optic-cables\/\" target=\"_blank\" rel=\"noopener\"><span style=\"color: #0054a6;\"><strong> Niestandardowe kable \u015bwiat\u0142owodowe <\/strong><\/span><\/a>w celu uzyskania dopasowanych rozwi\u0105za\u0144 w zakresie \u0142\u0105czno\u015bci.<\/p>\n<ul>\n<li>Sprzeda\u017c detaliczna lub hurtowa &#8211; mamy wszystko pod kontrol\u0105!<\/li>\n<li>Nie wiesz co kupi\u0107? Oferujemy porady ekspert\u00f3w.<\/li>\n<li>Ma\u0142e MOQ: Nie musisz kupowa\u0107 wi\u0119cej ni\u017c chcesz.<\/li>\n<li>Konkurencyjne ceny: Uzyskaj \u015bwietn\u0105 warto\u015b\u0107 za ka\u017cdym razem.<\/li>\n<li>Szybka dostawa: Twoja szybko\u015b\u0107, nasz priorytet.<\/li>\n<li>Zorientowanie na klienta: Dostosowujemy nasze us\u0142ugi do Twoich potrzeb.<\/li>\n<\/ul>\n<p><strong>Po\u0142\u0105cz si\u0119 z nami!<\/strong><br \/>\nJe\u015bli masz problem ze znalezieniem odpowiedniego <span style=\"color: #0054a6;\"><strong><a style=\"color: #0054a6;\" href=\"https:\/\/www.bonelinks.com\/pl\/fiber-optic-patch-cord-supplier\/\" target=\"_blank\" rel=\"noopener\">\u015bwiat\u0142owodowego kabla krosowego <\/a><\/strong><\/span>do swoich potrzeb lub potrzebujesz porady eksperta, wystarczy jedno klikni\u0119cie i mo\u017cesz<a href=\"https:\/\/www.bonelinks.com\/pl\/contact-us\/\" target=\"_blank\" rel=\"noopener\"><strong><span style=\"color: #0054a6;\"> porozmawia\u0107 z nami <\/span><\/strong><\/a>w kilka sekund. Twoje zadowolenie jest naszym priorytetem. Jeste\u015bmy gotowi pom\u00f3c Ci pod ka\u017cdym wzgl\u0119dem. <strong>Nie martw si\u0119, nadmierne my\u015blenie nie jest wymagane. Jeste\u015bmy tutaj, gotowi do pomocy.<\/strong><\/p>\n","protected":false},"excerpt":{"rendered":"<p>Bonelinks 10g Multimode LC-LC Fibre Patch to wysokiej jako\u015bci kabel o wysokiej przepustowo\u015bci przeznaczony do zastosowa\u0144 10 Gigabit Ethernet. Zako\u0144czony wytrzyma\u0142ymi z\u0142\u0105czami LC zapewniaj\u0105cymi doskona\u0142\u0105 wydajno\u015b\u0107.<\/p>\n<ul>\n<li>OM3 do zastosowa\u0144 w sieciach Ethernet 10G<\/li>\n<li>Kompatybilno\u015b\u0107 wsteczna z istniej\u0105cymi \u015bwiat\u0142owodami 50\/125<\/li>\n<li>Dost\u0119pne w r\u00f3\u017cnych d\u0142ugo\u015bciach<\/li>\n<li>100% kontrola w\u0142a\u015bciwo\u015bci optycznych przed wysy\u0142k\u0105<\/li>\n<\/ul>\n","protected":false},"featured_media":17867,"template":"","meta":{"site-sidebar-layout":"default","site-content-layout":"default","ast-site-content-layout":"default","site-content-style":"default","site-sidebar-style":"default","ast-global-header-display":"","ast-banner-title-visibility":"","ast-main-header-display":"","ast-hfb-above-header-display":"","ast-hfb-below-header-display":"","ast-hfb-mobile-header-display":"","site-post-title":"","ast-breadcrumbs-content":"","ast-featured-img":"","footer-sml-layout":"","ast-disable-related-posts":"","theme-transparent-header-meta":"default","adv-header-id-meta":"","stick-header-meta":"default","header-above-stick-meta":"","header-main-stick-meta":"","header-below-stick-meta":"","astra-migrate-meta-layouts":"set","ast-page-background-enabled":"default","ast-page-background-meta":{"desktop":{"background-color":"","background-image":"","background-repeat":"repeat","background-position":"center center","background-size":"auto","background-attachment":"scroll","background-type":"","background-media":"","overlay-type":"","overlay-color":"","overlay-opacity":"","overlay-gradient":""},"tablet":{"background-color":"","background-image":"","background-repeat":"repeat","background-position":"center center","background-size":"auto","background-attachment":"scroll","background-type":"","background-media":"","overlay-type":"","overlay-color":"","overlay-opacity":"","overlay-gradient":""},"mobile":{"background-color":"","background-image":"","background-repeat":"repeat","background-position":"center center","background-size":"auto","background-attachment":"scroll","background-type":"","background-media":"","overlay-type":"","overlay-color":"","overlay-opacity":"","overlay-gradient":""}},"ast-content-background-meta":{"desktop":{"background-color":"var(--ast-global-color-5)","background-image":"","background-repeat":"repeat","background-position":"center center","background-size":"auto","background-attachment":"scroll","background-type":"","background-media":"","overlay-type":"","overlay-color":"","overlay-opacity":"","overlay-gradient":""},"tablet":{"background-color":"var(--ast-global-color-5)","background-image":"","background-repeat":"repeat","background-position":"center center","background-size":"auto","background-attachment":"scroll","background-type":"","background-media":"","overlay-type":"","overlay-color":"","overlay-opacity":"","overlay-gradient":""},"mobile":{"background-color":"var(--ast-global-color-5)","background-image":"","background-repeat":"repeat","background-position":"center center","background-size":"auto","background-attachment":"scroll","background-type":"","background-media":"","overlay-type":"","overlay-color":"","overlay-opacity":"","overlay-gradient":""}}},"product_brand":[],"product_cat":[236,243,238],"product_tag":[],"class_list":{"0":"post-21279","1":"product","2":"type-product","3":"status-publish","4":"has-post-thumbnail","6":"product_cat-fiber-patch-cord-pl","7":"product_cat-lc-fiber-patch-cord-pl","8":"product_cat-multimode-fiber-patch-cord-pl","9":"pa_connector-type-lc-lc-pl","10":"pa_fiber-type-50-125-om3-pl","11":"desktop-align-left","12":"tablet-align-left","13":"mobile-align-left","14":"ast-product-gallery-layout-vertical","15":"ast-product-gallery-with-no-image","16":"ast-product-tabs-layout-vertical","17":"ast-qv-on-image","19":"first","20":"instock","21":"shipping-taxable","22":"product-type-simple"},"_links":{"self":[{"href":"https:\/\/www.bonelinks.com\/pl\/wp-json\/wp\/v2\/product\/21279","targetHints":{"allow":["GET"]}}],"collection":[{"href":"https:\/\/www.bonelinks.com\/pl\/wp-json\/wp\/v2\/product"}],"about":[{"href":"https:\/\/www.bonelinks.com\/pl\/wp-json\/wp\/v2\/types\/product"}],"version-history":[{"count":3,"href":"https:\/\/www.bonelinks.com\/pl\/wp-json\/wp\/v2\/product\/21279\/revisions"}],"predecessor-version":[{"id":25815,"href":"https:\/\/www.bonelinks.com\/pl\/wp-json\/wp\/v2\/product\/21279\/revisions\/25815"}],"wp:featuredmedia":[{"embeddable":true,"href":"https:\/\/www.bonelinks.com\/pl\/wp-json\/wp\/v2\/media\/17867"}],"wp:attachment":[{"href":"https:\/\/www.bonelinks.com\/pl\/wp-json\/wp\/v2\/media?parent=21279"}],"wp:term":[{"taxonomy":"product_brand","embeddable":true,"href":"https:\/\/www.bonelinks.com\/pl\/wp-json\/wp\/v2\/product_brand?post=21279"},{"taxonomy":"product_cat","embeddable":true,"href":"https:\/\/www.bonelinks.com\/pl\/wp-json\/wp\/v2\/product_cat?post=21279"},{"taxonomy":"product_tag","embeddable":true,"href":"https:\/\/www.bonelinks.com\/pl\/wp-json\/wp\/v2\/product_tag?post=21279"}],"curies":[{"name":"wp","href":"https:\/\/api.w.org\/{rel}","templated":true}]}}