{"id":21278,"date":"2023-07-05T22:06:06","date_gmt":"2023-07-06T06:06:06","guid":{"rendered":"https:\/\/www.bonelinks.com\/product\/lc-lc-kabel-swiatlowodowy-wielomodowy-50-125-om3-duplex\/"},"modified":"2024-02-08T18:08:34","modified_gmt":"2024-02-09T02:08:34","slug":"lc-lc-multimode-fibre-patch-cord-50-125-om3-duplex","status":"publish","type":"product","link":"https:\/\/www.bonelinks.com\/pl\/product\/lc-lc-multimode-fibre-patch-cord-50-125-om3-duplex\/","title":{"rendered":"LC LC Kabel \u015bwiat\u0142owodowy wielomodowy 50 125 OM3 Duplex"},"content":{"rendered":"<h1 style=\"text-align: left; font-size: 18px;\"><strong>LC LC Wielomodowy kabel \u015bwiat\u0142owodowy 50 125 OM3 Duplex: kabel o wysokiej przepustowo\u015bci do wymagaj\u0105cej transmisji danych<\/strong><\/h1>\n<p>Nasz kabel krosowy LC LC Multimode Fibre Patch Cord 50 125 OM3 Duplex to wysokiej jako\u015bci kabel typu duplex, zaprojektowany tak, aby spe\u0142ni\u0107 wysokie wymagania telekomunikacyjnej transmisji danych. Wykorzystuje kompaktow\u0105 i zajmuj\u0105c\u0105 niewiele miejsca konstrukcj\u0119 z\u0142\u0105czy LC, kt\u00f3re s\u0105 obecnie szeroko stosowane na rynku. Ten \u015bwiat\u0142owodowy kabel krosowy jest idealny do po\u0142\u0105cze\u0144 Ethernet 10\/40\/100G i s\u0142u\u017cy jako preferowana specyfikacja \u015bwiat\u0142owodowa dla po\u0142\u0105cze\u0144 Ethernet 10G.<\/p>\n<p>Wyposa\u017cony w zoptymalizowane laserowo \u015bwiat\u0142owody wielomodowe (LOMMF) i oferuj\u0105cy prawie trzykrotnie wi\u0119ksz\u0105 przepustowo\u015b\u0107 w por\u00f3wnaniu z konwencjonalnymi \u015bwiat\u0142owodami wielomodowymi 62,5\/125 \u00b5m, ten wielomodowy kabel \u015bwiat\u0142owodowy OM3 duplex zapewnia lepsz\u0105 wydajno\u015b\u0107. Jest przeznaczony do po\u0142\u0105cze\u0144 10GBase-SR i 10GBase-LRM w centrach danych. Ponadto jest w pe\u0142ni kompatybilny ze starszymi systemami wykorzystuj\u0105cymi optyk\u0119 LED lub VCSEL, umo\u017cliwiaj\u0105c \u0142atw\u0105 integracj\u0119 z istniej\u0105cym okablowaniem \u015bwiat\u0142owodowym i projektami system\u00f3w.<\/p>\n<p>Nasz wielomodowy \u015bwiat\u0142owodowy kabel krosowy LC 50 125 OM3 Duplex jest zako\u0144czony trwa\u0142ymi ceramicznymi z\u0142\u0105czami LC. Z\u0142\u0105cza LC, znane r\u00f3wnie\u017c jako z\u0142\u0105cza Lucent, s\u0105 z\u0142\u0105czami zatrzaskowymi szeroko stosowanymi do po\u0142\u0105cze\u0144 o du\u017cej g\u0119sto\u015bci. S\u0105 one kompatybilne z urz\u0105dzeniami typu plug-and-play, takimi jak modu\u0142y SFP i transceivery XFP, zapewniaj\u0105c niezawodn\u0105 i wygodn\u0105 \u0142\u0105czno\u015b\u0107.<\/p>\n<p>W Bonelinks stawiamy na wysok\u0105 jako\u015b\u0107 produkcji w ca\u0142ym portfolio naszych produkt\u00f3w. Ka\u017cdy kabel \u015bwiat\u0142owodowy, w tym nasz wielomodowy kabel \u015bwiat\u0142owodowy LC LC 50 125 OM3 Duplex, przechodzi 100% test\u00f3w, aby zapewni\u0107 wyj\u0105tkow\u0105 wydajno\u015b\u0107. Z r\u00f3\u017cnymi opcjami d\u0142ugo\u015bci i materia\u0142u p\u0142aszcza, nasze kable krosowe s\u0105 produkowane przy u\u017cyciu wysokiej jako\u015bci materia\u0142\u00f3w i \u015bci\u015ble testowane pod k\u0105tem niskiej t\u0142umienno\u015bci wtr\u0105ceniowej i powrotnej. LC LC Multimode Fibre Patch Cord 50 125 OM3 Duplex zapewnia stabiln\u0105 wydajno\u015b\u0107 i najwy\u017csz\u0105 jako\u015b\u0107 dla potrzeb szybkiej transmisji danych.<\/p>\n<h2 style=\"text-align: left; font-size: 18px;\"><strong>Cechy wielomodowego kabla \u015bwiat\u0142owodowego LC LC 50 125 OM3 Duplex<\/strong><\/h2>\n<ul>\n<li>\u015awiat\u0142owodowy kabel krosowy 50\/125 OM3 duplex<\/li>\n<li>Z\u0142\u0105cza LC do LC<\/li>\n<li>Wielomodowy \u015bwiat\u0142owodowy kabel krosowy do szybkich po\u0142\u0105cze\u0144 danych<\/li>\n<li>\u015awiat\u0142ow\u00f3d wielomodowy do przesy\u0142ania danych na kr\u00f3tkie odleg\u0142o\u015bci<\/li>\n<li>Idealny do zastosowa\u0144 w sieciach Ethernet 10 GB<\/li>\n<li>Kompatybilno\u015b\u0107 wsteczna z istniej\u0105cym sprz\u0119tem 50\/125<\/li>\n<li>Dost\u0119pne w r\u00f3\u017cnych d\u0142ugo\u015bciach<\/li>\n<li>100% kontrola w\u0142a\u015bciwo\u015bci optycznych przed wysy\u0142k\u0105<\/li>\n<\/ul>\n<h2 style=\"text-align: left; font-size: 18px;\"><strong>Zastosowania wielomodowego kabla \u015bwiat\u0142owodowego LC LC 50 125 OM3 Duplex<\/strong><\/h2>\n<ul>\n<li>10 Gigabit Ethernet<\/li>\n<li>Przechowywanie danych<\/li>\n<li>Sieci LAN<\/li>\n<\/ul>\n<h2 style=\"text-align: left; font-size: 18px;\"><strong>Szukasz wi\u0119cej opcji kabli \u015bwiat\u0142owodowych?<\/strong><\/h2>\n<p>Potrzebujesz wi\u0119cej opcji kabli \u015bwiat\u0142owodowych? Zapoznaj si\u0119 z nasz\u0105 ofert\u0105 <span style=\"color: #0054a6;\"><strong><a style=\"color: #0054a6;\" href=\"https:\/\/www.bonelinks.com\/pl\/lc-fibre-patch-leads\/\" target=\"_blank\" rel=\"noopener\">Kable krosowe \u015bwiat\u0142owodowe LC,<\/a> <\/strong><br \/>\n<\/span><a title=\"Kable \u015bwiat\u0142owodowe LC do LC\" href=\"https:\/\/www.bonelinks.com\/pl\/lc-to-lc-fiber-patch-cable\/\" target=\"_blank\" rel=\"noopener\"><strong><span style=\"color: #0054a6;\">Kable \u015bwiat\u0142owodowe LC do LC, <\/span><\/strong><\/a><strong><span style=\"color: #0054a6;\"><a style=\"color: #0054a6;\" href=\"https:\/\/www.bonelinks.com\/pl\/multimode-fibre-patch-leads\/\" target=\"_blank\" rel=\"noopener\">Kable \u015bwiat\u0142owodowe wielomodowe <\/a><\/span><\/strong>do bezproblemowego tworzenia sieci.<\/p>\n<p>Szukasz niestandardowych i specjalnie zaprojektowanych kabli \u015bwiat\u0142owodowych? Zapoznaj si\u0119 z nasz\u0105 dedykowan\u0105 sekcj\u0105<a href=\"https:\/\/www.bonelinks.com\/pl\/custom-fiber-optic-cables\/\" target=\"_blank\" rel=\"noopener\"><span style=\"color: #0054a6;\"><strong> Niestandardowe kable \u015bwiat\u0142owodowe <\/strong><\/span><\/a>w celu uzyskania dopasowanych rozwi\u0105za\u0144 w zakresie \u0142\u0105czno\u015bci.<\/p>\n<ul>\n<li>Sprzeda\u017c detaliczna lub hurtowa &#8211; mamy wszystko pod kontrol\u0105!<\/li>\n<li>Nie wiesz co kupi\u0107? Oferujemy porady ekspert\u00f3w.<\/li>\n<li>Ma\u0142e MOQ: Nie musisz kupowa\u0107 wi\u0119cej ni\u017c chcesz.<\/li>\n<li>Konkurencyjne ceny: Uzyskaj \u015bwietn\u0105 warto\u015b\u0107 za ka\u017cdym razem.<\/li>\n<li>Szybka dostawa: Twoja szybko\u015b\u0107, nasz priorytet.<\/li>\n<li>Zorientowanie na klienta: Dostosowujemy nasze us\u0142ugi do Twoich potrzeb.<\/li>\n<\/ul>\n<p><strong>Po\u0142\u0105cz si\u0119 z nami!<\/strong><br \/>\nJe\u015bli masz problem ze znalezieniem odpowiedniego <span style=\"color: #0054a6;\"><strong><a style=\"color: #0054a6;\" href=\"https:\/\/www.bonelinks.com\/pl\/fiber-optic-patch-cord-supplier\/\" target=\"_blank\" rel=\"noopener\">\u015bwiat\u0142owodowego kabla krosowego <\/a><\/strong><\/span>do swoich potrzeb lub potrzebujesz porady eksperta, wystarczy jedno klikni\u0119cie i mo\u017cesz<a href=\"https:\/\/www.bonelinks.com\/pl\/contact-us\/\" target=\"_blank\" rel=\"noopener\"><strong><span style=\"color: #0054a6;\"> porozmawia\u0107 z nami <\/span><\/strong><\/a>w kilka sekund. Twoje zadowolenie jest naszym priorytetem. Jeste\u015bmy gotowi pom\u00f3c Ci pod ka\u017cdym wzgl\u0119dem. <strong>Nie martw si\u0119, nadmierne my\u015blenie nie jest wymagane. Jeste\u015bmy tutaj, gotowi do pomocy.<\/strong><\/p>\n","protected":false},"excerpt":{"rendered":"<p>LC LC Multimode Fibre Patch Cord 50 125 OM3 Duplex to kabel o wysokiej przepustowo\u015bci do po\u0142\u0105cze\u0144 Ethernet 10\/40\/100G. Zako\u0144czony trwa\u0142ymi i kompaktowymi z\u0142\u0105czami LC, zapewnia niezawodn\u0105 transmisj\u0119 w sieci \u015bwiat\u0142owodowej.<\/p>\n<ul>\n<li>Dwa z\u0142\u0105cza LC na ka\u017cdym ko\u0144cu dla szybkiego wdro\u017cenia<\/li>\n<li>Idealny do zastosowa\u0144 w sieciach Ethernet 10 GB<\/li>\n<li>Wielomodowy \u015bwiat\u0142owodowy kabel krosowy 50\/125 OM3 do szybkich po\u0142\u0105cze\u0144 danych<\/li>\n<li>100% sprawdzone<\/li>\n<\/ul>\n","protected":false},"featured_media":17867,"template":"","meta":{"site-sidebar-layout":"default","site-content-layout":"default","ast-site-content-layout":"default","site-content-style":"default","site-sidebar-style":"default","ast-global-header-display":"","ast-banner-title-visibility":"","ast-main-header-display":"","ast-hfb-above-header-display":"","ast-hfb-below-header-display":"","ast-hfb-mobile-header-display":"","site-post-title":"","ast-breadcrumbs-content":"","ast-featured-img":"","footer-sml-layout":"","ast-disable-related-posts":"","theme-transparent-header-meta":"default","adv-header-id-meta":"","stick-header-meta":"default","header-above-stick-meta":"","header-main-stick-meta":"","header-below-stick-meta":"","astra-migrate-meta-layouts":"set","ast-page-background-enabled":"default","ast-page-background-meta":{"desktop":{"background-color":"","background-image":"","background-repeat":"repeat","background-position":"center center","background-size":"auto","background-attachment":"scroll","background-type":"","background-media":"","overlay-type":"","overlay-color":"","overlay-opacity":"","overlay-gradient":""},"tablet":{"background-color":"","background-image":"","background-repeat":"repeat","background-position":"center center","background-size":"auto","background-attachment":"scroll","background-type":"","background-media":"","overlay-type":"","overlay-color":"","overlay-opacity":"","overlay-gradient":""},"mobile":{"background-color":"","background-image":"","background-repeat":"repeat","background-position":"center center","background-size":"auto","background-attachment":"scroll","background-type":"","background-media":"","overlay-type":"","overlay-color":"","overlay-opacity":"","overlay-gradient":""}},"ast-content-background-meta":{"desktop":{"background-color":"var(--ast-global-color-5)","background-image":"","background-repeat":"repeat","background-position":"center center","background-size":"auto","background-attachment":"scroll","background-type":"","background-media":"","overlay-type":"","overlay-color":"","overlay-opacity":"","overlay-gradient":""},"tablet":{"background-color":"var(--ast-global-color-5)","background-image":"","background-repeat":"repeat","background-position":"center center","background-size":"auto","background-attachment":"scroll","background-type":"","background-media":"","overlay-type":"","overlay-color":"","overlay-opacity":"","overlay-gradient":""},"mobile":{"background-color":"var(--ast-global-color-5)","background-image":"","background-repeat":"repeat","background-position":"center center","background-size":"auto","background-attachment":"scroll","background-type":"","background-media":"","overlay-type":"","overlay-color":"","overlay-opacity":"","overlay-gradient":""}}},"product_brand":[],"product_cat":[236,243,238],"product_tag":[],"class_list":{"0":"post-21278","1":"product","2":"type-product","3":"status-publish","4":"has-post-thumbnail","6":"product_cat-fiber-patch-cord-pl","7":"product_cat-lc-fiber-patch-cord-pl","8":"product_cat-multimode-fiber-patch-cord-pl","9":"pa_connector-type-lc-lc-pl","10":"pa_fiber-type-50-125-om3-pl","11":"desktop-align-left","12":"tablet-align-left","13":"mobile-align-left","14":"ast-product-gallery-layout-vertical","15":"ast-product-gallery-with-no-image","16":"ast-product-tabs-layout-vertical","17":"ast-qv-on-image","19":"first","20":"instock","21":"shipping-taxable","22":"product-type-simple"},"_links":{"self":[{"href":"https:\/\/www.bonelinks.com\/pl\/wp-json\/wp\/v2\/product\/21278","targetHints":{"allow":["GET"]}}],"collection":[{"href":"https:\/\/www.bonelinks.com\/pl\/wp-json\/wp\/v2\/product"}],"about":[{"href":"https:\/\/www.bonelinks.com\/pl\/wp-json\/wp\/v2\/types\/product"}],"version-history":[{"count":3,"href":"https:\/\/www.bonelinks.com\/pl\/wp-json\/wp\/v2\/product\/21278\/revisions"}],"predecessor-version":[{"id":25818,"href":"https:\/\/www.bonelinks.com\/pl\/wp-json\/wp\/v2\/product\/21278\/revisions\/25818"}],"wp:featuredmedia":[{"embeddable":true,"href":"https:\/\/www.bonelinks.com\/pl\/wp-json\/wp\/v2\/media\/17867"}],"wp:attachment":[{"href":"https:\/\/www.bonelinks.com\/pl\/wp-json\/wp\/v2\/media?parent=21278"}],"wp:term":[{"taxonomy":"product_brand","embeddable":true,"href":"https:\/\/www.bonelinks.com\/pl\/wp-json\/wp\/v2\/product_brand?post=21278"},{"taxonomy":"product_cat","embeddable":true,"href":"https:\/\/www.bonelinks.com\/pl\/wp-json\/wp\/v2\/product_cat?post=21278"},{"taxonomy":"product_tag","embeddable":true,"href":"https:\/\/www.bonelinks.com\/pl\/wp-json\/wp\/v2\/product_tag?post=21278"}],"curies":[{"name":"wp","href":"https:\/\/api.w.org\/{rel}","templated":true}]}}