{"id":21277,"date":"2023-07-05T23:26:45","date_gmt":"2023-07-06T07:26:45","guid":{"rendered":"https:\/\/www.bonelinks.com\/product\/kabel-swiatlowodowy-om4-lc-lc\/"},"modified":"2024-02-08T18:09:12","modified_gmt":"2024-02-09T02:09:12","slug":"om4-lc-lc-fibre-optic-patch-cable","status":"publish","type":"product","link":"https:\/\/www.bonelinks.com\/pl\/product\/om4-lc-lc-fibre-optic-patch-cable\/","title":{"rendered":"Kabel \u015bwiat\u0142owodowy OM4 LC-LC"},"content":{"rendered":"<h1 style=\"text-align: left; font-size: 18px;\"><strong>\u015awiat\u0142owodowy kabel krosowy OM4 LC-LC do niezawodnych, szybkich po\u0142\u0105cze\u0144<\/strong><\/h1>\n<p>Nasz \u015bwiat\u0142owodowy kabel krosowy OM4 LC-LC zosta\u0142 zaprojektowany z wysokiej jako\u015bci \u015bwiat\u0142owod\u00f3w i z\u0142\u0105czy LC, zapewniaj\u0105c doskona\u0142\u0105 wydajno\u015b\u0107 i niezawodno\u015b\u0107. Przechodzi rygorystyczne testy pod k\u0105tem niskiej t\u0142umienno\u015bci wtr\u0105ceniowej i powrotnej, co czyni go idealnym wyborem dla szybkich po\u0142\u0105cze\u0144 Ethernet 10G i 40G.<\/p>\n<p>Ten zoptymalizowany laserowo \u015bwiat\u0142ow\u00f3d wielomodowy (LOMMF) obs\u0142uguje po\u0142\u0105czenia 10GBase-SR, 40GBase-SR4 i 100GBase-SR10, zapewniaj\u0105c wysok\u0105 przepustowo\u015b\u0107 i wyj\u0105tkow\u0105 wydajno\u015b\u0107. Dzi\u0119ki wstecznej kompatybilno\u015bci z istniej\u0105cym sprz\u0119tem wielomodowym 50\/125, oferuje ekonomiczne rozwi\u0105zanie bez kompromis\u00f3w w zakresie jako\u015bci.<\/p>\n<p>Z\u0142\u0105cza LC na obu ko\u0144cach kabla krosowego pozwalaj\u0105 na zastosowania o wi\u0119kszej g\u0119sto\u015bci ze wzgl\u0119du na ich mniejsz\u0105 \u015brednic\u0119. Z\u0142\u0105cza te, powszechnie znane jako Lucent Connection lub Little Connector, oferuj\u0105 konstrukcj\u0119 typu &#8222;snap&#8221; o \u015brednicy tulei 1,25 mm, zgodn\u0105 z normami IEC 61754-20.<\/p>\n<p>Ka\u017cdy kabel \u015bwiat\u0142owodowy OM4 jest indywidualnie testowany i certyfikowany pod k\u0105tem zgodno\u015bci z dopuszczalnymi limitami strat wtr\u0105ceniowych, zapewniaj\u0105c kompatybilno\u015b\u0107 i 100% niezawodno\u015b\u0107. Nasze kable krosowe przechodz\u0105 rygorystyczn\u0105 kontrol\u0119 i testy podczas produkcji, aby zagwarantowa\u0107 wydajno\u015b\u0107 i ochron\u0119 w ka\u017cdym zastosowaniu. Zaufaj wydajno\u015bci i niezawodno\u015bci naszego \u015bwiat\u0142owodowego kabla krosowego OM4 LC-LC, zaprojektowanego w celu zapewnienia szybkiej \u0142\u0105czno\u015bci dla krytycznych potrzeb transmisji danych.<\/p>\n<table>\n<caption><strong>Obs\u0142uga odleg\u0142o\u015bci \u0142\u0105cza OM4<\/strong><\/caption>\n<tbody>\n<tr>\n<th>Oznaczenie urz\u0105dzenia nadawczo-odbiorczego<\/th>\n<th>OM4 (maksymalna odleg\u0142o\u015b\u0107 w metrach)<\/th>\n<\/tr>\n<tr>\n<td style=\"text-align: center;\">10GBASE-SR<\/td>\n<td style=\"text-align: center;\">550<\/td>\n<\/tr>\n<tr>\n<td style=\"text-align: center;\">10GBASE-LX4<\/td>\n<td style=\"text-align: center;\">300<\/td>\n<\/tr>\n<tr>\n<td style=\"text-align: center;\">10GBASE-LRM<\/td>\n<td style=\"text-align: center;\">220<\/td>\n<\/tr>\n<tr>\n<td style=\"text-align: center;\">40GBASE-SR4<\/td>\n<td style=\"text-align: center;\">125<\/td>\n<\/tr>\n<tr>\n<td style=\"text-align: center;\">100GBASE-SR10<\/td>\n<td style=\"text-align: center;\">125<\/td>\n<\/tr>\n<\/tbody>\n<\/table>\n<h2 style=\"text-align: left; font-size: 18px;\"><strong>Cechy \u015bwiat\u0142owodowego kabla krosowego OM4 LC-LC<\/strong><\/h2>\n<ul>\n<li>Z\u0142\u0105cza LC\/LC z polerowanymi ceramicznymi tulejkami UPC dla t\u0142umienia wtr\u0105ceniowego poni\u017cej 0,3dB<\/li>\n<li>Wielomodowe kable krosowe OM4 kompatybilne ze \u017ar\u00f3d\u0142ami \u015bwiat\u0142a LED i VCSEL<\/li>\n<li>\u015awiat\u0142ow\u00f3d wielomodowy zoptymalizowany pod k\u0105tem lasera (LOMMF) zapewniaj\u0105cy wy\u017csz\u0105 wydajno\u015b\u0107<\/li>\n<li>Obs\u0142uga 10GBase-SR SFP+, 40GBase-SR4 QSFP+ i 100GBase-SR10 QSFP28<\/li>\n<li>Szybko\u015b\u0107 przesy\u0142ania danych do 10 Gb\/s, 40 Gb\/s i 100 Gb\/s<\/li>\n<li>Wsteczna kompatybilno\u015b\u0107 z istniej\u0105cymi urz\u0105dzeniami OM2 i OM3 50\/125 MMF<\/li>\n<li>Fioletowy kolor dla \u0142atwej identyfikacji, odr\u00f3\u017cniaj\u0105cy si\u0119 od pomara\u0144czowego okablowania OM1\/OM2 i wodnego okablowania OM3<\/li>\n<li>W 100% przetestowany w celu zapewnienia optymalnej wydajno\u015bci i niezawodno\u015bci<\/li>\n<\/ul>\n<h2 style=\"text-align: left; font-size: 18px;\"><strong>Zastosowania \u015bwiat\u0142owodowego kabla krosowego OM4 LC-LC<\/strong><\/h2>\n<p>Zastosowanie w aplikacjach 40\/100 Gigabit Ethernet i kana\u0142ach \u015bwiat\u0142owodowych<br \/>\nSzybka \u0142\u0105czno\u015b\u0107 dla aplikacji o du\u017cej g\u0119sto\u015bci upakowania<\/p>\n<h2 style=\"text-align: left; font-size: 18px;\"><strong>Szukasz wi\u0119cej opcji kabli \u015bwiat\u0142owodowych?<\/strong><\/h2>\n<p>Potrzebujesz wi\u0119cej opcji kabli \u015bwiat\u0142owodowych? Zapoznaj si\u0119 z nasz\u0105 ofert\u0105 <span style=\"color: #0054a6;\"><strong><a style=\"color: #0054a6;\" href=\"https:\/\/www.bonelinks.com\/pl\/lc-fibre-patch-leads\/\" target=\"_blank\" rel=\"noopener\">Kable krosowe \u015bwiat\u0142owodowe LC,<\/a> <\/strong><br \/>\n<\/span><a title=\"Kable \u015bwiat\u0142owodowe LC do LC\" href=\"https:\/\/www.bonelinks.com\/pl\/lc-to-lc-fiber-patch-cable\/\" target=\"_blank\" rel=\"noopener\"><strong><span style=\"color: #0054a6;\">Kable \u015bwiat\u0142owodowe LC do LC, <\/span><\/strong><\/a><strong><span style=\"color: #0054a6;\"><a style=\"color: #0054a6;\" href=\"https:\/\/www.bonelinks.com\/pl\/multimode-fibre-patch-leads\/\" target=\"_blank\" rel=\"noopener\">Kable \u015bwiat\u0142owodowe wielomodowe <\/a><\/span><\/strong>dla bezproblemowej pracy w sieci.<\/p>\n<p>Szukasz niestandardowych i specjalnie zaprojektowanych kabli \u015bwiat\u0142owodowych? Zapoznaj si\u0119 z nasz\u0105 dedykowan\u0105 sekcj\u0105<a href=\"https:\/\/www.bonelinks.com\/pl\/custom-fiber-optic-cables\/\" target=\"_blank\" rel=\"noopener\"><span style=\"color: #0054a6;\"><strong> Niestandardowe kable \u015bwiat\u0142owodowe <\/strong><\/span><\/a>w celu uzyskania dopasowanych rozwi\u0105za\u0144 w zakresie \u0142\u0105czno\u015bci.<\/p>\n<ul>\n<li>Sprzeda\u017c detaliczna lub hurtowa &#8211; mamy wszystko pod kontrol\u0105!<\/li>\n<li>Nie wiesz co kupi\u0107? Oferujemy porady ekspert\u00f3w.<\/li>\n<li>Ma\u0142e MOQ: Nie musisz kupowa\u0107 wi\u0119cej ni\u017c chcesz.<\/li>\n<li>Konkurencyjne ceny: Uzyskaj \u015bwietn\u0105 warto\u015b\u0107 za ka\u017cdym razem.<\/li>\n<li>Szybka dostawa: Twoja szybko\u015b\u0107, nasz priorytet.<\/li>\n<li>Zorientowanie na klienta: Dostosowujemy nasze us\u0142ugi do Twoich potrzeb.<\/li>\n<\/ul>\n<p><strong>Po\u0142\u0105cz si\u0119 z nami!<\/strong><br \/>\nJe\u015bli masz problem ze znalezieniem odpowiedniego <span style=\"color: #0054a6;\"><strong><a style=\"color: #0054a6;\" href=\"https:\/\/www.bonelinks.com\/pl\/fiber-optic-patch-cord-supplier\/\" target=\"_blank\" rel=\"noopener\">\u015bwiat\u0142owodowego kabla krosowego <\/a><\/strong><\/span>do swoich potrzeb lub potrzebujesz porady eksperta, wystarczy jedno klikni\u0119cie i mo\u017cesz<a href=\"https:\/\/www.bonelinks.com\/pl\/contact-us\/\" target=\"_blank\" rel=\"noopener\"><strong><span style=\"color: #0054a6;\"> porozmawia\u0107 z nami <\/span><\/strong><\/a>w kilka sekund. Twoje zadowolenie jest naszym priorytetem. Jeste\u015bmy gotowi pom\u00f3c Ci pod ka\u017cdym wzgl\u0119dem. <strong>Nie martw si\u0119, nadmierne my\u015blenie nie jest wymagane. Jeste\u015bmy tutaj, gotowi do pomocy.<\/strong><\/p>\n","protected":false},"excerpt":{"rendered":"<p>\u015awiat\u0142owodowy kabel krosowy OM4 LC-LC z wysokiej jako\u015bci \u015bwiat\u0142owodem i z\u0142\u0105czami LC-LC. \u015aci\u015ble przetestowane pod k\u0105tem wydajno\u015bci i kompatybilno\u015bci. Idealny do po\u0142\u0105cze\u0144 10GBase-SR, 40GBase-SR BiDi, SFP+ i QSFP+.<\/p>\n<ul>\n<li>Z\u0142\u0105cza LC\/LC z polerowanymi ceramicznymi tulejkami UPC dla t\u0142umienia wtr\u0105ceniowego poni\u017cej 0,3dB<\/li>\n<li>Obs\u0142uga szybko\u015bci transferu danych do 10 Gb\/s, 40 Gb\/s i 100 Gb\/s<\/li>\n<li>Wsteczna kompatybilno\u015b\u0107 z istniej\u0105cymi urz\u0105dzeniami OM2 i OM3 50\/125 MMF<\/li>\n<li>Ka\u017cdy kabel przechodzi 100% test\u00f3w, aby zapewni\u0107 optymaln\u0105 wydajno\u015b\u0107<\/li>\n<\/ul>\n","protected":false},"featured_media":19327,"template":"","meta":{"site-sidebar-layout":"default","site-content-layout":"default","ast-site-content-layout":"default","site-content-style":"default","site-sidebar-style":"default","ast-global-header-display":"","ast-banner-title-visibility":"","ast-main-header-display":"","ast-hfb-above-header-display":"","ast-hfb-below-header-display":"","ast-hfb-mobile-header-display":"","site-post-title":"","ast-breadcrumbs-content":"","ast-featured-img":"","footer-sml-layout":"","ast-disable-related-posts":"","theme-transparent-header-meta":"default","adv-header-id-meta":"","stick-header-meta":"default","header-above-stick-meta":"","header-main-stick-meta":"","header-below-stick-meta":"","astra-migrate-meta-layouts":"set","ast-page-background-enabled":"default","ast-page-background-meta":{"desktop":{"background-color":"","background-image":"","background-repeat":"repeat","background-position":"center center","background-size":"auto","background-attachment":"scroll","background-type":"","background-media":"","overlay-type":"","overlay-color":"","overlay-opacity":"","overlay-gradient":""},"tablet":{"background-color":"","background-image":"","background-repeat":"repeat","background-position":"center center","background-size":"auto","background-attachment":"scroll","background-type":"","background-media":"","overlay-type":"","overlay-color":"","overlay-opacity":"","overlay-gradient":""},"mobile":{"background-color":"","background-image":"","background-repeat":"repeat","background-position":"center center","background-size":"auto","background-attachment":"scroll","background-type":"","background-media":"","overlay-type":"","overlay-color":"","overlay-opacity":"","overlay-gradient":""}},"ast-content-background-meta":{"desktop":{"background-color":"var(--ast-global-color-5)","background-image":"","background-repeat":"repeat","background-position":"center center","background-size":"auto","background-attachment":"scroll","background-type":"","background-media":"","overlay-type":"","overlay-color":"","overlay-opacity":"","overlay-gradient":""},"tablet":{"background-color":"var(--ast-global-color-5)","background-image":"","background-repeat":"repeat","background-position":"center center","background-size":"auto","background-attachment":"scroll","background-type":"","background-media":"","overlay-type":"","overlay-color":"","overlay-opacity":"","overlay-gradient":""},"mobile":{"background-color":"var(--ast-global-color-5)","background-image":"","background-repeat":"repeat","background-position":"center center","background-size":"auto","background-attachment":"scroll","background-type":"","background-media":"","overlay-type":"","overlay-color":"","overlay-opacity":"","overlay-gradient":""}}},"product_brand":[],"product_cat":[236,243,238],"product_tag":[],"class_list":{"0":"post-21277","1":"product","2":"type-product","3":"status-publish","4":"has-post-thumbnail","6":"product_cat-fiber-patch-cord-pl","7":"product_cat-lc-fiber-patch-cord-pl","8":"product_cat-multimode-fiber-patch-cord-pl","9":"pa_connector-type-lc-lc-pl","10":"pa_fiber-type-50-125-om4-pl","11":"desktop-align-left","12":"tablet-align-left","13":"mobile-align-left","14":"ast-product-gallery-layout-vertical","15":"ast-product-gallery-with-no-image","16":"ast-product-tabs-layout-vertical","17":"ast-qv-on-image","19":"first","20":"instock","21":"shipping-taxable","22":"product-type-simple"},"_links":{"self":[{"href":"https:\/\/www.bonelinks.com\/pl\/wp-json\/wp\/v2\/product\/21277","targetHints":{"allow":["GET"]}}],"collection":[{"href":"https:\/\/www.bonelinks.com\/pl\/wp-json\/wp\/v2\/product"}],"about":[{"href":"https:\/\/www.bonelinks.com\/pl\/wp-json\/wp\/v2\/types\/product"}],"version-history":[{"count":3,"href":"https:\/\/www.bonelinks.com\/pl\/wp-json\/wp\/v2\/product\/21277\/revisions"}],"predecessor-version":[{"id":25814,"href":"https:\/\/www.bonelinks.com\/pl\/wp-json\/wp\/v2\/product\/21277\/revisions\/25814"}],"wp:featuredmedia":[{"embeddable":true,"href":"https:\/\/www.bonelinks.com\/pl\/wp-json\/wp\/v2\/media\/19327"}],"wp:attachment":[{"href":"https:\/\/www.bonelinks.com\/pl\/wp-json\/wp\/v2\/media?parent=21277"}],"wp:term":[{"taxonomy":"product_brand","embeddable":true,"href":"https:\/\/www.bonelinks.com\/pl\/wp-json\/wp\/v2\/product_brand?post=21277"},{"taxonomy":"product_cat","embeddable":true,"href":"https:\/\/www.bonelinks.com\/pl\/wp-json\/wp\/v2\/product_cat?post=21277"},{"taxonomy":"product_tag","embeddable":true,"href":"https:\/\/www.bonelinks.com\/pl\/wp-json\/wp\/v2\/product_tag?post=21277"}],"curies":[{"name":"wp","href":"https:\/\/api.w.org\/{rel}","templated":true}]}}