{"id":21276,"date":"2023-07-07T22:37:34","date_gmt":"2023-07-08T06:37:34","guid":{"rendered":"https:\/\/www.bonelinks.com\/product\/mpo-do-lc-8-kabel-swiatlowodowy-om3-50-125-40g-100g\/"},"modified":"2024-02-08T08:02:20","modified_gmt":"2024-02-08T16:02:20","slug":"mpo-to-lc-8-fiber-om3-50-125-breakout-cable-40g-100g","status":"publish","type":"product","link":"https:\/\/www.bonelinks.com\/pl\/product\/mpo-to-lc-8-fiber-om3-50-125-breakout-cable-40g-100g\/","title":{"rendered":"MPO do LC 8 Kabel \u015bwiat\u0142owodowy OM3 50\/125 40g 100g"},"content":{"rendered":"<h1 style=\"text-align: left; font-size: 18px;\"><strong> Kabel MPO do LC 8 Fiber OM3 50\/125 Breakout 40g 100g: Wszechstronna \u0142\u0105czno\u015b\u0107 dla sieci o du\u017cej g\u0119sto\u015bci<\/strong><\/h1>\n<p>Kabel MPO sk\u0142ada si\u0119 z \u017ce\u0144skiego z\u0142\u0105cza MPO na jednym ko\u0144cu i z\u0142\u0105cza \u015bwiat\u0142owodowego 4xLC duplex na drugim ko\u0144cu. Nadaje si\u0119 do pod\u0142\u0105czania transceiver\u00f3w 100G QSFP28 SR4 do 25G SFP28 SR lub 40G QSFP SR4 do 10G SFP+ SR. Ten 8-w\u0142\u00f3knowy kabel OM3 MPO do 4xLC Duplex jest zgodny z polaryzacj\u0105 metody B (Cross-Connect).<\/p>\n<p>W por\u00f3wnaniu do tradycyjnych rozwi\u0105za\u0144 okablowania \u015bwiat\u0142owodowego, kabel MPO do LC OM3 50\/125 Breakout oferuje wi\u0119ksz\u0105 elastyczno\u015b\u0107 i oszcz\u0119dno\u015b\u0107 miejsca. Zapewnia wydajn\u0105 \u0142\u0105czno\u015b\u0107 przy jednoczesnej obs\u0142udze bardzo wysokich szybko\u015bci transmisji danych, takich jak 40-gigabitowy i 100-gigabitowy Ethernet.<\/p>\n<p>Dost\u0119pne s\u0105 opcje dostosowywania, w tym ogony LC o r\u00f3\u017cnych d\u0142ugo\u015bciach w konfiguracjach naprzemiennych lub bez naprzemienno\u015bci. Ka\u017cdy kabel MPO do LC przechodzi pe\u0142ne testy i jest wykonany z wytrzyma\u0142ych komponent\u00f3w, aby zapewni\u0107 trwa\u0142o\u015b\u0107. Dodatkowo, na \u017cyczenie, z\u0142\u0105cze MTP\u00ae mo\u017ce by\u0107 dostarczone dla specyficznych wymaga\u0144.<\/p>\n<h2 style=\"text-align: left; font-size: 18px;\"><strong>Cechy kabla MPO do LC 8 Fiber OM3 50\/125 Breakout Cable 40g 100g<\/strong><\/h2>\n<ul>\n<li>8 w\u0142\u00f3kien<\/li>\n<li>Kabel 50\/125\u00b5m Aqua OM3<\/li>\n<li>Z\u0142\u0105cza MPO (\u017ce\u0144skie) do LC<\/li>\n<li>Transmisja danych 40g 100g<\/li>\n<li>Fabryczne zako\u0144czenie zapewnia sta\u0142\u0105 jako\u015b\u0107 i wysok\u0105 wydajno\u015b\u0107, skracaj\u0105c czas instalacji<\/li>\n<li>W 100% przetestowany, aby zapewni\u0107 nisk\u0105 t\u0142umienno\u015b\u0107 wtr\u0105ceniow\u0105 i wysok\u0105 t\u0142umienno\u015b\u0107 powrotn\u0105<\/li>\n<li>Zoptymalizowana wydajno\u015b\u0107 dzi\u0119ki opcjom dla elitarnych z\u0142\u0105czy MTP i dyskretnych z\u0142\u0105czy premium<\/li>\n<li>Dost\u0119pne konfiguracje niestandardowe spe\u0142niaj\u0105ce okre\u015blone wymagania<\/li>\n<\/ul>\n<h2 style=\"text-align: left; font-size: 18px;\"><strong>Zastosowania MPO do LC 8 \u015awiat\u0142ow\u00f3d OM3 50\/125 Breakout 40g 100g<\/strong><\/h2>\n<ul>\n<li>Optyczne prze\u0142\u0105czanie po\u0142\u0105cze\u0144 mi\u0119dzyramkowych<\/li>\n<li>Dost\u0119p brzegowy do kart \u015bwiat\u0142owodowych o wysokiej g\u0119sto\u015bci<\/li>\n<li>Po\u0142\u0105czenie 40G i 100G<\/li>\n<li>Okablowanie centrum danych<\/li>\n<\/ul>\n<h2 style=\"text-align: left; font-size: 18px;\"><strong>Szukasz wi\u0119cej opcji kabli MTP\/MPO?<\/strong><\/h2>\n<p>Potrzebujesz wi\u0119cej opcji kabli MTP\/MPO? Zapoznaj si\u0119 z nasz\u0105 ofert\u0105 <span style=\"color: #0054a6;\"><strong><a style=\"color: #0054a6;\" href=\"https:\/\/www.bonelinks.com\/pl\/8-fiber-mpo-cable\/\" target=\"_blank\" rel=\"noopener\">8-w\u0142\u00f3knowych kabli MTP\/MPO,<\/a><\/strong><\/span>\u00a0<a title=\"Kable MPO\/MTP do LC Breakout\" href=\"https:\/\/www.bonelinks.com\/pl\/mpo-breakout-cable\/\" target=\"_blank\" rel=\"noopener\"><strong><span style=\"color: #0054a6;\">Kable MPO\/MTP do LC Breakout<\/span><\/strong> <\/a>dla bezproblemowej pracy w sieci.<\/p>\n<p>Szukasz niestandardowych i specjalnie zaprojektowanych kabli krosowych MPO? Zapoznaj si\u0119 z nasz\u0105 dedykowan\u0105 sekcj\u0105<a href=\"https:\/\/www.bonelinks.com\/pl\/custom-fiber-optic-cables\/\" target=\"_blank\" rel=\"noopener\"><span style=\"color: #0054a6;\"><strong> Niestandardowe kable \u015bwiat\u0142owodowe <\/strong><\/span><\/a>w celu uzyskania dopasowanych rozwi\u0105za\u0144 w zakresie \u0142\u0105czno\u015bci.<\/p>\n<ul>\n<li>Sprzeda\u017c detaliczna lub hurtowa &#8211; mamy wszystko pod kontrol\u0105!<\/li>\n<li>Nie wiesz co kupi\u0107? Oferujemy porady ekspert\u00f3w.<\/li>\n<li>Ma\u0142e MOQ: Nie musisz kupowa\u0107 wi\u0119cej ni\u017c chcesz.<\/li>\n<li>Konkurencyjne ceny: Uzyskaj \u015bwietn\u0105 warto\u015b\u0107 za ka\u017cdym razem.<\/li>\n<li>Szybka dostawa: Twoja szybko\u015b\u0107, nasz priorytet.<\/li>\n<li>Zorientowanie na klienta: Dostosowujemy nasze us\u0142ugi do Twoich potrzeb.<\/li>\n<\/ul>\n<p><strong>Po\u0142\u0105cz si\u0119 z nami!<\/strong><br \/>\nJe\u015bli masz problem ze znalezieniem odpowiedniego <span style=\"color: #0054a6;\"><strong><a style=\"color: #0054a6;\" href=\"https:\/\/www.bonelinks.com\/pl\/fiber-optic-patch-cord-supplier\/\" target=\"_blank\" rel=\"noopener\">\u015bwiat\u0142owodowego kabla krosowego <\/a><\/strong><\/span>do swoich potrzeb lub potrzebujesz porady eksperta, wystarczy jedno klikni\u0119cie i mo\u017cesz<a href=\"https:\/\/www.bonelinks.com\/pl\/contact-us\/\" target=\"_blank\" rel=\"noopener\"><strong><span style=\"color: #0054a6;\"> porozmawia\u0107 z nami <\/span><\/strong><\/a>w kilka sekund. Twoje zadowolenie jest naszym priorytetem. Jeste\u015bmy gotowi pom\u00f3c Ci pod ka\u017cdym wzgl\u0119dem. <strong>Nie martw si\u0119, nadmierne my\u015blenie nie jest wymagane. Jeste\u015bmy tutaj, gotowi do pomocy.<\/strong><\/p>\n","protected":false},"excerpt":{"rendered":"<p>Kabel MPO do LC 8 Fiber OM3 50\/125 Breakout Cable 40g 100g umo\u017cliwia pod\u0142\u0105czenie jednego nadajnika-odbiornika QSFP+ lub QSFP28 do 4 port\u00f3w SFP+ lub LC, oferuj\u0105c elastyczne i zajmuj\u0105ce ma\u0142o miejsca rozwi\u0105zanie dla szybkich pr\u0119dko\u015bci transmisji danych.<\/p>\n<ul>\n<li>Idealny do zastosowa\u0144 40G SR4 lub 100G SR4<\/li>\n<li>Zoptymalizowana wydajno\u015b\u0107 &#8211; dost\u0119pne elitarne z\u0142\u0105cze MTP i dyskretne z\u0142\u0105cze premium<\/li>\n<li>Dost\u0119pne konfiguracje niestandardowe<\/li>\n<\/ul>\n","protected":false},"featured_media":16597,"template":"","meta":{"site-sidebar-layout":"default","site-content-layout":"default","ast-site-content-layout":"default","site-content-style":"default","site-sidebar-style":"default","ast-global-header-display":"","ast-banner-title-visibility":"","ast-main-header-display":"","ast-hfb-above-header-display":"","ast-hfb-below-header-display":"","ast-hfb-mobile-header-display":"","site-post-title":"","ast-breadcrumbs-content":"","ast-featured-img":"","footer-sml-layout":"","ast-disable-related-posts":"","theme-transparent-header-meta":"default","adv-header-id-meta":"","stick-header-meta":"default","header-above-stick-meta":"","header-main-stick-meta":"","header-below-stick-meta":"","astra-migrate-meta-layouts":"set","ast-page-background-enabled":"default","ast-page-background-meta":{"desktop":{"background-color":"","background-image":"","background-repeat":"repeat","background-position":"center center","background-size":"auto","background-attachment":"scroll","background-type":"","background-media":"","overlay-type":"","overlay-color":"","overlay-opacity":"","overlay-gradient":""},"tablet":{"background-color":"","background-image":"","background-repeat":"repeat","background-position":"center center","background-size":"auto","background-attachment":"scroll","background-type":"","background-media":"","overlay-type":"","overlay-color":"","overlay-opacity":"","overlay-gradient":""},"mobile":{"background-color":"","background-image":"","background-repeat":"repeat","background-position":"center center","background-size":"auto","background-attachment":"scroll","background-type":"","background-media":"","overlay-type":"","overlay-color":"","overlay-opacity":"","overlay-gradient":""}},"ast-content-background-meta":{"desktop":{"background-color":"var(--ast-global-color-5)","background-image":"","background-repeat":"repeat","background-position":"center center","background-size":"auto","background-attachment":"scroll","background-type":"","background-media":"","overlay-type":"","overlay-color":"","overlay-opacity":"","overlay-gradient":""},"tablet":{"background-color":"var(--ast-global-color-5)","background-image":"","background-repeat":"repeat","background-position":"center center","background-size":"auto","background-attachment":"scroll","background-type":"","background-media":"","overlay-type":"","overlay-color":"","overlay-opacity":"","overlay-gradient":""},"mobile":{"background-color":"var(--ast-global-color-5)","background-image":"","background-repeat":"repeat","background-position":"center center","background-size":"auto","background-attachment":"scroll","background-type":"","background-media":"","overlay-type":"","overlay-color":"","overlay-opacity":"","overlay-gradient":""}}},"product_brand":[],"product_cat":[236,243,238,259],"product_tag":[],"class_list":{"0":"post-21276","1":"product","2":"type-product","3":"status-publish","4":"has-post-thumbnail","6":"product_cat-fiber-patch-cord-pl","7":"product_cat-lc-fiber-patch-cord-pl","8":"product_cat-multimode-fiber-patch-cord-pl","9":"product_cat-mpo-patch-cord-pl","10":"pa_connector-type-mpo-lc-pl","11":"pa_fiber-type-50-125-om3-pl","12":"desktop-align-left","13":"tablet-align-left","14":"mobile-align-left","15":"ast-product-gallery-layout-vertical","16":"ast-product-gallery-with-no-image","17":"ast-product-tabs-layout-vertical","18":"ast-qv-on-image","20":"first","21":"instock","22":"shipping-taxable","23":"product-type-simple"},"_links":{"self":[{"href":"https:\/\/www.bonelinks.com\/pl\/wp-json\/wp\/v2\/product\/21276","targetHints":{"allow":["GET"]}}],"collection":[{"href":"https:\/\/www.bonelinks.com\/pl\/wp-json\/wp\/v2\/product"}],"about":[{"href":"https:\/\/www.bonelinks.com\/pl\/wp-json\/wp\/v2\/types\/product"}],"version-history":[{"count":3,"href":"https:\/\/www.bonelinks.com\/pl\/wp-json\/wp\/v2\/product\/21276\/revisions"}],"predecessor-version":[{"id":25808,"href":"https:\/\/www.bonelinks.com\/pl\/wp-json\/wp\/v2\/product\/21276\/revisions\/25808"}],"wp:featuredmedia":[{"embeddable":true,"href":"https:\/\/www.bonelinks.com\/pl\/wp-json\/wp\/v2\/media\/16597"}],"wp:attachment":[{"href":"https:\/\/www.bonelinks.com\/pl\/wp-json\/wp\/v2\/media?parent=21276"}],"wp:term":[{"taxonomy":"product_brand","embeddable":true,"href":"https:\/\/www.bonelinks.com\/pl\/wp-json\/wp\/v2\/product_brand?post=21276"},{"taxonomy":"product_cat","embeddable":true,"href":"https:\/\/www.bonelinks.com\/pl\/wp-json\/wp\/v2\/product_cat?post=21276"},{"taxonomy":"product_tag","embeddable":true,"href":"https:\/\/www.bonelinks.com\/pl\/wp-json\/wp\/v2\/product_tag?post=21276"}],"curies":[{"name":"wp","href":"https:\/\/api.w.org\/{rel}","templated":true}]}}