{"id":21240,"date":"2023-07-08T05:45:54","date_gmt":"2023-07-08T13:45:54","guid":{"rendered":"https:\/\/www.bonelinks.com\/product\/kabel-mpo-12-50-125-wielomodowy-om4\/"},"modified":"2024-02-08T07:55:30","modified_gmt":"2024-02-08T15:55:30","slug":"mpo-to-lc-12-fiber-50-125-multimode-om4-breakout-cable","status":"publish","type":"product","link":"https:\/\/www.bonelinks.com\/pl\/product\/mpo-to-lc-12-fiber-50-125-multimode-om4-breakout-cable\/","title":{"rendered":"Kabel MPO-12 50\/125 wielomodowy OM4"},"content":{"rendered":"<h1 style=\"text-align: left; font-size: 18px;\"><strong>Kabel MPO-12 Breakout 50\/125 wielomodowy OM4: Zwi\u0119kszona wydajno\u015b\u0107 i elastyczno\u015b\u0107<\/strong><\/h1>\n<p>Ten kabel MPO-12 Breakout Cable jest idealny, gdy przestrze\u0144 jest ograniczona i wymagana jest konwersja standardowej sieci \u015bwiat\u0142owodowej na sie\u0107 MTP\/MPO o wysokiej g\u0119sto\u015bci przy zachowaniu doskona\u0142ych po\u0142\u0105cze\u0144 \u015bwiat\u0142owodowych. Sk\u0142ada si\u0119 z jednego z\u0142\u0105cza \u017ce\u0144skiego MPO i 6 z\u0142\u0105czy \u015bwiat\u0142owodowych LC UPC duplex, wykorzystuj\u0105cych polerowanie UPC w celu lepszego wyko\u0144czenia powierzchni i zmniejszenia odbicia wstecznego.<\/p>\n<p>G\u0142\u00f3wnym celem kabla MPO-12 Breakout Cable jest usprawnienie organizacji dupleksowych kabli LC, co skutkuje oszcz\u0119dno\u015bci\u0105 koszt\u00f3w i czystsz\u0105 konfiguracj\u0105. Na przyk\u0142ad, zamiast instalowa\u0107 sze\u015b\u0107 dupleksowych kabli LC, administrator sieci mo\u017ce zdecydowa\u0107 si\u0119 na pojedynczy zesp\u00f3\u0142 magistrali MPO, \u0142\u0105cz\u0105cy wiele transceiver\u00f3w SFP+ bez znacz\u0105cych strat wtr\u0105ceniowych spowodowanych przez tuzin z\u0142\u0105czy. Te kable MPO breakout znajduj\u0105 r\u00f3wnie\u017c zastosowanie w u\u0142atwianiu przej\u015bcia z szybko\u015bci transmisji 10G na 40G, jak wida\u0107 w scenariuszach takich jak rozwi\u0105zanie QSFP+ do 4x SFP+.<\/p>\n<p>Kable OM4 MPO do LC breakout oferuj\u0105 niezwykle wysok\u0105 przepustowo\u015b\u0107, przewy\u017cszaj\u0105c\u0105 inne tryby przy 4700 MHz * km. Obs\u0142uguj\u0105 odleg\u0142o\u015bci do 550 metr\u00f3w dla 10 GB i 125 metr\u00f3w dla 100 GB, umo\u017cliwiaj\u0105c korzystanie z d\u0142u\u017cszych odcink\u00f3w w por\u00f3wnaniu do kabli OM3 przy zachowaniu doskona\u0142ej wydajno\u015bci po\u0142\u0105czenia.<\/p>\n<p>Z\u0142\u0105cze MTP\u00ae jest dost\u0119pne na \u017c\u0105danie. Ka\u017cdy kabel MPO-12 do LC Breakout mo\u017cna dostosowa\u0107 za pomoc\u0105 z\u0142\u0105czy z bolcami (m\u0119skich) lub bez bolc\u00f3w (\u017ce\u0144skich) w dowolnej kombinacji, aby zapewni\u0107 kompatybilno\u015b\u0107 sieciow\u0105. D\u0142ugo\u015bci kabli s\u0105 dost\u0119pne na \u017cyczenie. Ka\u017cdy kabel MPO 12 przechodzi kompleksowe testy i jest zbudowany z wytrzyma\u0142ych komponent\u00f3w, aby zapewni\u0107 niezawodno\u015b\u0107 i trwa\u0142o\u015b\u0107 w r\u00f3\u017cnych \u015brodowiskach.<\/p>\n<h2 style=\"text-align: left; font-size: 18px;\"><strong>Cechy kabla MPO-12 Breakout 50\/125 Multimode OM4<\/strong><\/h2>\n<ul>\n<li style=\"list-style-type: none;\">\n<ul>\n<li>\u015awiat\u0142ow\u00f3d wielomodowy 50\/125 OM4 z optymalizacj\u0105 laserow\u0105<\/li>\n<li>Kabel MPO 12 do wi\u0105zki LC<\/li>\n<li>Bezpo\u015brednie po\u0142\u0105czenie mi\u0119dzy nadajnikami-odbiornikami i magistralami MPO (MTP)<\/li>\n<li>Idealny do zastosowa\u0144 o wysokiej g\u0119sto\u015bci<\/li>\n<li>Fabryczne zako\u0144czenia zapewniaj\u0105 sta\u0142\u0105 jako\u015b\u0107, wysok\u0105 wydajno\u015b\u0107 i skracaj\u0105 czas instalacji<\/li>\n<li>W 100% przetestowany pod k\u0105tem niskiej t\u0142umienno\u015bci wtr\u0105ceniowej i wysokiej t\u0142umienno\u015bci powrotnej<\/li>\n<li>Zoptymalizowana wydajno\u015b\u0107 &#8211; dost\u0119pne elitarne z\u0142\u0105cze MTP i dyskretne z\u0142\u0105cze premium<\/li>\n<li>Dost\u0119pne konfiguracje niestandardowe<\/li>\n<\/ul>\n<\/li>\n<\/ul>\n<h2 style=\"text-align: left; font-size: 18px;\"><strong>Zastosowania kabla MPO-12 Breakout 50\/125 Multimode OM4<\/strong><\/h2>\n<ul>\n<li>Optyczne prze\u0142\u0105czanie po\u0142\u0105cze\u0144 mi\u0119dzyramkowych<\/li>\n<li>Dost\u0119p brzegowy do kart \u015bwiat\u0142owodowych o wysokiej g\u0119sto\u015bci<\/li>\n<li>Po\u0142\u0105czenie 40G i 10G<\/li>\n<li>Okablowanie centrum danych<\/li>\n<\/ul>\n<h2 style=\"text-align: left; font-size: 18px;\"><strong>Szukasz wi\u0119cej opcji kabli MTP\/MPO?<\/strong><\/h2>\n<p>Potrzebujesz wi\u0119cej opcji kabli MTP\/MPO? Zapoznaj si\u0119 z nasz\u0105 ofert\u0105 <span style=\"color: #0054a6;\"><strong><a style=\"color: #0054a6;\" href=\"https:\/\/www.bonelinks.com\/pl\/mpo-12-fiber-cable\/\" target=\"_blank\" rel=\"noopener\">12-w\u0142\u00f3knowych kabli MTP\/MPO,<\/a><\/strong><\/span>\u00a0<a title=\"Kable MPO\/MTP do LC Breakout\" href=\"https:\/\/www.bonelinks.com\/pl\/mpo-breakout-cable\/\" target=\"_blank\" rel=\"noopener\"><strong><span style=\"color: #0054a6;\">Kable MPO\/MTP do LC Breakout<\/span><\/strong> <\/a>dla bezproblemowej pracy w sieci.<\/p>\n<p>Szukasz niestandardowych i specjalnie zaprojektowanych kabli krosowych MPO? Zapoznaj si\u0119 z nasz\u0105 dedykowan\u0105 sekcj\u0105<a href=\"https:\/\/www.bonelinks.com\/pl\/custom-fiber-optic-cables\/\" target=\"_blank\" rel=\"noopener\"><span style=\"color: #0054a6;\"><strong> Niestandardowe kable \u015bwiat\u0142owodowe <\/strong><\/span><\/a>w celu uzyskania dopasowanych rozwi\u0105za\u0144 w zakresie \u0142\u0105czno\u015bci.<\/p>\n<ul>\n<li>Sprzeda\u017c detaliczna lub hurtowa &#8211; mamy wszystko pod kontrol\u0105!<\/li>\n<li>Nie wiesz co kupi\u0107? Oferujemy porady ekspert\u00f3w.<\/li>\n<li>Ma\u0142e MOQ: Nie musisz kupowa\u0107 wi\u0119cej ni\u017c chcesz.<\/li>\n<li>Konkurencyjne ceny: Uzyskaj \u015bwietn\u0105 warto\u015b\u0107 za ka\u017cdym razem.<\/li>\n<li>Szybka dostawa: Twoja szybko\u015b\u0107, nasz priorytet.<\/li>\n<li>Zorientowanie na klienta: Dostosowujemy nasze us\u0142ugi do Twoich potrzeb.<\/li>\n<\/ul>\n<p><strong>Po\u0142\u0105cz si\u0119 z nami!<\/strong><br \/>\nJe\u015bli masz problem ze znalezieniem odpowiedniego <span style=\"color: #0054a6;\"><strong><a style=\"color: #0054a6;\" href=\"https:\/\/www.bonelinks.com\/pl\/fiber-optic-patch-cord-supplier\/\" target=\"_blank\" rel=\"noopener\">\u015bwiat\u0142owodowego kabla krosowego <\/a><\/strong><\/span>do swoich potrzeb lub potrzebujesz porady eksperta, wystarczy jedno klikni\u0119cie i mo\u017cesz<a href=\"https:\/\/www.bonelinks.com\/pl\/contact-us\/\" target=\"_blank\" rel=\"noopener\"><strong><span style=\"color: #0054a6;\"> porozmawia\u0107 z nami <\/span><\/strong><\/a>w kilka sekund. Twoje zadowolenie jest naszym priorytetem. Jeste\u015bmy gotowi pom\u00f3c Ci pod ka\u017cdym wzgl\u0119dem. <strong>Nie martw si\u0119, nadmierne my\u015blenie nie jest wymagane. Jeste\u015bmy tutaj, gotowi do pomocy.<\/strong><\/p>\n","protected":false},"excerpt":{"rendered":"<p>Wst\u0119pnie zako\u0144czony kabel MPO-12 Breakout 50\/125 Multimode OM4 oferuje sta\u0142\u0105 jako\u015b\u0107, szybk\u0105 instalacj\u0119 i uproszczone zarz\u0105dzanie kablami, przekszta\u0142caj\u0105c standardowe sieci \u015bwiat\u0142owodowe w po\u0142\u0105czenia MTP\/MPO o wysokiej g\u0119sto\u015bci.<\/p>\n<ul>\n<li>\u015awiat\u0142ow\u00f3d wielomodowy OM4 z optymalizacj\u0105 laserow\u0105<\/li>\n<li>Kabel \u017ce\u0144ski MPO do wi\u0105zki 6 x LC duplex<\/li>\n<li>Bezpo\u015brednie po\u0142\u0105czenie mi\u0119dzy nadajnikami-odbiornikami i magistralami MPO (MTP)<\/li>\n<li>Dost\u0119pne z elitarnym z\u0142\u0105czem MTP i dyskretnym z\u0142\u0105czem premium<\/li>\n<\/ul>\n","protected":false},"featured_media":18092,"template":"","meta":{"site-sidebar-layout":"default","site-content-layout":"default","ast-site-content-layout":"default","site-content-style":"default","site-sidebar-style":"default","ast-global-header-display":"","ast-banner-title-visibility":"","ast-main-header-display":"","ast-hfb-above-header-display":"","ast-hfb-below-header-display":"","ast-hfb-mobile-header-display":"","site-post-title":"","ast-breadcrumbs-content":"","ast-featured-img":"","footer-sml-layout":"","ast-disable-related-posts":"","theme-transparent-header-meta":"default","adv-header-id-meta":"","stick-header-meta":"default","header-above-stick-meta":"","header-main-stick-meta":"","header-below-stick-meta":"","astra-migrate-meta-layouts":"set","ast-page-background-enabled":"default","ast-page-background-meta":{"desktop":{"background-color":"","background-image":"","background-repeat":"repeat","background-position":"center center","background-size":"auto","background-attachment":"scroll","background-type":"","background-media":"","overlay-type":"","overlay-color":"","overlay-opacity":"","overlay-gradient":""},"tablet":{"background-color":"","background-image":"","background-repeat":"repeat","background-position":"center center","background-size":"auto","background-attachment":"scroll","background-type":"","background-media":"","overlay-type":"","overlay-color":"","overlay-opacity":"","overlay-gradient":""},"mobile":{"background-color":"","background-image":"","background-repeat":"repeat","background-position":"center center","background-size":"auto","background-attachment":"scroll","background-type":"","background-media":"","overlay-type":"","overlay-color":"","overlay-opacity":"","overlay-gradient":""}},"ast-content-background-meta":{"desktop":{"background-color":"var(--ast-global-color-5)","background-image":"","background-repeat":"repeat","background-position":"center center","background-size":"auto","background-attachment":"scroll","background-type":"","background-media":"","overlay-type":"","overlay-color":"","overlay-opacity":"","overlay-gradient":""},"tablet":{"background-color":"var(--ast-global-color-5)","background-image":"","background-repeat":"repeat","background-position":"center center","background-size":"auto","background-attachment":"scroll","background-type":"","background-media":"","overlay-type":"","overlay-color":"","overlay-opacity":"","overlay-gradient":""},"mobile":{"background-color":"var(--ast-global-color-5)","background-image":"","background-repeat":"repeat","background-position":"center center","background-size":"auto","background-attachment":"scroll","background-type":"","background-media":"","overlay-type":"","overlay-color":"","overlay-opacity":"","overlay-gradient":""}}},"product_brand":[],"product_cat":[236,243,238,259],"product_tag":[],"class_list":{"0":"post-21240","1":"product","2":"type-product","3":"status-publish","4":"has-post-thumbnail","6":"product_cat-fiber-patch-cord-pl","7":"product_cat-lc-fiber-patch-cord-pl","8":"product_cat-multimode-fiber-patch-cord-pl","9":"product_cat-mpo-patch-cord-pl","10":"pa_connector-type-mpo-lc-pl","11":"pa_fiber-type-50-125-om4-pl","12":"desktop-align-left","13":"tablet-align-left","14":"mobile-align-left","15":"ast-product-gallery-layout-vertical","16":"ast-product-gallery-with-no-image","17":"ast-product-tabs-layout-vertical","18":"ast-qv-on-image","20":"first","21":"instock","22":"shipping-taxable","23":"product-type-simple"},"_links":{"self":[{"href":"https:\/\/www.bonelinks.com\/pl\/wp-json\/wp\/v2\/product\/21240","targetHints":{"allow":["GET"]}}],"collection":[{"href":"https:\/\/www.bonelinks.com\/pl\/wp-json\/wp\/v2\/product"}],"about":[{"href":"https:\/\/www.bonelinks.com\/pl\/wp-json\/wp\/v2\/types\/product"}],"version-history":[{"count":3,"href":"https:\/\/www.bonelinks.com\/pl\/wp-json\/wp\/v2\/product\/21240\/revisions"}],"predecessor-version":[{"id":25802,"href":"https:\/\/www.bonelinks.com\/pl\/wp-json\/wp\/v2\/product\/21240\/revisions\/25802"}],"wp:featuredmedia":[{"embeddable":true,"href":"https:\/\/www.bonelinks.com\/pl\/wp-json\/wp\/v2\/media\/18092"}],"wp:attachment":[{"href":"https:\/\/www.bonelinks.com\/pl\/wp-json\/wp\/v2\/media?parent=21240"}],"wp:term":[{"taxonomy":"product_brand","embeddable":true,"href":"https:\/\/www.bonelinks.com\/pl\/wp-json\/wp\/v2\/product_brand?post=21240"},{"taxonomy":"product_cat","embeddable":true,"href":"https:\/\/www.bonelinks.com\/pl\/wp-json\/wp\/v2\/product_cat?post=21240"},{"taxonomy":"product_tag","embeddable":true,"href":"https:\/\/www.bonelinks.com\/pl\/wp-json\/wp\/v2\/product_tag?post=21240"}],"curies":[{"name":"wp","href":"https:\/\/api.w.org\/{rel}","templated":true}]}}