{"id":21227,"date":"2023-07-10T00:57:21","date_gmt":"2023-07-10T08:57:21","guid":{"rendered":"https:\/\/www.bonelinks.com\/product\/12-kabel-swiatlowodowy-om3-mpo-do-mpo\/"},"modified":"2024-02-08T07:45:33","modified_gmt":"2024-02-08T15:45:33","slug":"12-fiber-om3-mpo-trunk-cable","status":"publish","type":"product","link":"https:\/\/www.bonelinks.com\/pl\/product\/12-fiber-om3-mpo-trunk-cable\/","title":{"rendered":"12 Kabel \u015bwiat\u0142owodowy OM3 MPO do MPO"},"content":{"rendered":"<h1 style=\"text-align: left; font-size: 18px;\"><strong> 12-w\u0142\u00f3knowy kabel MPO-MPO OM3 o wysokiej g\u0119sto\u015bci: Optymalna \u0142\u0105czno\u015b\u0107<\/strong><\/h1>\n<p>Kabel 12-w\u0142\u00f3knowy OM3 MPO do MPO jest wyposa\u017cony w wysokowydajne z\u0142\u0105cza \u017ce\u0144skie OM3 MPO-12, oferuj\u0105ce optymaln\u0105 funkcjonalno\u015b\u0107 i niezawodno\u015b\u0107. Z\u0142\u0105cze MPO-12 jest kompaktowe, o rozmiarze zbli\u017conym do z\u0142\u0105cza SC, ale zapewnia nawet 12-krotnie wi\u0119ksz\u0105 g\u0119sto\u015b\u0107, co przek\u0142ada si\u0119 na znaczn\u0105 oszcz\u0119dno\u015b\u0107 miejsca i koszt\u00f3w.<\/p>\n<p>12-w\u0142\u00f3knowy kabel wielomodowy OM3 MPO do MPO jest wykonany z wysokiej jako\u015bci w\u0142\u00f3kna i posiada z\u0142\u0105cza \u017ce\u0144skie MPO do \u017ce\u0144skich MPO. Z\u0142\u0105cze MPO wykorzystuje spr\u0119\u017cynowy mechanizm przesuwny zapewniaj\u0105cy bezpieczne i niezawodne po\u0142\u0105czenia. Zbudowany z polaryzacj\u0105 metody B (Crossover), ten kabel MPO jest odpowiedni do 8-w\u0142\u00f3knowych r\u00f3wnoleg\u0142ych wielomodowych optycznych nadajnik\u00f3w-odbiornik\u00f3w, w tym 40G QSFP + SR4, eSR4 i 100G QSFP28 SR4. Obs\u0142uguje systemy \u015bwiat\u0142owodowe MPO-8, zwi\u0119kszaj\u0105c skalowalno\u015b\u0107 rozbudowy sieci.<\/p>\n<p>Ten kabel OM3 MPO do MPO o konfiguracji 50\/125 i \u015brednicy 3,0 mm umo\u017cliwia szybk\u0105 transmisj\u0119. Mo\u017ce osi\u0105gn\u0105\u0107 maksymaln\u0105 pr\u0119dko\u015b\u0107 transmisji 40 Gb\/s na odleg\u0142o\u015b\u0107 do 100 metr\u00f3w i 100 Gb\/s na odleg\u0142o\u015b\u0107 do 70 metr\u00f3w, gdy jest u\u017cywany z modu\u0142ami 850 nm 40G QSFP+.<\/p>\n<p>Ka\u017cdy kabel MPO MPO do MPO jest fabrycznie wst\u0119pnie zako\u0144czony, przetestowany i zapakowany wraz z do\u0142\u0105czonymi raportami z test\u00f3w, co zapewnia najwy\u017csz\u0105 jako\u015b\u0107. Dost\u0119pne s\u0105 kurtki LSZH, OFNR lub OFNP. Opcjonalne z\u0142\u0105cza MTP s\u0105 r\u00f3wnie\u017c dost\u0119pne na \u017cyczenie.<\/p>\n<h2 style=\"text-align: left; font-size: 18px;\"><strong>Cechy 12-w\u0142\u00f3knowego kabla OM3 MPO do MPO <\/strong><\/h2>\n<ul>\n<li>Z\u0142\u0105cza MPO(\u017ce\u0144skie) &#8211; MPO(\u017ce\u0144skie)<\/li>\n<li>Kabel 50\/125\u00b5m Aqua OM3<\/li>\n<li>Zaprojektowany dla optyki 40G QSFP+ SR4\/CSR4, 100G QSFP28 SR4<\/li>\n<li>Zoptymalizowany pod k\u0105tem \u0142\u0105czenia \u015bwiat\u0142owod\u00f3w o du\u017cej g\u0119sto\u015bci w centrach danych<\/li>\n<li>Wysokiej jako\u015bci z\u0142\u0105cza OM3 MPO gwarantowane przez interferometr 3D<\/li>\n<li>Zapewnia niskie straty 0,6 dB Standard i 0,35 dB Elite do wyboru przez klient\u00f3w<\/li>\n<li>Dost\u0119pne s\u0105 opcje niestandardowe, takie jak d\u0142ugo\u015b\u0107, polaryzacja, kurtka<\/li>\n<\/ul>\n<h2 style=\"text-align: left; font-size: 18px;\"><strong>Zastosowania 12-w\u0142\u00f3knowego kabla OM3 MPO do MPO <\/strong><\/h2>\n<ul>\n<li>Optyczne prze\u0142\u0105czanie po\u0142\u0105cze\u0144 mi\u0119dzyramkowych<\/li>\n<li>Dost\u0119p brzegowy do kart \u015bwiat\u0142owodowych o wysokiej g\u0119sto\u015bci<\/li>\n<li>Po\u0142\u0105czenie 10G\/40G\/100G<\/li>\n<li>Okablowanie centrum danych<\/li>\n<\/ul>\n<h2 style=\"text-align: left; font-size: 18px;\"><strong>Szukasz wi\u0119cej opcji kabli MTP\/MPO?<\/strong><\/h2>\n<p>Potrzebujesz wi\u0119cej opcji kabli MTP\/MPO? Zapoznaj si\u0119 z nasz\u0105 ofert\u0105 <span style=\"color: #0054a6;\"><strong><a style=\"color: #0054a6;\" href=\"https:\/\/www.bonelinks.com\/pl\/mpo-12-fiber-cable\/\" target=\"_blank\" rel=\"noopener\">12-w\u0142\u00f3knowych kabli MTP\/MPO,<\/a><\/strong><\/span>\u00a0<a href=\"https:\/\/www.bonelinks.com\/pl\/mpo-trunk-cable\/\" target=\"_blank\" rel=\"noopener\"><strong><span style=\"color: #0054a6;\">Kable \u015bwiat\u0142owodowe MPO do MPO\/MTP do MTP<\/span><\/strong> <\/a>zapewniaj\u0105ce p\u0142ynn\u0105 prac\u0119 w sieci.<\/p>\n<p>Szukasz niestandardowych i specjalnie zaprojektowanych kabli krosowych MPO? Zapoznaj si\u0119 z nasz\u0105 dedykowan\u0105 sekcj\u0105<a href=\"https:\/\/www.bonelinks.com\/pl\/custom-fiber-optic-cables\/\" target=\"_blank\" rel=\"noopener\"><span style=\"color: #0054a6;\"><strong> Niestandardowe kable \u015bwiat\u0142owodowe <\/strong><\/span><\/a>w celu uzyskania dopasowanych rozwi\u0105za\u0144 w zakresie \u0142\u0105czno\u015bci.<\/p>\n<ul>\n<li>Sprzeda\u017c detaliczna lub hurtowa &#8211; mamy wszystko pod kontrol\u0105!<\/li>\n<li>Nie wiesz co kupi\u0107? Oferujemy porady ekspert\u00f3w.<\/li>\n<li>Ma\u0142e MOQ: Nie musisz kupowa\u0107 wi\u0119cej ni\u017c chcesz.<\/li>\n<li>Konkurencyjne ceny: Uzyskaj \u015bwietn\u0105 warto\u015b\u0107 za ka\u017cdym razem.<\/li>\n<li>Szybka dostawa: Twoja szybko\u015b\u0107, nasz priorytet.<\/li>\n<li>Zorientowanie na klienta: Dostosowujemy nasze us\u0142ugi do Twoich potrzeb.<\/li>\n<\/ul>\n<p><strong>Po\u0142\u0105cz si\u0119 z nami!<\/strong><br \/>\nJe\u015bli masz problem ze znalezieniem odpowiedniego <span style=\"color: #0054a6;\"><strong><a style=\"color: #0054a6;\" href=\"https:\/\/www.bonelinks.com\/pl\/fiber-optic-patch-cord-supplier\/\" target=\"_blank\" rel=\"noopener\">\u015bwiat\u0142owodowego kabla krosowego <\/a><\/strong><\/span>do swoich potrzeb lub potrzebujesz porady eksperta, wystarczy jedno klikni\u0119cie i mo\u017cesz<a href=\"https:\/\/www.bonelinks.com\/pl\/contact-us\/\" target=\"_blank\" rel=\"noopener\"><strong><span style=\"color: #0054a6;\"> porozmawia\u0107 z nami <\/span><\/strong><\/a>w kilka sekund. Twoje zadowolenie jest naszym priorytetem. Jeste\u015bmy gotowi pom\u00f3c Ci pod ka\u017cdym wzgl\u0119dem. <strong>Nie martw si\u0119, nadmierne my\u015blenie nie jest wymagane. Jeste\u015bmy tutaj, gotowi do pomocy.<\/strong><\/p>\n","protected":false},"excerpt":{"rendered":"<p>Kabel 12 Fiber OM3 MPO to MPO oferuje wysok\u0105 g\u0119sto\u015b\u0107 po\u0142\u0105cze\u0144 i niezawodn\u0105 wydajno\u015b\u0107. Idealnie nadaje si\u0119 do centr\u00f3w danych i sieci \u015bwiat\u0142owodowych, zapewniaj\u0105c oszcz\u0119dno\u015b\u0107 miejsca i koszt\u00f3w.<\/p>\n<ul>\n<li>Z\u0142\u0105cza MPO(\u017ce\u0144skie) &#8211; MPO(\u017ce\u0144skie) Kabel OM3 50\/125\u00b5m aqua<\/li>\n<li>Polaryzacja typu B dla po\u0142\u0105czenia 40G\/100G QSFP28 SR4<\/li>\n<li>Dost\u0119pne s\u0105 opcje niestandardowe, takie jak d\u0142ugo\u015b\u0107, polaryzacja, kurtka<\/li>\n<li>W 100% przetestowane pod k\u0105tem niskiej t\u0142umienno\u015bci wtr\u0105ceniowej i wysokiej t\u0142umienno\u015bci odbiciowej<\/li>\n<\/ul>\n","protected":false},"featured_media":16612,"template":"","meta":{"site-sidebar-layout":"default","site-content-layout":"default","ast-site-content-layout":"default","site-content-style":"default","site-sidebar-style":"default","ast-global-header-display":"","ast-banner-title-visibility":"","ast-main-header-display":"","ast-hfb-above-header-display":"","ast-hfb-below-header-display":"","ast-hfb-mobile-header-display":"","site-post-title":"","ast-breadcrumbs-content":"","ast-featured-img":"","footer-sml-layout":"","ast-disable-related-posts":"","theme-transparent-header-meta":"default","adv-header-id-meta":"","stick-header-meta":"default","header-above-stick-meta":"","header-main-stick-meta":"","header-below-stick-meta":"","astra-migrate-meta-layouts":"set","ast-page-background-enabled":"default","ast-page-background-meta":{"desktop":{"background-color":"","background-image":"","background-repeat":"repeat","background-position":"center center","background-size":"auto","background-attachment":"scroll","background-type":"","background-media":"","overlay-type":"","overlay-color":"","overlay-opacity":"","overlay-gradient":""},"tablet":{"background-color":"","background-image":"","background-repeat":"repeat","background-position":"center center","background-size":"auto","background-attachment":"scroll","background-type":"","background-media":"","overlay-type":"","overlay-color":"","overlay-opacity":"","overlay-gradient":""},"mobile":{"background-color":"","background-image":"","background-repeat":"repeat","background-position":"center center","background-size":"auto","background-attachment":"scroll","background-type":"","background-media":"","overlay-type":"","overlay-color":"","overlay-opacity":"","overlay-gradient":""}},"ast-content-background-meta":{"desktop":{"background-color":"var(--ast-global-color-5)","background-image":"","background-repeat":"repeat","background-position":"center center","background-size":"auto","background-attachment":"scroll","background-type":"","background-media":"","overlay-type":"","overlay-color":"","overlay-opacity":"","overlay-gradient":""},"tablet":{"background-color":"var(--ast-global-color-5)","background-image":"","background-repeat":"repeat","background-position":"center center","background-size":"auto","background-attachment":"scroll","background-type":"","background-media":"","overlay-type":"","overlay-color":"","overlay-opacity":"","overlay-gradient":""},"mobile":{"background-color":"var(--ast-global-color-5)","background-image":"","background-repeat":"repeat","background-position":"center center","background-size":"auto","background-attachment":"scroll","background-type":"","background-media":"","overlay-type":"","overlay-color":"","overlay-opacity":"","overlay-gradient":""}}},"product_brand":[],"product_cat":[236,238,259],"product_tag":[],"class_list":{"0":"post-21227","1":"product","2":"type-product","3":"status-publish","4":"has-post-thumbnail","6":"product_cat-fiber-patch-cord-pl","7":"product_cat-multimode-fiber-patch-cord-pl","8":"product_cat-mpo-patch-cord-pl","9":"pa_connector-type-mpo-mpo-pl","10":"pa_fiber-type-50-125-om3-pl","11":"desktop-align-left","12":"tablet-align-left","13":"mobile-align-left","14":"ast-product-gallery-layout-vertical","15":"ast-product-gallery-with-no-image","16":"ast-product-tabs-layout-vertical","17":"ast-qv-on-image","19":"first","20":"instock","21":"shipping-taxable","22":"product-type-simple"},"_links":{"self":[{"href":"https:\/\/www.bonelinks.com\/pl\/wp-json\/wp\/v2\/product\/21227","targetHints":{"allow":["GET"]}}],"collection":[{"href":"https:\/\/www.bonelinks.com\/pl\/wp-json\/wp\/v2\/product"}],"about":[{"href":"https:\/\/www.bonelinks.com\/pl\/wp-json\/wp\/v2\/types\/product"}],"version-history":[{"count":3,"href":"https:\/\/www.bonelinks.com\/pl\/wp-json\/wp\/v2\/product\/21227\/revisions"}],"predecessor-version":[{"id":25794,"href":"https:\/\/www.bonelinks.com\/pl\/wp-json\/wp\/v2\/product\/21227\/revisions\/25794"}],"wp:featuredmedia":[{"embeddable":true,"href":"https:\/\/www.bonelinks.com\/pl\/wp-json\/wp\/v2\/media\/16612"}],"wp:attachment":[{"href":"https:\/\/www.bonelinks.com\/pl\/wp-json\/wp\/v2\/media?parent=21227"}],"wp:term":[{"taxonomy":"product_brand","embeddable":true,"href":"https:\/\/www.bonelinks.com\/pl\/wp-json\/wp\/v2\/product_brand?post=21227"},{"taxonomy":"product_cat","embeddable":true,"href":"https:\/\/www.bonelinks.com\/pl\/wp-json\/wp\/v2\/product_cat?post=21227"},{"taxonomy":"product_tag","embeddable":true,"href":"https:\/\/www.bonelinks.com\/pl\/wp-json\/wp\/v2\/product_tag?post=21227"}],"curies":[{"name":"wp","href":"https:\/\/api.w.org\/{rel}","templated":true}]}}