{"id":21226,"date":"2023-07-10T02:44:04","date_gmt":"2023-07-10T10:44:04","guid":{"rendered":"https:\/\/www.bonelinks.com\/product\/12-swiatlowodowy-kabel-magistralny-om4-mpo\/"},"modified":"2024-02-08T07:44:04","modified_gmt":"2024-02-08T15:44:04","slug":"12-fiber-om4-mpo-trunk-cable","status":"publish","type":"product","link":"https:\/\/www.bonelinks.com\/pl\/product\/12-fiber-om4-mpo-trunk-cable\/","title":{"rendered":"12-\u015bwiat\u0142owodowy kabel magistralny OM4 MPO"},"content":{"rendered":"<h1 style=\"text-align: left; font-size: 18px;\"><strong>12-w\u0142\u00f3knowy kabel MPO OM4 o wysokiej g\u0119sto\u015bci: Usprawniona \u0142\u0105czno\u015b\u0107 <\/strong><\/h1>\n<p>Kabel magistralny 12 Fiber OM4 MPO posiada wiele 12-w\u0142\u00f3knowych z\u0142\u0105czy \u017ce\u0144skich MPO i zoptymalizowane laserowo wielomodowe (LOMMF) kable \u015bwiat\u0142owodowe OM4. Kabel jest zgodny z polaryzacj\u0105 metody B (Cross-Connect) w celu zapewnienia kompatybilno\u015bci.<\/p>\n<p>Nasz kabel 12 Fiber MPO Trunks oferuje kompleksowe rozwi\u0105zanie okablowania szkieletowego OM4 dla ca\u0142ego systemu. Te wysokiej jako\u015bci kable magistralne s\u0105 wst\u0119pnie zako\u0144czone 12-\u017cy\u0142owymi z\u0142\u0105czami MPO, co pozwala na \u0142atwe i wydajne wdro\u017cenie du\u017cej liczby w\u0142\u00f3kien w jednym kablu (od 12 do 144 w\u0142\u00f3kien, dost\u0119pne na \u017cyczenie). Szyny mo\u017cna bezproblemowo pod\u0142\u0105czy\u0107 do dowolnej kasety MPO lub ramy dystrybucyjnej i s\u0105 one w pe\u0142ni kompatybilne ze wszystkimi systemami MPO dost\u0119pnymi na rynku. Konfiguracja MPO-12 obs\u0142uguje r\u00f3wnie\u017c systemy \u015bwiat\u0142owodowe MPO-8, dzi\u0119ki czemu idealnie nadaje si\u0119 do 8-w\u0142\u00f3knowych r\u00f3wnoleg\u0142ych wielomodowych optycznych urz\u0105dze\u0144 nadawczo-odbiorczych, w tym bezpo\u015brednich po\u0142\u0105cze\u0144 optycznych 40G QSFP+ SR4\/CSR4 i 100G QSFP28 SR4.<\/p>\n<p>Kabel OM4 MPO obs\u0142uguje d\u0142ugo\u015bci fal 850nm i 1310nm, z t\u0142umieniem 2,5dB\/km przy 850nm i 0,6dB\/km przy 1310nm, zapewniaj\u0105c optymaln\u0105 wydajno\u015b\u0107 na kr\u00f3tkich dystansach. Przy odleg\u0142o\u015bciach do 150 metr\u00f3w kabel osi\u0105ga maksymaln\u0105 pr\u0119dko\u015b\u0107 transmisji 40 Gbit\/s, podczas gdy maksymalna odleg\u0142o\u015b\u0107 dla pr\u0119dko\u015bci transmisji danych 100 Gbit\/s wynosi 100 metr\u00f3w.<\/p>\n<p>Kabel magistralny 12 Fiber OM4 MPO jest dost\u0119pny z p\u0142aszczem LSZH, OFNR lub OFNP. Opcjonalne z\u0142\u0105cza MTP\u00ae, niestandardowe d\u0142ugo\u015bci i konfiguracje polaryzacji s\u0105 r\u00f3wnie\u017c dost\u0119pne, zapewniaj\u0105c elastyczno\u015b\u0107 w celu spe\u0142nienia okre\u015blonych wymaga\u0144 sieciowych.<\/p>\n<h2 style=\"text-align: left; font-size: 18px;\"><strong>Cechy 12-\u015bwiat\u0142owodowego kabla magistralnego OM4 MPO <\/strong><\/h2>\n<ul>\n<li>Z\u0142\u0105cza MPO(\u017ce\u0144skie) &#8211; MPO(\u017ce\u0144skie)<\/li>\n<li>\u015awiat\u0142ow\u00f3d wielomodowy OM4 z optymalizacj\u0105 laserow\u0105<\/li>\n<li>Zaprojektowany dla optyki 40G QSFP+ SR4\/CSR4, 100G QSFP28 SR4<\/li>\n<li>Zoptymalizowany pod k\u0105tem \u0142\u0105czenia \u015bwiat\u0142owod\u00f3w o du\u017cej g\u0119sto\u015bci w centrach danych<\/li>\n<li>Wysokiej jako\u015bci z\u0142\u0105cza OM4 MPO gwarantowane przez interferometr 3D<\/li>\n<li>Niska IL i stabilna transmisja sygna\u0142u zapewniaj\u0105ca bezpiecze\u0144stwo sieci<\/li>\n<li>Dost\u0119pne s\u0105 opcje niestandardowe, takie jak d\u0142ugo\u015b\u0107, polaryzacja, kurtka<\/li>\n<\/ul>\n<h2 style=\"text-align: left; font-size: 18px;\"><strong>Zastosowania 12-\u015bwiat\u0142owodowego kabla magistralnego OM4 MPO <\/strong><\/h2>\n<ul>\n<li>Optyczne prze\u0142\u0105czanie po\u0142\u0105cze\u0144 mi\u0119dzyramkowych<\/li>\n<li>Dost\u0119p brzegowy do kart \u015bwiat\u0142owodowych o wysokiej g\u0119sto\u015bci<\/li>\n<li>Po\u0142\u0105czenie 10G\/40G\/100G<\/li>\n<li>Okablowanie centrum danych<\/li>\n<\/ul>\n<h2 style=\"text-align: left; font-size: 18px;\"><strong>Szukasz wi\u0119cej opcji kabli MTP\/MPO?<\/strong><\/h2>\n<p>Potrzebujesz wi\u0119cej opcji kabli MTP\/MPO? Zapoznaj si\u0119 z nasz\u0105 ofert\u0105 <span style=\"color: #0054a6;\"><strong><a style=\"color: #0054a6;\" href=\"https:\/\/www.bonelinks.com\/pl\/mpo-12-fiber-cable\/\" target=\"_blank\" rel=\"noopener\">12-w\u0142\u00f3knowych kabli MTP\/MPO,<\/a><\/strong><\/span>\u00a0<a href=\"https:\/\/www.bonelinks.com\/pl\/mpo-trunk-cable\/\" target=\"_blank\" rel=\"noopener\"><strong><span style=\"color: #0054a6;\">Kable \u015bwiat\u0142owodowe MPO do MPO\/MTP do MTP<\/span><\/strong> <\/a>zapewniaj\u0105ce p\u0142ynn\u0105 prac\u0119 w sieci.<\/p>\n<p>Szukasz niestandardowych i specjalnie zaprojektowanych kabli krosowych MPO? Zapoznaj si\u0119 z nasz\u0105 dedykowan\u0105 sekcj\u0105<a href=\"https:\/\/www.bonelinks.com\/pl\/custom-fiber-optic-cables\/\" target=\"_blank\" rel=\"noopener\"><span style=\"color: #0054a6;\"><strong> Niestandardowe kable \u015bwiat\u0142owodowe <\/strong><\/span><\/a>w celu uzyskania dopasowanych rozwi\u0105za\u0144 w zakresie \u0142\u0105czno\u015bci.<\/p>\n<ul>\n<li>Sprzeda\u017c detaliczna lub hurtowa &#8211; mamy wszystko pod kontrol\u0105!<\/li>\n<li>Nie wiesz co kupi\u0107? Oferujemy porady ekspert\u00f3w.<\/li>\n<li>Ma\u0142e MOQ: Nie musisz kupowa\u0107 wi\u0119cej ni\u017c chcesz.<\/li>\n<li>Konkurencyjne ceny: Uzyskaj \u015bwietn\u0105 warto\u015b\u0107 za ka\u017cdym razem.<\/li>\n<li>Szybka dostawa: Twoja szybko\u015b\u0107, nasz priorytet.<\/li>\n<li>Zorientowanie na klienta: Dostosowujemy nasze us\u0142ugi do Twoich potrzeb.<\/li>\n<\/ul>\n<p><strong>Po\u0142\u0105cz si\u0119 z nami!<\/strong><br \/>\nJe\u015bli masz problem ze znalezieniem odpowiedniego <span style=\"color: #0054a6;\"><strong><a style=\"color: #0054a6;\" href=\"https:\/\/www.bonelinks.com\/pl\/fiber-optic-patch-cord-supplier\/\" target=\"_blank\" rel=\"noopener\">\u015bwiat\u0142owodowego kabla krosowego <\/a><\/strong><\/span>do swoich potrzeb lub potrzebujesz porady eksperta, wystarczy jedno klikni\u0119cie i mo\u017cesz<a href=\"https:\/\/www.bonelinks.com\/pl\/contact-us\/\" target=\"_blank\" rel=\"noopener\"><strong><span style=\"color: #0054a6;\"> porozmawia\u0107 z nami <\/span><\/strong><\/a>w kilka sekund. Twoje zadowolenie jest naszym priorytetem. Jeste\u015bmy gotowi pom\u00f3c Ci pod ka\u017cdym wzgl\u0119dem. <strong>Nie martw si\u0119, nadmierne my\u015blenie nie jest wymagane. Jeste\u015bmy tutaj, gotowi do pomocy.<\/strong><\/p>\n","protected":false},"excerpt":{"rendered":"<p>Kabel \u015bwiat\u0142owodowy 12 Fiber OM4 MPO Trunk oferuje sta\u0142\u0105 jako\u015b\u0107, szybk\u0105 instalacj\u0119 i uproszczone zarz\u0105dzanie kablami. Idealny do zastosowa\u0144 o wysokiej g\u0119sto\u015bci, obs\u0142uguje r\u00f3\u017cne systemy MPO i zapewnia niezawodn\u0105 wydajno\u015b\u0107.<\/p>\n<ul>\n<li>Z\u0142\u0105cza MPO(\u017ce\u0144skie) &#8211; MPO(\u017ce\u0144skie)<\/li>\n<li>\u015awiat\u0142ow\u00f3d wielomodowy OM4 z optymalizacj\u0105 laserow\u0105<\/li>\n<li>Zaprojektowany dla optyki 40G QSFP+ SR4\/CSR4, 100G QSFP28 SR4<\/li>\n<li>Dost\u0119pne s\u0105 opcje niestandardowe, takie jak d\u0142ugo\u015b\u0107, polaryzacja, kurtka<\/li>\n<\/ul>\n","protected":false},"featured_media":16632,"template":"","meta":{"site-sidebar-layout":"default","site-content-layout":"default","ast-site-content-layout":"default","site-content-style":"default","site-sidebar-style":"default","ast-global-header-display":"","ast-banner-title-visibility":"","ast-main-header-display":"","ast-hfb-above-header-display":"","ast-hfb-below-header-display":"","ast-hfb-mobile-header-display":"","site-post-title":"","ast-breadcrumbs-content":"","ast-featured-img":"","footer-sml-layout":"","ast-disable-related-posts":"","theme-transparent-header-meta":"default","adv-header-id-meta":"","stick-header-meta":"default","header-above-stick-meta":"","header-main-stick-meta":"","header-below-stick-meta":"","astra-migrate-meta-layouts":"set","ast-page-background-enabled":"default","ast-page-background-meta":{"desktop":{"background-color":"","background-image":"","background-repeat":"repeat","background-position":"center center","background-size":"auto","background-attachment":"scroll","background-type":"","background-media":"","overlay-type":"","overlay-color":"","overlay-opacity":"","overlay-gradient":""},"tablet":{"background-color":"","background-image":"","background-repeat":"repeat","background-position":"center center","background-size":"auto","background-attachment":"scroll","background-type":"","background-media":"","overlay-type":"","overlay-color":"","overlay-opacity":"","overlay-gradient":""},"mobile":{"background-color":"","background-image":"","background-repeat":"repeat","background-position":"center center","background-size":"auto","background-attachment":"scroll","background-type":"","background-media":"","overlay-type":"","overlay-color":"","overlay-opacity":"","overlay-gradient":""}},"ast-content-background-meta":{"desktop":{"background-color":"var(--ast-global-color-5)","background-image":"","background-repeat":"repeat","background-position":"center center","background-size":"auto","background-attachment":"scroll","background-type":"","background-media":"","overlay-type":"","overlay-color":"","overlay-opacity":"","overlay-gradient":""},"tablet":{"background-color":"var(--ast-global-color-5)","background-image":"","background-repeat":"repeat","background-position":"center center","background-size":"auto","background-attachment":"scroll","background-type":"","background-media":"","overlay-type":"","overlay-color":"","overlay-opacity":"","overlay-gradient":""},"mobile":{"background-color":"var(--ast-global-color-5)","background-image":"","background-repeat":"repeat","background-position":"center center","background-size":"auto","background-attachment":"scroll","background-type":"","background-media":"","overlay-type":"","overlay-color":"","overlay-opacity":"","overlay-gradient":""}}},"product_brand":[],"product_cat":[236,238,259],"product_tag":[],"class_list":{"0":"post-21226","1":"product","2":"type-product","3":"status-publish","4":"has-post-thumbnail","6":"product_cat-fiber-patch-cord-pl","7":"product_cat-multimode-fiber-patch-cord-pl","8":"product_cat-mpo-patch-cord-pl","9":"pa_connector-type-mpo-mpo-pl","10":"pa_fiber-type-50-125-om4-pl","11":"desktop-align-left","12":"tablet-align-left","13":"mobile-align-left","14":"ast-product-gallery-layout-vertical","15":"ast-product-gallery-with-no-image","16":"ast-product-tabs-layout-vertical","17":"ast-qv-on-image","19":"first","20":"instock","21":"shipping-taxable","22":"product-type-simple"},"_links":{"self":[{"href":"https:\/\/www.bonelinks.com\/pl\/wp-json\/wp\/v2\/product\/21226","targetHints":{"allow":["GET"]}}],"collection":[{"href":"https:\/\/www.bonelinks.com\/pl\/wp-json\/wp\/v2\/product"}],"about":[{"href":"https:\/\/www.bonelinks.com\/pl\/wp-json\/wp\/v2\/types\/product"}],"version-history":[{"count":3,"href":"https:\/\/www.bonelinks.com\/pl\/wp-json\/wp\/v2\/product\/21226\/revisions"}],"predecessor-version":[{"id":25792,"href":"https:\/\/www.bonelinks.com\/pl\/wp-json\/wp\/v2\/product\/21226\/revisions\/25792"}],"wp:featuredmedia":[{"embeddable":true,"href":"https:\/\/www.bonelinks.com\/pl\/wp-json\/wp\/v2\/media\/16632"}],"wp:attachment":[{"href":"https:\/\/www.bonelinks.com\/pl\/wp-json\/wp\/v2\/media?parent=21226"}],"wp:term":[{"taxonomy":"product_brand","embeddable":true,"href":"https:\/\/www.bonelinks.com\/pl\/wp-json\/wp\/v2\/product_brand?post=21226"},{"taxonomy":"product_cat","embeddable":true,"href":"https:\/\/www.bonelinks.com\/pl\/wp-json\/wp\/v2\/product_cat?post=21226"},{"taxonomy":"product_tag","embeddable":true,"href":"https:\/\/www.bonelinks.com\/pl\/wp-json\/wp\/v2\/product_tag?post=21226"}],"curies":[{"name":"wp","href":"https:\/\/api.w.org\/{rel}","templated":true}]}}