{"id":21213,"date":"2023-07-09T19:41:45","date_gmt":"2023-07-10T03:41:45","guid":{"rendered":"https:\/\/www.bonelinks.com\/product\/kabel-mpo-do-lc-24-fiber-om4-50-125-breakout-cable\/"},"modified":"2024-02-08T07:52:12","modified_gmt":"2024-02-08T15:52:12","slug":"mpo-to-lc-24-fiber-om4-50-125-breakout-cable","status":"publish","type":"product","link":"https:\/\/www.bonelinks.com\/pl\/product\/mpo-to-lc-24-fiber-om4-50-125-breakout-cable\/","title":{"rendered":"Kabel MPO do LC 24 Fiber OM4 50\/125 Breakout Cable"},"content":{"rendered":"<h1 style=\"text-align: left; font-size: 18px;\"><strong> Kabel \u015bwiat\u0142owodowy MPO-24 LC OM4 50\/125 o wysokiej g\u0119sto\u015bci: Wydajne rozwi\u0105zanie po\u0142\u0105czeniowe <\/strong><\/h1>\n<p>Kabel MPO do LC 24 Fiber OM4 50\/125 Breakout Cable zosta\u0142 specjalnie zaprojektowany, aby pom\u00f3c centrom danych i pomieszczeniom telekomunikacyjnym zoptymalizowa\u0107 g\u0119sto\u015b\u0107 po\u0142\u0105cze\u0144 w \u015brodowiskach o ograniczonej przestrzeni. Ograniczaj\u0105c pl\u0105tanin\u0119 kabli, administratorzy system\u00f3w i sieci mog\u0105 odzyska\u0107 cenn\u0105 przestrze\u0144 i efektywnie zarz\u0105dza\u0107 swoimi obszarami roboczymi.<\/p>\n<p>Ten kabel rozdzielczy posiada z\u0142\u0105cze MPO, mieszcz\u0105ce 24 w\u0142\u00f3kna, rozchodz\u0105ce si\u0119 do 24 z\u0142\u0105czy LC. Kompaktowy kszta\u0142t z\u0142\u0105czy przyczynia si\u0119 do oszcz\u0119dno\u015bci miejsca zajmowanego przez kabel. Przyjmuje polaryzacj\u0119 &#8222;typu B&#8221;, zapewniaj\u0105c prawid\u0142owe wyr\u00f3wnanie i \u0142\u0105czno\u015b\u0107.<\/p>\n<p>Kabel 24 Fiber MPO Breakout Cable jest powszechnie u\u017cywany do agregacji 10x10GBASE SFP+ do 1x100GBASE-SR4. Dodatkowo, z\u0142\u0105cza MPO umo\u017cliwiaj\u0105 przesy\u0142anie do trzech pojedynczych \u0142\u0105czy 40G (40GBASE-SR4) po sparowaniu z odpowiednio skonfigurowanymi transceiverami. U\u0142atwia r\u00f3wnie\u017c konsolidacj\u0119 w\u0142\u00f3kien bez konieczno\u015bci stosowania modu\u0142\u00f3w konwersji, takich jak kasety \u015bwiat\u0142owodowe.<\/p>\n<p>Dzi\u0119ki wielomodowej konstrukcji 50\/125 OM4, ten kabel MPO breakout jest doskona\u0142ym wyborem do zastosowa\u0144 400G Ethernet, obs\u0142uguj\u0105c odleg\u0142o\u015bci do 100 metr\u00f3w przy d\u0142ugo\u015bci fali 850 nm. Przechodzi kompleksowe testy, w tym t\u0142umienno\u015bci wtr\u0105ceniowej, odbicia wstecznego i t\u0142umienia, aby spe\u0142ni\u0107 lub przekroczy\u0107 standardy bran\u017cowe.<\/p>\n<p>Nasze kable MPO do LC 24 Fiber OM4 50\/125 Breakout s\u0105 skrupulatnie montowane, aby przekracza\u0107 bran\u017cowe standardy wydajno\u015bci. Ka\u017cdy kabel przechodzi kompleksowe testy, a ich wyniki s\u0105 do\u0142\u0105czane do produktu. Opcje dostosowywania obejmuj\u0105 z\u0142\u0105cza z bolcami (m\u0119skie) lub bez bolc\u00f3w (\u017ce\u0144skie) w dowolnej kombinacji, zapewniaj\u0105c zgodno\u015b\u0107 z wymaganiami sieciowymi. D\u0142ugo\u015bci kabli s\u0105 dost\u0119pne na \u017cyczenie, a ka\u017cdy kabel jest zbudowany z wytrzyma\u0142ych komponent\u00f3w zapewniaj\u0105cych niezawodne i trwa\u0142e dzia\u0142anie.<\/p>\n<h2 style=\"text-align: left; font-size: 18px;\"><strong>Cechy kabla MPO do LC 24 Fiber OM4 50\/125 Breakout Cable<\/strong><\/h2>\n<ul>\n<li>Wentylator z\u0142\u0105cza MPO do 24 z\u0142\u0105czy LC<\/li>\n<li>Dla transceiver\u00f3w 400G QSFP-DD nast\u0119pnej generacji<\/li>\n<li>Kabel OM 400 GbE obs\u0142uguje wy\u017csze przepustowo\u015bci wymagane w sieciach danych nowej generacji.<\/li>\n<li>Fioletowy p\u0142aszcz umo\u017cliwia szybk\u0105 i \u0142atw\u0105 identyfikacj\u0119 w zat\u0142oczonym prze\u0142\u0105czniku lub panelu krosowym<\/li>\n<li>Zoptymalizowana wydajno\u015b\u0107 &#8211; dost\u0119pne elitarne z\u0142\u0105cze MTP i dyskretne z\u0142\u0105cze premium<\/li>\n<li>Niska IL i stabilna transmisja sygna\u0142u zapewniaj\u0105ca bezpiecze\u0144stwo sieci<\/li>\n<li>Wysokiej jako\u015bci z\u0142\u0105cza MPO gwarantowane przez interferometr 3D<\/li>\n<li>Fabryczne zako\u0144czenia zapewniaj\u0105 sta\u0142\u0105 jako\u015b\u0107, wysok\u0105 wydajno\u015b\u0107 i skracaj\u0105 czas instalacji<\/li>\n<\/ul>\n<h2 style=\"text-align: left; font-size: 18px;\"><strong>Zastosowania kabla MPO do LC 24 Fiber OM4 50\/125 Breakout Cable<\/strong><\/h2>\n<ul>\n<li>Optyczne prze\u0142\u0105czanie po\u0142\u0105cze\u0144 mi\u0119dzyramkowych<\/li>\n<li>Dost\u0119p brzegowy do kart \u015bwiat\u0142owodowych o wysokiej g\u0119sto\u015bci<\/li>\n<li>Okablowanie centrum danych<\/li>\n<\/ul>\n<p><img fetchpriority=\"high\" decoding=\"async\" class=\"alignnone size-full wp-image-7368\" src=\"https:\/\/www.bonelinks.com\/wp-content\/uploads\/2023\/07\/24-fiber-MPO.jpg\" alt=\"24-\u015bwiat\u0142owodowy kabel MPO\" width=\"1120\" height=\"524\" srcset=\"https:\/\/www.bonelinks.com\/wp-content\/uploads\/2023\/07\/24-fiber-MPO.jpg 1120w, https:\/\/www.bonelinks.com\/wp-content\/uploads\/2023\/07\/24-fiber-MPO-300x140.jpg 300w, https:\/\/www.bonelinks.com\/wp-content\/uploads\/2023\/07\/24-fiber-MPO-1030x482.jpg 1030w, https:\/\/www.bonelinks.com\/wp-content\/uploads\/2023\/07\/24-fiber-MPO-768x359.jpg 768w, https:\/\/www.bonelinks.com\/wp-content\/uploads\/2023\/07\/24-fiber-MPO-650x304.jpg 650w\" sizes=\"(max-width: 1120px) 100vw, 1120px\" \/><\/p>\n<h2 style=\"text-align: left; font-size: 18px;\"><strong>Szukasz wi\u0119cej opcji kabli MTP\/MPO?<\/strong><\/h2>\n<p>Potrzebujesz wi\u0119cej opcji kabli MTP\/MPO? Zapoznaj si\u0119 z nasz\u0105 ofert\u0105 <span style=\"color: #0054a6;\"><strong><a style=\"color: #0054a6;\" href=\"https:\/\/www.bonelinks.com\/pl\/mpo-24-fiber-cable\/\" target=\"_blank\" rel=\"noopener\">24-w\u0142\u00f3knowych kabli MTP\/MPO,<\/a><\/strong><\/span>\u00a0<a title=\"Kable MPO\/MTP do LC Breakout\" href=\"https:\/\/www.bonelinks.com\/pl\/mpo-breakout-cable\/\" target=\"_blank\" rel=\"noopener\"><strong><span style=\"color: #0054a6;\">Kable MPO\/MTP do LC Breakout<\/span><\/strong> <\/a>dla bezproblemowej pracy w sieci.<\/p>\n<p>Szukasz niestandardowych i specjalnie zaprojektowanych kabli krosowych MPO? Zapoznaj si\u0119 z nasz\u0105 dedykowan\u0105 sekcj\u0105<a href=\"https:\/\/www.bonelinks.com\/pl\/custom-fiber-optic-cables\/\" target=\"_blank\" rel=\"noopener\"><span style=\"color: #0054a6;\"><strong> Niestandardowe kable \u015bwiat\u0142owodowe <\/strong><\/span><\/a>w celu uzyskania dopasowanych rozwi\u0105za\u0144 w zakresie \u0142\u0105czno\u015bci.<\/p>\n<ul>\n<li>Sprzeda\u017c detaliczna lub hurtowa &#8211; mamy wszystko pod kontrol\u0105!<\/li>\n<li>Nie wiesz co kupi\u0107? Oferujemy porady ekspert\u00f3w.<\/li>\n<li>Ma\u0142e MOQ: Nie musisz kupowa\u0107 wi\u0119cej ni\u017c chcesz.<\/li>\n<li>Konkurencyjne ceny: Uzyskaj \u015bwietn\u0105 warto\u015b\u0107 za ka\u017cdym razem.<\/li>\n<li>Szybka dostawa: Twoja szybko\u015b\u0107, nasz priorytet.<\/li>\n<li>Zorientowanie na klienta: Dostosowujemy nasze us\u0142ugi do Twoich potrzeb.<\/li>\n<\/ul>\n<p><strong>Po\u0142\u0105cz si\u0119 z nami!<\/strong><br \/>\nJe\u015bli masz problem ze znalezieniem odpowiedniego <span style=\"color: #0054a6;\"><strong><a style=\"color: #0054a6;\" href=\"https:\/\/www.bonelinks.com\/pl\/fiber-optic-patch-cord-supplier\/\" target=\"_blank\" rel=\"noopener\">\u015bwiat\u0142owodowego kabla krosowego <\/a><\/strong><\/span>do swoich potrzeb lub potrzebujesz porady eksperta, wystarczy jedno klikni\u0119cie i mo\u017cesz<a href=\"https:\/\/www.bonelinks.com\/pl\/contact-us\/\" target=\"_blank\" rel=\"noopener\"><strong><span style=\"color: #0054a6;\"> porozmawia\u0107 z nami <\/span><\/strong><\/a>w kilka sekund. Twoje zadowolenie jest naszym priorytetem. Jeste\u015bmy gotowi pom\u00f3c Ci pod ka\u017cdym wzgl\u0119dem. <strong>Nie martw si\u0119, nadmierne my\u015blenie nie jest wymagane. Jeste\u015bmy tutaj, gotowi do pomocy.<\/strong><\/p>\n","protected":false},"excerpt":{"rendered":"<p>Kabel MPO do LC 24 Fiber OM4 Breakout Cable maksymalizuje g\u0119sto\u015b\u0107 po\u0142\u0105cze\u0144 w centrach danych i pomieszczeniach telekomunikacyjnych, zapewniaj\u0105c wydajne zarz\u0105dzanie kablami i oszcz\u0119dno\u015b\u0107 miejsca.<\/p>\n<ul>\n<li>Z\u0142\u0105cza MPO rozchodz\u0105 si\u0119 do 24 z\u0142\u0105czy LC<\/li>\n<li>Dla transceiver\u00f3w 400G QSFP-DD nast\u0119pnej generacji<\/li>\n<li>Kabel klasy OM4 zalecany dla pr\u0119dko\u015bci 400 Gb do 100 m (przy d\u0142ugo\u015bci fali 850 nm)<\/li>\n<li>Dost\u0119pne konfiguracje niestandardowe<\/li>\n<\/ul>\n","protected":false},"featured_media":18097,"template":"","meta":{"site-sidebar-layout":"default","site-content-layout":"default","ast-site-content-layout":"default","site-content-style":"default","site-sidebar-style":"default","ast-global-header-display":"","ast-banner-title-visibility":"","ast-main-header-display":"","ast-hfb-above-header-display":"","ast-hfb-below-header-display":"","ast-hfb-mobile-header-display":"","site-post-title":"","ast-breadcrumbs-content":"","ast-featured-img":"","footer-sml-layout":"","ast-disable-related-posts":"","theme-transparent-header-meta":"default","adv-header-id-meta":"","stick-header-meta":"default","header-above-stick-meta":"","header-main-stick-meta":"","header-below-stick-meta":"","astra-migrate-meta-layouts":"set","ast-page-background-enabled":"default","ast-page-background-meta":{"desktop":{"background-color":"","background-image":"","background-repeat":"repeat","background-position":"center center","background-size":"auto","background-attachment":"scroll","background-type":"","background-media":"","overlay-type":"","overlay-color":"","overlay-opacity":"","overlay-gradient":""},"tablet":{"background-color":"","background-image":"","background-repeat":"repeat","background-position":"center center","background-size":"auto","background-attachment":"scroll","background-type":"","background-media":"","overlay-type":"","overlay-color":"","overlay-opacity":"","overlay-gradient":""},"mobile":{"background-color":"","background-image":"","background-repeat":"repeat","background-position":"center center","background-size":"auto","background-attachment":"scroll","background-type":"","background-media":"","overlay-type":"","overlay-color":"","overlay-opacity":"","overlay-gradient":""}},"ast-content-background-meta":{"desktop":{"background-color":"var(--ast-global-color-5)","background-image":"","background-repeat":"repeat","background-position":"center center","background-size":"auto","background-attachment":"scroll","background-type":"","background-media":"","overlay-type":"","overlay-color":"","overlay-opacity":"","overlay-gradient":""},"tablet":{"background-color":"var(--ast-global-color-5)","background-image":"","background-repeat":"repeat","background-position":"center center","background-size":"auto","background-attachment":"scroll","background-type":"","background-media":"","overlay-type":"","overlay-color":"","overlay-opacity":"","overlay-gradient":""},"mobile":{"background-color":"var(--ast-global-color-5)","background-image":"","background-repeat":"repeat","background-position":"center center","background-size":"auto","background-attachment":"scroll","background-type":"","background-media":"","overlay-type":"","overlay-color":"","overlay-opacity":"","overlay-gradient":""}}},"product_brand":[],"product_cat":[236,243,238,259],"product_tag":[],"class_list":{"0":"post-21213","1":"product","2":"type-product","3":"status-publish","4":"has-post-thumbnail","6":"product_cat-fiber-patch-cord-pl","7":"product_cat-lc-fiber-patch-cord-pl","8":"product_cat-multimode-fiber-patch-cord-pl","9":"product_cat-mpo-patch-cord-pl","10":"pa_connector-type-mpo-lc-pl","11":"pa_fiber-type-50-125-om4-pl","12":"desktop-align-left","13":"tablet-align-left","14":"mobile-align-left","15":"ast-product-gallery-layout-vertical","16":"ast-product-gallery-with-no-image","17":"ast-product-tabs-layout-vertical","18":"ast-qv-on-image","20":"first","21":"instock","22":"shipping-taxable","23":"product-type-simple"},"_links":{"self":[{"href":"https:\/\/www.bonelinks.com\/pl\/wp-json\/wp\/v2\/product\/21213","targetHints":{"allow":["GET"]}}],"collection":[{"href":"https:\/\/www.bonelinks.com\/pl\/wp-json\/wp\/v2\/product"}],"about":[{"href":"https:\/\/www.bonelinks.com\/pl\/wp-json\/wp\/v2\/types\/product"}],"version-history":[{"count":3,"href":"https:\/\/www.bonelinks.com\/pl\/wp-json\/wp\/v2\/product\/21213\/revisions"}],"predecessor-version":[{"id":25798,"href":"https:\/\/www.bonelinks.com\/pl\/wp-json\/wp\/v2\/product\/21213\/revisions\/25798"}],"wp:featuredmedia":[{"embeddable":true,"href":"https:\/\/www.bonelinks.com\/pl\/wp-json\/wp\/v2\/media\/18097"}],"wp:attachment":[{"href":"https:\/\/www.bonelinks.com\/pl\/wp-json\/wp\/v2\/media?parent=21213"}],"wp:term":[{"taxonomy":"product_brand","embeddable":true,"href":"https:\/\/www.bonelinks.com\/pl\/wp-json\/wp\/v2\/product_brand?post=21213"},{"taxonomy":"product_cat","embeddable":true,"href":"https:\/\/www.bonelinks.com\/pl\/wp-json\/wp\/v2\/product_cat?post=21213"},{"taxonomy":"product_tag","embeddable":true,"href":"https:\/\/www.bonelinks.com\/pl\/wp-json\/wp\/v2\/product_tag?post=21213"}],"curies":[{"name":"wp","href":"https:\/\/api.w.org\/{rel}","templated":true}]}}