{"id":21211,"date":"2023-07-09T22:35:32","date_gmt":"2023-07-10T06:35:32","guid":{"rendered":"https:\/\/www.bonelinks.com\/product\/kabel-mpo-do-lc-24-fiber-om3-50-125-breakout-cable\/"},"modified":"2024-02-08T07:46:53","modified_gmt":"2024-02-08T15:46:53","slug":"mpo-to-lc-24-fiber-om3-50-125-breakout-cable","status":"publish","type":"product","link":"https:\/\/www.bonelinks.com\/pl\/product\/mpo-to-lc-24-fiber-om3-50-125-breakout-cable\/","title":{"rendered":"Kabel MPO do LC 24 Fiber OM3 50\/125 Breakout Cable"},"content":{"rendered":"<h1 style=\"text-align: left; font-size: 18px;\"><strong> Kabel o wysokiej g\u0119sto\u015bci MPO do LC 24 Fiber OM3 50\/125 Breakout Cable: Maksymalizacja g\u0119sto\u015bci po\u0142\u0105cze\u0144 <\/strong><\/h1>\n<p>Kabel MPO do LC 24 Fiber OM3 50\/125 Breakout Cable zosta\u0142 zaprojektowany, aby pom\u00f3c centrom danych i pomieszczeniom telekomunikacyjnym zoptymalizowa\u0107 g\u0119sto\u015b\u0107 po\u0142\u0105cze\u0144 w ograniczonej przestrzeni, jednocze\u015bnie dotrzymuj\u0105c kroku rozwijaj\u0105cej si\u0119 technologii \u015bwiat\u0142owodowej. Dzi\u0119ki z\u0142\u0105czu MPO typu push\/pull i powszechnie uznanej jako\u015bci z\u0142\u0105cz LC, kabel ten zapewnia ulg\u0119 administratorom sieci.<\/p>\n<p>Ten kabel rozdzielczy mie\u015bci 24 w\u0142\u00f3kna w jednym z\u0142\u0105czu, umo\u017cliwiaj\u0105c po\u0142\u0105czenia o du\u017cej g\u0119sto\u015bci. Na przeciwleg\u0142ym ko\u0144cu znajduje si\u0119 24 z\u0142\u0105czy LC, zgodnie z polaryzacj\u0105 &#8222;typu B&#8221;.<\/p>\n<p>Powszechnie stosowane w agregacji 10x10GBASE SFP+ do 1 x100GBASE-SR4, z\u0142\u0105cza MPO w tym kablu mog\u0105 obs\u0142ugiwa\u0107 do trzech pojedynczych \u0142\u0105czy 40G (40GBASE-SR4) po pod\u0142\u0105czeniu do odpowiednio skonfigurowanych transceiver\u00f3w. Umo\u017cliwia r\u00f3wnie\u017c konsolidacj\u0119 zindywidualizowanych pasm \u015bwiat\u0142owodowych w scentralizowanej lokalizacji bez konieczno\u015bci stosowania modu\u0142\u00f3w konwersji, takich jak kasety \u015bwiat\u0142owodowe.<\/p>\n<p>Za pomoc\u0105 tego kabla MPO do LC OM3 50\/125 Breakout dane mog\u0105 by\u0107 przesy\u0142ane przez \u0142\u0105cze \u015bwiat\u0142owodowe 50\/125 mikron\u00f3w 1 Gb \/ s na odleg\u0142o\u015b\u0107 do 1000 metr\u00f3w przy 850 nm lub do 550 metr\u00f3w przy 1300 nm. W przypadku \u0142\u0105cza 10 Gb\/s dane mog\u0105 by\u0107 przesy\u0142ane na odleg\u0142o\u015b\u0107 do 300 metr\u00f3w przy d\u0142ugo\u015bci fali 850 nm.<\/p>\n<p>Ka\u017cdy kabel MPO do LC 24 Fiber OM3 50\/125 Breakout jest zmontowany tak, aby spe\u0142nia\u0142 i przekracza\u0142 bran\u017cowe standardy wydajno\u015bci. Przechodz\u0105 one kompleksowe testy, zapewniaj\u0105c najwy\u017csz\u0105 mo\u017cliw\u0105 jako\u015b\u0107. Z\u0142\u0105cze MTP\u00ae jest dost\u0119pne na \u017c\u0105danie. Ka\u017cdy kabel mo\u017cna dostosowa\u0107 za pomoc\u0105 z\u0142\u0105czy z bolcami (m\u0119skich) lub bez bolc\u00f3w (\u017ce\u0144skich) w dowolnej kombinacji w celu zapewnienia kompatybilno\u015bci sieciowej. D\u0142ugo\u015bci kabli s\u0105 dost\u0119pne na \u017cyczenie. Kable s\u0105 zbudowane z wytrzyma\u0142ych komponent\u00f3w, aby zapewni\u0107 niezawodne dzia\u0142anie w r\u00f3\u017cnych \u015brodowiskach.<\/p>\n<h2 style=\"text-align: left; font-size: 18px;\"><strong>Cechy kabla MPO do LC 24 Fiber OM3 50\/125 Breakout Cable<\/strong><\/h2>\n<ul>\n<li>24-w\u0142\u00f3knowe z\u0142\u0105cza MPO o wysokiej g\u0119sto\u015bci dla zredukowanego okablowania<\/li>\n<li>Wentylator z\u0142\u0105cza MPO do 24 z\u0142\u0105czy LC<\/li>\n<li>Z\u0142\u0105cza Push\/Pull oferuj\u0105 maksymaln\u0105 dost\u0119pno\u015b\u0107 w instalacjach o du\u017cym zag\u0119szczeniu; monta\u017c \/ demonta\u017c jedn\u0105 r\u0119k\u0105<\/li>\n<li>Wielomodowy OM3 50\/125<\/li>\n<li>P\u0142aszcz Aqua umo\u017cliwia szybk\u0105 i \u0142atw\u0105 identyfikacj\u0119 w zat\u0142oczonym prze\u0142\u0105czniku lub panelu krosowym<\/li>\n<li>Obs\u0142uga pr\u0119dko\u015bci do 1000GbE<\/li>\n<li>Fabryczne zako\u0144czenia zapewniaj\u0105 sta\u0142\u0105 jako\u015b\u0107, wysok\u0105 wydajno\u015b\u0107 i skracaj\u0105 czas instalacji<\/li>\n<li>Niska IL i stabilna transmisja sygna\u0142u zapewniaj\u0105ca bezpiecze\u0144stwo sieci<\/li>\n<li>Wysokiej jako\u015bci z\u0142\u0105cza MPO gwarantowane przez interferometr 3D<\/li>\n<li>Zoptymalizowana wydajno\u015b\u0107 &#8211; dost\u0119pne elitarne z\u0142\u0105cze MTP i dyskretne z\u0142\u0105cze premium<\/li>\n<li>Dost\u0119pne konfiguracje niestandardowe<\/li>\n<\/ul>\n<h2 style=\"text-align: left; font-size: 18px;\"><strong>Zastosowania kabla MPO do LC 24 Fiber OM3 50\/125 Breakout Cable<\/strong><\/h2>\n<ul>\n<li>Optyczne prze\u0142\u0105czanie po\u0142\u0105cze\u0144 mi\u0119dzyramkowych<\/li>\n<li>Dost\u0119p brzegowy do kart \u015bwiat\u0142owodowych o wysokiej g\u0119sto\u015bci<\/li>\n<li>Okablowanie centrum danych<\/li>\n<\/ul>\n<p><img fetchpriority=\"high\" decoding=\"async\" class=\"alignnone size-full wp-image-7368\" src=\"https:\/\/www.bonelinks.com\/wp-content\/uploads\/2023\/07\/24-fiber-MPO.jpg\" alt=\"24-\u015bwiat\u0142owodowy kabel MPO\" width=\"1120\" height=\"524\" srcset=\"https:\/\/www.bonelinks.com\/wp-content\/uploads\/2023\/07\/24-fiber-MPO.jpg 1120w, https:\/\/www.bonelinks.com\/wp-content\/uploads\/2023\/07\/24-fiber-MPO-300x140.jpg 300w, https:\/\/www.bonelinks.com\/wp-content\/uploads\/2023\/07\/24-fiber-MPO-1030x482.jpg 1030w, https:\/\/www.bonelinks.com\/wp-content\/uploads\/2023\/07\/24-fiber-MPO-768x359.jpg 768w, https:\/\/www.bonelinks.com\/wp-content\/uploads\/2023\/07\/24-fiber-MPO-650x304.jpg 650w\" sizes=\"(max-width: 1120px) 100vw, 1120px\" \/><\/p>\n<h2 style=\"text-align: left; font-size: 18px;\"><strong>Szukasz wi\u0119cej opcji kabli MTP\/MPO?<\/strong><\/h2>\n<p>Potrzebujesz wi\u0119cej opcji kabli MTP\/MPO? Zapoznaj si\u0119 z nasz\u0105 ofert\u0105 <span style=\"color: #0054a6;\"><strong><a style=\"color: #0054a6;\" href=\"https:\/\/www.bonelinks.com\/pl\/mpo-24-fiber-cable\/\" target=\"_blank\" rel=\"noopener\">24-w\u0142\u00f3knowych kabli MTP\/MPO,<\/a><\/strong><\/span>\u00a0<a title=\"Kable MPO\/MTP do LC Breakout\" href=\"https:\/\/www.bonelinks.com\/pl\/mpo-breakout-cable\/\" target=\"_blank\" rel=\"noopener\"><strong><span style=\"color: #0054a6;\">Kable MPO\/MTP do LC Breakout<\/span><\/strong> <\/a>dla bezproblemowej pracy w sieci.<\/p>\n<p>Szukasz niestandardowych i specjalnie zaprojektowanych kabli krosowych MPO? Zapoznaj si\u0119 z nasz\u0105 dedykowan\u0105 sekcj\u0105<a href=\"https:\/\/www.bonelinks.com\/pl\/custom-fiber-optic-cables\/\" target=\"_blank\" rel=\"noopener\"><span style=\"color: #0054a6;\"><strong> Niestandardowe kable \u015bwiat\u0142owodowe <\/strong><\/span><\/a>w celu uzyskania dopasowanych rozwi\u0105za\u0144 w zakresie \u0142\u0105czno\u015bci.<\/p>\n<ul>\n<li>Sprzeda\u017c detaliczna lub hurtowa &#8211; mamy wszystko pod kontrol\u0105!<\/li>\n<li>Nie wiesz co kupi\u0107? Oferujemy porady ekspert\u00f3w.<\/li>\n<li>Ma\u0142e MOQ: Nie musisz kupowa\u0107 wi\u0119cej ni\u017c chcesz.<\/li>\n<li>Konkurencyjne ceny: Uzyskaj \u015bwietn\u0105 warto\u015b\u0107 za ka\u017cdym razem.<\/li>\n<li>Szybka dostawa: Twoja szybko\u015b\u0107, nasz priorytet.<\/li>\n<li>Zorientowanie na klienta: Dostosowujemy nasze us\u0142ugi do Twoich potrzeb.<\/li>\n<\/ul>\n<p><strong>Po\u0142\u0105cz si\u0119 z nami!<\/strong><br \/>\nJe\u015bli masz problem ze znalezieniem odpowiedniego <span style=\"color: #0054a6;\"><strong><a style=\"color: #0054a6;\" href=\"https:\/\/www.bonelinks.com\/pl\/fiber-optic-patch-cord-supplier\/\" target=\"_blank\" rel=\"noopener\">\u015bwiat\u0142owodowego kabla krosowego <\/a><\/strong><\/span>do swoich potrzeb lub potrzebujesz porady eksperta, wystarczy jedno klikni\u0119cie i mo\u017cesz<a href=\"https:\/\/www.bonelinks.com\/pl\/contact-us\/\" target=\"_blank\" rel=\"noopener\"><strong><span style=\"color: #0054a6;\"> porozmawia\u0107 z nami <\/span><\/strong><\/a>w kilka sekund. Twoje zadowolenie jest naszym priorytetem. Jeste\u015bmy gotowi pom\u00f3c Ci pod ka\u017cdym wzgl\u0119dem. <strong>Nie martw si\u0119, nadmierne my\u015blenie nie jest wymagane. Jeste\u015bmy tutaj, gotowi do pomocy.<\/strong><\/p>\n","protected":false},"excerpt":{"rendered":"<p>Kabel MPO do LC 24 Fiber OM3 Breakout oferuje po\u0142\u0105czenia o wysokiej g\u0119sto\u015bci, maksymalizuj\u0105c g\u0119sto\u015b\u0107 po\u0142\u0105cze\u0144 w centrach danych i pomieszczeniach telekomunikacyjnych o ograniczonej przestrzeni.<\/p>\n<ul>\n<li>24-w\u0142\u00f3knowe z\u0142\u0105cza MPO o wysokiej g\u0119sto\u015bci dla zredukowanego okablowania<\/li>\n<li>Wentylator z\u0142\u0105cza MPO do 24 z\u0142\u0105czy LC<\/li>\n<li>Wielomodowy OM3 50\/125<\/li>\n<li>Obs\u0142uga pr\u0119dko\u015bci do 1000GbE<\/li>\n<li>W 100% przetestowany pod k\u0105tem niskiej t\u0142umienno\u015bci wtr\u0105ceniowej i odbicia wstecznego, aby zapewni\u0107 najwy\u017csz\u0105 wydajno\u015b\u0107<\/li>\n<\/ul>\n","protected":false},"featured_media":17932,"template":"","meta":{"site-sidebar-layout":"default","site-content-layout":"default","ast-site-content-layout":"default","site-content-style":"default","site-sidebar-style":"default","ast-global-header-display":"","ast-banner-title-visibility":"","ast-main-header-display":"","ast-hfb-above-header-display":"","ast-hfb-below-header-display":"","ast-hfb-mobile-header-display":"","site-post-title":"","ast-breadcrumbs-content":"","ast-featured-img":"","footer-sml-layout":"","ast-disable-related-posts":"","theme-transparent-header-meta":"default","adv-header-id-meta":"","stick-header-meta":"default","header-above-stick-meta":"","header-main-stick-meta":"","header-below-stick-meta":"","astra-migrate-meta-layouts":"set","ast-page-background-enabled":"default","ast-page-background-meta":{"desktop":{"background-color":"","background-image":"","background-repeat":"repeat","background-position":"center center","background-size":"auto","background-attachment":"scroll","background-type":"","background-media":"","overlay-type":"","overlay-color":"","overlay-opacity":"","overlay-gradient":""},"tablet":{"background-color":"","background-image":"","background-repeat":"repeat","background-position":"center center","background-size":"auto","background-attachment":"scroll","background-type":"","background-media":"","overlay-type":"","overlay-color":"","overlay-opacity":"","overlay-gradient":""},"mobile":{"background-color":"","background-image":"","background-repeat":"repeat","background-position":"center center","background-size":"auto","background-attachment":"scroll","background-type":"","background-media":"","overlay-type":"","overlay-color":"","overlay-opacity":"","overlay-gradient":""}},"ast-content-background-meta":{"desktop":{"background-color":"var(--ast-global-color-5)","background-image":"","background-repeat":"repeat","background-position":"center center","background-size":"auto","background-attachment":"scroll","background-type":"","background-media":"","overlay-type":"","overlay-color":"","overlay-opacity":"","overlay-gradient":""},"tablet":{"background-color":"var(--ast-global-color-5)","background-image":"","background-repeat":"repeat","background-position":"center center","background-size":"auto","background-attachment":"scroll","background-type":"","background-media":"","overlay-type":"","overlay-color":"","overlay-opacity":"","overlay-gradient":""},"mobile":{"background-color":"var(--ast-global-color-5)","background-image":"","background-repeat":"repeat","background-position":"center center","background-size":"auto","background-attachment":"scroll","background-type":"","background-media":"","overlay-type":"","overlay-color":"","overlay-opacity":"","overlay-gradient":""}}},"product_brand":[],"product_cat":[236,243,238,259],"product_tag":[],"class_list":{"0":"post-21211","1":"product","2":"type-product","3":"status-publish","4":"has-post-thumbnail","6":"product_cat-fiber-patch-cord-pl","7":"product_cat-lc-fiber-patch-cord-pl","8":"product_cat-multimode-fiber-patch-cord-pl","9":"product_cat-mpo-patch-cord-pl","10":"pa_connector-type-mpo-lc-pl","11":"pa_fiber-type-50-125-om3-pl","12":"desktop-align-left","13":"tablet-align-left","14":"mobile-align-left","15":"ast-product-gallery-layout-vertical","16":"ast-product-gallery-with-no-image","17":"ast-product-tabs-layout-vertical","18":"ast-qv-on-image","20":"first","21":"instock","22":"shipping-taxable","23":"product-type-simple"},"_links":{"self":[{"href":"https:\/\/www.bonelinks.com\/pl\/wp-json\/wp\/v2\/product\/21211","targetHints":{"allow":["GET"]}}],"collection":[{"href":"https:\/\/www.bonelinks.com\/pl\/wp-json\/wp\/v2\/product"}],"about":[{"href":"https:\/\/www.bonelinks.com\/pl\/wp-json\/wp\/v2\/types\/product"}],"version-history":[{"count":3,"href":"https:\/\/www.bonelinks.com\/pl\/wp-json\/wp\/v2\/product\/21211\/revisions"}],"predecessor-version":[{"id":25796,"href":"https:\/\/www.bonelinks.com\/pl\/wp-json\/wp\/v2\/product\/21211\/revisions\/25796"}],"wp:featuredmedia":[{"embeddable":true,"href":"https:\/\/www.bonelinks.com\/pl\/wp-json\/wp\/v2\/media\/17932"}],"wp:attachment":[{"href":"https:\/\/www.bonelinks.com\/pl\/wp-json\/wp\/v2\/media?parent=21211"}],"wp:term":[{"taxonomy":"product_brand","embeddable":true,"href":"https:\/\/www.bonelinks.com\/pl\/wp-json\/wp\/v2\/product_brand?post=21211"},{"taxonomy":"product_cat","embeddable":true,"href":"https:\/\/www.bonelinks.com\/pl\/wp-json\/wp\/v2\/product_cat?post=21211"},{"taxonomy":"product_tag","embeddable":true,"href":"https:\/\/www.bonelinks.com\/pl\/wp-json\/wp\/v2\/product_tag?post=21211"}],"curies":[{"name":"wp","href":"https:\/\/api.w.org\/{rel}","templated":true}]}}