{"id":21209,"date":"2023-07-08T06:53:25","date_gmt":"2023-07-08T14:53:25","guid":{"rendered":"https:\/\/www.bonelinks.com\/product\/kabel-mpo-do-lc-12-swiatlowodowy-9-125-jednomodowy-os2-breakout-cable\/"},"modified":"2024-02-08T07:54:00","modified_gmt":"2024-02-08T15:54:00","slug":"mpo-to-lc-12-fiber-9-125-single-mode-os2-breakout-cable","status":"publish","type":"product","link":"https:\/\/www.bonelinks.com\/pl\/product\/mpo-to-lc-12-fiber-9-125-single-mode-os2-breakout-cable\/","title":{"rendered":"Kabel MPO do LC 12 \u015bwiat\u0142owodowy 9\/125 jednomodowy OS2 Breakout Cable"},"content":{"rendered":"<h1 style=\"text-align: left; font-size: 18px;\"><strong> Kabel \u015bwiat\u0142owodowy o wysokiej g\u0119sto\u015bci MPO do LC 12 \u015bwiat\u0142owod\u00f3w jednomodowych 9\/125 OS2: Niezawodne po\u0142\u0105czenie \u015bwiat\u0142owodowe<\/strong><\/h1>\n<p>Kabel MPO do LC 12 Fiber 9\/125 Single Mode OS2 Breakout wykorzystuje \u015bwiat\u0142ow\u00f3d jednomodowy 9\/125 z \u017c\u00f3\u0142t\u0105 os\u0142on\u0105 LSZH\/OFNP\/OFNR. Strona wentylatora jest wyposa\u017cona w 12 z\u0142\u0105czy LC\/UPC simplex lub 6 z\u0142\u0105czy LC\/UPC duplex, ponumerowanych zgodnie z odpowiadaj\u0105c\u0105 im pozycj\u0105 w\u0142\u00f3kna w z\u0142\u0105czu MPO. Kable te s\u0105 idealne do przekszta\u0142cania standardowych sieci \u015bwiat\u0142owodowych w sieci MPO o wysokiej g\u0119sto\u015bci, gdy przestrze\u0144 jest ograniczona.<\/p>\n<p>U\u017cywane g\u0142\u00f3wnie do bezpo\u015brednich po\u0142\u0105cze\u0144 mi\u0119dzy nadajnikami-odbiornikami lub panelami krosowymi z portami LC i magistralami szkieletowymi MPO, te kable rozdzielaj\u0105ce umo\u017cliwiaj\u0105 administratorom sieci uruchomienie pojedynczego zespo\u0142u magistrali MPO z wielu nadajnik\u00f3w-odbiornik\u00f3w SFP +, minimalizuj\u0105c straty wtr\u0105ceniowe zwi\u0105zane z wieloma z\u0142\u0105czami. U\u0142atwiaj\u0105 one r\u00f3wnie\u017c migracj\u0119 z szybko\u015bci transmisji 10G do 40G.<\/p>\n<p>Za pomoc\u0105 \u015bwiat\u0142owodu jednomodowego OS2 mo\u017cna przesy\u0142a\u0107 dane na odleg\u0142o\u015b\u0107 do 10 000 metr\u00f3w z pr\u0119dko\u015bci\u0105 1 Gb\/s (1310 nm). W przypadku \u0142\u0105cza 10 Gb\/s mo\u017cliwe jest osi\u0105gni\u0119cie odleg\u0142o\u015bci do 5000 metr\u00f3w przy d\u0142ugo\u015bci fali 1310 nm lub do 30 000 metr\u00f3w przy d\u0142ugo\u015bci fali 1550 nm.<\/p>\n<p>Z\u0142\u0105cze MTP\u00ae jest dost\u0119pne na \u017c\u0105danie. Ka\u017cdy kabel MPO do LC Breakout oferuje konfigurowalne z\u0142\u0105cza z bolcami (m\u0119skie) lub bez bolc\u00f3w (\u017ce\u0144skie), aby zapewni\u0107 kompatybilno\u015b\u0107 sieciow\u0105. D\u0142ugo\u015bci kabli mog\u0105 by\u0107 dostosowane do konkretnych wymaga\u0144. Ka\u017cdy kabel breakout przechodzi kompleksowe testy i jest wykonany z wytrzyma\u0142ych komponent\u00f3w zapewniaj\u0105cych trwa\u0142o\u015b\u0107 i niezawodno\u015b\u0107.<\/p>\n<h2 style=\"text-align: left; font-size: 18px;\"><strong>Cechy kabla MPO do LC 12 Fiber 9\/125 Single Mode OS2 Breakout Cable<\/strong><\/h2>\n<ul>\n<li style=\"list-style-type: none;\">\n<ul>\n<li>9\/125 Jednomodowy OS2<\/li>\n<li>Kabel \u017ce\u0144ski MPO do wi\u0105zki LC<\/li>\n<li>Bezpo\u015brednie po\u0142\u0105czenie mi\u0119dzy nadajnikami-odbiornikami i magistralami MPO (MTP)<\/li>\n<li>Idealny do zastosowa\u0144 o wysokiej g\u0119sto\u015bci<\/li>\n<li>Odporno\u015b\u0107 na zak\u0142\u00f3cenia elektryczne<\/li>\n<li>Fabryczne zako\u0144czenia zapewniaj\u0105 sta\u0142\u0105 jako\u015b\u0107, wysok\u0105 wydajno\u015b\u0107 i skracaj\u0105 czas instalacji<\/li>\n<li>W 100% sprawdzone optycznie i przetestowane pod k\u0105tem t\u0142umienno\u015bci wtr\u0105ceniowej<\/li>\n<li>Zoptymalizowana wydajno\u015b\u0107 &#8211; dost\u0119pne elitarne z\u0142\u0105cze MTP i dyskretne z\u0142\u0105cze premium<\/li>\n<li>Dost\u0119pne konfiguracje niestandardowe<\/li>\n<\/ul>\n<\/li>\n<\/ul>\n<h2 style=\"text-align: left; font-size: 18px;\"><strong>Zastosowania kabla MPO do LC 12 Fibre 9\/125 Single Mode OS2 Breakout Cable<\/strong><\/h2>\n<ul>\n<li>Optyczne prze\u0142\u0105czanie po\u0142\u0105cze\u0144 mi\u0119dzyramkowych<\/li>\n<li>Dost\u0119p brzegowy do kart \u015bwiat\u0142owodowych o wysokiej g\u0119sto\u015bci<\/li>\n<li>Po\u0142\u0105czenie 40G i 10G<\/li>\n<li>Okablowanie centrum danych<\/li>\n<\/ul>\n<h2 style=\"text-align: left; font-size: 18px;\"><strong>Szukasz wi\u0119cej opcji kabli MTP\/MPO?<\/strong><\/h2>\n<p>Potrzebujesz wi\u0119cej opcji kabli MTP\/MPO? Zapoznaj si\u0119 z nasz\u0105 ofert\u0105 <span style=\"color: #0054a6;\"><strong><a style=\"color: #0054a6;\" href=\"https:\/\/www.bonelinks.com\/pl\/mpo-12-fiber-cable\/\" target=\"_blank\" rel=\"noopener\">12-w\u0142\u00f3knowych kabli MTP\/MPO,<\/a><\/strong><\/span>\u00a0<a title=\"Kable MPO\/MTP do LC Breakout\" href=\"https:\/\/www.bonelinks.com\/pl\/mpo-breakout-cable\/\" target=\"_blank\" rel=\"noopener\"><strong><span style=\"color: #0054a6;\">Kable MPO\/MTP do LC Breakout<\/span><\/strong> <\/a>dla bezproblemowej pracy w sieci.<\/p>\n<p>Szukasz niestandardowych i specjalnie zaprojektowanych kabli krosowych MPO? Zapoznaj si\u0119 z nasz\u0105 dedykowan\u0105 sekcj\u0105<a href=\"https:\/\/www.bonelinks.com\/pl\/custom-fiber-optic-cables\/\" target=\"_blank\" rel=\"noopener\"><span style=\"color: #0054a6;\"><strong> Niestandardowe kable \u015bwiat\u0142owodowe <\/strong><\/span><\/a>w celu uzyskania dopasowanych rozwi\u0105za\u0144 w zakresie \u0142\u0105czno\u015bci.<\/p>\n<ul>\n<li>Sprzeda\u017c detaliczna lub hurtowa &#8211; mamy wszystko pod kontrol\u0105!<\/li>\n<li>Nie wiesz co kupi\u0107? Oferujemy porady ekspert\u00f3w.<\/li>\n<li>Ma\u0142e MOQ: Nie musisz kupowa\u0107 wi\u0119cej ni\u017c chcesz.<\/li>\n<li>Konkurencyjne ceny: Uzyskaj \u015bwietn\u0105 warto\u015b\u0107 za ka\u017cdym razem.<\/li>\n<li>Szybka dostawa: Twoja szybko\u015b\u0107, nasz priorytet.<\/li>\n<li>Zorientowanie na klienta: Dostosowujemy nasze us\u0142ugi do Twoich potrzeb.<\/li>\n<\/ul>\n<p><strong>Po\u0142\u0105cz si\u0119 z nami!<\/strong><br \/>\nJe\u015bli masz problem ze znalezieniem odpowiedniego <span style=\"color: #0054a6;\"><strong><a style=\"color: #0054a6;\" href=\"https:\/\/www.bonelinks.com\/pl\/fiber-optic-patch-cord-supplier\/\" target=\"_blank\" rel=\"noopener\">\u015bwiat\u0142owodowego kabla krosowego <\/a><\/strong><\/span>do swoich potrzeb lub potrzebujesz porady eksperta, wystarczy jedno klikni\u0119cie i mo\u017cesz<a href=\"https:\/\/www.bonelinks.com\/pl\/contact-us\/\" target=\"_blank\" rel=\"noopener\"><strong><span style=\"color: #0054a6;\"> porozmawia\u0107 z nami <\/span><\/strong><\/a>w kilka sekund. Twoje zadowolenie jest naszym priorytetem. Jeste\u015bmy gotowi pom\u00f3c Ci pod ka\u017cdym wzgl\u0119dem. <strong>Nie martw si\u0119, nadmierne my\u015blenie nie jest wymagane. Jeste\u015bmy tutaj, gotowi do pomocy.<\/strong><\/p>\n","protected":false},"excerpt":{"rendered":"<p>Kabel MPO do LC 12 Fiber OS2 Breakout zapewnia wydajne jednomodowe po\u0142\u0105czenie \u015bwiat\u0142owodowe, przekszta\u0142caj\u0105c standardowe sieci \u015bwiat\u0142owodowe w po\u0142\u0105czenia MPO o du\u017cej g\u0119sto\u015bci w ograniczonych przestrzeniach.<\/p>\n<ul>\n<li>9\/125 Jednomodowy OS2<\/li>\n<li>Kabel \u017ce\u0144ski MPO do wi\u0105zki LC<\/li>\n<li>Bezpo\u015brednie po\u0142\u0105czenie mi\u0119dzy transceiverami i magistralami MPO (MTP)<\/li>\n<li>Dost\u0119pne z elitarnym z\u0142\u0105czem MTP i dyskretnym z\u0142\u0105czem premium<\/li>\n<\/ul>\n","protected":false},"featured_media":18077,"template":"","meta":{"site-sidebar-layout":"default","site-content-layout":"default","ast-site-content-layout":"default","site-content-style":"default","site-sidebar-style":"default","ast-global-header-display":"","ast-banner-title-visibility":"","ast-main-header-display":"","ast-hfb-above-header-display":"","ast-hfb-below-header-display":"","ast-hfb-mobile-header-display":"","site-post-title":"","ast-breadcrumbs-content":"","ast-featured-img":"","footer-sml-layout":"","ast-disable-related-posts":"","theme-transparent-header-meta":"default","adv-header-id-meta":"","stick-header-meta":"default","header-above-stick-meta":"","header-main-stick-meta":"","header-below-stick-meta":"","astra-migrate-meta-layouts":"set","ast-page-background-enabled":"default","ast-page-background-meta":{"desktop":{"background-color":"","background-image":"","background-repeat":"repeat","background-position":"center center","background-size":"auto","background-attachment":"scroll","background-type":"","background-media":"","overlay-type":"","overlay-color":"","overlay-opacity":"","overlay-gradient":""},"tablet":{"background-color":"","background-image":"","background-repeat":"repeat","background-position":"center center","background-size":"auto","background-attachment":"scroll","background-type":"","background-media":"","overlay-type":"","overlay-color":"","overlay-opacity":"","overlay-gradient":""},"mobile":{"background-color":"","background-image":"","background-repeat":"repeat","background-position":"center center","background-size":"auto","background-attachment":"scroll","background-type":"","background-media":"","overlay-type":"","overlay-color":"","overlay-opacity":"","overlay-gradient":""}},"ast-content-background-meta":{"desktop":{"background-color":"var(--ast-global-color-5)","background-image":"","background-repeat":"repeat","background-position":"center center","background-size":"auto","background-attachment":"scroll","background-type":"","background-media":"","overlay-type":"","overlay-color":"","overlay-opacity":"","overlay-gradient":""},"tablet":{"background-color":"var(--ast-global-color-5)","background-image":"","background-repeat":"repeat","background-position":"center center","background-size":"auto","background-attachment":"scroll","background-type":"","background-media":"","overlay-type":"","overlay-color":"","overlay-opacity":"","overlay-gradient":""},"mobile":{"background-color":"var(--ast-global-color-5)","background-image":"","background-repeat":"repeat","background-position":"center center","background-size":"auto","background-attachment":"scroll","background-type":"","background-media":"","overlay-type":"","overlay-color":"","overlay-opacity":"","overlay-gradient":""}}},"product_brand":[],"product_cat":[236,246,243,259],"product_tag":[],"class_list":{"0":"post-21209","1":"product","2":"type-product","3":"status-publish","4":"has-post-thumbnail","6":"product_cat-fiber-patch-cord-pl","7":"product_cat-single-mode-fiber-patch-cord-pl","8":"product_cat-lc-fiber-patch-cord-pl","9":"product_cat-mpo-patch-cord-pl","10":"pa_connector-type-mpo-lc-pl","11":"pa_fiber-type-9-125-os2-pl","12":"desktop-align-left","13":"tablet-align-left","14":"mobile-align-left","15":"ast-product-gallery-layout-vertical","16":"ast-product-gallery-with-no-image","17":"ast-product-tabs-layout-vertical","18":"ast-qv-on-image","20":"first","21":"instock","22":"shipping-taxable","23":"product-type-simple"},"_links":{"self":[{"href":"https:\/\/www.bonelinks.com\/pl\/wp-json\/wp\/v2\/product\/21209","targetHints":{"allow":["GET"]}}],"collection":[{"href":"https:\/\/www.bonelinks.com\/pl\/wp-json\/wp\/v2\/product"}],"about":[{"href":"https:\/\/www.bonelinks.com\/pl\/wp-json\/wp\/v2\/types\/product"}],"version-history":[{"count":3,"href":"https:\/\/www.bonelinks.com\/pl\/wp-json\/wp\/v2\/product\/21209\/revisions"}],"predecessor-version":[{"id":25800,"href":"https:\/\/www.bonelinks.com\/pl\/wp-json\/wp\/v2\/product\/21209\/revisions\/25800"}],"wp:featuredmedia":[{"embeddable":true,"href":"https:\/\/www.bonelinks.com\/pl\/wp-json\/wp\/v2\/media\/18077"}],"wp:attachment":[{"href":"https:\/\/www.bonelinks.com\/pl\/wp-json\/wp\/v2\/media?parent=21209"}],"wp:term":[{"taxonomy":"product_brand","embeddable":true,"href":"https:\/\/www.bonelinks.com\/pl\/wp-json\/wp\/v2\/product_brand?post=21209"},{"taxonomy":"product_cat","embeddable":true,"href":"https:\/\/www.bonelinks.com\/pl\/wp-json\/wp\/v2\/product_cat?post=21209"},{"taxonomy":"product_tag","embeddable":true,"href":"https:\/\/www.bonelinks.com\/pl\/wp-json\/wp\/v2\/product_tag?post=21209"}],"curies":[{"name":"wp","href":"https:\/\/api.w.org\/{rel}","templated":true}]}}