{"id":21182,"date":"2023-07-11T01:46:00","date_gmt":"2023-07-11T09:46:00","guid":{"rendered":"https:\/\/www.bonelinks.com\/product\/kabel-swiatlowodowy-mpo-24-om4-wielomodowy\/"},"modified":"2024-02-08T07:29:49","modified_gmt":"2024-02-08T15:29:49","slug":"24-fiber-om4-mpo-trunk-cable","status":"publish","type":"product","link":"https:\/\/www.bonelinks.com\/pl\/product\/24-fiber-om4-mpo-trunk-cable\/","title":{"rendered":"Kabel \u015bwiat\u0142owodowy MPO 24 OM4 wielomodowy"},"content":{"rendered":"<h1 style=\"text-align: left; font-size: 18px;\"><strong>Kabel MPO 24 Fiber OM4 MPO to MPO Trunk Cable: Optymalna wydajno\u015b\u0107<\/strong><\/h1>\n<p>Kabel \u015bwiat\u0142owodowy MPO 24 to fabrycznie zako\u0144czone rozwi\u0105zanie zaprojektowane z my\u015bl\u0105 o ograniczonej przestrzeni na okablowanie. Posiada wysokiej jako\u015bci z\u0142\u0105cza \u017ce\u0144skie OM4 MPO-24 i wykorzystuje \u015bwiat\u0142ow\u00f3d wielomodowy OM4 dla optymalnej wydajno\u015bci. Z\u0142\u0105cze MPO-24, por\u00f3wnywalne rozmiarem do z\u0142\u0105cza SC, zapewnia nawet 24-krotnie wi\u0119ksz\u0105 g\u0119sto\u015b\u0107, co przek\u0142ada si\u0119 na znaczn\u0105 oszcz\u0119dno\u015b\u0107 miejsca i koszt\u00f3w. Opr\u00f3cz zapewnienia sta\u0142ej jako\u015bci u\u017cytkowania, kabel ten umo\u017cliwia szybsz\u0105 instalacj\u0119 i prostsze zarz\u0105dzanie kablami.<\/p>\n<p>Kable \u015bwiat\u0142owodowe MPO 24 s\u0105 najcz\u0119\u015bciej u\u017cywane do ustanawiania wysokowydajnych po\u0142\u0105cze\u0144 magistralnych mi\u0119dzy \u015bwiat\u0142owodowymi panelami krosowymi a r\u00f3\u017cnymi urz\u0105dzeniami sieciowymi. S\u0105 one odpowiednie do ustanowienia \u0142\u0105cza 100G (CXP-100G-SR10) mi\u0119dzy dwoma nadajnikami-odbiornikami CXP lub wieloma \u0142\u0105czami 10G (10x10GBASE-SR) z r\u00f3\u017cnych nadajnik\u00f3w-odbiornik\u00f3w SFP+ do pojedynczego nadajnika-odbiornika 100G, skutecznie zarz\u0105dzaj\u0105c wymaganiami ruchu.<\/p>\n<p>Dzi\u0119ki \u015bwiat\u0142owodom OM4 ten 24-w\u0142\u00f3knowy kabel \u015bwiat\u0142owodowy MTP\/MPO zapewnia wydajne przesy\u0142anie danych. W przypadku \u0142\u0105cza 1 Gb\/s, \u015bwiat\u0142ow\u00f3d szklany 50\/125 mikron\u00f3w umo\u017cliwia uzyskanie odleg\u0142o\u015bci do 1100 metr\u00f3w przy d\u0142ugo\u015bci fali 850 nm i do 550 metr\u00f3w przy d\u0142ugo\u015bci fali 1300 nm. W przypadku \u0142\u0105cza 10 Gb\/s dane mog\u0105 by\u0107 przesy\u0142ane na odleg\u0142o\u015b\u0107 do 550 metr\u00f3w przy d\u0142ugo\u015bci fali 850 nm.<\/p>\n<p>Kabel \u015bwiat\u0142owodowy MPO 24 jest dostarczany z wyborem kurtek LSZH, OFNR lub OFNP, zapewniaj\u0105c opcje dostosowane do konkretnych wymaga\u0144. Opcjonalne z\u0142\u0105cza MTP\u00ae, niestandardowe d\u0142ugo\u015bci i konfiguracje polaryzacji zapewniaj\u0105 elastyczno\u015b\u0107 i kompatybilno\u015b\u0107 z r\u00f3\u017cnymi potrzebami sieciowymi. Ka\u017cdy kabel MTP\/MPO do MTP\/MPO przechodzi rygorystyczne testy, aby zapewni\u0107 najwy\u017csz\u0105 mo\u017cliw\u0105 jako\u015b\u0107 i wydajno\u015b\u0107.<\/p>\n<h2 style=\"text-align: left; font-size: 18px;\"><strong>Cechy kabla \u015bwiat\u0142owodowego MPO 24 OM4 Multimode<\/strong><\/h2>\n<ul>\n<li>Z\u0142\u0105cza MPO z wypustkami push\/pull<\/li>\n<li>\u015awiat\u0142ow\u00f3d wielomodowy OM4 z optymalizacj\u0105 laserow\u0105 w kolorze fioletowym do identyfikacji<\/li>\n<li>OM4 do zastosowa\u0144 w sieciach Ethernet 40\/100 Gb<\/li>\n<li>Polaryzacja typu A dla \u0142\u0105cza 100GBASE-SR10<\/li>\n<li>Zapewnia niskie straty 0,6 dB Standard i 0,35 dB Elite do wyboru przez klient\u00f3w<\/li>\n<li>W 100% przetestowane pod k\u0105tem niskiej t\u0142umienno\u015bci wtr\u0105ceniowej i odbicia wstecznego<\/li>\n<li>Dost\u0119pne konfiguracje niestandardowe<\/li>\n<\/ul>\n<h2 style=\"text-align: left; font-size: 18px;\"><strong>Zastosowania kabla \u015bwiat\u0142owodowego MPO 24 OM4 Multimode<\/strong><\/h2>\n<ul>\n<li>Optyczne prze\u0142\u0105czanie po\u0142\u0105cze\u0144 mi\u0119dzyramkowych<\/li>\n<li>Dost\u0119p brzegowy do kart \u015bwiat\u0142owodowych o wysokiej g\u0119sto\u015bci<\/li>\n<li>Po\u0142\u0105czenie 10G\/40G\/100G<\/li>\n<li>Okablowanie centrum danych<\/li>\n<\/ul>\n<h2 style=\"text-align: left; font-size: 18px;\"><strong>Szukasz wi\u0119cej opcji kabli MTP\/MPO?<\/strong><\/h2>\n<p>Potrzebujesz wi\u0119cej opcji kabli MTP\/MPO? Zapoznaj si\u0119 z nasz\u0105 ofert\u0105 <span style=\"color: #0054a6;\"><strong><a style=\"color: #0054a6;\" href=\"https:\/\/www.bonelinks.com\/pl\/mpo-24-fiber-cable\/\" target=\"_blank\" rel=\"noopener\">24-w\u0142\u00f3knowych kabli MTP\/MPO,<\/a><\/strong><\/span>\u00a0<a href=\"https:\/\/www.bonelinks.com\/pl\/mpo-trunk-cable\/\" target=\"_blank\" rel=\"noopener\"><strong><span style=\"color: #0054a6;\">Kable \u015bwiat\u0142owodowe MPO do MPO\/MTP do MTP<\/span><\/strong> <\/a>zapewniaj\u0105ce p\u0142ynn\u0105 prac\u0119 w sieci.<\/p>\n<p>Szukasz niestandardowych i specjalnie zaprojektowanych kabli krosowych MPO? Zapoznaj si\u0119 z nasz\u0105 dedykowan\u0105 sekcj\u0105<a href=\"https:\/\/www.bonelinks.com\/pl\/custom-fiber-optic-cables\/\" target=\"_blank\" rel=\"noopener\"><span style=\"color: #0054a6;\"><strong> Niestandardowe kable \u015bwiat\u0142owodowe <\/strong><\/span><\/a>w celu uzyskania dopasowanych rozwi\u0105za\u0144 w zakresie \u0142\u0105czno\u015bci.<\/p>\n<ul>\n<li>Sprzeda\u017c detaliczna lub hurtowa &#8211; mamy wszystko pod kontrol\u0105!<\/li>\n<li>Nie wiesz co kupi\u0107? Oferujemy porady ekspert\u00f3w.<\/li>\n<li>Ma\u0142e MOQ: Nie musisz kupowa\u0107 wi\u0119cej ni\u017c chcesz.<\/li>\n<li>Konkurencyjne ceny: Uzyskaj \u015bwietn\u0105 warto\u015b\u0107 za ka\u017cdym razem.<\/li>\n<li>Szybka dostawa: Twoja szybko\u015b\u0107, nasz priorytet.<\/li>\n<li>Zorientowanie na klienta: Dostosowujemy nasze us\u0142ugi do Twoich potrzeb.<\/li>\n<\/ul>\n<p><strong>Po\u0142\u0105cz si\u0119 z nami!<\/strong><br \/>\nJe\u015bli masz problem ze znalezieniem odpowiedniego <span style=\"color: #0054a6;\"><strong><a style=\"color: #0054a6;\" href=\"https:\/\/www.bonelinks.com\/pl\/fiber-optic-patch-cord-supplier\/\" target=\"_blank\" rel=\"noopener\">\u015bwiat\u0142owodowego kabla krosowego <\/a><\/strong><\/span>do swoich potrzeb lub potrzebujesz porady eksperta, wystarczy jedno klikni\u0119cie i mo\u017cesz<a href=\"https:\/\/www.bonelinks.com\/pl\/contact-us\/\" target=\"_blank\" rel=\"noopener\"><strong><span style=\"color: #0054a6;\"> porozmawia\u0107 z nami <\/span><\/strong><\/a>w kilka sekund. Twoje zadowolenie jest naszym priorytetem. Jeste\u015bmy gotowi pom\u00f3c Ci pod ka\u017cdym wzgl\u0119dem. <strong>Nie martw si\u0119, nadmierne my\u015blenie nie jest wymagane. Jeste\u015bmy tutaj, gotowi do pomocy.<\/strong><\/p>\n","protected":false},"excerpt":{"rendered":"<p>Kable \u015bwiat\u0142owodowe MPO 24 zapewniaj\u0105 znaczn\u0105 liczb\u0119 \u017cy\u0142 \u015bwiat\u0142owodowych w jednym z\u0142\u0105czu, skutecznie minimalizuj\u0105c potrzeb\u0119 zako\u0144cze\u0144 i \u0142agodz\u0105c pogorszenie wydajno\u015bci spowodowane stratami wtr\u0105ceniowymi. Znaczenie z\u0142\u0105czy o wysokiej g\u0119sto\u015bci staje si\u0119 oczywiste wraz z rosn\u0105c\u0105 popularno\u015bci\u0105 r\u00f3wnoleg\u0142ych uk\u0142ad\u00f3w optycznych i rosn\u0105c\u0105 szybko\u015bci\u0105 przesy\u0142ania danych 40G, 100G, a nawet wy\u017csz\u0105. 24 kable \u015bwiat\u0142owodowe MPO zapewniaj\u0105 optymaln\u0105 wydajno\u015b\u0107 i znaczn\u0105 oszcz\u0119dno\u015b\u0107 miejsca. Idealny do wysokowydajnych po\u0142\u0105cze\u0144 magistralnych w okablowaniu o ograniczonej przestrzeni.<\/p>\n<ul>\n<li>Z\u0142\u0105cze MPO(\u017ce\u0144skie) &#8211; MPO(\u017ce\u0144skie)<\/li>\n<li>Oszcz\u0119dno\u015b\u0107 miejsca dzi\u0119ki 24 w\u0142\u00f3knom w jednym z\u0142\u0105czu<\/li>\n<li>OM4 do zastosowa\u0144 w sieciach Ethernet 40\/100 Gb<\/li>\n<li>Zapewnia niskie straty 0,6 dB Standard i 0,35 dB Elite do wyboru przez klient\u00f3w<\/li>\n<\/ul>\n","protected":false},"featured_media":16632,"template":"","meta":{"site-sidebar-layout":"default","site-content-layout":"default","ast-site-content-layout":"default","site-content-style":"default","site-sidebar-style":"default","ast-global-header-display":"","ast-banner-title-visibility":"","ast-main-header-display":"","ast-hfb-above-header-display":"","ast-hfb-below-header-display":"","ast-hfb-mobile-header-display":"","site-post-title":"","ast-breadcrumbs-content":"","ast-featured-img":"","footer-sml-layout":"","ast-disable-related-posts":"","theme-transparent-header-meta":"default","adv-header-id-meta":"","stick-header-meta":"default","header-above-stick-meta":"","header-main-stick-meta":"","header-below-stick-meta":"","astra-migrate-meta-layouts":"set","ast-page-background-enabled":"default","ast-page-background-meta":{"desktop":{"background-color":"","background-image":"","background-repeat":"repeat","background-position":"center center","background-size":"auto","background-attachment":"scroll","background-type":"","background-media":"","overlay-type":"","overlay-color":"","overlay-opacity":"","overlay-gradient":""},"tablet":{"background-color":"","background-image":"","background-repeat":"repeat","background-position":"center center","background-size":"auto","background-attachment":"scroll","background-type":"","background-media":"","overlay-type":"","overlay-color":"","overlay-opacity":"","overlay-gradient":""},"mobile":{"background-color":"","background-image":"","background-repeat":"repeat","background-position":"center center","background-size":"auto","background-attachment":"scroll","background-type":"","background-media":"","overlay-type":"","overlay-color":"","overlay-opacity":"","overlay-gradient":""}},"ast-content-background-meta":{"desktop":{"background-color":"var(--ast-global-color-5)","background-image":"","background-repeat":"repeat","background-position":"center center","background-size":"auto","background-attachment":"scroll","background-type":"","background-media":"","overlay-type":"","overlay-color":"","overlay-opacity":"","overlay-gradient":""},"tablet":{"background-color":"var(--ast-global-color-5)","background-image":"","background-repeat":"repeat","background-position":"center center","background-size":"auto","background-attachment":"scroll","background-type":"","background-media":"","overlay-type":"","overlay-color":"","overlay-opacity":"","overlay-gradient":""},"mobile":{"background-color":"var(--ast-global-color-5)","background-image":"","background-repeat":"repeat","background-position":"center center","background-size":"auto","background-attachment":"scroll","background-type":"","background-media":"","overlay-type":"","overlay-color":"","overlay-opacity":"","overlay-gradient":""}}},"product_brand":[],"product_cat":[236,238,259],"product_tag":[],"class_list":{"0":"post-21182","1":"product","2":"type-product","3":"status-publish","4":"has-post-thumbnail","6":"product_cat-fiber-patch-cord-pl","7":"product_cat-multimode-fiber-patch-cord-pl","8":"product_cat-mpo-patch-cord-pl","9":"pa_connector-type-mpo-mpo-pl","10":"pa_fiber-type-50-125-om4-pl","11":"desktop-align-left","12":"tablet-align-left","13":"mobile-align-left","14":"ast-product-gallery-layout-vertical","15":"ast-product-gallery-with-no-image","16":"ast-product-tabs-layout-vertical","17":"ast-qv-on-image","19":"first","20":"instock","21":"shipping-taxable","22":"product-type-simple"},"_links":{"self":[{"href":"https:\/\/www.bonelinks.com\/pl\/wp-json\/wp\/v2\/product\/21182","targetHints":{"allow":["GET"]}}],"collection":[{"href":"https:\/\/www.bonelinks.com\/pl\/wp-json\/wp\/v2\/product"}],"about":[{"href":"https:\/\/www.bonelinks.com\/pl\/wp-json\/wp\/v2\/types\/product"}],"version-history":[{"count":3,"href":"https:\/\/www.bonelinks.com\/pl\/wp-json\/wp\/v2\/product\/21182\/revisions"}],"predecessor-version":[{"id":25776,"href":"https:\/\/www.bonelinks.com\/pl\/wp-json\/wp\/v2\/product\/21182\/revisions\/25776"}],"wp:featuredmedia":[{"embeddable":true,"href":"https:\/\/www.bonelinks.com\/pl\/wp-json\/wp\/v2\/media\/16632"}],"wp:attachment":[{"href":"https:\/\/www.bonelinks.com\/pl\/wp-json\/wp\/v2\/media?parent=21182"}],"wp:term":[{"taxonomy":"product_brand","embeddable":true,"href":"https:\/\/www.bonelinks.com\/pl\/wp-json\/wp\/v2\/product_brand?post=21182"},{"taxonomy":"product_cat","embeddable":true,"href":"https:\/\/www.bonelinks.com\/pl\/wp-json\/wp\/v2\/product_cat?post=21182"},{"taxonomy":"product_tag","embeddable":true,"href":"https:\/\/www.bonelinks.com\/pl\/wp-json\/wp\/v2\/product_tag?post=21182"}],"curies":[{"name":"wp","href":"https:\/\/api.w.org\/{rel}","templated":true}]}}