{"id":21175,"date":"2023-07-10T19:37:59","date_gmt":"2023-07-11T03:37:59","guid":{"rendered":"https:\/\/www.bonelinks.com\/product\/8-swiatlowodowy-kabel-mpo-om3\/"},"modified":"2024-02-08T07:37:38","modified_gmt":"2024-02-08T15:37:38","slug":"8-fiber-om3-mpo-trunk-cable","status":"publish","type":"product","link":"https:\/\/www.bonelinks.com\/pl\/product\/8-fiber-om3-mpo-trunk-cable\/","title":{"rendered":"8-\u015bwiat\u0142owodowy kabel MPO OM3"},"content":{"rendered":"<h1 style=\"text-align: left; font-size: 18px;\"><strong> Wysokowydajny 8-\u015bwiat\u0142owodowy kabel MPO OM3: Optymalna transmisja danych <\/strong><\/h1>\n<p>Kabel 8 Fiber OM3 MPO Trunk Cable to doskona\u0142y wyb\u00f3r do obs\u0142ugi zada\u0144 o wysokiej przepustowo\u015bci w telekomunikacji i centrach danych. Zapewnia niezawodny szkielet okablowania centrum danych, szczeg\u00f3lnie w przypadku przenoszenia du\u017cej ilo\u015bci danych na kr\u00f3tkie i \u015brednie odleg\u0142o\u015bci mi\u0119dzy nadajnikami-odbiornikami QSFP.<\/p>\n<p>Dzi\u0119ki wysokiej jako\u015bci z\u0142\u0105czom MPO, ten kabel magistralny jest w stanie sprosta\u0107 wyzwaniom zwi\u0105zanym z wysokim zapotrzebowaniem na ruch danych i ograniczon\u0105 przestrzeni\u0105 robocz\u0105. Wysoka g\u0119sto\u015b\u0107 z\u0142\u0105cza MPO i mo\u017cliwo\u015b\u0107 pod\u0142\u0105czenia wielu w\u0142\u00f3kien upraszczaj\u0105 \u0142\u0105czno\u015b\u0107. Ten konkretny kabel magistrali ma schemat polaryzacji &#8222;typu B&#8221;, kt\u00f3ry jest powszechnie u\u017cywany do \u0142\u0105czenia modu\u0142\u00f3w i transceiver\u00f3w w aplikacjach 40G\/100G\/128G QSFP.<\/p>\n<p>U\u017cywane g\u0142\u00f3wnie do tworzenia wysokowydajnych \u0142\u0105czy 40G (40GBASE-SR4), kable 8 Fiber MPO s\u0105 idealne do rozwi\u0105za\u0144 QSFP+ do QSFP+. Umo\u017cliwiaj\u0105 one transmisj\u0119 danych z szybko\u015bci\u0105 40G i wy\u017csz\u0105, zmniejszaj\u0105c ba\u0142agan i koszty poprzez wyeliminowanie potrzeby stosowania wielu pojedynczych kabli \u015bwiat\u0142owodowych. Kable te znajduj\u0105 r\u00f3wnie\u017c zastosowanie w tworzeniu po\u0142\u0105cze\u0144 mi\u0119dzy panelami \u015bwiat\u0142owodowymi, poprawiaj\u0105c organizacj\u0119 i minimalizuj\u0105c zagro\u017cenia bezpiecze\u0144stwa.<\/p>\n<p>Wykorzystuj\u0105c \u015bwiat\u0142owody OM3, kabel ten obs\u0142uguje transmisj\u0119 danych przez \u0142\u0105cze 1 Gb \/ s za pomoc\u0105 szklanego w\u0142\u00f3kna 50\/125 mikron\u00f3w. Przy d\u0142ugo\u015bci fali 850nm mo\u017ce przesy\u0142a\u0107 dane na odleg\u0142o\u015b\u0107 do 1000 metr\u00f3w, natomiast przy 1300nm osi\u0105ga odleg\u0142o\u015b\u0107 do 550 metr\u00f3w dla \u0142\u0105cza 1Gbps. W przypadku \u0142\u0105cza 10 Gb\/s mo\u017ce on przesy\u0142a\u0107 dane na odleg\u0142o\u015b\u0107 do 300 metr\u00f3w przy d\u0142ugo\u015bci fali 850 nm.<\/p>\n<p>Kabel 8 Fiber OM3 MPO Trunk Cable jest dostarczany z p\u0142aszczem LSZH, OFNR lub OFNP, zapewniaj\u0105c opcje dostosowane do konkretnych wymaga\u0144. Dost\u0119pne s\u0105 opcjonalne z\u0142\u0105cza MTP\u00ae, niestandardowe d\u0142ugo\u015bci i konfiguracje polaryzacji, zapewniaj\u0105ce elastyczno\u015b\u0107 i kompatybilno\u015b\u0107 z r\u00f3\u017cnymi potrzebami sieciowymi. Ka\u017cdy kabel przechodzi dok\u0142adne testy, aby zapewni\u0107 najwy\u017csz\u0105 mo\u017cliw\u0105 jako\u015b\u0107.<\/p>\n<h2 style=\"text-align: left; font-size: 18px;\"><strong>Cechy 8-\u015bwiat\u0142owodowego kabla magistralnego OM3 MPO <\/strong><\/h2>\n<ul>\n<li>Z\u0142\u0105cza MPO(\u017ce\u0144skie) &#8211; MPO(\u017ce\u0144skie)<\/li>\n<li>8 w\u0142\u00f3kien w jednym z\u0142\u0105czu<\/li>\n<li>\u0141atwy monta\u017c i demonta\u017c dzi\u0119ki zatrzaskowi push-pull<\/li>\n<li>Wysoka g\u0119sto\u015b\u0107 po\u0142\u0105cze\u0144 mi\u0119dzy urz\u0105dzeniami sieciowymi w pomieszczeniach telekomunikacyjnych<\/li>\n<li>Przysz\u0142o\u015bciowa technologia sprawia, \u017ce jest to \u015bwietna inwestycja d\u0142ugoterminowa<\/li>\n<li>W 100% przetestowane pod k\u0105tem niskiej t\u0142umienno\u015bci wtr\u0105ceniowej i odbicia wstecznego<\/li>\n<\/ul>\n<h2 style=\"text-align: left; font-size: 18px;\"><strong>Zastosowania 8-\u015bwiat\u0142owodowego kabla MPO OM3 <\/strong><\/h2>\n<ul>\n<li>Optyczne prze\u0142\u0105czanie po\u0142\u0105cze\u0144 mi\u0119dzyramkowych<\/li>\n<li>Dost\u0119p brzegowy do kart \u015bwiat\u0142owodowych o wysokiej g\u0119sto\u015bci<\/li>\n<li>Po\u0142\u0105czenie 10G\/40G\/100G<\/li>\n<li>Okablowanie centrum danych<\/li>\n<\/ul>\n<h2 style=\"text-align: left; font-size: 18px;\"><strong>Szukasz wi\u0119cej opcji kabli MTP\/MPO?<\/strong><\/h2>\n<p>Potrzebujesz wi\u0119cej opcji kabli MTP\/MPO? Zapoznaj si\u0119 z nasz\u0105 ofert\u0105 <span style=\"color: #0054a6;\"><strong><a style=\"color: #0054a6;\" href=\"https:\/\/www.bonelinks.com\/pl\/8-fiber-mpo-cable\/\" target=\"_blank\" rel=\"noopener\">8-w\u0142\u00f3knowych kabli MTP\/MPO,<\/a><\/strong><\/span>\u00a0<a href=\"https:\/\/www.bonelinks.com\/pl\/mpo-trunk-cable\/\" target=\"_blank\" rel=\"noopener\"><strong><span style=\"color: #0054a6;\">Kable \u015bwiat\u0142owodowe MPO do MPO\/MTP do MTP<\/span><\/strong> <\/a>zapewniaj\u0105ce p\u0142ynn\u0105 prac\u0119 w sieci.<\/p>\n<p>Szukasz niestandardowych i specjalnie zaprojektowanych kabli krosowych MPO? Zapoznaj si\u0119 z nasz\u0105 dedykowan\u0105 sekcj\u0105<a href=\"https:\/\/www.bonelinks.com\/pl\/custom-fiber-optic-cables\/\" target=\"_blank\" rel=\"noopener\"><span style=\"color: #0054a6;\"><strong> Niestandardowe kable \u015bwiat\u0142owodowe <\/strong><\/span><\/a>w celu uzyskania dopasowanych rozwi\u0105za\u0144 w zakresie \u0142\u0105czno\u015bci.<\/p>\n<ul>\n<li>Sprzeda\u017c detaliczna lub hurtowa &#8211; mamy wszystko pod kontrol\u0105!<\/li>\n<li>Nie wiesz co kupi\u0107? Oferujemy porady ekspert\u00f3w.<\/li>\n<li>Ma\u0142e MOQ: Nie musisz kupowa\u0107 wi\u0119cej ni\u017c chcesz.<\/li>\n<li>Konkurencyjne ceny: Uzyskaj \u015bwietn\u0105 warto\u015b\u0107 za ka\u017cdym razem.<\/li>\n<li>Szybka dostawa: Twoja szybko\u015b\u0107, nasz priorytet.<\/li>\n<li>Zorientowanie na klienta: Dostosowujemy nasze us\u0142ugi do Twoich potrzeb.<\/li>\n<\/ul>\n<p><strong>Po\u0142\u0105cz si\u0119 z nami!<\/strong><br \/>\nJe\u015bli masz problem ze znalezieniem odpowiedniego <span style=\"color: #0054a6;\"><strong><a style=\"color: #0054a6;\" href=\"https:\/\/www.bonelinks.com\/pl\/fiber-optic-patch-cord-supplier\/\" target=\"_blank\" rel=\"noopener\">\u015bwiat\u0142owodowego kabla krosowego <\/a><\/strong><\/span>do swoich potrzeb lub potrzebujesz porady eksperta, wystarczy jedno klikni\u0119cie i mo\u017cesz<a href=\"https:\/\/www.bonelinks.com\/pl\/contact-us\/\" target=\"_blank\" rel=\"noopener\"><strong><span style=\"color: #0054a6;\"> porozmawia\u0107 z nami <\/span><\/strong><\/a>w kilka sekund. Twoje zadowolenie jest naszym priorytetem. Jeste\u015bmy gotowi pom\u00f3c Ci pod ka\u017cdym wzgl\u0119dem. <strong>Nie martw si\u0119, nadmierne my\u015blenie nie jest wymagane. Jeste\u015bmy tutaj, gotowi do pomocy.<\/strong><\/p>\n","protected":false},"excerpt":{"rendered":"<p>Wysokiej jako\u015bci kabel \u015bwiat\u0142owodowy 8 Fiber OM3 MPO Trunk jest idealny dla telekomunikacji i centr\u00f3w danych. Zapewnia optymaln\u0105 jako\u015b\u0107 transmisji i z \u0142atwo\u015bci\u0105 radzi sobie z zadaniami wymagaj\u0105cymi du\u017cej przepustowo\u015bci.<\/p>\n<ul>\n<li>Z\u0142\u0105cza MPO(\u017ce\u0144skie) &#8211; MPO(\u017ce\u0144skie)<\/li>\n<li>8 w\u0142\u00f3kien w jednym z\u0142\u0105czu<\/li>\n<li>Kabel OM3 (Aqua) MPO do sieci \u015bwiat\u0142owodowych 40G<\/li>\n<li>W 100% przetestowane pod k\u0105tem niskiej t\u0142umienno\u015bci wtr\u0105ceniowej i odbicia wstecznego<\/li>\n<\/ul>\n","protected":false},"featured_media":17912,"template":"","meta":{"site-sidebar-layout":"default","site-content-layout":"default","ast-site-content-layout":"default","site-content-style":"default","site-sidebar-style":"default","ast-global-header-display":"","ast-banner-title-visibility":"","ast-main-header-display":"","ast-hfb-above-header-display":"","ast-hfb-below-header-display":"","ast-hfb-mobile-header-display":"","site-post-title":"","ast-breadcrumbs-content":"","ast-featured-img":"","footer-sml-layout":"","ast-disable-related-posts":"","theme-transparent-header-meta":"default","adv-header-id-meta":"","stick-header-meta":"default","header-above-stick-meta":"","header-main-stick-meta":"","header-below-stick-meta":"","astra-migrate-meta-layouts":"set","ast-page-background-enabled":"default","ast-page-background-meta":{"desktop":{"background-color":"","background-image":"","background-repeat":"repeat","background-position":"center center","background-size":"auto","background-attachment":"scroll","background-type":"","background-media":"","overlay-type":"","overlay-color":"","overlay-opacity":"","overlay-gradient":""},"tablet":{"background-color":"","background-image":"","background-repeat":"repeat","background-position":"center center","background-size":"auto","background-attachment":"scroll","background-type":"","background-media":"","overlay-type":"","overlay-color":"","overlay-opacity":"","overlay-gradient":""},"mobile":{"background-color":"","background-image":"","background-repeat":"repeat","background-position":"center center","background-size":"auto","background-attachment":"scroll","background-type":"","background-media":"","overlay-type":"","overlay-color":"","overlay-opacity":"","overlay-gradient":""}},"ast-content-background-meta":{"desktop":{"background-color":"var(--ast-global-color-5)","background-image":"","background-repeat":"repeat","background-position":"center center","background-size":"auto","background-attachment":"scroll","background-type":"","background-media":"","overlay-type":"","overlay-color":"","overlay-opacity":"","overlay-gradient":""},"tablet":{"background-color":"var(--ast-global-color-5)","background-image":"","background-repeat":"repeat","background-position":"center center","background-size":"auto","background-attachment":"scroll","background-type":"","background-media":"","overlay-type":"","overlay-color":"","overlay-opacity":"","overlay-gradient":""},"mobile":{"background-color":"var(--ast-global-color-5)","background-image":"","background-repeat":"repeat","background-position":"center center","background-size":"auto","background-attachment":"scroll","background-type":"","background-media":"","overlay-type":"","overlay-color":"","overlay-opacity":"","overlay-gradient":""}}},"product_brand":[],"product_cat":[236,238,259],"product_tag":[],"class_list":{"0":"post-21175","1":"product","2":"type-product","3":"status-publish","4":"has-post-thumbnail","6":"product_cat-fiber-patch-cord-pl","7":"product_cat-multimode-fiber-patch-cord-pl","8":"product_cat-mpo-patch-cord-pl","9":"pa_connector-type-mpo-mpo-pl","10":"pa_fiber-type-50-125-om3-pl","11":"desktop-align-left","12":"tablet-align-left","13":"mobile-align-left","14":"ast-product-gallery-layout-vertical","15":"ast-product-gallery-with-no-image","16":"ast-product-tabs-layout-vertical","17":"ast-qv-on-image","19":"first","20":"instock","21":"shipping-taxable","22":"product-type-simple"},"_links":{"self":[{"href":"https:\/\/www.bonelinks.com\/pl\/wp-json\/wp\/v2\/product\/21175","targetHints":{"allow":["GET"]}}],"collection":[{"href":"https:\/\/www.bonelinks.com\/pl\/wp-json\/wp\/v2\/product"}],"about":[{"href":"https:\/\/www.bonelinks.com\/pl\/wp-json\/wp\/v2\/types\/product"}],"version-history":[{"count":3,"href":"https:\/\/www.bonelinks.com\/pl\/wp-json\/wp\/v2\/product\/21175\/revisions"}],"predecessor-version":[{"id":25786,"href":"https:\/\/www.bonelinks.com\/pl\/wp-json\/wp\/v2\/product\/21175\/revisions\/25786"}],"wp:featuredmedia":[{"embeddable":true,"href":"https:\/\/www.bonelinks.com\/pl\/wp-json\/wp\/v2\/media\/17912"}],"wp:attachment":[{"href":"https:\/\/www.bonelinks.com\/pl\/wp-json\/wp\/v2\/media?parent=21175"}],"wp:term":[{"taxonomy":"product_brand","embeddable":true,"href":"https:\/\/www.bonelinks.com\/pl\/wp-json\/wp\/v2\/product_brand?post=21175"},{"taxonomy":"product_cat","embeddable":true,"href":"https:\/\/www.bonelinks.com\/pl\/wp-json\/wp\/v2\/product_cat?post=21175"},{"taxonomy":"product_tag","embeddable":true,"href":"https:\/\/www.bonelinks.com\/pl\/wp-json\/wp\/v2\/product_tag?post=21175"}],"curies":[{"name":"wp","href":"https:\/\/api.w.org\/{rel}","templated":true}]}}