{"id":21174,"date":"2023-07-10T20:40:56","date_gmt":"2023-07-11T04:40:56","guid":{"rendered":"https:\/\/www.bonelinks.com\/product\/8-swiatlowodowy-kabel-mpo-om4\/"},"modified":"2024-02-08T07:36:01","modified_gmt":"2024-02-08T15:36:01","slug":"8-fiber-om4-mpo-trunk-cable","status":"publish","type":"product","link":"https:\/\/www.bonelinks.com\/pl\/product\/8-fiber-om4-mpo-trunk-cable\/","title":{"rendered":"8-\u015bwiat\u0142owodowy kabel MPO OM4"},"content":{"rendered":"<h1 style=\"text-align: left; font-size: 18px;\"><strong> Szybki kabel \u015bwiat\u0142owodowy 8 Fiber OM4 MPO Trunk Cable: Wydajna transmisja danych<\/strong><\/h1>\n<p>Kabel 8 Fiber OM4 MPO Trunk Cable zosta\u0142 zaprojektowany, aby spe\u0142ni\u0107 wysokie wymagania centr\u00f3w danych w zakresie pr\u0119dko\u015bci, zapewniaj\u0105c zaawansowan\u0105 technologi\u0119 przepustowo\u015bci 40G\/100G\/128G dla wydajnej transmisji danych. Umo\u017cliwia bardziej wydajne wykonywanie zada\u0144 dzi\u0119ki rozwi\u0105zaniu o wysokiej g\u0119sto\u015bci po\u0142\u0105cze\u0144.<\/p>\n<p>Wyposa\u017cony w specjalnie zaprojektowane z\u0142\u0105cza MPO na ka\u017cdym ko\u0144cu, kabel ten maksymalizuje swoje mo\u017cliwo\u015bci w zakresie du\u017cych pr\u0119dko\u015bci. Z\u0142\u0105cza maj\u0105 zdejmowan\u0105 obudow\u0119 i p\u0142ywaj\u0105c\u0105 tulej\u0119, co pozwala na optymaln\u0105 wydajno\u015b\u0107 i elastyczno\u015b\u0107 w konfiguracjach sieciowych.<\/p>\n<p>Wykorzystywane g\u0142\u00f3wnie do tworzenia wysokowydajnych i niezawodnych \u0142\u0105czy 40G (40GBASE-SR4), 8-w\u0142\u00f3knowe kable MPO odgrywaj\u0105 kluczow\u0105 rol\u0119 w technologii optyki r\u00f3wnoleg\u0142ej. Dostosowane s\u0105 do zwi\u0119kszonej liczby w\u0142\u00f3kien i paneli krosowych o du\u017cej g\u0119sto\u015bci wymaganych do transmisji danych z szybko\u015bci\u0105 40G i wy\u017csz\u0105. Dodatkowo, kable te u\u0142atwiaj\u0105 po\u0142\u0105czenia mi\u0119dzy panelami \u015bwiat\u0142owodowymi, zmniejszaj\u0105c ba\u0142agan, koszty i zagro\u017cenia bezpiecze\u0144stwa zwi\u0105zane z pojedynczymi kablami \u015bwiat\u0142owodowymi.<\/p>\n<p>Wykorzystuj\u0105c \u015bwiat\u0142owody OM4, kabel ten obs\u0142uguje transmisje danych przez \u0142\u0105cze 1 Gb\/s z w\u0142\u00f3knem szklanym 50\/125 mikron\u00f3w. Przy d\u0142ugo\u015bci fali 850nm umo\u017cliwia transmisj\u0119 danych do 1100 metr\u00f3w, a przy 1300nm osi\u0105ga odleg\u0142o\u015b\u0107 do 550 metr\u00f3w dla \u0142\u0105cza 1Gbps. W przypadku \u0142\u0105cza 10 Gb\/s dane mog\u0105 by\u0107 przesy\u0142ane na odleg\u0142o\u015b\u0107 do 550 metr\u00f3w przy d\u0142ugo\u015bci fali 850 nm.<\/p>\n<p>Kabel 8 Fiber OM4 MPO Trunk Cable jest dostarczany z p\u0142aszczem LSZH, OFNR lub OFNP, zapewniaj\u0105c opcje spe\u0142niaj\u0105ce okre\u015blone wymagania. Opcjonalne z\u0142\u0105cza MTP\u00ae, niestandardowe d\u0142ugo\u015bci i konfiguracje polaryzacji s\u0105 dost\u0119pne w celu zapewnienia elastyczno\u015bci i kompatybilno\u015bci z r\u00f3\u017cnymi potrzebami sieciowymi. Ka\u017cdy kabel przechodzi rygorystyczne testy, aby zapewni\u0107 najwy\u017csz\u0105 mo\u017cliw\u0105 jako\u015b\u0107.<\/p>\n<h2 style=\"text-align: left; font-size: 18px;\"><strong>Cechy 8-\u015bwiat\u0142owodowego kabla magistralnego OM4 MPO <\/strong><\/h2>\n<ul>\n<li>Z\u0142\u0105cza MPO(\u017ce\u0144skie) &#8211; MPO(\u017ce\u0144skie)<\/li>\n<li>\u0141atwy monta\u017c i demonta\u017c dzi\u0119ki zatrzaskowi push-pull<\/li>\n<li>\u015awiat\u0142ow\u00f3d wielomodowy OM4 z optymalizacj\u0105 laserow\u0105<\/li>\n<li>Fioletowy p\u0142aszcz umo\u017cliwia szybk\u0105 i \u0142atw\u0105 identyfikacj\u0119 w zat\u0142oczonym prze\u0142\u0105czniku lub panelu krosowym<\/li>\n<li>Fabryczne zako\u0144czenie zapewnia sta\u0142\u0105 jako\u015b\u0107, wysok\u0105 wydajno\u015b\u0107 i kr\u00f3tszy czas instalacji<\/li>\n<li>Zoptymalizowana wydajno\u015b\u0107 &#8211; dost\u0119pne na \u017cyczenie elitarne z\u0142\u0105cze MTP i dyskretne z\u0142\u0105cze premium<\/li>\n<li>W 100% przetestowany pod k\u0105tem niskiej t\u0142umienno\u015bci wtr\u0105ceniowej i odbicia wstecznego<\/li>\n<li>Wysoka g\u0119sto\u015b\u0107 po\u0142\u0105cze\u0144 mi\u0119dzy urz\u0105dzeniami sieciowymi w pomieszczeniach telekomunikacyjnych<\/li>\n<\/ul>\n<h2 style=\"text-align: left; font-size: 18px;\"><strong>Zastosowania 8-\u015bwiat\u0142owodowego kabla magistralnego OM4 MPO <\/strong><\/h2>\n<ul>\n<li>Optyczne prze\u0142\u0105czanie po\u0142\u0105cze\u0144 mi\u0119dzyramkowych<\/li>\n<li>Dost\u0119p brzegowy do kart \u015bwiat\u0142owodowych o wysokiej g\u0119sto\u015bci<\/li>\n<li>Po\u0142\u0105czenie 10G\/40G\/100G<\/li>\n<li>Okablowanie centrum danych<\/li>\n<\/ul>\n<h2 style=\"text-align: left; font-size: 18px;\"><strong>Szukasz wi\u0119cej opcji kabli MTP\/MPO?<\/strong><\/h2>\n<p>Potrzebujesz wi\u0119cej opcji kabli MTP\/MPO? Zapoznaj si\u0119 z nasz\u0105 ofert\u0105 <span style=\"color: #0054a6;\"><strong><a style=\"color: #0054a6;\" href=\"https:\/\/www.bonelinks.com\/pl\/8-fiber-mpo-cable\/\" target=\"_blank\" rel=\"noopener\">8-w\u0142\u00f3knowych kabli MTP\/MPO,<\/a><\/strong><\/span>\u00a0<a href=\"https:\/\/www.bonelinks.com\/pl\/mpo-trunk-cable\/\" target=\"_blank\" rel=\"noopener\"><strong><span style=\"color: #0054a6;\">Kable \u015bwiat\u0142owodowe MPO do MPO\/MTP do MTP<\/span><\/strong> <\/a>zapewniaj\u0105ce p\u0142ynn\u0105 prac\u0119 w sieci.<\/p>\n<p>Szukasz niestandardowych i specjalnie zaprojektowanych kabli krosowych MPO? Zapoznaj si\u0119 z nasz\u0105 dedykowan\u0105 sekcj\u0105<a href=\"https:\/\/www.bonelinks.com\/pl\/custom-fiber-optic-cables\/\" target=\"_blank\" rel=\"noopener\"><span style=\"color: #0054a6;\"><strong> Niestandardowe kable \u015bwiat\u0142owodowe <\/strong><\/span><\/a>w celu uzyskania dopasowanych rozwi\u0105za\u0144 w zakresie \u0142\u0105czno\u015bci.<\/p>\n<ul>\n<li>Sprzeda\u017c detaliczna lub hurtowa &#8211; mamy wszystko pod kontrol\u0105!<\/li>\n<li>Nie wiesz co kupi\u0107? Oferujemy porady ekspert\u00f3w.<\/li>\n<li>Ma\u0142e MOQ: Nie musisz kupowa\u0107 wi\u0119cej ni\u017c chcesz.<\/li>\n<li>Konkurencyjne ceny: Uzyskaj \u015bwietn\u0105 warto\u015b\u0107 za ka\u017cdym razem.<\/li>\n<li>Szybka dostawa: Twoja szybko\u015b\u0107, nasz priorytet.<\/li>\n<li>Zorientowanie na klienta: Dostosowujemy nasze us\u0142ugi do Twoich potrzeb.<\/li>\n<\/ul>\n<p><strong>Po\u0142\u0105cz si\u0119 z nami!<\/strong><br \/>\nJe\u015bli masz problem ze znalezieniem odpowiedniego <span style=\"color: #0054a6;\"><strong><a style=\"color: #0054a6;\" href=\"https:\/\/www.bonelinks.com\/pl\/fiber-optic-patch-cord-supplier\/\" target=\"_blank\" rel=\"noopener\">\u015bwiat\u0142owodowego kabla krosowego <\/a><\/strong><\/span>do swoich potrzeb lub potrzebujesz porady eksperta, wystarczy jedno klikni\u0119cie i mo\u017cesz<a href=\"https:\/\/www.bonelinks.com\/pl\/contact-us\/\" target=\"_blank\" rel=\"noopener\"><strong><span style=\"color: #0054a6;\"> porozmawia\u0107 z nami <\/span><\/strong><\/a>w kilka sekund. Twoje zadowolenie jest naszym priorytetem. Jeste\u015bmy gotowi pom\u00f3c Ci pod ka\u017cdym wzgl\u0119dem. <strong>Nie martw si\u0119, nadmierne my\u015blenie nie jest wymagane. Jeste\u015bmy tutaj, gotowi do pomocy.<\/strong><\/p>\n","protected":false},"excerpt":{"rendered":"<p>Kabel \u015bwiat\u0142owodowy 8 Fiber OM4 MPO Trunk zapewnia transmisj\u0119 danych o wysokiej g\u0119sto\u015bci dla wydajnych zada\u0144 w centrach danych. Do\u015bwiadcz zaawansowanych pr\u0119dko\u015bci 40G\/100G\/128G i zmaksymalizuj konfiguracj\u0119 sieci dzi\u0119ki zoptymalizowanym z\u0142\u0105czom MPO.<\/p>\n<ul>\n<li>Z\u0142\u0105cza MPO(\u017ce\u0144skie) &#8211; MPO(\u017ce\u0144skie)<\/li>\n<li>\u015awiat\u0142ow\u00f3d wielomodowy OM4 z optymalizacj\u0105 laserow\u0105<\/li>\n<li>Zoptymalizowana wydajno\u015b\u0107 &#8211; dost\u0119pne na \u017cyczenie elitarne z\u0142\u0105cze MTP i dyskretne z\u0142\u0105cze premium<\/li>\n<li>W 100% przetestowany pod k\u0105tem niskiej t\u0142umienno\u015bci wtr\u0105ceniowej i odbicia wstecznego<\/li>\n<\/ul>\n","protected":false},"featured_media":16632,"template":"","meta":{"site-sidebar-layout":"default","site-content-layout":"default","ast-site-content-layout":"default","site-content-style":"default","site-sidebar-style":"default","ast-global-header-display":"","ast-banner-title-visibility":"","ast-main-header-display":"","ast-hfb-above-header-display":"","ast-hfb-below-header-display":"","ast-hfb-mobile-header-display":"","site-post-title":"","ast-breadcrumbs-content":"","ast-featured-img":"","footer-sml-layout":"","ast-disable-related-posts":"","theme-transparent-header-meta":"default","adv-header-id-meta":"","stick-header-meta":"default","header-above-stick-meta":"","header-main-stick-meta":"","header-below-stick-meta":"","astra-migrate-meta-layouts":"set","ast-page-background-enabled":"default","ast-page-background-meta":{"desktop":{"background-color":"","background-image":"","background-repeat":"repeat","background-position":"center center","background-size":"auto","background-attachment":"scroll","background-type":"","background-media":"","overlay-type":"","overlay-color":"","overlay-opacity":"","overlay-gradient":""},"tablet":{"background-color":"","background-image":"","background-repeat":"repeat","background-position":"center center","background-size":"auto","background-attachment":"scroll","background-type":"","background-media":"","overlay-type":"","overlay-color":"","overlay-opacity":"","overlay-gradient":""},"mobile":{"background-color":"","background-image":"","background-repeat":"repeat","background-position":"center center","background-size":"auto","background-attachment":"scroll","background-type":"","background-media":"","overlay-type":"","overlay-color":"","overlay-opacity":"","overlay-gradient":""}},"ast-content-background-meta":{"desktop":{"background-color":"var(--ast-global-color-5)","background-image":"","background-repeat":"repeat","background-position":"center center","background-size":"auto","background-attachment":"scroll","background-type":"","background-media":"","overlay-type":"","overlay-color":"","overlay-opacity":"","overlay-gradient":""},"tablet":{"background-color":"var(--ast-global-color-5)","background-image":"","background-repeat":"repeat","background-position":"center center","background-size":"auto","background-attachment":"scroll","background-type":"","background-media":"","overlay-type":"","overlay-color":"","overlay-opacity":"","overlay-gradient":""},"mobile":{"background-color":"var(--ast-global-color-5)","background-image":"","background-repeat":"repeat","background-position":"center center","background-size":"auto","background-attachment":"scroll","background-type":"","background-media":"","overlay-type":"","overlay-color":"","overlay-opacity":"","overlay-gradient":""}}},"product_brand":[],"product_cat":[236,238,259],"product_tag":[],"class_list":{"0":"post-21174","1":"product","2":"type-product","3":"status-publish","4":"has-post-thumbnail","6":"product_cat-fiber-patch-cord-pl","7":"product_cat-multimode-fiber-patch-cord-pl","8":"product_cat-mpo-patch-cord-pl","9":"pa_connector-type-mpo-mpo-pl","10":"pa_fiber-type-50-125-om4-pl","11":"desktop-align-left","12":"tablet-align-left","13":"mobile-align-left","14":"ast-product-gallery-layout-vertical","15":"ast-product-gallery-with-no-image","16":"ast-product-tabs-layout-vertical","17":"ast-qv-on-image","19":"first","20":"instock","21":"shipping-taxable","22":"product-type-simple"},"_links":{"self":[{"href":"https:\/\/www.bonelinks.com\/pl\/wp-json\/wp\/v2\/product\/21174","targetHints":{"allow":["GET"]}}],"collection":[{"href":"https:\/\/www.bonelinks.com\/pl\/wp-json\/wp\/v2\/product"}],"about":[{"href":"https:\/\/www.bonelinks.com\/pl\/wp-json\/wp\/v2\/types\/product"}],"version-history":[{"count":3,"href":"https:\/\/www.bonelinks.com\/pl\/wp-json\/wp\/v2\/product\/21174\/revisions"}],"predecessor-version":[{"id":25784,"href":"https:\/\/www.bonelinks.com\/pl\/wp-json\/wp\/v2\/product\/21174\/revisions\/25784"}],"wp:featuredmedia":[{"embeddable":true,"href":"https:\/\/www.bonelinks.com\/pl\/wp-json\/wp\/v2\/media\/16632"}],"wp:attachment":[{"href":"https:\/\/www.bonelinks.com\/pl\/wp-json\/wp\/v2\/media?parent=21174"}],"wp:term":[{"taxonomy":"product_brand","embeddable":true,"href":"https:\/\/www.bonelinks.com\/pl\/wp-json\/wp\/v2\/product_brand?post=21174"},{"taxonomy":"product_cat","embeddable":true,"href":"https:\/\/www.bonelinks.com\/pl\/wp-json\/wp\/v2\/product_cat?post=21174"},{"taxonomy":"product_tag","embeddable":true,"href":"https:\/\/www.bonelinks.com\/pl\/wp-json\/wp\/v2\/product_tag?post=21174"}],"curies":[{"name":"wp","href":"https:\/\/api.w.org\/{rel}","templated":true}]}}