{"id":21124,"date":"2023-07-16T23:46:55","date_gmt":"2023-07-17T07:46:55","guid":{"rendered":"https:\/\/www.bonelinks.com\/product\/rozdzielacz-1-x-32-bare-fibre-plc-steel-tube-bez-zlacza\/"},"modified":"2024-02-08T07:07:32","modified_gmt":"2024-02-08T15:07:32","slug":"1x32-bare-fiber-plc-splitter-steel-tube-no-connector","status":"publish","type":"product","link":"https:\/\/www.bonelinks.com\/pl\/product\/1x32-bare-fiber-plc-splitter-steel-tube-no-connector\/","title":{"rendered":"Rozdzielacz 1 \u00d7 32 Bare Fibre PLC Steel Tube bez z\u0142\u0105cza"},"content":{"rendered":"<h1 style=\"text-align: left; font-size: 18px;\"><span style=\"color: #000000;\"><strong> Rozdzielacz PLC 1 \u00d7 32 z go\u0142ym w\u0142\u00f3knem, stalowa rura, w\u0142\u00f3kno jednomodowe, 250 \u03bcm, bez z\u0142\u0105cza<\/strong><\/span><\/h1>\n<ul>\n<li><strong>Wydajna dystrybucja sygna\u0142u dzi\u0119ki rozdzielaczom optycznym 1&#215;32 PLC<\/strong><br \/>\nRozdzielacz optyczny 1&#215;32 PLC jest krytycznym elementem w systemach zarz\u0105dzania moc\u0105 optyczn\u0105, posiadaj\u0105cym jedno wej\u015bcie i trzydzie\u015bci dwa wyj\u015bcia. Zapewnia to r\u00f3wnomiern\u0105 dystrybucj\u0119 sygna\u0142u, przy czym ka\u017cde wyj\u015bcie odbiera 3,125% sygna\u0142u optycznego. Taka konfiguracja umo\u017cliwia wydajn\u0105 i zr\u00f3wnowa\u017con\u0105 dystrybucj\u0119 sygna\u0142u przez trzydzie\u015bci dwa z\u0142\u0105cza.<\/li>\n<li><strong>Rozga\u0142\u0119\u017aniki<\/strong>Planar Lightwave Circuit <strong>(PLC) do optymalnego zarz\u0105dzania sygna\u0142em<br \/>\n<\/strong>Rozga\u0142\u0119\u017aniki Planar <strong>Lightwave<\/strong>Circuit (PLC) wykorzystuj\u0105 technologi\u0119 krzemionkowych falowod\u00f3w optycznych do efektywnej dystrybucji sygna\u0142\u00f3w optycznych z centrali (CO) do wielu lokalizacji. Te zaawansowane urz\u0105dzenia do zarz\u0105dzania moc\u0105 optyczn\u0105 zapewniaj\u0105 wydajn\u0105 i niezawodn\u0105 transmisj\u0119 sygna\u0142u w r\u00f3\u017cnych zastosowaniach.<\/li>\n<li><strong>Kompaktowa i delikatna dystrybucja \u015bwiat\u0142owod\u00f3w za pomoc\u0105 rozga\u0142\u0119\u017anik\u00f3w Bare Fiber<br \/>\n<\/strong>Rozga\u0142\u0119\u017aniki Bare Fiber zosta\u0142y zaprojektowane specjalnie dla sieci PON i mog\u0105 by\u0107 wygodnie instalowane w kasetach typu pigtail, przyrz\u0105dach testowych i systemach WDM, minimalizuj\u0105c zajmowan\u0105 przestrze\u0144. S\u0105 one jednak stosunkowo delikatne pod wzgl\u0119dem ochrony w\u0142\u00f3kien i wymagaj\u0105 kompletnej konstrukcji ochronnej dla obudowy i urz\u0105dzenia, aby zapewni\u0107 optymaln\u0105 wydajno\u015b\u0107 i trwa\u0142o\u015b\u0107.<\/li>\n<li><strong>Wszechstronne rozwi\u0105zania z rozdzielaczami \u015bwiat\u0142owodowymi Bonelinks<\/strong><br \/>\nNasze rozga\u0142\u0119\u017aniki \u015bwiat\u0142owodowe oferuj\u0105 szerok\u0105 gam\u0119 styl\u00f3w i rozmiar\u00f3w, aby zaspokoi\u0107 r\u00f3\u017cne potrzeby w zakresie zarz\u0105dzania sygna\u0142em. Rozga\u0142\u0119\u017aniki te doskonale radz\u0105 sobie z rozdzielaniem lub \u0142\u0105czeniem \u015bwiat\u0142a przy minimalnych stratach, zapewniaj\u0105c wydajn\u0105 dystrybucj\u0119 sygna\u0142u optycznego. Produkowane przy u\u017cyciu prostego i niezawodnego procesu, Bonelinks dostarczaj\u0105 niezawodne i ekonomiczne rozga\u0142\u0119\u017aniki \u015bwiat\u0142owodowe. Co wi\u0119cej, rozga\u0142\u0119\u017aniki mo\u017cna dostosowa\u0107 do r\u00f3\u017cnych d\u0142ugo\u015bci w\u0142\u00f3kien i z\u0142\u0105czy, co pozwala na p\u0142ynn\u0105 integracj\u0119 z r\u00f3\u017cnymi konfiguracjami sieci.<\/li>\n<\/ul>\n<h2 style=\"text-align: left; font-size: 18px;\"><strong>Cechy<\/strong><\/h2>\n<ul>\n<li>Kompaktowa konstrukcja<\/li>\n<li>100% 3D przetestowane przez Daisi i Sumix<\/li>\n<li>Test cyklu wysokiej i niskiej temperatury<\/li>\n<li>100% test przed dostaw\u0105<\/li>\n<li>Niska t\u0142umienno\u015b\u0107 wtr\u0105ceniowa i niski PDL<\/li>\n<li>Wysoka stabilno\u015b\u0107 i niezawodno\u015b\u0107<\/li>\n<\/ul>\n<h2 style=\"text-align: left; font-size: 18px;\"><strong>Zastosowania<\/strong><\/h2>\n<ul>\n<li>FTTx<\/li>\n<li>Telewizja kablowa (CATV)<\/li>\n<li>Sieci lokalne (LAN)<\/li>\n<li>Sprz\u0119t testowy<\/li>\n<li>Pasywne sieci optyczne (PON)<\/li>\n<\/ul>\n<h2 style=\"text-align: left; font-size: 18px;\"><strong>Szukasz wi\u0119cej rozdzielaczy PLC?<\/strong><\/h2>\n<p>Potrzebujesz wi\u0119cej opcji dla rozga\u0142\u0119\u017anik\u00f3w \u015bwiat\u0142owodowych? Zapoznaj si\u0119 z nasz\u0105 ofert\u0105<a title=\"Rozga\u0142\u0119\u017anik PLC\" href=\"https:\/\/www.bonelinks.com\/pl\/bare-fiber-plc-splitter\/\" target=\"_blank\" rel=\"noopener\"><strong><span style=\"color: #0054a6;\"> Rozga\u0142\u0119\u017anik PLC, <\/span><\/strong><\/a><a href=\"https:\/\/www.bonelinks.com\/pl\/1x32-fiber-splitter\/\" target=\"_blank\" rel=\"noopener\"><strong><span style=\"color: #0054a6;\">Splitter \u015bwiat\u0142owodowy 1&#215;32 <\/span><\/strong><\/a>dla p\u0142ynnej pracy w sieci.<\/p>\n<p><strong>Po\u0142\u0105cz si\u0119 z nami!<\/strong><br \/>\nJe\u015bli masz problem ze znalezieniem odpowiedniego <span style=\"color: #0054a6;\"><strong><a style=\"color: #0054a6;\" href=\"https:\/\/www.bonelinks.com\/pl\/china-ftth-plc-splitter-supplier\/\" target=\"_blank\" rel=\"noopener\">Splitter \u015bwiat\u0142owodowy <\/a><\/strong><\/span>dla swoich potrzeb lub potrzebujesz porady eksperta, wystarczy jedno klikni\u0119cie i mo\u017cesz<a href=\"https:\/\/www.bonelinks.com\/pl\/contact-us\/\" target=\"_blank\" rel=\"noopener\"><strong><span style=\"color: #0054a6;\"> porozmawia\u0107 z nami <\/span><\/strong><\/a>w kilka sekund. Twoje zadowolenie jest naszym priorytetem. Jeste\u015bmy gotowi pom\u00f3c Ci pod ka\u017cdym wzgl\u0119dem. <strong>Nie martw si\u0119, nadmierne my\u015blenie nie jest wymagane. Jeste\u015bmy tutaj, gotowi do pomocy.<\/strong><\/p>\n<ul>\n<li>Sprzeda\u017c detaliczna lub hurtowa &#8211; mamy wszystko pod kontrol\u0105!<\/li>\n<li>Nie wiesz co kupi\u0107? Oferujemy porady ekspert\u00f3w.<\/li>\n<li>Ma\u0142e MOQ: Nie musisz kupowa\u0107 wi\u0119cej ni\u017c chcesz.<\/li>\n<li>Konkurencyjne ceny: Uzyskaj \u015bwietn\u0105 warto\u015b\u0107 za ka\u017cdym razem.<\/li>\n<li>Szybka dostawa: Twoja szybko\u015b\u0107, nasz priorytet.<\/li>\n<li>Zorientowanie na klienta: Dostosowujemy nasze us\u0142ugi do Twoich potrzeb.<\/li>\n<\/ul>\n","protected":false},"excerpt":{"rendered":"<p>Rozdzielacz \u015bwiat\u0142owodowy PLC zosta\u0142 zaprojektowany w konfiguracji 1&#215;32 i jest umieszczony w stalowej obudowie. Jest kompatybilny z jednomodowym \u015bwiat\u0142owodem G.657A1 i ma zewn\u0119trzn\u0105 \u015brednic\u0119 kabla 250 \u03bcm. Produkt nie jest dostarczany ze z\u0142\u0105czami, co pozwala na \u0142atw\u0105 instalacj\u0119 w mufach \u015bwiat\u0142owodowych lub skrzynkach po\u0142\u0105czeniowych, co pomaga zaoszcz\u0119dzi\u0107 miejsce. Oferuje 1&#215;32 porty, ze wsp\u00f3\u0142czynnikiem podzia\u0142u 3,125% przydzielonym do ka\u017cdego portu.<\/p>\n<ul>\n<li>Rozga\u0142\u0119\u017aniki optyczne 1&#215;32 PLC<\/li>\n<li>Jednolita dystrybucja sygna\u0142u optycznego<\/li>\n<li>Kompaktowa obudowa pasuje do szaf, skrzynek na\u015bciennych, optycznych skrzynek rozdzielczych itp.<\/li>\n<\/ul>\n","protected":false},"featured_media":0,"template":"","meta":{"site-sidebar-layout":"default","site-content-layout":"default","ast-site-content-layout":"default","site-content-style":"default","site-sidebar-style":"default","ast-global-header-display":"","ast-banner-title-visibility":"","ast-main-header-display":"","ast-hfb-above-header-display":"","ast-hfb-below-header-display":"","ast-hfb-mobile-header-display":"","site-post-title":"","ast-breadcrumbs-content":"","ast-featured-img":"","footer-sml-layout":"","ast-disable-related-posts":"","theme-transparent-header-meta":"default","adv-header-id-meta":"","stick-header-meta":"default","header-above-stick-meta":"","header-main-stick-meta":"","header-below-stick-meta":"","astra-migrate-meta-layouts":"set","ast-page-background-enabled":"default","ast-page-background-meta":{"desktop":{"background-color":"","background-image":"","background-repeat":"repeat","background-position":"center center","background-size":"auto","background-attachment":"scroll","background-type":"","background-media":"","overlay-type":"","overlay-color":"","overlay-opacity":"","overlay-gradient":""},"tablet":{"background-color":"","background-image":"","background-repeat":"repeat","background-position":"center center","background-size":"auto","background-attachment":"scroll","background-type":"","background-media":"","overlay-type":"","overlay-color":"","overlay-opacity":"","overlay-gradient":""},"mobile":{"background-color":"","background-image":"","background-repeat":"repeat","background-position":"center center","background-size":"auto","background-attachment":"scroll","background-type":"","background-media":"","overlay-type":"","overlay-color":"","overlay-opacity":"","overlay-gradient":""}},"ast-content-background-meta":{"desktop":{"background-color":"var(--ast-global-color-5)","background-image":"","background-repeat":"repeat","background-position":"center center","background-size":"auto","background-attachment":"scroll","background-type":"","background-media":"","overlay-type":"","overlay-color":"","overlay-opacity":"","overlay-gradient":""},"tablet":{"background-color":"var(--ast-global-color-5)","background-image":"","background-repeat":"repeat","background-position":"center center","background-size":"auto","background-attachment":"scroll","background-type":"","background-media":"","overlay-type":"","overlay-color":"","overlay-opacity":"","overlay-gradient":""},"mobile":{"background-color":"var(--ast-global-color-5)","background-image":"","background-repeat":"repeat","background-position":"center center","background-size":"auto","background-attachment":"scroll","background-type":"","background-media":"","overlay-type":"","overlay-color":"","overlay-opacity":"","overlay-gradient":""}}},"product_brand":[],"product_cat":[284],"product_tag":[],"class_list":{"0":"post-21124","1":"product","2":"type-product","3":"status-publish","5":"product_cat-plc-splitter-pl","6":"pa_configuration-1x32-pl","7":"pa_splitter-type-gole-wlokno","8":"desktop-align-left","9":"tablet-align-left","10":"mobile-align-left","11":"ast-product-gallery-layout-vertical","12":"ast-product-gallery-with-no-image","13":"ast-product-tabs-layout-vertical","14":"ast-qv-on-image","16":"first","17":"instock","18":"shipping-taxable","19":"product-type-simple"},"_links":{"self":[{"href":"https:\/\/www.bonelinks.com\/pl\/wp-json\/wp\/v2\/product\/21124","targetHints":{"allow":["GET"]}}],"collection":[{"href":"https:\/\/www.bonelinks.com\/pl\/wp-json\/wp\/v2\/product"}],"about":[{"href":"https:\/\/www.bonelinks.com\/pl\/wp-json\/wp\/v2\/types\/product"}],"version-history":[{"count":3,"href":"https:\/\/www.bonelinks.com\/pl\/wp-json\/wp\/v2\/product\/21124\/revisions"}],"predecessor-version":[{"id":25750,"href":"https:\/\/www.bonelinks.com\/pl\/wp-json\/wp\/v2\/product\/21124\/revisions\/25750"}],"wp:attachment":[{"href":"https:\/\/www.bonelinks.com\/pl\/wp-json\/wp\/v2\/media?parent=21124"}],"wp:term":[{"taxonomy":"product_brand","embeddable":true,"href":"https:\/\/www.bonelinks.com\/pl\/wp-json\/wp\/v2\/product_brand?post=21124"},{"taxonomy":"product_cat","embeddable":true,"href":"https:\/\/www.bonelinks.com\/pl\/wp-json\/wp\/v2\/product_cat?post=21124"},{"taxonomy":"product_tag","embeddable":true,"href":"https:\/\/www.bonelinks.com\/pl\/wp-json\/wp\/v2\/product_tag?post=21124"}],"curies":[{"name":"wp","href":"https:\/\/api.w.org\/{rel}","templated":true}]}}