{"id":21120,"date":"2023-07-16T21:46:42","date_gmt":"2023-07-17T05:46:42","guid":{"rendered":"https:\/\/www.bonelinks.com\/product\/1x16-mini-rozdzielacz-swiatlowodowy-plc-jednomodowe-zlacze-sc-apc\/"},"modified":"2024-02-08T07:17:40","modified_gmt":"2024-02-08T15:17:40","slug":"1x16-mini-steel-fiber-plc-splitter-singlemode-sc-apc-connector","status":"publish","type":"product","link":"https:\/\/www.bonelinks.com\/pl\/product\/1x16-mini-steel-fiber-plc-splitter-singlemode-sc-apc-connector\/","title":{"rendered":"1&#215;16 Mini rozdzielacz \u015bwiat\u0142owodowy PLC jednomodowe z\u0142\u0105cze SC\/APC"},"content":{"rendered":"<h1 style=\"text-align: left; font-size: 18px;\"><span style=\"color: #000000;\"><strong> Rozga\u0142\u0119\u017anik \u015bwiat\u0142owodowy PLC 1&#215;16, modu\u0142 mini, SC\/APC<\/strong><\/span><\/h1>\n<ul>\n<li><strong>Wydajna dystrybucja sygna\u0142u dzi\u0119ki rozdzielaczom optycznym 1&#215;16<\/strong>PLC <strong><br \/>\nRozdzielacz optyczny 1&#215;16 PLC odgrywa istotn\u0105 rol\u0119 w systemach zarz\u0105dzania moc\u0105 optyczn\u0105, oferuj\u0105c jedno wej\u015bcie i szesna\u015bcie wyj\u015b\u0107.<\/strong> Zapewnia to r\u00f3wnomiern\u0105 dystrybucj\u0119 sygna\u0142u, przy czym ka\u017cde wyj\u015bcie odbiera 6,25% sygna\u0142u optycznego. Taka konfiguracja umo\u017cliwia wydajn\u0105 i zr\u00f3wnowa\u017con\u0105 dystrybucj\u0119 sygna\u0142u przez szesna\u015bcie po\u0142\u0105cze\u0144.<\/li>\n<li><strong>Rozga\u0142\u0119\u017aniki Planar Lightwave Circuit (PLC) do optymalnego zarz\u0105dzania sygna\u0142em<\/strong><br \/>\nRozga\u0142\u0119\u017aniki Planar Lightwave Circuit (PLC) to zaawansowane urz\u0105dzenia do zarz\u0105dzania moc\u0105 optyczn\u0105, wytwarzane przy u\u017cyciu technologii krzemionkowych falowod\u00f3w optycznych. Doskonale nadaj\u0105 si\u0119 do dystrybucji sygna\u0142\u00f3w optycznych z biura centralnego (CO) do wielu lokalizacji, zapewniaj\u0105c wydajn\u0105 i niezawodn\u0105 transmisj\u0119 sygna\u0142u w szerokim zakresie zastosowa\u0144.<\/li>\n<li><strong>Zwi\u0119kszona ochrona \u015bwiat\u0142owod\u00f3w dzi\u0119ki bezblokowym rozga\u0142\u0119\u017anikom PLC<\/strong><br \/>\nBezblokowe rozga\u0142\u0119\u017aniki PLC zapewniaj\u0105 doskona\u0142\u0105 ochron\u0119 \u015bwiat\u0142owod\u00f3w w por\u00f3wnaniu do rozga\u0142\u0119\u017anik\u00f3w z go\u0142ym w\u0142\u00f3knem. Wywodz\u0105ce si\u0119 z miniaturyzacji rozga\u0142\u0119\u017anik\u00f3w kasetowych, bezblokowe rozga\u0142\u0119\u017aniki PLC zapewniaj\u0105 lepsz\u0105 ochron\u0119 w\u0142\u00f3kien. S\u0105 one stosowane g\u0142\u00f3wnie w r\u00f3\u017cnych skrzynkach po\u0142\u0105czeniowych i rozdzielczych, a tak\u017ce w szafach sieciowych, zapewniaj\u0105c bezpieczn\u0105 i niezawodn\u0105 transmisj\u0119 sygna\u0142u.<\/li>\n<li><strong>Wszechstronne rozwi\u0105zania z rozdzielaczami \u015bwiat\u0142owodowymi Bonelinks<\/strong><br \/>\nNasze rozga\u0142\u0119\u017aniki \u015bwiat\u0142owodowe oferuj\u0105 szerok\u0105 gam\u0119 styl\u00f3w i rozmiar\u00f3w, aby zaspokoi\u0107 r\u00f3\u017cne potrzeby w zakresie zarz\u0105dzania sygna\u0142em. Rozga\u0142\u0119\u017aniki te doskonale radz\u0105 sobie z rozdzielaniem lub \u0142\u0105czeniem \u015bwiat\u0142a przy minimalnych stratach, zapewniaj\u0105c wydajn\u0105 dystrybucj\u0119 sygna\u0142u optycznego. Produkowane przy u\u017cyciu prostego i niezawodnego procesu, Bonelinks dostarczaj\u0105 niezawodne i ekonomiczne rozga\u0142\u0119\u017aniki \u015bwiat\u0142owodowe. Co wi\u0119cej, rozga\u0142\u0119\u017aniki mo\u017cna dostosowa\u0107 do r\u00f3\u017cnych d\u0142ugo\u015bci w\u0142\u00f3kien i z\u0142\u0105czy, co pozwala na p\u0142ynn\u0105 integracj\u0119 z r\u00f3\u017cnymi konfiguracjami sieci.<\/li>\n<\/ul>\n<h2 style=\"text-align: left; font-size: 18px;\"><strong>Cechy<\/strong><\/h2>\n<ul>\n<li>Kompaktowa konstrukcja<\/li>\n<li>Przyj\u0119cie stali nierdzewnej o wysokiej wytrzyma\u0142o\u015bci, przej\u015bcie testu mg\u0142y solnej<\/li>\n<li>100% 3D przetestowane przez Daisi i Sumix<\/li>\n<li>Test cyklu wysokiej i niskiej temperatury<\/li>\n<li>100% test przed dostaw\u0105<\/li>\n<li>Niska t\u0142umienno\u015b\u0107 wtr\u0105ceniowa i niski PDL<\/li>\n<\/ul>\n<h2 style=\"text-align: left; font-size: 18px;\"><strong>Zastosowania<\/strong><\/h2>\n<ul>\n<li>FTTx<\/li>\n<li>Telewizja kablowa (CATV)<\/li>\n<li>Sieci lokalne (LAN)<\/li>\n<li>Sprz\u0119t testowy<\/li>\n<li>Pasywne sieci optyczne (PON)<\/li>\n<\/ul>\n<h2 style=\"text-align: left; font-size: 18px;\"><strong>Szukasz wi\u0119cej rozdzielaczy PLC?<\/strong><\/h2>\n<p>Potrzebujesz wi\u0119cej opcji dla rozga\u0142\u0119\u017anik\u00f3w \u015bwiat\u0142owodowych? Zapoznaj si\u0119 z nasz\u0105 ofert\u0105<a title=\"Mini stalowy rozdzielacz PLC\" href=\"https:\/\/www.bonelinks.com\/pl\/mini-plc-splitter\/\" target=\"_blank\" rel=\"noopener\"><strong><span style=\"color: #0054a6;\"> Mini stalowy rozdzielacz PLC, <\/span><\/strong><\/a><a href=\"https:\/\/www.bonelinks.com\/pl\/1x16-plc-splitter\/\" target=\"_blank\" rel=\"noopener\"><strong><span style=\"color: #0054a6;\">Splitter \u015bwiat\u0142owodowy 1&#215;16 <\/span><\/strong><\/a>dla bezproblemowej pracy w sieci.<\/p>\n<p><strong>Po\u0142\u0105cz si\u0119 z nami!<\/strong><br \/>\nJe\u015bli masz problem ze znalezieniem odpowiedniego <span style=\"color: #0054a6;\"><strong><a style=\"color: #0054a6;\" href=\"https:\/\/www.bonelinks.com\/pl\/china-ftth-plc-splitter-supplier\/\" target=\"_blank\" rel=\"noopener\">Splitter \u015bwiat\u0142owodowy <\/a><\/strong><\/span>dla swoich potrzeb lub potrzebujesz porady eksperta, wystarczy jedno klikni\u0119cie i mo\u017cesz<a href=\"https:\/\/www.bonelinks.com\/pl\/contact-us\/\" target=\"_blank\" rel=\"noopener\"><strong><span style=\"color: #0054a6;\"> porozmawia\u0107 z nami <\/span><\/strong><\/a>w kilka sekund. Twoje zadowolenie jest naszym priorytetem. Jeste\u015bmy gotowi pom\u00f3c Ci pod ka\u017cdym wzgl\u0119dem. <strong>Nie martw si\u0119, nadmierne my\u015blenie nie jest wymagane. Jeste\u015bmy tutaj, gotowi do pomocy.<\/strong><\/p>\n<ul>\n<li>Sprzeda\u017c detaliczna lub hurtowa &#8211; mamy wszystko pod kontrol\u0105!<\/li>\n<li>Nie wiesz co kupi\u0107? Oferujemy porady ekspert\u00f3w.<\/li>\n<li>Ma\u0142e MOQ: Nie musisz kupowa\u0107 wi\u0119cej ni\u017c chcesz.<\/li>\n<li>Konkurencyjne ceny: Uzyskaj \u015bwietn\u0105 warto\u015b\u0107 za ka\u017cdym razem.<\/li>\n<li>Szybka dostawa: Twoja szybko\u015b\u0107, nasz priorytet.<\/li>\n<li>Zorientowanie na klienta: Dostosowujemy nasze us\u0142ugi do Twoich potrzeb.<\/li>\n<\/ul>\n","protected":false},"excerpt":{"rendered":"<p>Mini modu\u0142 rozdzielacza \u015bwiat\u0142owodowego PLC o konfiguracji 1 x 16 jest umieszczony w wytrzyma\u0142ej stalowej obudowie. Wykorzystuje \u015bwiat\u0142ow\u00f3d jednomodowy G.657A1 o zewn\u0119trznej \u015brednicy kabla 0,9 mm. Produkt jest wyposa\u017cony w z\u0142\u0105cza SC\/APC. Oferuje 1&#215;16 port\u00f3w, ze wsp\u00f3\u0142czynnikiem podzia\u0142u 6,25% przypisanym do ka\u017cdego portu.<\/p>\n<ul>\n<li>Rozga\u0142\u0119\u017aniki optyczne 1&#215;16 PLC<\/li>\n<li>Jednolita dystrybucja sygna\u0142u optycznego<\/li>\n<li>Kompaktowa obudowa pasuje do szaf, skrzynek na\u015bciennych, optycznych skrzynek rozdzielczych itp.<\/li>\n<\/ul>\n","protected":false},"featured_media":15122,"template":"","meta":{"site-sidebar-layout":"default","site-content-layout":"default","ast-site-content-layout":"default","site-content-style":"default","site-sidebar-style":"default","ast-global-header-display":"","ast-banner-title-visibility":"","ast-main-header-display":"","ast-hfb-above-header-display":"","ast-hfb-below-header-display":"","ast-hfb-mobile-header-display":"","site-post-title":"","ast-breadcrumbs-content":"","ast-featured-img":"","footer-sml-layout":"","ast-disable-related-posts":"","theme-transparent-header-meta":"default","adv-header-id-meta":"","stick-header-meta":"default","header-above-stick-meta":"","header-main-stick-meta":"","header-below-stick-meta":"","astra-migrate-meta-layouts":"set","ast-page-background-enabled":"default","ast-page-background-meta":{"desktop":{"background-color":"","background-image":"","background-repeat":"repeat","background-position":"center center","background-size":"auto","background-attachment":"scroll","background-type":"","background-media":"","overlay-type":"","overlay-color":"","overlay-opacity":"","overlay-gradient":""},"tablet":{"background-color":"","background-image":"","background-repeat":"repeat","background-position":"center center","background-size":"auto","background-attachment":"scroll","background-type":"","background-media":"","overlay-type":"","overlay-color":"","overlay-opacity":"","overlay-gradient":""},"mobile":{"background-color":"","background-image":"","background-repeat":"repeat","background-position":"center center","background-size":"auto","background-attachment":"scroll","background-type":"","background-media":"","overlay-type":"","overlay-color":"","overlay-opacity":"","overlay-gradient":""}},"ast-content-background-meta":{"desktop":{"background-color":"var(--ast-global-color-5)","background-image":"","background-repeat":"repeat","background-position":"center center","background-size":"auto","background-attachment":"scroll","background-type":"","background-media":"","overlay-type":"","overlay-color":"","overlay-opacity":"","overlay-gradient":""},"tablet":{"background-color":"var(--ast-global-color-5)","background-image":"","background-repeat":"repeat","background-position":"center center","background-size":"auto","background-attachment":"scroll","background-type":"","background-media":"","overlay-type":"","overlay-color":"","overlay-opacity":"","overlay-gradient":""},"mobile":{"background-color":"var(--ast-global-color-5)","background-image":"","background-repeat":"repeat","background-position":"center center","background-size":"auto","background-attachment":"scroll","background-type":"","background-media":"","overlay-type":"","overlay-color":"","overlay-opacity":"","overlay-gradient":""}}},"product_brand":[],"product_cat":[284],"product_tag":[],"class_list":{"0":"post-21120","1":"product","2":"type-product","3":"status-publish","4":"has-post-thumbnail","6":"product_cat-plc-splitter-pl","7":"pa_configuration-1x16-pl","8":"pa_splitter-type-mini-modul-pl","9":"desktop-align-left","10":"tablet-align-left","11":"mobile-align-left","12":"ast-product-gallery-layout-vertical","13":"ast-product-gallery-with-no-image","14":"ast-product-tabs-layout-vertical","15":"ast-qv-on-image","17":"first","18":"instock","19":"shipping-taxable","20":"product-type-simple"},"_links":{"self":[{"href":"https:\/\/www.bonelinks.com\/pl\/wp-json\/wp\/v2\/product\/21120","targetHints":{"allow":["GET"]}}],"collection":[{"href":"https:\/\/www.bonelinks.com\/pl\/wp-json\/wp\/v2\/product"}],"about":[{"href":"https:\/\/www.bonelinks.com\/pl\/wp-json\/wp\/v2\/types\/product"}],"version-history":[{"count":3,"href":"https:\/\/www.bonelinks.com\/pl\/wp-json\/wp\/v2\/product\/21120\/revisions"}],"predecessor-version":[{"id":25760,"href":"https:\/\/www.bonelinks.com\/pl\/wp-json\/wp\/v2\/product\/21120\/revisions\/25760"}],"wp:featuredmedia":[{"embeddable":true,"href":"https:\/\/www.bonelinks.com\/pl\/wp-json\/wp\/v2\/media\/15122"}],"wp:attachment":[{"href":"https:\/\/www.bonelinks.com\/pl\/wp-json\/wp\/v2\/media?parent=21120"}],"wp:term":[{"taxonomy":"product_brand","embeddable":true,"href":"https:\/\/www.bonelinks.com\/pl\/wp-json\/wp\/v2\/product_brand?post=21120"},{"taxonomy":"product_cat","embeddable":true,"href":"https:\/\/www.bonelinks.com\/pl\/wp-json\/wp\/v2\/product_cat?post=21120"},{"taxonomy":"product_tag","embeddable":true,"href":"https:\/\/www.bonelinks.com\/pl\/wp-json\/wp\/v2\/product_tag?post=21120"}],"curies":[{"name":"wp","href":"https:\/\/api.w.org\/{rel}","templated":true}]}}