{"id":21085,"date":"2023-07-17T06:03:57","date_gmt":"2023-07-17T14:03:57","guid":{"rendered":"https:\/\/www.bonelinks.com\/product\/splitter-swiatlowodowy-1x64-plc-standardowa-kaseta-lgx-lc-apc-jednomodowy\/"},"modified":"2024-02-08T06:56:46","modified_gmt":"2024-02-08T14:56:46","slug":"1x64-plc-fiber-splitter-lgx-cassette-lc-apc","status":"publish","type":"product","link":"https:\/\/www.bonelinks.com\/pl\/product\/1x64-plc-fiber-splitter-lgx-cassette-lc-apc\/","title":{"rendered":"Splitter \u015bwiat\u0142owodowy 1&#215;64 PLC, standardowa kaseta LGX, LC\/APC, jednomodowy"},"content":{"rendered":"<h1 style=\"text-align: left; font-size: 18px;\"><span style=\"color: #000000;\"><strong> Splitter \u015bwiat\u0142owodowy 1&#215;64 PLC, standardowa kaseta LGX, LC\/APC, jednomodowy <\/strong><\/span><\/h1>\n<ul>\n<li><strong>Wydajna dystrybucja sygna\u0142u za pomoc\u0105 rozdzielaczy optycznych 1&#215;64 PLC<\/strong><br \/>\nRozdzielacz optyczny 1&#215;64 PLC jest niezb\u0119dnym komponentem w systemach zarz\u0105dzania moc\u0105 optyczn\u0105, posiadaj\u0105cym jedno wej\u015bcie i sze\u015b\u0107dziesi\u0105t cztery wyj\u015bcia. Zapewnia to r\u00f3wnomiern\u0105 dystrybucj\u0119 sygna\u0142u, przy czym ka\u017cde wyj\u015bcie odbiera 1,56% sygna\u0142u optycznego. Taka konfiguracja umo\u017cliwia wydajn\u0105 i zr\u00f3wnowa\u017con\u0105 dystrybucj\u0119 sygna\u0142u przez sze\u015b\u0107dziesi\u0105t cztery po\u0142\u0105czenia.<\/li>\n<li><strong>Rozga\u0142\u0119\u017aniki Planar Lightwave Circuit (PLC) do optymalnego zarz\u0105dzania sygna\u0142em<\/strong><br \/>\nRozga\u0142\u0119\u017aniki PLC (Planar Lightwave Circuit), wykorzystuj\u0105ce technologi\u0119 krzemionkowych falowod\u00f3w optycznych, s\u0105 urz\u0105dzeniami do zarz\u0105dzania moc\u0105 optyczn\u0105, u\u017cywanymi do dystrybucji sygna\u0142\u00f3w optycznych z centrali (CO) do r\u00f3\u017cnych lokalizacji. Rozga\u0142\u0119\u017aniki PLC znajduj\u0105 szerokie zastosowanie w sieciach PON, Datacom, LAN, CATV, LCP, FTTx i innych \u015brodowiskach, w kt\u00f3rych wymagana jest wysoka jako\u015b\u0107 sieci. Nadaj\u0105 si\u0119 one mi\u0119dzy innymi do zastosowa\u0144 komunikacyjnych, medycznych, bankowych, budowlanych i w du\u017cych budynkach biurowych.<\/li>\n<li><strong>Rozga\u0142\u0119\u017aniki kasetowe LGX dla pe\u0142nej ochrony i ekonomicznej dystrybucji<\/strong><br \/>\nRozga\u0142\u0119\u017aniki kasetowe LGX s\u0105 powszechnie stosowane w sieciach PON w celu zapewnienia pe\u0142nej ochrony wewn\u0119trznej optyki i kabli. Rozga\u0142\u0119\u017aniki te charakteryzuj\u0105 si\u0119 niewielkimi rozmiarami, wysok\u0105 niezawodno\u015bci\u0105 i szerokim zakresem d\u0142ugo\u015bci fal. Oferuj\u0105 one niedrogie rozwi\u0105zanie do dystrybucji mocy sygna\u0142u optycznego, dzi\u0119ki czemu s\u0105 popularnym wyborem w sieciach PON, gdzie efektywno\u015b\u0107 kosztowa i integralno\u015b\u0107 sygna\u0142u maj\u0105 kluczowe znaczenie.<\/li>\n<li><strong>Wszechstronne rozwi\u0105zania z rozdzielaczami \u015bwiat\u0142owodowymi Bonelinks<\/strong><br \/>\nNasze rozga\u0142\u0119\u017aniki \u015bwiat\u0142owodowe oferuj\u0105 szerok\u0105 gam\u0119 styl\u00f3w i rozmiar\u00f3w, aby zaspokoi\u0107 r\u00f3\u017cne potrzeby w zakresie zarz\u0105dzania sygna\u0142em. Rozga\u0142\u0119\u017aniki te doskonale radz\u0105 sobie z rozdzielaniem lub \u0142\u0105czeniem \u015bwiat\u0142a przy minimalnych stratach, zapewniaj\u0105c wydajn\u0105 dystrybucj\u0119 sygna\u0142u optycznego. Produkowane przy u\u017cyciu prostego i niezawodnego procesu, Bonelinks dostarczaj\u0105 niezawodne i ekonomiczne rozga\u0142\u0119\u017aniki \u015bwiat\u0142owodowe. Co wi\u0119cej, rozga\u0142\u0119\u017aniki mo\u017cna dostosowa\u0107 do r\u00f3\u017cnych d\u0142ugo\u015bci w\u0142\u00f3kien i z\u0142\u0105czy, co pozwala na p\u0142ynn\u0105 integracj\u0119 z r\u00f3\u017cnymi konfiguracjami sieci.<\/li>\n<\/ul>\n<h2 style=\"text-align: left; font-size: 18px;\"><strong>Cechy<\/strong><\/h2>\n<ul>\n<li>Niska t\u0142umienno\u015b\u0107 wtr\u0105ceniowa<\/li>\n<li>Niskie straty zale\u017cne od polaryzacji<\/li>\n<li>Dobra jednorodno\u015b\u0107 mi\u0119dzykana\u0142owa<\/li>\n<li>Doskona\u0142a stabilno\u015b\u0107 \u015brodowiskowa<\/li>\n<li>Doskona\u0142a stabilno\u015b\u0107 mechaniczna<\/li>\n<\/ul>\n<h2 style=\"text-align: left; font-size: 18px;\"><strong>Zastosowania<\/strong><\/h2>\n<ul>\n<li>\u015awiat\u0142ow\u00f3d do punktu (FTTX)<\/li>\n<li>\u015awiat\u0142ow\u00f3d do domu (FTTH)<\/li>\n<li>Pasywne sieci optyczne (PON)<\/li>\n<li>Gigabitowe pasywne sieci optyczne (GPON)<\/li>\n<li>Sieci lokalne (LAN)<\/li>\n<li>Telewizja kablowa (CATV)<\/li>\n<li>Sprz\u0119t testowy<\/li>\n<\/ul>\n<h2 style=\"text-align: left; font-size: 18px;\"><strong>Szukasz wi\u0119cej rozdzielaczy PLC?<\/strong><\/h2>\n<p>Potrzebujesz wi\u0119cej opcji dla rozga\u0142\u0119\u017anik\u00f3w \u015bwiat\u0142owodowych? Zapoznaj si\u0119 z nasz\u0105 ofert\u0105<a title=\"Rozga\u0142\u0119\u017anik LGX Cassette PLC\" href=\"https:\/\/www.bonelinks.com\/pl\/lgx-plc-splitter\/\" target=\"_blank\" rel=\"noopener\"><strong><span style=\"color: #0054a6;\"> Splitter LGX Cassette PLC, <\/span><\/strong><\/a><a href=\"https:\/\/www.bonelinks.com\/pl\/1x64-plc-splitter\/\" target=\"_blank\" rel=\"noopener\"><strong><span style=\"color: #0054a6;\">Splitter \u015bwiat\u0142owodowy 1&#215;64 <\/span><\/strong><\/a>dla bezproblemowej pracy w sieci.<\/p>\n<p><strong>Po\u0142\u0105cz si\u0119 z nami!<\/strong><br \/>\nJe\u015bli masz problem ze znalezieniem odpowiedniego <span style=\"color: #0054a6;\"><strong><a style=\"color: #0054a6;\" href=\"https:\/\/www.bonelinks.com\/pl\/china-ftth-plc-splitter-supplier\/\" target=\"_blank\" rel=\"noopener\">Splitter \u015bwiat\u0142owodowy <\/a><\/strong><\/span>dla swoich potrzeb lub potrzebujesz porady eksperta, wystarczy jedno klikni\u0119cie i mo\u017cesz<a href=\"https:\/\/www.bonelinks.com\/pl\/contact-us\/\" target=\"_blank\" rel=\"noopener\"><strong><span style=\"color: #0054a6;\"> porozmawia\u0107 z nami <\/span><\/strong><\/a>w kilka sekund. Twoje zadowolenie jest naszym priorytetem. Jeste\u015bmy gotowi pom\u00f3c Ci pod ka\u017cdym wzgl\u0119dem. <strong>Nie martw si\u0119, nadmierne my\u015blenie nie jest wymagane. Jeste\u015bmy tutaj, gotowi do pomocy.<\/strong><\/p>\n<ul>\n<li>Sprzeda\u017c detaliczna lub hurtowa &#8211; mamy wszystko pod kontrol\u0105!<\/li>\n<li>Nie wiesz co kupi\u0107? Oferujemy porady ekspert\u00f3w.<\/li>\n<li>Ma\u0142e MOQ: Nie musisz kupowa\u0107 wi\u0119cej ni\u017c chcesz.<\/li>\n<li>Konkurencyjne ceny: Uzyskaj \u015bwietn\u0105 warto\u015b\u0107 za ka\u017cdym razem.<\/li>\n<li>Szybka dostawa: Twoja szybko\u015b\u0107, nasz priorytet.<\/li>\n<li>Zorientowanie na klienta: Dostosowujemy nasze us\u0142ugi do Twoich potrzeb.<\/li>\n<\/ul>\n","protected":false},"excerpt":{"rendered":"<p>Rozdzielacz \u015bwiat\u0142owodowy PLC o konfiguracji 1&#215;64 jest zamkni\u0119ty w obudowie kasetowej LGX. Wej\u015bcia i wyj\u015bcia s\u0105 wygodnie wst\u0119pnie pod\u0142\u0105czone za pomoc\u0105 adapter\u00f3w. Produkt jest przeznaczony do \u015bwiat\u0142owod\u00f3w jednomodowych G.657A1 i wyposa\u017cony w z\u0142\u0105cza LC\/APC. Oferuje 1&#215;64 porty, ze wsp\u00f3\u0142czynnikiem podzia\u0142u 1,56% przydzielonym do ka\u017cdego portu.<\/p>\n<ul>\n<li>Rozga\u0142\u0119\u017aniki optyczne 1&#215;64 PLC<\/li>\n<li>Jednolita dystrybucja sygna\u0142u optycznego<\/li>\n<li>W pe\u0142ni pasywne optyczne urz\u0105dzenie rozga\u0142\u0119ziaj\u0105ce<\/li>\n<li>Szeroko stosowane w projektach FTTX i centrach transmisji danych<\/li>\n<li>Pasuje do szaf, skrzynek na\u015bciennych, optycznych skrzynek rozdzielczych itp.<\/li>\n<\/ul>\n","protected":false},"featured_media":15067,"template":"","meta":{"site-sidebar-layout":"default","site-content-layout":"default","ast-site-content-layout":"default","site-content-style":"default","site-sidebar-style":"default","ast-global-header-display":"","ast-banner-title-visibility":"","ast-main-header-display":"","ast-hfb-above-header-display":"","ast-hfb-below-header-display":"","ast-hfb-mobile-header-display":"","site-post-title":"","ast-breadcrumbs-content":"","ast-featured-img":"","footer-sml-layout":"","ast-disable-related-posts":"","theme-transparent-header-meta":"default","adv-header-id-meta":"","stick-header-meta":"default","header-above-stick-meta":"","header-main-stick-meta":"","header-below-stick-meta":"","astra-migrate-meta-layouts":"set","ast-page-background-enabled":"default","ast-page-background-meta":{"desktop":{"background-color":"","background-image":"","background-repeat":"repeat","background-position":"center center","background-size":"auto","background-attachment":"scroll","background-type":"","background-media":"","overlay-type":"","overlay-color":"","overlay-opacity":"","overlay-gradient":""},"tablet":{"background-color":"","background-image":"","background-repeat":"repeat","background-position":"center center","background-size":"auto","background-attachment":"scroll","background-type":"","background-media":"","overlay-type":"","overlay-color":"","overlay-opacity":"","overlay-gradient":""},"mobile":{"background-color":"","background-image":"","background-repeat":"repeat","background-position":"center center","background-size":"auto","background-attachment":"scroll","background-type":"","background-media":"","overlay-type":"","overlay-color":"","overlay-opacity":"","overlay-gradient":""}},"ast-content-background-meta":{"desktop":{"background-color":"var(--ast-global-color-5)","background-image":"","background-repeat":"repeat","background-position":"center center","background-size":"auto","background-attachment":"scroll","background-type":"","background-media":"","overlay-type":"","overlay-color":"","overlay-opacity":"","overlay-gradient":""},"tablet":{"background-color":"var(--ast-global-color-5)","background-image":"","background-repeat":"repeat","background-position":"center center","background-size":"auto","background-attachment":"scroll","background-type":"","background-media":"","overlay-type":"","overlay-color":"","overlay-opacity":"","overlay-gradient":""},"mobile":{"background-color":"var(--ast-global-color-5)","background-image":"","background-repeat":"repeat","background-position":"center center","background-size":"auto","background-attachment":"scroll","background-type":"","background-media":"","overlay-type":"","overlay-color":"","overlay-opacity":"","overlay-gradient":""}}},"product_brand":[],"product_cat":[284],"product_tag":[],"class_list":{"0":"post-21085","1":"product","2":"type-product","3":"status-publish","4":"has-post-thumbnail","6":"product_cat-plc-splitter-pl","7":"pa_configuration-1x64-pl","8":"pa_splitter-type-kaseta-lgx","9":"desktop-align-left","10":"tablet-align-left","11":"mobile-align-left","12":"ast-product-gallery-layout-vertical","13":"ast-product-gallery-with-no-image","14":"ast-product-tabs-layout-vertical","15":"ast-qv-on-image","17":"first","18":"instock","19":"shipping-taxable","20":"product-type-simple"},"_links":{"self":[{"href":"https:\/\/www.bonelinks.com\/pl\/wp-json\/wp\/v2\/product\/21085","targetHints":{"allow":["GET"]}}],"collection":[{"href":"https:\/\/www.bonelinks.com\/pl\/wp-json\/wp\/v2\/product"}],"about":[{"href":"https:\/\/www.bonelinks.com\/pl\/wp-json\/wp\/v2\/types\/product"}],"version-history":[{"count":3,"href":"https:\/\/www.bonelinks.com\/pl\/wp-json\/wp\/v2\/product\/21085\/revisions"}],"predecessor-version":[{"id":25732,"href":"https:\/\/www.bonelinks.com\/pl\/wp-json\/wp\/v2\/product\/21085\/revisions\/25732"}],"wp:featuredmedia":[{"embeddable":true,"href":"https:\/\/www.bonelinks.com\/pl\/wp-json\/wp\/v2\/media\/15067"}],"wp:attachment":[{"href":"https:\/\/www.bonelinks.com\/pl\/wp-json\/wp\/v2\/media?parent=21085"}],"wp:term":[{"taxonomy":"product_brand","embeddable":true,"href":"https:\/\/www.bonelinks.com\/pl\/wp-json\/wp\/v2\/product_brand?post=21085"},{"taxonomy":"product_cat","embeddable":true,"href":"https:\/\/www.bonelinks.com\/pl\/wp-json\/wp\/v2\/product_cat?post=21085"},{"taxonomy":"product_tag","embeddable":true,"href":"https:\/\/www.bonelinks.com\/pl\/wp-json\/wp\/v2\/product_tag?post=21085"}],"curies":[{"name":"wp","href":"https:\/\/api.w.org\/{rel}","templated":true}]}}