{"id":21079,"date":"2023-07-17T19:39:34","date_gmt":"2023-07-18T03:39:34","guid":{"rendered":"https:\/\/www.bonelinks.com\/product\/splitter-swiatlowodowy-1x16-plc-montaz-w-szafie-rack-1u-19-sc-apc-jednomodowy\/"},"modified":"2024-02-08T06:54:36","modified_gmt":"2024-02-08T14:54:36","slug":"1x16-plc-fiber-splitter-1u-19-rack-mount-sc-apc","status":"publish","type":"product","link":"https:\/\/www.bonelinks.com\/pl\/product\/1x16-plc-fiber-splitter-1u-19-rack-mount-sc-apc\/","title":{"rendered":"Splitter \u015bwiat\u0142owodowy 1&#215;16 PLC, monta\u017c w szafie rack 1U 19&#8243;, SC\/APC, jednomodowy"},"content":{"rendered":"<h1 style=\"text-align: left; font-size: 18px;\"><span style=\"color: #000000;\"><strong> Rozdzielacz \u015bwiat\u0142owodowy PLC 1 \u00d7 16, do monta\u017cu w szafie typu Rack 1U, jednomodowy<\/strong><\/span><\/h1>\n<ul>\n<li><strong>Pasywny<\/strong>rozdzielacz PLC 1&#215;16 do monta\u017cu w szafie Rack <strong>do wydajnej dystrybucji sygna\u0142u<br \/>\n<\/strong>Oferowany produkt to pasywny rozdzielacz PLC 1&#215;16 zaprojektowany jako filtr 1RU 19&#8243; do monta\u017cu w szafie Rack. Ten rozdzielacz skutecznie dzieli jeden sygna\u0142 wej\u015bciowy na 16 sygna\u0142\u00f3w wyj\u015bciowych i odwrotnie, umo\u017cliwiaj\u0105c dwukierunkow\u0105 transmisj\u0119 sygna\u0142\u00f3w kompozytowych. Zapewnia niezawodne rozwi\u0105zanie do dystrybucji mocy optycznej w konfiguracjach sieciowych.<\/li>\n<li><strong>Rozga\u0142\u0119\u017aniki \u015bwiat\u0142owodowe PLC dla optymalnych sieci FTTH<\/strong><br \/>\nRozga\u0142\u0119\u017aniki \u015bwiat\u0142owodowe PLC s\u0105 niezb\u0119dnymi elementami pasywnymi w sieciach FTTH (Fiber to the Home). Wykorzystuj\u0105c technologi\u0119 krzemionkowych falowod\u00f3w optycznych, rozga\u0142\u0119\u017aniki te rozdzielaj\u0105 moc optyczn\u0105 z centrali do pomieszcze\u0144 klient\u00f3w w sieciach FTTx i FTTH. Rozga\u0142\u0119\u017aniki PLC (Planar Lightwave Circuit) to rozga\u0142\u0119\u017aniki jednomodowe o r\u00f3wnomiernym wsp\u00f3\u0142czynniku podzia\u0142u, umo\u017cliwiaj\u0105ce dystrybucj\u0119 sygna\u0142\u00f3w optycznych z jednego w\u0142\u00f3kna wej\u015bciowego do wielu w\u0142\u00f3kien wyj\u015bciowych. Oparte na planarnej technologii obwod\u00f3w fal \u015bwietlnych, oferuj\u0105 ekonomiczne i zajmuj\u0105ce niewiele miejsca rozwi\u0105zanie o niewielkich rozmiarach i wysokiej niezawodno\u015bci. Rozga\u0142\u0119\u017aniki PLC zapewniaj\u0105 wydajne rozwi\u0105zanie sieciowe w optycznych systemach transmisyjnych.<\/li>\n<li><strong>Rozdzielacze Rack PLC dla wygodnych i wszechstronnych instalacji<\/strong><br \/>\nRozga\u0142\u0119\u017aniki PLC Rack sk\u0142adaj\u0105 si\u0119 z rozga\u0142\u0119\u017anik\u00f3w PLC zintegrowanych z korpusami obud\u00f3w, charakteryzuj\u0105cych si\u0119 standardowym rozmiarem u\u0142atwiaj\u0105cym instalacj\u0119. Rozga\u0142\u0119\u017aniki te obs\u0142uguj\u0105 r\u00f3\u017cne interfejsy adapter\u00f3w, takie jak SC lub FC, dzi\u0119ki czemu nadaj\u0105 si\u0119 do zastosowa\u0144 wewn\u0119trznych i zewn\u0119trznych w projektach FTTx, CATV i centrach transmisji danych. Rozga\u0142\u0119\u017aniki PLC do monta\u017cu w szafie 19-calowej s\u0142u\u017c\u0105 jako pasywne rozga\u0142\u0119\u017aniki optyczne szeroko stosowane w pasywnych sieciach optycznych FTTH, w tym EPON (pasywna sie\u0107 optyczna Ethernet) i GPON (gigabitowa pasywna sie\u0107 optyczna). Wysuwane obudowy \u015bwiat\u0142owodowe do monta\u017cu w szafie rack zapewniaj\u0105 wszechstronn\u0105 funkcjonalno\u015b\u0107, w tym \u0142\u0105czenie, dystrybucj\u0119, terminacj\u0119, \u0142atanie, przechowywanie i zarz\u0105dzanie \u015bwiat\u0142owodami w jednym urz\u0105dzeniu. Obudowy te obs\u0142uguj\u0105 zar\u00f3wno architektur\u0119 cross-connect, jak i interconnect, u\u0142atwiaj\u0105c interfejsy mi\u0119dzy zewn\u0119trznymi kablami instalacji i urz\u0105dzeniami transmisyjnymi.<\/li>\n<li><strong>R\u00f3\u017cnorodne opcje rozdzielaczy Rack PLC do wszechstronnych zastosowa\u0144<\/strong><br \/>\nRozga\u0142\u0119\u017aniki PLC Rack s\u0105 dost\u0119pne w r\u00f3\u017cnych typach, w tym 1&#215;4, 1&#215;8, 1&#215;16, 1&#215;32 i 1&#215;64, a tak\u017ce w wariantach 2&#215;4, 2&#215;8, 2&#215;16 i 2&#215;32. Wszystkie te rozga\u0142\u0119\u017aniki posiadaj\u0105 obudowy do monta\u017cu w szafie rack 1U 19&#8243;. Klienci mog\u0105 wybiera\u0107 spo\u015br\u00f3d adapter\u00f3w LC, SC, FC lub ST, a opcje APC lub UPC s\u0105 dost\u0119pne na \u017cyczenie. Oferujemy szerok\u0105 gam\u0119 rozga\u0142\u0119\u017anik\u00f3w PLC 1\u00d7N i 2\u00d7N. Rozga\u0142\u0119\u017aniki te zapewniaj\u0105 doskona\u0142\u0105 wydajno\u015b\u0107 optyczn\u0105, wysok\u0105 stabilno\u015b\u0107 i niezawodno\u015b\u0107, aby spe\u0142ni\u0107 r\u00f3\u017cnorodne wymagania r\u00f3\u017cnych aplikacji.<\/li>\n<\/ul>\n<h2 style=\"text-align: left; font-size: 18px;\"><strong>Cechy<\/strong><\/h2>\n<ul>\n<li>Jednolity podzia\u0142 mocy<\/li>\n<li>Niska t\u0142umienno\u015b\u0107 wtr\u0105ceniowa i wysoka t\u0142umienno\u015b\u0107 odbiciowa<\/li>\n<li>Niskie straty zale\u017cne od polaryzacji<\/li>\n<li>Wysoce stabilna i niezawodna transmisja optyczna<\/li>\n<li>Pasuje do standardowej 19-calowej zintegrowanej szafy dystrybucyjnej lub szafy sieciowej<\/li>\n<li>Zaprojektowany dla \u015brodowisk o wysokiej g\u0119sto\u015bci okablowania<\/li>\n<li>Numer portu z sitodrukiem dla \u0142atwej identyfikacji<\/li>\n<\/ul>\n<h2 style=\"text-align: left; font-size: 18px;\"><strong>Zastosowania<\/strong><\/h2>\n<ul>\n<li>Optyczne sieci LAN i WAN oraz CATV<\/li>\n<li>Projekt FTTH i wdro\u017cenia FTTX<\/li>\n<li>\u015awiat\u0142owodowe sieci komunikacyjne<\/li>\n<li>Sieci PON<\/li>\n<li>Dzia\u0142anie wewn\u0105trz zak\u0142adu (ISP)<\/li>\n<\/ul>\n<h2 style=\"text-align: left; font-size: 18px;\"><strong>Szukasz wi\u0119cej rozdzielaczy PLC?<\/strong><\/h2>\n<p>Potrzebujesz wi\u0119cej opcji dla rozga\u0142\u0119\u017anik\u00f3w \u015bwiat\u0142owodowych? Zapoznaj si\u0119 z nasz\u0105 ofert\u0105<a title=\"Rozdzielacz PLC do monta\u017cu w szafie\" href=\"https:\/\/www.bonelinks.com\/pl\/rack-mount-plc-splitter\/\" target=\"_blank\" rel=\"noopener\"><strong><span style=\"color: #0054a6;\"> Rozdzielacz PLC do monta\u017cu w szafie, <\/span><\/strong><\/a><a href=\"https:\/\/www.bonelinks.com\/pl\/1x16-plc-splitter\/\" target=\"_blank\" rel=\"noopener\"><strong><span style=\"color: #0054a6;\">Splitter \u015bwiat\u0142owodowy 1&#215;16 <\/span><\/strong><\/a>dla p\u0142ynnej pracy w sieci.<\/p>\n<p><strong>Po\u0142\u0105cz si\u0119 z nami!<\/strong><br \/>\nJe\u015bli masz problem ze znalezieniem odpowiedniego <span style=\"color: #0054a6;\"><strong><a style=\"color: #0054a6;\" href=\"https:\/\/www.bonelinks.com\/pl\/china-ftth-plc-splitter-supplier\/\" target=\"_blank\" rel=\"noopener\">Splitter \u015bwiat\u0142owodowy <\/a><\/strong><\/span>dla swoich potrzeb lub potrzebujesz porady eksperta, wystarczy jedno klikni\u0119cie i mo\u017cesz<a href=\"https:\/\/www.bonelinks.com\/pl\/contact-us\/\" target=\"_blank\" rel=\"noopener\"><strong><span style=\"color: #0054a6;\"> porozmawia\u0107 z nami <\/span><\/strong><\/a>w kilka sekund. Twoje zadowolenie jest naszym priorytetem. Jeste\u015bmy gotowi pom\u00f3c Ci pod ka\u017cdym wzgl\u0119dem. <strong>Nie martw si\u0119, nadmierne my\u015blenie nie jest wymagane. Jeste\u015bmy tutaj, gotowi do pomocy.<\/strong><\/p>\n<ul>\n<li>Sprzeda\u017c detaliczna lub hurtowa &#8211; mamy wszystko pod kontrol\u0105!<\/li>\n<li>Nie wiesz co kupi\u0107? Oferujemy porady ekspert\u00f3w.<\/li>\n<li>Ma\u0142e MOQ: Nie musisz kupowa\u0107 wi\u0119cej ni\u017c chcesz.<\/li>\n<li>Konkurencyjne ceny: Uzyskaj \u015bwietn\u0105 warto\u015b\u0107 za ka\u017cdym razem.<\/li>\n<li>Szybka dostawa: Twoja szybko\u015b\u0107, nasz priorytet.<\/li>\n<li>Zorientowanie na klienta: Dostosowujemy nasze us\u0142ugi do Twoich potrzeb.<\/li>\n<\/ul>\n","protected":false},"excerpt":{"rendered":"<p>Nasz rozdzielacz \u015bwiat\u0142owodowy 1&#215;16 PLC jest umieszczony w panelu monta\u017cowym rack 1RU z rozdzielaczem 1&#215;16 SC\/APC PLC i \u0142adowanymi od przodu adapterami SC dla wygodnej obs\u0142ugi na miejscu. Dzi\u0119ki wst\u0119pnie zmontowanym rozga\u0142\u0119\u017anikom i adapterom zapewnia stabiln\u0105 wydajno\u015b\u0107 i oszcz\u0119dza czas instalacji. Zaprojektowany do monta\u017cu w standardowych 19-calowych stela\u017cach lub szafach, jest doskona\u0142ym rozwi\u0105zaniem z pojedynczym filtrem \u015bwiat\u0142owodowym do zastosowa\u0144 FTTx i PON.<\/p>\n<ul>\n<li>Rozga\u0142\u0119\u017aniki optyczne 1&#215;16 PLC<\/li>\n<li>Jednolita dystrybucja sygna\u0142u optycznego<\/li>\n<li>Zaprojektowany do 19-calowej szafy sieciowej lub szafy, Plug and Play<\/li>\n<li>Szeroko stosowane w projektach FTTX i centrach transmisji danych<\/li>\n<\/ul>\n","protected":false},"featured_media":15047,"template":"","meta":{"site-sidebar-layout":"default","site-content-layout":"default","ast-site-content-layout":"default","site-content-style":"default","site-sidebar-style":"default","ast-global-header-display":"","ast-banner-title-visibility":"","ast-main-header-display":"","ast-hfb-above-header-display":"","ast-hfb-below-header-display":"","ast-hfb-mobile-header-display":"","site-post-title":"","ast-breadcrumbs-content":"","ast-featured-img":"","footer-sml-layout":"","ast-disable-related-posts":"","theme-transparent-header-meta":"default","adv-header-id-meta":"","stick-header-meta":"default","header-above-stick-meta":"","header-main-stick-meta":"","header-below-stick-meta":"","astra-migrate-meta-layouts":"set","ast-page-background-enabled":"default","ast-page-background-meta":{"desktop":{"background-color":"","background-image":"","background-repeat":"repeat","background-position":"center center","background-size":"auto","background-attachment":"scroll","background-type":"","background-media":"","overlay-type":"","overlay-color":"","overlay-opacity":"","overlay-gradient":""},"tablet":{"background-color":"","background-image":"","background-repeat":"repeat","background-position":"center center","background-size":"auto","background-attachment":"scroll","background-type":"","background-media":"","overlay-type":"","overlay-color":"","overlay-opacity":"","overlay-gradient":""},"mobile":{"background-color":"","background-image":"","background-repeat":"repeat","background-position":"center center","background-size":"auto","background-attachment":"scroll","background-type":"","background-media":"","overlay-type":"","overlay-color":"","overlay-opacity":"","overlay-gradient":""}},"ast-content-background-meta":{"desktop":{"background-color":"var(--ast-global-color-5)","background-image":"","background-repeat":"repeat","background-position":"center center","background-size":"auto","background-attachment":"scroll","background-type":"","background-media":"","overlay-type":"","overlay-color":"","overlay-opacity":"","overlay-gradient":""},"tablet":{"background-color":"var(--ast-global-color-5)","background-image":"","background-repeat":"repeat","background-position":"center center","background-size":"auto","background-attachment":"scroll","background-type":"","background-media":"","overlay-type":"","overlay-color":"","overlay-opacity":"","overlay-gradient":""},"mobile":{"background-color":"var(--ast-global-color-5)","background-image":"","background-repeat":"repeat","background-position":"center center","background-size":"auto","background-attachment":"scroll","background-type":"","background-media":"","overlay-type":"","overlay-color":"","overlay-opacity":"","overlay-gradient":""}}},"product_brand":[],"product_cat":[284],"product_tag":[],"class_list":{"0":"post-21079","1":"product","2":"type-product","3":"status-publish","4":"has-post-thumbnail","6":"product_cat-plc-splitter-pl","7":"pa_configuration-1x16-pl","8":"pa_splitter-type-montaz-w-szafie","9":"desktop-align-left","10":"tablet-align-left","11":"mobile-align-left","12":"ast-product-gallery-layout-vertical","13":"ast-product-gallery-with-no-image","14":"ast-product-tabs-layout-vertical","15":"ast-qv-on-image","17":"first","18":"instock","19":"shipping-taxable","20":"product-type-simple"},"_links":{"self":[{"href":"https:\/\/www.bonelinks.com\/pl\/wp-json\/wp\/v2\/product\/21079","targetHints":{"allow":["GET"]}}],"collection":[{"href":"https:\/\/www.bonelinks.com\/pl\/wp-json\/wp\/v2\/product"}],"about":[{"href":"https:\/\/www.bonelinks.com\/pl\/wp-json\/wp\/v2\/types\/product"}],"version-history":[{"count":3,"href":"https:\/\/www.bonelinks.com\/pl\/wp-json\/wp\/v2\/product\/21079\/revisions"}],"predecessor-version":[{"id":25728,"href":"https:\/\/www.bonelinks.com\/pl\/wp-json\/wp\/v2\/product\/21079\/revisions\/25728"}],"wp:featuredmedia":[{"embeddable":true,"href":"https:\/\/www.bonelinks.com\/pl\/wp-json\/wp\/v2\/media\/15047"}],"wp:attachment":[{"href":"https:\/\/www.bonelinks.com\/pl\/wp-json\/wp\/v2\/media?parent=21079"}],"wp:term":[{"taxonomy":"product_brand","embeddable":true,"href":"https:\/\/www.bonelinks.com\/pl\/wp-json\/wp\/v2\/product_brand?post=21079"},{"taxonomy":"product_cat","embeddable":true,"href":"https:\/\/www.bonelinks.com\/pl\/wp-json\/wp\/v2\/product_cat?post=21079"},{"taxonomy":"product_tag","embeddable":true,"href":"https:\/\/www.bonelinks.com\/pl\/wp-json\/wp\/v2\/product_tag?post=21079"}],"curies":[{"name":"wp","href":"https:\/\/api.w.org\/{rel}","templated":true}]}}