{"id":21044,"date":"2023-07-17T23:21:52","date_gmt":"2023-07-18T07:21:52","guid":{"rendered":"https:\/\/www.bonelinks.com\/product\/rozdzielacz-swiatlowodowy-1x2-plc-typ-wtykowy\/"},"modified":"2024-02-08T06:50:47","modified_gmt":"2024-02-08T14:50:47","slug":"1x2-plc-fiber-splitter-plug-in-type","status":"publish","type":"product","link":"https:\/\/www.bonelinks.com\/pl\/product\/1x2-plc-fiber-splitter-plug-in-type\/","title":{"rendered":"Rozdzielacz \u015bwiat\u0142owodowy 1&#215;2 PLC, typ wtykowy"},"content":{"rendered":"<h1 style=\"text-align: left; font-size: 18px;\"><span style=\"color: #000000;\"><strong> 1X2 Cassette Plug-In Fiber PLC Splitter <\/strong><\/span><\/h1>\n<ul>\n<li><strong>Kasetowy rozdzielacz optyczny 1&#215;2 z r\u00f3wnomiern\u0105<\/strong>dystrybucj\u0105 sygna\u0142u <strong><br \/>\nOferowany produkt to rozdzielacz optyczny 1&#215;2 z jednym wej\u015bciem i dwoma wyj\u015bciami, zapewniaj\u0105cy r\u00f3wnomiern\u0105 dystrybucj\u0119 sygna\u0142u z 50% moc\u0105 na ka\u017cdym wyj\u015bciu.<\/strong> Jest on zamkni\u0119ty w obudowie kasetowej, a wej\u015bcia i wyj\u015bcia s\u0105 wst\u0119pnie pod\u0142\u0105czone do adapter\u00f3w. Produkt oferuje opcje adapter\u00f3w wej\u015bciowych i wyj\u015bciowych SC i LC w Bonelinks.<\/li>\n<li><strong>Rozga\u0142\u0119\u017anik PLC (Planar Lightwave Circuit) do wydajnego zarz\u0105dzania moc\u0105 optyczn\u0105<\/strong><br \/>\nRozdzielacz PLC (Planar Lightwave Circuit) to urz\u0105dzenie do zarz\u0105dzania moc\u0105 optyczn\u0105, kt\u00f3re wykorzystuje technologi\u0119 krzemionkowego falowodu optycznego. Charakteryzuje si\u0119 niewielkimi rozmiarami, wysok\u0105 niezawodno\u015bci\u0105 i szerokim zakresem d\u0142ugo\u015bci fali. Rozga\u0142\u0119\u017anik PLC zosta\u0142 zaprojektowany do rozdzielania lub \u0142\u0105czenia sygna\u0142\u00f3w optycznych przy minimalnych stratach, zapewniaj\u0105c wydajn\u0105 dystrybucj\u0119 sygna\u0142u w r\u00f3\u017cnych zastosowaniach.<\/li>\n<li><strong>Wtykowy rozdzielacz \u015bwiat\u0142owodowy kasetowy PLC do \u0142atwej integracji z sieci\u0105<\/strong><br \/>\nWtykowy, kasetowy rozdzielacz \u015bwiat\u0142owodowy PLC oferuje wygodn\u0105 metod\u0119 integracji z sieci\u0105 typu plug-and-play, eliminuj\u0105c potrzeb\u0119 rozleg\u0142ych prac terenowych i zmniejszaj\u0105c zapotrzebowanie na wysoko wykwalifikowane \u0142\u0105czenie \u015bwiat\u0142owod\u00f3w. Ten typ rozga\u0142\u0119\u017anika jest stosowany g\u0142\u00f3wnie w systemach FTTX w punktach dost\u0119powych u\u017cytkownika i mo\u017ce by\u0107 instalowany w skrzynkach rozdzielczych \u015bwiat\u0142owod\u00f3w wyposa\u017conych w p\u0142yty wtykowe.<\/li>\n<li><strong>Wszechstronne rozga\u0142\u0119\u017aniki \u015bwiat\u0142owodowe o doskona\u0142ej wydajno\u015bci<\/strong><br \/>\nNasze rozga\u0142\u0119\u017aniki \u015bwiat\u0142owodowe s\u0105 dost\u0119pne w szerokiej gamie styl\u00f3w i rozmiar\u00f3w dostosowanych do r\u00f3\u017cnych zastosowa\u0144. Umo\u017cliwiaj\u0105 one wydajne rozdzielanie lub \u0142\u0105czenie sygna\u0142\u00f3w \u015bwietlnych przy minimalnych stratach. Nasze rozga\u0142\u0119\u017aniki mo\u017cna dostosowa\u0107 pod wzgl\u0119dem d\u0142ugo\u015bci \u015bwiat\u0142owodu i typu z\u0142\u0105cza, zapewniaj\u0105c kompatybilno\u015b\u0107 z okre\u015blonymi konfiguracjami sieci. Wszystkie nasze rozga\u0142\u0119\u017aniki zosta\u0142y zaprojektowane tak, aby zapewni\u0107 doskona\u0142\u0105 wydajno\u015b\u0107 optyczn\u0105, wysok\u0105 stabilno\u015b\u0107 i niezawodno\u015b\u0107, spe\u0142niaj\u0105c wymagania r\u00f3\u017cnych aplikacji.<\/li>\n<\/ul>\n<h2 style=\"text-align: left; font-size: 18px;\"><strong>Cechy<\/strong><\/h2>\n<ul>\n<li>Kompaktowa konstrukcja, \u0142atwa instalacja<\/li>\n<li>Doskona\u0142e parametry optyczne, szeroki zakres d\u0142ugo\u015bci fal roboczych<\/li>\n<li>Dobra jednorodno\u015b\u0107 i niskie straty wtr\u0105ceniowe<\/li>\n<li>Niskie straty zale\u017cne od polaryzacji<\/li>\n<li>Doskona\u0142a jednorodno\u015b\u0107 kana\u0142u<\/li>\n<li>Doskona\u0142a stabilno\u015b\u0107 \u015brodowiskowa<\/li>\n<\/ul>\n<h2 style=\"text-align: left; font-size: 18px;\"><strong>Zastosowania<\/strong><\/h2>\n<ul>\n<li>Systemy FTTX<\/li>\n<li>Sieci PON<\/li>\n<li>\u0141\u0105cza CATV<\/li>\n<li>Dystrybucja sygna\u0142u optycznego<\/li>\n<\/ul>\n<h2 style=\"text-align: left; font-size: 18px;\"><strong>Szukasz wi\u0119cej rozdzielaczy PLC?<\/strong><\/h2>\n<p>Potrzebujesz wi\u0119cej opcji dla rozga\u0142\u0119\u017anik\u00f3w \u015bwiat\u0142owodowych? Zapoznaj si\u0119 z nasz\u0105 ofert\u0105<a title=\"Wtykowy rozdzielacz PLC\" href=\"https:\/\/www.bonelinks.com\/pl\/plug-in-plc-splitter\/\" target=\"_blank\" rel=\"noopener\"><strong><span style=\"color: #0054a6;\"> Wtykowy rozdzielacz PLC, <\/span><\/strong><\/a><a href=\"https:\/\/www.bonelinks.com\/pl\/fiber-optic-splitter-1x2\/\" target=\"_blank\" rel=\"noopener\"><strong><span style=\"color: #0054a6;\">Splitter \u015bwiat\u0142owodowy 1&#215;2 <\/span><\/strong><\/a>dla p\u0142ynnej pracy w sieci.<\/p>\n<p><strong>Po\u0142\u0105cz si\u0119 z nami!<\/strong><br \/>\nJe\u015bli masz problem ze znalezieniem odpowiedniego <span style=\"color: #0054a6;\"><strong><a style=\"color: #0054a6;\" href=\"https:\/\/www.bonelinks.com\/pl\/china-ftth-plc-splitter-supplier\/\" target=\"_blank\" rel=\"noopener\">Splitter \u015bwiat\u0142owodowy <\/a><\/strong><\/span>dla swoich potrzeb lub potrzebujesz porady eksperta, wystarczy jedno klikni\u0119cie i mo\u017cesz<a href=\"https:\/\/www.bonelinks.com\/pl\/contact-us\/\" target=\"_blank\" rel=\"noopener\"><strong><span style=\"color: #0054a6;\"> porozmawia\u0107 z nami <\/span><\/strong><\/a>w kilka sekund. Twoje zadowolenie jest naszym priorytetem. Jeste\u015bmy gotowi pom\u00f3c Ci pod ka\u017cdym wzgl\u0119dem. <strong>Nie martw si\u0119, nadmierne my\u015blenie nie jest wymagane. Jeste\u015bmy tutaj, gotowi do pomocy.<\/strong><\/p>\n<ul>\n<li>Sprzeda\u017c detaliczna lub hurtowa &#8211; mamy wszystko pod kontrol\u0105!<\/li>\n<li>Nie wiesz co kupi\u0107? Oferujemy porady ekspert\u00f3w.<\/li>\n<li>Ma\u0142e MOQ: Nie musisz kupowa\u0107 wi\u0119cej ni\u017c chcesz.<\/li>\n<li>Konkurencyjne ceny: Uzyskaj \u015bwietn\u0105 warto\u015b\u0107 za ka\u017cdym razem.<\/li>\n<li>Szybka dostawa: Twoja szybko\u015b\u0107, nasz priorytet.<\/li>\n<li>Zorientowanie na klienta: Dostosowujemy nasze us\u0142ugi do Twoich potrzeb.<\/li>\n<\/ul>\n","protected":false},"excerpt":{"rendered":"<p>Rozdzielacz \u015bwiat\u0142owodowy 1 \u00d7 2 typu kasetowego PLC ma konstrukcj\u0119 typu plug-and-play, kt\u00f3ra umo\u017cliwia szybkie wdro\u017cenie \u015bwiat\u0142owodu bez konieczno\u015bci stosowania maszyny do \u0142\u0105czenia. Rozga\u0142\u0119\u017anik typu plug-in oszcz\u0119dza czas i miejsce, zapewniaj\u0105c jednocze\u015bnie niezawodn\u0105 ochron\u0119 kabla \u015bwiat\u0142owodowego. Zazwyczaj jest on instalowany w montowanych na \u015bcianie skrzynkach FTTH, aby u\u0142atwi\u0107 dystrybucj\u0119 sygna\u0142u \u015bwiat\u0142owodowego.<\/p>\n<ul>\n<li>Rozga\u0142\u0119\u017aniki optyczne 1&#215;2 PLC<\/li>\n<li>Jednolita dystrybucja sygna\u0142u optycznego<\/li>\n<li>Kompaktowa obudowa pasuje do szaf, skrzynek na\u015bciennych, optycznych skrzynek rozdzielczych itp.<\/li>\n<li>Szeroko stosowane w projektach FTTX i centrach transmisji danych<\/li>\n<\/ul>\n","protected":false},"featured_media":15132,"template":"","meta":{"site-sidebar-layout":"default","site-content-layout":"default","ast-site-content-layout":"default","site-content-style":"default","site-sidebar-style":"default","ast-global-header-display":"","ast-banner-title-visibility":"","ast-main-header-display":"","ast-hfb-above-header-display":"","ast-hfb-below-header-display":"","ast-hfb-mobile-header-display":"","site-post-title":"","ast-breadcrumbs-content":"","ast-featured-img":"","footer-sml-layout":"","ast-disable-related-posts":"","theme-transparent-header-meta":"default","adv-header-id-meta":"","stick-header-meta":"default","header-above-stick-meta":"","header-main-stick-meta":"","header-below-stick-meta":"","astra-migrate-meta-layouts":"set","ast-page-background-enabled":"default","ast-page-background-meta":{"desktop":{"background-color":"","background-image":"","background-repeat":"repeat","background-position":"center center","background-size":"auto","background-attachment":"scroll","background-type":"","background-media":"","overlay-type":"","overlay-color":"","overlay-opacity":"","overlay-gradient":""},"tablet":{"background-color":"","background-image":"","background-repeat":"repeat","background-position":"center center","background-size":"auto","background-attachment":"scroll","background-type":"","background-media":"","overlay-type":"","overlay-color":"","overlay-opacity":"","overlay-gradient":""},"mobile":{"background-color":"","background-image":"","background-repeat":"repeat","background-position":"center center","background-size":"auto","background-attachment":"scroll","background-type":"","background-media":"","overlay-type":"","overlay-color":"","overlay-opacity":"","overlay-gradient":""}},"ast-content-background-meta":{"desktop":{"background-color":"var(--ast-global-color-5)","background-image":"","background-repeat":"repeat","background-position":"center center","background-size":"auto","background-attachment":"scroll","background-type":"","background-media":"","overlay-type":"","overlay-color":"","overlay-opacity":"","overlay-gradient":""},"tablet":{"background-color":"var(--ast-global-color-5)","background-image":"","background-repeat":"repeat","background-position":"center center","background-size":"auto","background-attachment":"scroll","background-type":"","background-media":"","overlay-type":"","overlay-color":"","overlay-opacity":"","overlay-gradient":""},"mobile":{"background-color":"var(--ast-global-color-5)","background-image":"","background-repeat":"repeat","background-position":"center center","background-size":"auto","background-attachment":"scroll","background-type":"","background-media":"","overlay-type":"","overlay-color":"","overlay-opacity":"","overlay-gradient":""}}},"product_brand":[],"product_cat":[284],"product_tag":[],"class_list":{"0":"post-21044","1":"product","2":"type-product","3":"status-publish","4":"has-post-thumbnail","6":"product_cat-plc-splitter-pl","7":"pa_configuration-1x2-pl","8":"pa_splitter-type-wtyczka","9":"desktop-align-left","10":"tablet-align-left","11":"mobile-align-left","12":"ast-product-gallery-layout-vertical","13":"ast-product-gallery-with-no-image","14":"ast-product-tabs-layout-vertical","15":"ast-qv-on-image","17":"first","18":"instock","19":"shipping-taxable","20":"product-type-simple"},"_links":{"self":[{"href":"https:\/\/www.bonelinks.com\/pl\/wp-json\/wp\/v2\/product\/21044","targetHints":{"allow":["GET"]}}],"collection":[{"href":"https:\/\/www.bonelinks.com\/pl\/wp-json\/wp\/v2\/product"}],"about":[{"href":"https:\/\/www.bonelinks.com\/pl\/wp-json\/wp\/v2\/types\/product"}],"version-history":[{"count":3,"href":"https:\/\/www.bonelinks.com\/pl\/wp-json\/wp\/v2\/product\/21044\/revisions"}],"predecessor-version":[{"id":25723,"href":"https:\/\/www.bonelinks.com\/pl\/wp-json\/wp\/v2\/product\/21044\/revisions\/25723"}],"wp:featuredmedia":[{"embeddable":true,"href":"https:\/\/www.bonelinks.com\/pl\/wp-json\/wp\/v2\/media\/15132"}],"wp:attachment":[{"href":"https:\/\/www.bonelinks.com\/pl\/wp-json\/wp\/v2\/media?parent=21044"}],"wp:term":[{"taxonomy":"product_brand","embeddable":true,"href":"https:\/\/www.bonelinks.com\/pl\/wp-json\/wp\/v2\/product_brand?post=21044"},{"taxonomy":"product_cat","embeddable":true,"href":"https:\/\/www.bonelinks.com\/pl\/wp-json\/wp\/v2\/product_cat?post=21044"},{"taxonomy":"product_tag","embeddable":true,"href":"https:\/\/www.bonelinks.com\/pl\/wp-json\/wp\/v2\/product_tag?post=21044"}],"curies":[{"name":"wp","href":"https:\/\/api.w.org\/{rel}","templated":true}]}}