{"id":20992,"date":"2023-09-27T17:52:50","date_gmt":"2023-09-28T01:52:50","guid":{"rendered":"https:\/\/www.bonelinks.com\/product\/wojskowy-taktyczny-kabel-swiatlowodowy\/"},"modified":"2024-02-08T06:43:23","modified_gmt":"2024-02-08T14:43:23","slug":"military-tactical-fiber-optic-patch-cable","status":"publish","type":"product","link":"https:\/\/www.bonelinks.com\/pl\/product\/military-tactical-fiber-optic-patch-cable\/","title":{"rendered":"Wojskowy taktyczny kabel \u015bwiat\u0142owodowy"},"content":{"rendered":"<h2 style=\"text-align: left; font-size: 18px;\"><strong>Wodoodporny kabel \u015bwiat\u0142owodowy IP65 LC\/UPC z 2 rdzeniami<\/strong><\/h2>\n<p>Zewn\u0119trzne komunikacyjne stacje bazowe umieszczone w ca\u0142orocznych mokrych lub deszczowych obszarach maj\u0105 du\u017ce zapotrzebowanie na wodoodporne kable po\u0142\u0105czeniowe o wysokiej wodoodporno\u015bci i doskona\u0142ych w\u0142a\u015bciwo\u015bciach mechanicznych, kt\u00f3re mog\u0105 pasowa\u0107 do g\u0142\u00f3wnego nurtu Nokia, Ericsson, Cisco, Huawei i innych producent\u00f3w sprz\u0119tu komunikacyjnego w \u015brodowisku zewn\u0119trznym, zapewniaj\u0105c stabilne i niezawodne po\u0142\u0105czenia transmisji sygna\u0142u z BBU \/ DU do modu\u0142\u00f3w komunikacyjnych stacji bazowych segmentu RRU \/ AAU. W zwi\u0105zku z tym, kabel \u015bwiat\u0142owodowy bez opancerzenia o w\u0142a\u015bciwo\u015bciach zmniejszaj\u0105cych palno\u015b\u0107 i dobrych w\u0142a\u015bciwo\u015bciach mechanicznych jest wst\u0119pnie zako\u0144czony wodoodpornymi z\u0142\u0105czami \u015bwiat\u0142owodowymi IP65 zaprojektowanymi i wyprodukowanymi do \u0142\u0105czenia modu\u0142\u00f3w optycznych lub innych port\u00f3w urz\u0105dze\u0144 w r\u00f3\u017cnych trybach BBU \/ DU.<\/p>\n<p>Wodoodporny \u015bwiat\u0142owodowy kabel krosowy sk\u0142ada si\u0119 g\u0142\u00f3wnie z wodoodpornych z\u0142\u0105czy \u015bwiat\u0142owodowych LC klasy IP65 i niezbrojonego polowego kabla \u015bwiat\u0142owodowego, kt\u00f3rego zasada dzia\u0142ania polega na wst\u0119pnym zako\u0144czeniu dw\u00f3ch ko\u0144c\u00f3w odcinka kabla \u015bwiat\u0142owodowego wodoodpornymi z\u0142\u0105czami \u015bwiat\u0142owodowymi. W przeciwie\u0144stwie do zwyk\u0142ych z\u0142\u0105czy \u015bwiat\u0142owodowych kabli krosowych, wst\u0119pnie zako\u0144czone z\u0142\u0105cze na kablu polowym wykorzystuje spiraln\u0105 tulej\u0119 ogonow\u0105 z wodoodpornym pier\u015bcieniem uszczelniaj\u0105cym z tworzywa sztucznego. Gdy z\u0142\u0105cze LC lub SC jest wst\u0119pnie zako\u0144czone wewn\u0105trz wodoodpornego z\u0142\u0105cza, ca\u0142y wodoodporny kabel krosowy mo\u017ce by\u0107 u\u017cywany po sparowaniu ze sprz\u0119tem komunikacyjnej stacji bazowej, wystarczy otworzy\u0107 wodoodporn\u0105 pokryw\u0119 z\u0142\u0105cza, w\u0142o\u017cy\u0107 z\u0142\u0105cze do odpowiedniego otworu urz\u0105dzenia, a nast\u0119pnie dokr\u0119ci\u0107 wodoodporn\u0105 obudow\u0119 z\u0142\u0105cza za pomoc\u0105 gwint\u00f3w wewn\u0119trznych, aby przymocowa\u0107 koniec urz\u0105dzenia.<\/p>\n<p>Proces produkcji wodoodpornego kabla krosowego ip65 polega najpierw na odci\u0119ciu odpowiedniej d\u0142ugo\u015bci kabla \u015bwiat\u0142owodowego i wyodr\u0119bnieniu z niego kabla podrz\u0119dnego, a nast\u0119pnie oderwaniu jego zewn\u0119trznej pow\u0142oki i warstwy pow\u0142oki; nast\u0119pnie w\u0142\u00f3\u017c go\u0142e w\u0142\u00f3kno do z\u0142\u0105cza \u015bwiat\u0142owodowego LC lub SC wype\u0142nionego sta\u0142ym klejem, poprzez utwardzanie, zaciskanie, szlifowanie, aby zako\u0144czy\u0107 zako\u0144czenie kabla \u015bwiat\u0142owodowego i z\u0142\u0105cza. Jednak\u017ce, gdy ca\u0142y kabel \u015bwiat\u0142owodowy jest wst\u0119pnie zako\u0144czony i wyprodukowany, konieczne jest dalsze testowanie, czy powierzchnia czo\u0142owa z\u0142\u0105cza b\u0119dzie brudna, czy kabel \u015bwiat\u0142owodowy mo\u017ce przesy\u0142a\u0107 sygna\u0142y przez \u015bwiat\u0142o, czy warto\u015b\u0107 strat ca\u0142ego kabla krosowego spe\u0142nia wymagan\u0105 norm\u0119 i czy warto\u015b\u0107 testu 3D spe\u0142nia norm\u0119. Je\u015bli kt\u00f3rekolwiek z danych testowych s\u0105 nieprawid\u0142owe, ca\u0142y gotowy przew\u00f3d krosowy musi zosta\u0107 przerobiony lub nawet ponownie wyprodukowany. Po tym, jak wszystkie parametry testowe spe\u0142ni\u0105 wymagane normy, produkt zostanie zapakowany i do\u0142\u0105czony do niego raport z test\u00f3w, aby ka\u017cdy z instalator\u00f3w i u\u017cytkownik\u00f3w kabla \u015bwiat\u0142owodowego m\u00f3g\u0142 zrozumie\u0107 wydajno\u015b\u0107 gotowego produktu i przetestowa\u0107 szybko\u015b\u0107 transmisji ca\u0142ego \u0142\u0105cza.<\/p>\n<h2 style=\"text-align: left; font-size: 18px;\"><strong>Cecha wodoodpornego kabla \u015bwiat\u0142owodowego IP65 LC\/UPC z 2 rdzeniami<\/strong><\/h2>\n<ul>\n<li>Wodoodporno\u015b\u0107 zgodnie z norm\u0105 IP65.<\/li>\n<li>Zbudowany z wytrzyma\u0142ej, szczelnie buforowanej konstrukcji \u015bwiat\u0142owodowej dla maksymalnej trwa\u0142o\u015bci, nawet w trudnych warunkach, takich jak zgniatanie, uderzenia i najechanie przez pojazd.<\/li>\n<li>Spe\u0142nia rygorystyczne wojskowe standardy kwalifikacji kabli taktycznych.<\/li>\n<li>Oferuje wysok\u0105 wytrzyma\u0142o\u015b\u0107 na rozci\u0105ganie dla mocnych po\u0142\u0105cze\u0144 z wojskowymi z\u0142\u0105czami taktycznymi.<\/li>\n<\/ul>\n<h2 style=\"text-align: left; font-size: 18px;\"><strong>Szukasz wi\u0119cej opcji kabli \u015bwiat\u0142owodowych?<\/strong><\/h2>\n<p>Szukasz wi\u0119kszego wyboru kabli \u015bwiat\u0142owodowych? Sprawd\u017a nasze <span style=\"color: #0054a6;\"><strong><a style=\"color: #0054a6;\" href=\"https:\/\/www.bonelinks.com\/pl\/lc-fibre-patch-leads\/\" target=\"_blank\" rel=\"noopener\">Kable krosowe \u015bwiat\u0142owodowe LC, <\/a><a style=\"color: #0054a6;\" href=\"https:\/\/www.bonelinks.com\/pl\/lc-to-lc-fiber-patch-cable\/\" target=\"_blank\" rel=\"noopener\">Kable krosowe \u015bwiat\u0142owodowe LC, <\/a><\/strong><\/span><strong><span style=\"color: #0054a6;\"><a style=\"color: #0054a6;\" href=\"https:\/\/www.bonelinks.com\/pl\/ruggedised-fibre-patch-leads\/\" target=\"_blank\" rel=\"noopener\">Wzmocnione kable krosowe \u015bwiat\u0142owodowe <\/a><\/span><\/strong>zapewniaj\u0105ce p\u0142ynn\u0105 prac\u0119 w sieci.<\/p>\n<p>Je\u015bli nie mo\u017cesz znale\u017a\u0107 dok\u0142adnie takiego kabla, jakiego szukasz, mo\u017cesz \u0142atwo stworzy\u0107 <strong><a href=\"https:\/\/www.bonelinks.com\/pl\/custom-fiber-optic-cables\/\" target=\"_blank\" rel=\"noopener\">niestandardowe kable \u015bwiat<\/a> <\/strong>\u0142owodowe. Mo\u017cesz wybra\u0107 typ kabla, d\u0142ugo\u015b\u0107, z\u0142\u0105cza, modalno\u015b\u0107, liczb\u0119 \u017cy\u0142 i rodzaj p\u0142aszcza, a my wyprodukujemy go zgodnie z Twoimi specyfikacjami.<\/p>\n<p>Zapewniamy, \u017ce nasze ceny s\u0105 konkurencyjne i mamy mo\u017cliwo\u015b\u0107 dostosowania minimalnej ilo\u015bci zam\u00f3wienia (MOQ).<\/p>\n<p>Je\u015bli potrzebujesz innej pomocy, skontaktuj si\u0119 z nami, a nasz zesp\u00f3\u0142 wsparcia pomo\u017ce Ci znale\u017a\u0107 idealne rozwi\u0105zanie w zakresie kabli \u015bwiat\u0142owodowych, kt\u00f3re spe\u0142ni Twoje wymagania.<\/p>\n","protected":false},"excerpt":{"rendered":"<p>Nasze kable \u015bwiat\u0142owodowe MIL-TAC Military Tactical Fiber Optic Cables s\u0105 przeznaczone do trudnych zastosowa\u0144 zewn\u0119trznych, oferuj\u0105c wyj\u0105tkow\u0105 wytrzyma\u0142o\u015b\u0107, lekko\u015b\u0107 i trwa\u0142o\u015b\u0107. S\u0142u\u017c\u0105 one zar\u00f3wno potrzebom wojskowym, jak i komercyjnym, przesz\u0142y rygorystyczne testy i s\u0105 wdra\u017cane na ca\u0142ym \u015bwiecie w wojskowej transmisji danych. Mo\u017cna je dostosowa\u0107 do konkretnych potrzeb aplikacji za pomoc\u0105 wst\u0119pnie zako\u0144czonych z\u0142\u0105czy na rozwijanych szpulach.<\/p>\n","protected":false},"featured_media":19402,"template":"","meta":{"site-sidebar-layout":"default","site-content-layout":"default","ast-site-content-layout":"default","site-content-style":"default","site-sidebar-style":"default","ast-global-header-display":"","ast-banner-title-visibility":"","ast-main-header-display":"","ast-hfb-above-header-display":"","ast-hfb-below-header-display":"","ast-hfb-mobile-header-display":"","site-post-title":"","ast-breadcrumbs-content":"","ast-featured-img":"","footer-sml-layout":"","ast-disable-related-posts":"","theme-transparent-header-meta":"default","adv-header-id-meta":"","stick-header-meta":"default","header-above-stick-meta":"","header-main-stick-meta":"","header-below-stick-meta":"","astra-migrate-meta-layouts":"set","ast-page-background-enabled":"default","ast-page-background-meta":{"desktop":{"background-color":"","background-image":"","background-repeat":"repeat","background-position":"center center","background-size":"auto","background-attachment":"scroll","background-type":"","background-media":"","overlay-type":"","overlay-color":"","overlay-opacity":"","overlay-gradient":""},"tablet":{"background-color":"","background-image":"","background-repeat":"repeat","background-position":"center center","background-size":"auto","background-attachment":"scroll","background-type":"","background-media":"","overlay-type":"","overlay-color":"","overlay-opacity":"","overlay-gradient":""},"mobile":{"background-color":"","background-image":"","background-repeat":"repeat","background-position":"center center","background-size":"auto","background-attachment":"scroll","background-type":"","background-media":"","overlay-type":"","overlay-color":"","overlay-opacity":"","overlay-gradient":""}},"ast-content-background-meta":{"desktop":{"background-color":"var(--ast-global-color-5)","background-image":"","background-repeat":"repeat","background-position":"center center","background-size":"auto","background-attachment":"scroll","background-type":"","background-media":"","overlay-type":"","overlay-color":"","overlay-opacity":"","overlay-gradient":""},"tablet":{"background-color":"var(--ast-global-color-5)","background-image":"","background-repeat":"repeat","background-position":"center center","background-size":"auto","background-attachment":"scroll","background-type":"","background-media":"","overlay-type":"","overlay-color":"","overlay-opacity":"","overlay-gradient":""},"mobile":{"background-color":"var(--ast-global-color-5)","background-image":"","background-repeat":"repeat","background-position":"center center","background-size":"auto","background-attachment":"scroll","background-type":"","background-media":"","overlay-type":"","overlay-color":"","overlay-opacity":"","overlay-gradient":""}}},"product_brand":[],"product_cat":[236,246,243],"product_tag":[],"class_list":{"0":"post-20992","1":"product","2":"type-product","3":"status-publish","4":"has-post-thumbnail","6":"product_cat-fiber-patch-cord-pl","7":"product_cat-single-mode-fiber-patch-cord-pl","8":"product_cat-lc-fiber-patch-cord-pl","9":"desktop-align-left","10":"tablet-align-left","11":"mobile-align-left","12":"ast-product-gallery-layout-vertical","13":"ast-product-gallery-with-no-image","14":"ast-product-tabs-layout-vertical","15":"ast-qv-on-image","17":"first","18":"instock","19":"shipping-taxable","20":"product-type-simple"},"_links":{"self":[{"href":"https:\/\/www.bonelinks.com\/pl\/wp-json\/wp\/v2\/product\/20992","targetHints":{"allow":["GET"]}}],"collection":[{"href":"https:\/\/www.bonelinks.com\/pl\/wp-json\/wp\/v2\/product"}],"about":[{"href":"https:\/\/www.bonelinks.com\/pl\/wp-json\/wp\/v2\/types\/product"}],"version-history":[{"count":3,"href":"https:\/\/www.bonelinks.com\/pl\/wp-json\/wp\/v2\/product\/20992\/revisions"}],"predecessor-version":[{"id":25709,"href":"https:\/\/www.bonelinks.com\/pl\/wp-json\/wp\/v2\/product\/20992\/revisions\/25709"}],"wp:featuredmedia":[{"embeddable":true,"href":"https:\/\/www.bonelinks.com\/pl\/wp-json\/wp\/v2\/media\/19402"}],"wp:attachment":[{"href":"https:\/\/www.bonelinks.com\/pl\/wp-json\/wp\/v2\/media?parent=20992"}],"wp:term":[{"taxonomy":"product_brand","embeddable":true,"href":"https:\/\/www.bonelinks.com\/pl\/wp-json\/wp\/v2\/product_brand?post=20992"},{"taxonomy":"product_cat","embeddable":true,"href":"https:\/\/www.bonelinks.com\/pl\/wp-json\/wp\/v2\/product_cat?post=20992"},{"taxonomy":"product_tag","embeddable":true,"href":"https:\/\/www.bonelinks.com\/pl\/wp-json\/wp\/v2\/product_tag?post=20992"}],"curies":[{"name":"wp","href":"https:\/\/api.w.org\/{rel}","templated":true}]}}