{"id":20933,"date":"2023-11-02T03:08:05","date_gmt":"2023-11-02T11:08:05","guid":{"rendered":"https:\/\/www.bonelinks.com\/product\/kabel-swiatlowodowy-lc-lc-625-125-wielomodowy-om1-1gb-duplex\/"},"modified":"2024-02-08T06:30:56","modified_gmt":"2024-02-08T14:30:56","slug":"lc-lc-fiber-patch-cable-62-5-125-multimode-om1-1gb-duplex","status":"publish","type":"product","link":"https:\/\/www.bonelinks.com\/pl\/product\/lc-lc-fiber-patch-cable-62-5-125-multimode-om1-1gb-duplex\/","title":{"rendered":"Kabel \u015bwiat\u0142owodowy LC LC 62,5\/125 wielomodowy OM1 1Gb Duplex"},"content":{"rendered":"<p><strong>Szukasz wi\u0119cej opcji kabli \u015bwiat\u0142owodowych?<\/strong><br \/>\nSzukasz wi\u0119kszego wyboru kabli \u015bwiat\u0142owodowych? Sprawd\u017a nasze <span style=\"color: #0054a6;\"><strong><a style=\"color: #0054a6;\" href=\"https:\/\/www.bonelinks.com\/pl\/lc-fibre-patch-leads\/\" target=\"_blank\" rel=\"noopener\">Kable krosowe \u015bwiat\u0142owodowe LC, <\/a><a style=\"color: #0054a6;\" href=\"https:\/\/www.bonelinks.com\/pl\/lc-to-lc-fiber-patch-cable\/\" target=\"_blank\" rel=\"noopener\">Kable krosowe \u015bwiat\u0142owodowe LC, <\/a><\/strong><\/span><strong><span style=\"color: #0054a6;\"><a style=\"color: #0054a6;\" href=\"https:\/\/www.bonelinks.com\/pl\/multimode-fibre-patch-leads\/\" target=\"_blank\" rel=\"noopener\">Kable \u015bwiat\u0142owodowe wielomodowe <\/a><\/span><\/strong>zapewniaj\u0105ce p\u0142ynn\u0105 prac\u0119 w sieci.<\/p>\n<p>Je\u015bli nie mo\u017cesz znale\u017a\u0107 dok\u0142adnie takiego kabla, jakiego szukasz, mo\u017cesz \u0142atwo stworzy\u0107 <strong><a href=\"https:\/\/www.bonelinks.com\/pl\/custom-fiber-optic-cables\/\" target=\"_blank\" rel=\"noopener\">niestandardowe kable \u015bwiat<\/a> <\/strong>\u0142owodowe. Mo\u017cesz wybra\u0107 typ kabla, d\u0142ugo\u015b\u0107, z\u0142\u0105cza, modalno\u015b\u0107, liczb\u0119 \u017cy\u0142 i rodzaj p\u0142aszcza, a my wyprodukujemy go zgodnie z Twoimi specyfikacjami.<\/p>\n<p>Zapewniamy, \u017ce nasze ceny s\u0105 konkurencyjne i mamy mo\u017cliwo\u015b\u0107 dostosowania minimalnej ilo\u015bci zam\u00f3wienia (MOQ).<\/p>\n<p>Je\u015bli potrzebujesz innej pomocy, skontaktuj si\u0119 z nami, a nasz zesp\u00f3\u0142 wsparcia pomo\u017ce Ci znale\u017a\u0107 idealne rozwi\u0105zanie w zakresie kabli \u015bwiat\u0142owodowych, kt\u00f3re spe\u0142ni Twoje wymagania.<\/p>\n","protected":false},"excerpt":{"rendered":"<p>LC LC Kabel \u015bwiat\u0142owodowy 62,5\/125 wielomodowy OM1 1Gb Duplex Monta\u017c. Te \u015bwiat\u0142owodowe kable krosowe zosta\u0142y zaprojektowane z my\u015bl\u0105 o oszcz\u0119dno\u015bciach miejsca i s\u0105 wyposa\u017cone w z\u0142\u0105cza LC o niewielkich rozmiarach (SFF) z ceramicznymi tulejkami 1,25 mm i zaciskami LC duplex. Oferuj\u0105 one wysok\u0105 przepustowo\u015b\u0107 dzi\u0119ki \u015bwiat\u0142owodowi wielomodowemu 62,5 \u03bcm (MMF), zapewniaj\u0105c niezawodn\u0105 transmisj\u0119 danych z du\u017c\u0105 pr\u0119dko\u015bci\u0105 1\/10 Gb\/s przy minimalnych stratach sygna\u0142u. Kable te s\u0105 \u0142atwe do zidentyfikowania dzi\u0119ki pomara\u0144czowemu p\u0142aszczowi OFNR i maj\u0105 niewielk\u0105 \u015brednic\u0119 zewn\u0119trzn\u0105 2,0 mm, dzi\u0119ki czemu s\u0105 wygodne i praktyczne w r\u00f3\u017cnych instalacjach.<\/p>\n","protected":false},"featured_media":0,"template":"","meta":{"site-sidebar-layout":"default","site-content-layout":"default","ast-site-content-layout":"default","site-content-style":"default","site-sidebar-style":"default","ast-global-header-display":"","ast-banner-title-visibility":"","ast-main-header-display":"","ast-hfb-above-header-display":"","ast-hfb-below-header-display":"","ast-hfb-mobile-header-display":"","site-post-title":"","ast-breadcrumbs-content":"","ast-featured-img":"","footer-sml-layout":"","ast-disable-related-posts":"","theme-transparent-header-meta":"default","adv-header-id-meta":"","stick-header-meta":"default","header-above-stick-meta":"","header-main-stick-meta":"","header-below-stick-meta":"","astra-migrate-meta-layouts":"set","ast-page-background-enabled":"default","ast-page-background-meta":{"desktop":{"background-color":"","background-image":"","background-repeat":"repeat","background-position":"center center","background-size":"auto","background-attachment":"scroll","background-type":"","background-media":"","overlay-type":"","overlay-color":"","overlay-opacity":"","overlay-gradient":""},"tablet":{"background-color":"","background-image":"","background-repeat":"repeat","background-position":"center center","background-size":"auto","background-attachment":"scroll","background-type":"","background-media":"","overlay-type":"","overlay-color":"","overlay-opacity":"","overlay-gradient":""},"mobile":{"background-color":"","background-image":"","background-repeat":"repeat","background-position":"center center","background-size":"auto","background-attachment":"scroll","background-type":"","background-media":"","overlay-type":"","overlay-color":"","overlay-opacity":"","overlay-gradient":""}},"ast-content-background-meta":{"desktop":{"background-color":"var(--ast-global-color-5)","background-image":"","background-repeat":"repeat","background-position":"center center","background-size":"auto","background-attachment":"scroll","background-type":"","background-media":"","overlay-type":"","overlay-color":"","overlay-opacity":"","overlay-gradient":""},"tablet":{"background-color":"var(--ast-global-color-5)","background-image":"","background-repeat":"repeat","background-position":"center center","background-size":"auto","background-attachment":"scroll","background-type":"","background-media":"","overlay-type":"","overlay-color":"","overlay-opacity":"","overlay-gradient":""},"mobile":{"background-color":"var(--ast-global-color-5)","background-image":"","background-repeat":"repeat","background-position":"center center","background-size":"auto","background-attachment":"scroll","background-type":"","background-media":"","overlay-type":"","overlay-color":"","overlay-opacity":"","overlay-gradient":""}}},"product_brand":[],"product_cat":[236,243,238],"product_tag":[],"class_list":{"0":"post-20933","1":"product","2":"type-product","3":"status-publish","5":"product_cat-fiber-patch-cord-pl","6":"product_cat-lc-fiber-patch-cord-pl","7":"product_cat-multimode-fiber-patch-cord-pl","8":"desktop-align-left","9":"tablet-align-left","10":"mobile-align-left","11":"ast-product-gallery-layout-vertical","12":"ast-product-gallery-with-no-image","13":"ast-product-tabs-layout-vertical","14":"ast-qv-on-image","16":"first","17":"instock","18":"shipping-taxable","19":"product-type-simple"},"_links":{"self":[{"href":"https:\/\/www.bonelinks.com\/pl\/wp-json\/wp\/v2\/product\/20933","targetHints":{"allow":["GET"]}}],"collection":[{"href":"https:\/\/www.bonelinks.com\/pl\/wp-json\/wp\/v2\/product"}],"about":[{"href":"https:\/\/www.bonelinks.com\/pl\/wp-json\/wp\/v2\/types\/product"}],"version-history":[{"count":3,"href":"https:\/\/www.bonelinks.com\/pl\/wp-json\/wp\/v2\/product\/20933\/revisions"}],"predecessor-version":[{"id":25683,"href":"https:\/\/www.bonelinks.com\/pl\/wp-json\/wp\/v2\/product\/20933\/revisions\/25683"}],"wp:attachment":[{"href":"https:\/\/www.bonelinks.com\/pl\/wp-json\/wp\/v2\/media?parent=20933"}],"wp:term":[{"taxonomy":"product_brand","embeddable":true,"href":"https:\/\/www.bonelinks.com\/pl\/wp-json\/wp\/v2\/product_brand?post=20933"},{"taxonomy":"product_cat","embeddable":true,"href":"https:\/\/www.bonelinks.com\/pl\/wp-json\/wp\/v2\/product_cat?post=20933"},{"taxonomy":"product_tag","embeddable":true,"href":"https:\/\/www.bonelinks.com\/pl\/wp-json\/wp\/v2\/product_tag?post=20933"}],"curies":[{"name":"wp","href":"https:\/\/api.w.org\/{rel}","templated":true}]}}