{"id":20929,"date":"2023-10-29T19:24:56","date_gmt":"2023-10-30T03:24:56","guid":{"rendered":"https:\/\/www.bonelinks.com\/product\/mtp-mpo-do-mtp-mpo-12-zylowy-kabel-krosowy-om3-wielomodowy-10-gb\/"},"modified":"2024-02-08T06:32:15","modified_gmt":"2024-02-08T14:32:15","slug":"mtp-mpo-to-mtp-mpo-12-strand-multi-fiber-patch-cable-om3-multimode","status":"publish","type":"product","link":"https:\/\/www.bonelinks.com\/pl\/product\/mtp-mpo-to-mtp-mpo-12-strand-multi-fiber-patch-cable-om3-multimode\/","title":{"rendered":"MTP\/MPO do MTP\/MPO 12-\u017cy\u0142owy kabel krosowy OM3 wielomodowy 10 Gb"},"content":{"rendered":"<h1 style=\"text-align: left; font-size: 18px;\"><strong>OM3 MTP\/MPO do MTP\/MPO 12-\u017cy\u0142owy \u017ce\u0144ski kabel krosowy wielow\u0142\u00f3knowy 10G<\/strong><\/h1>\n<p>Jest to 12-\u017cy\u0142owy wielow\u0142\u00f3knowy kabel krosowy ze z\u0142\u0105czami OM3 MPO\/MTP do MTP\/MPO. Jest to \u015bwiat\u0142ow\u00f3d OFNP Plenum Rated i posiada rdzenie\/ok\u0142adziny \u015bwiat\u0142owodowe Corning 10Gb Multimode 50\/125. Z\u0142\u0105cze 1 jest wyposa\u017cone w \u017ce\u0144skie z\u0142\u0105cze MTP (bez styk\u00f3w) z wielow\u0142\u00f3knowym stykiem typu push-on, podczas gdy z\u0142\u0105cze 2 r\u00f3wnie\u017c wykorzystuje \u017ce\u0144skie z\u0142\u0105cze MTP (bez styk\u00f3w) z wielow\u0142\u00f3knowym stykiem typu push-on, zapewniaj\u0105c niezawodn\u0105 \u0142\u0105czno\u015b\u0107 w kompaktowych \u015brodowiskach kabli \u015bwiat\u0142owodowych o du\u017cej g\u0119sto\u015bci. Ka\u017cde z\u0142\u0105cze wielow\u0142\u00f3knowe MPO\/MTP sk\u0142ada si\u0119 z 12 w\u0142\u00f3kien \u015bwiat\u0142owodowych 50\/125.<\/p>\n<h2 style=\"text-align: left; font-size: 18px;\"><strong>Metoda polaryzacji B dla 12-\u017cy\u0142owego wielow\u0142\u00f3knowego kabla krosowego OM3 MTP\/MPO do MTP\/MPO<\/strong><\/h2>\n<p>Ten \u015bwiat\u0142owodowy kabel krosowy MTP\/MPO jest zgodny z metod\u0105 polaryzacji typu B, powszechnie przyj\u0119t\u0105 konfiguracj\u0105. Metoda B wykorzystuje z\u0142\u0105cza typu key-up na obu ko\u0144cach, zapewniaj\u0105c, \u017ce pozycja \u015bwiat\u0142owodu 1 (Tx) na jednym ko\u0144cu odpowiada pozycji 12 (Rx) na drugim ko\u0144cu, pozycja 2 (Rx) wyr\u00f3wnuje si\u0119 z pozycj\u0105 11 (Tx) i tak dalej.<\/p>\n<p>Ka\u017cdy zesp\u00f3\u0142 kabla \u015bwiat\u0142owodowego Bonelinks jest indywidualnie testowany, a wyniki test\u00f3w s\u0105 dost\u0119pne na \u017c\u0105danie. Oferujemy do\u017cywotni\u0105 gwarancj\u0119 na wszystkie nasze produkty.<\/p>\n<h2 style=\"text-align: left; font-size: 18px;\"><strong>Szukasz wi\u0119cej opcji kabli MTP\/MPO?<\/strong><\/h2>\n<p>Potrzebujesz wi\u0119cej opcji kabli MTP\/MPO? Zapoznaj si\u0119 z nasz\u0105 ofert\u0105 <span style=\"color: #0054a6;\"><strong><a style=\"color: #0054a6;\" href=\"https:\/\/www.bonelinks.com\/pl\/mpo-12-fiber-cable\/\" target=\"_blank\" rel=\"noopener\">12-w\u0142\u00f3knowych kabli MTP\/MPO,<\/a><\/strong><\/span>\u00a0<a href=\"https:\/\/www.bonelinks.com\/pl\/mpo-trunk-cable\/\" target=\"_blank\" rel=\"noopener\"><strong><span style=\"color: #0054a6;\">Kable \u015bwiat\u0142owodowe MPO do MPO\/MTP do MTP<\/span><\/strong> <\/a>zapewniaj\u0105cych p\u0142ynn\u0105 prac\u0119 w sieci.<\/p>\n<p>Szukasz niestandardowych i specjalnie zaprojektowanych kabli krosowych MPO? Zapoznaj si\u0119 z nasz\u0105 dedykowan\u0105 sekcj\u0105<a href=\"https:\/\/www.bonelinks.com\/pl\/custom-fiber-optic-cables\/\" target=\"_blank\" rel=\"noopener\"><span style=\"color: #0054a6;\"><strong> Niestandardowe kable \u015bwiat\u0142owodowe <\/strong><\/span><\/a>w celu uzyskania dopasowanych rozwi\u0105za\u0144 w zakresie \u0142\u0105czno\u015bci.<\/p>\n<ul>\n<li>Sprzeda\u017c detaliczna lub hurtowa &#8211; mamy wszystko pod kontrol\u0105!<\/li>\n<li>Nie wiesz co kupi\u0107? Oferujemy porady ekspert\u00f3w.<\/li>\n<li>Ma\u0142e MOQ: Nie musisz kupowa\u0107 wi\u0119cej ni\u017c chcesz.<\/li>\n<li>Konkurencyjne ceny: Uzyskaj \u015bwietn\u0105 warto\u015b\u0107 za ka\u017cdym razem.<\/li>\n<li>Szybka dostawa: Twoja szybko\u015b\u0107, nasz priorytet.<\/li>\n<li>Zorientowanie na klienta: Dostosowujemy nasze us\u0142ugi do Twoich potrzeb.<\/li>\n<\/ul>\n<p><strong>Po\u0142\u0105cz si\u0119 z nami!<\/strong><br \/>\nJedno klikni\u0119cie i mo\u017cesz<a href=\"https:\/\/www.bonelinks.com\/pl\/contact-us\/\" target=\"_blank\" rel=\"noopener\"><strong><span style=\"color: #0054a6;\"> czatowa\u0107 z nami <\/span><\/strong><\/a>w kilka sekund. Twoje zadowolenie jest naszym priorytetem. Jeste\u015bmy gotowi pom\u00f3c Ci pod ka\u017cdym wzgl\u0119dem. <strong>Nie martw si\u0119, nadmierne my\u015blenie nie jest wymagane. Jeste\u015bmy tutaj, gotowi do pomocy.<\/strong><\/p>\n","protected":false},"excerpt":{"rendered":"<p>Kabel krosowy MTP\/MPO do MTP\/MPO 12-\u017cy\u0142owy, wielow\u0142\u00f3knowy OM3, wyposa\u017cony w z\u0142\u0105cza \u017ce\u0144skie MTP do MTP (bez styk\u00f3w). Wykorzystuje on wielomodowe rdzenie \u015bwiat\u0142owodowe OFNP 50\/125 10 Gb Corning z ok\u0142adzin\u0105 125 mikron\u00f3w i zawiera 12 wielomodowych nici \u015bwiat\u0142owodowych OM3. Kabel jest wyposa\u017cony w z\u0142\u0105cza \u015bwiat\u0142owodowe MPO 12 na obu ko\u0144cach, co czyni go optycznym kablem krosowym o wysokiej g\u0119sto\u015bci, wykorzystuj\u0105cym 12 rdzeni \u015bwiat\u0142owodowych LOMMF (Laser-Optimized Multimode Fiber) o przepustowo\u015bci 10 Gb.<\/p>\n","protected":false},"featured_media":17912,"template":"","meta":{"site-sidebar-layout":"default","site-content-layout":"default","ast-site-content-layout":"default","site-content-style":"default","site-sidebar-style":"default","ast-global-header-display":"","ast-banner-title-visibility":"","ast-main-header-display":"","ast-hfb-above-header-display":"","ast-hfb-below-header-display":"","ast-hfb-mobile-header-display":"","site-post-title":"","ast-breadcrumbs-content":"","ast-featured-img":"","footer-sml-layout":"","ast-disable-related-posts":"","theme-transparent-header-meta":"default","adv-header-id-meta":"","stick-header-meta":"default","header-above-stick-meta":"","header-main-stick-meta":"","header-below-stick-meta":"","astra-migrate-meta-layouts":"set","ast-page-background-enabled":"default","ast-page-background-meta":{"desktop":{"background-color":"","background-image":"","background-repeat":"repeat","background-position":"center center","background-size":"auto","background-attachment":"scroll","background-type":"","background-media":"","overlay-type":"","overlay-color":"","overlay-opacity":"","overlay-gradient":""},"tablet":{"background-color":"","background-image":"","background-repeat":"repeat","background-position":"center center","background-size":"auto","background-attachment":"scroll","background-type":"","background-media":"","overlay-type":"","overlay-color":"","overlay-opacity":"","overlay-gradient":""},"mobile":{"background-color":"","background-image":"","background-repeat":"repeat","background-position":"center center","background-size":"auto","background-attachment":"scroll","background-type":"","background-media":"","overlay-type":"","overlay-color":"","overlay-opacity":"","overlay-gradient":""}},"ast-content-background-meta":{"desktop":{"background-color":"var(--ast-global-color-5)","background-image":"","background-repeat":"repeat","background-position":"center center","background-size":"auto","background-attachment":"scroll","background-type":"","background-media":"","overlay-type":"","overlay-color":"","overlay-opacity":"","overlay-gradient":""},"tablet":{"background-color":"var(--ast-global-color-5)","background-image":"","background-repeat":"repeat","background-position":"center center","background-size":"auto","background-attachment":"scroll","background-type":"","background-media":"","overlay-type":"","overlay-color":"","overlay-opacity":"","overlay-gradient":""},"mobile":{"background-color":"var(--ast-global-color-5)","background-image":"","background-repeat":"repeat","background-position":"center center","background-size":"auto","background-attachment":"scroll","background-type":"","background-media":"","overlay-type":"","overlay-color":"","overlay-opacity":"","overlay-gradient":""}}},"product_brand":[],"product_cat":[236,238,259],"product_tag":[],"class_list":{"0":"post-20929","1":"product","2":"type-product","3":"status-publish","4":"has-post-thumbnail","6":"product_cat-fiber-patch-cord-pl","7":"product_cat-multimode-fiber-patch-cord-pl","8":"product_cat-mpo-patch-cord-pl","9":"desktop-align-left","10":"tablet-align-left","11":"mobile-align-left","12":"ast-product-gallery-layout-vertical","13":"ast-product-gallery-with-no-image","14":"ast-product-tabs-layout-vertical","15":"ast-qv-on-image","17":"first","18":"instock","19":"shipping-taxable","20":"product-type-simple"},"_links":{"self":[{"href":"https:\/\/www.bonelinks.com\/pl\/wp-json\/wp\/v2\/product\/20929","targetHints":{"allow":["GET"]}}],"collection":[{"href":"https:\/\/www.bonelinks.com\/pl\/wp-json\/wp\/v2\/product"}],"about":[{"href":"https:\/\/www.bonelinks.com\/pl\/wp-json\/wp\/v2\/types\/product"}],"version-history":[{"count":3,"href":"https:\/\/www.bonelinks.com\/pl\/wp-json\/wp\/v2\/product\/20929\/revisions"}],"predecessor-version":[{"id":25685,"href":"https:\/\/www.bonelinks.com\/pl\/wp-json\/wp\/v2\/product\/20929\/revisions\/25685"}],"wp:featuredmedia":[{"embeddable":true,"href":"https:\/\/www.bonelinks.com\/pl\/wp-json\/wp\/v2\/media\/17912"}],"wp:attachment":[{"href":"https:\/\/www.bonelinks.com\/pl\/wp-json\/wp\/v2\/media?parent=20929"}],"wp:term":[{"taxonomy":"product_brand","embeddable":true,"href":"https:\/\/www.bonelinks.com\/pl\/wp-json\/wp\/v2\/product_brand?post=20929"},{"taxonomy":"product_cat","embeddable":true,"href":"https:\/\/www.bonelinks.com\/pl\/wp-json\/wp\/v2\/product_cat?post=20929"},{"taxonomy":"product_tag","embeddable":true,"href":"https:\/\/www.bonelinks.com\/pl\/wp-json\/wp\/v2\/product_tag?post=20929"}],"curies":[{"name":"wp","href":"https:\/\/api.w.org\/{rel}","templated":true}]}}