{"id":20927,"date":"2023-11-02T18:14:04","date_gmt":"2023-11-03T02:14:04","guid":{"rendered":"https:\/\/www.bonelinks.com\/product\/om3-50-125-st-st-wielomodowy-dupleksowy-swiatlowodowy-kabel-patch-10g\/"},"modified":"2024-02-08T06:28:35","modified_gmt":"2024-02-08T14:28:35","slug":"om3-50-125-st-st-multimode-duplex-fiber-patch-cable-10g","status":"publish","type":"product","link":"https:\/\/www.bonelinks.com\/pl\/product\/om3-50-125-st-st-multimode-duplex-fiber-patch-cable-10g\/","title":{"rendered":"OM3 50\/125 ST ST Wielomodowy Dupleksowy \u015awiat\u0142owodowy Kabel Patch 10G"},"content":{"rendered":"<h1 style=\"text-align: left; font-size: 18px;\"><strong>Kabel \u015bwiat\u0142owodowy OM3 50\/125 wielomodowy ST ST Duplex<br \/>\n<\/strong><\/h1>\n<p>Jest to kabel \u015bwiat\u0142owodowy OM3 ST do ST 10 Gig 50\/125 Multimode Duplex wyposa\u017cony w \u015bwiat\u0142ow\u00f3d Corning. Kabel zosta\u0142 zaprojektowany na 300 metr\u00f3w przy 10Gb\/850nm i jest wst\u0119pnie zako\u0144czony mocnymi z\u0142\u0105czami ST ze stali nierdzewnej. Jest to wytrzyma\u0142y \u015bwiat\u0142owodowy kabel krosowy typu zip-cord w kolorze aqua, o \u015brednicy zewn\u0119trznej 3,0 mm i p\u0142aszczu z PVC OFNR, przeznaczony do stosowania w pionowych \u015bcie\u017ckach, szybach i przestrzeniach mi\u0119dzypi\u0119trowych w budynkach.<\/p>\n<p>Ka\u017cdy wielomodowy kabel \u015bwiat\u0142owodowy OM3 ST\/ST 50\/125 zam\u00f3wiony w Bonelinks przechodzi indywidualne testy, a na \u017cyczenie mo\u017cemy dostarczy\u0107 wyniki test\u00f3w. Ponadto oferujemy do\u017cywotni\u0105 gwarancj\u0119 na wszystkie nasze produkty.<\/p>\n<p>Dost\u0119pne s\u0105 r\u00f3\u017cne d\u0142ugo\u015bci kabli \u015bwiat\u0142owodowych OM3 ST\/ST, w tym 0,5 metra, 1 metr, 2 metry, 3 metry, 4 metry, 5 metr\u00f3w, 6 metr\u00f3w, 7 metr\u00f3w, 8 metr\u00f3w, 9 metr\u00f3w, 10 metr\u00f3w, 12 metr\u00f3w, 15 metr\u00f3w, 20 metr\u00f3w, 25 metr\u00f3w, 30 metr\u00f3w, 35 metr\u00f3w, 40 metr\u00f3w, 45 metr\u00f3w, 50 metr\u00f3w, 55 metr\u00f3w, 60 metr\u00f3w, 65 metr\u00f3w, 70 metr\u00f3w, 75 metr\u00f3w, 80 metr\u00f3w, 85 metr\u00f3w, 90 metr\u00f3w, 95 metr\u00f3w, 100 metr\u00f3w, 125 metr\u00f3w, 150 metr\u00f3w, 200 metr\u00f3w, 250 metr\u00f3w i 300 metr\u00f3w.<\/p>\n<h2 style=\"text-align: left; font-size: 18px;\"><strong>Szukasz wi\u0119cej opcji kabli \u015bwiat\u0142owodowych?<\/strong><\/h2>\n<p>Potrzebujesz wi\u0119cej opcji kabli \u015bwiat\u0142owodowych? Zapoznaj si\u0119 z nasz\u0105 ofert\u0105 <a title=\"Kable krosowe \u015bwiat\u0142owodowe ST\" href=\"https:\/\/www.bonelinks.com\/pl\/st-fibre-patch-leads\/\" target=\"_blank\" rel=\"noopener\"><strong><span style=\"color: #0054a6;\">Kable krosowe \u015bwiat\u0142owodowe ST,<\/span><\/strong> <\/a><strong><br \/>\n<span style=\"color: #0054a6;\"><a style=\"color: #0054a6;\" href=\"https:\/\/www.bonelinks.com\/pl\/multimode-fibre-patch-leads\/\" target=\"_blank\" rel=\"noopener\">Kable krosowe \u015bwiat\u0142owodowe wielomodowe <\/a><\/span><\/strong>dla bezproblemowej pracy w sieci.<\/p>\n<p>Szukasz niestandardowych i specjalnie zaprojektowanych kabli \u015bwiat\u0142owodowych? Zapoznaj si\u0119 z nasz\u0105 dedykowan\u0105 sekcj\u0105<a href=\"https:\/\/www.bonelinks.com\/pl\/custom-fiber-optic-cables\/\" target=\"_blank\" rel=\"noopener\"><span style=\"color: #0054a6;\"><strong> Niestandardowe kable \u015bwiat\u0142owodowe <\/strong><\/span><\/a>w celu uzyskania dopasowanych rozwi\u0105za\u0144 w zakresie \u0142\u0105czno\u015bci.<\/p>\n<ul>\n<li>Sprzeda\u017c detaliczna lub hurtowa &#8211; mamy wszystko pod kontrol\u0105!<\/li>\n<li>Nie wiesz co kupi\u0107? Oferujemy porady ekspert\u00f3w.<\/li>\n<li>Ma\u0142e MOQ: Nie musisz kupowa\u0107 wi\u0119cej ni\u017c chcesz.<\/li>\n<li>Konkurencyjne ceny: Uzyskaj \u015bwietn\u0105 warto\u015b\u0107 za ka\u017cdym razem.<\/li>\n<li>Szybka dostawa: Twoja szybko\u015b\u0107, nasz priorytet.<\/li>\n<li>Zorientowanie na klienta: Dostosowujemy nasze us\u0142ugi do Twoich potrzeb.<\/li>\n<\/ul>\n<p><strong>Po\u0142\u0105cz si\u0119 z nami!<\/strong><br \/>\nJe\u015bli masz problem ze znalezieniem odpowiedniego <span style=\"color: #0054a6;\"><strong><a style=\"color: #0054a6;\" href=\"https:\/\/www.bonelinks.com\/pl\/fiber-optic-patch-cord-supplier\/\" target=\"_blank\" rel=\"noopener\">\u015bwiat\u0142owodowego kabla krosowego <\/a><\/strong><\/span>do swoich potrzeb lub potrzebujesz porady eksperta, wystarczy jedno klikni\u0119cie i mo\u017cesz<a href=\"https:\/\/www.bonelinks.com\/pl\/contact-us\/\" target=\"_blank\" rel=\"noopener\"><strong><span style=\"color: #0054a6;\"> porozmawia\u0107 z nami <\/span><\/strong><\/a>w kilka sekund. Twoje zadowolenie jest naszym priorytetem. Jeste\u015bmy gotowi pom\u00f3c Ci pod ka\u017cdym wzgl\u0119dem. <strong>Nie martw si\u0119, nadmierne my\u015blenie nie jest wymagane. Jeste\u015bmy tutaj, gotowi do pomocy.<\/strong><\/p>\n","protected":false},"excerpt":{"rendered":"<p>Kabel \u015bwiat\u0142owodowy OM3 50\/125 ST ST Multimode Duplex 10G. Kabel \u015bwiat\u0142owodowy typu zip-cord w kolorze Aqua z solidnymi z\u0142\u0105czami ST ze stali nierdzewnej do zastosowa\u0144 wielomodowych duplex. Kabel ma \u015brednic\u0119 zewn\u0119trzn\u0105 3,0 mm i jest zamkni\u0119ty w p\u0142aszczu PVC OFNR Riser Rated.<\/p>\n","protected":false},"featured_media":0,"template":"","meta":{"site-sidebar-layout":"default","site-content-layout":"default","ast-site-content-layout":"default","site-content-style":"default","site-sidebar-style":"default","ast-global-header-display":"","ast-banner-title-visibility":"","ast-main-header-display":"","ast-hfb-above-header-display":"","ast-hfb-below-header-display":"","ast-hfb-mobile-header-display":"","site-post-title":"","ast-breadcrumbs-content":"","ast-featured-img":"","footer-sml-layout":"","ast-disable-related-posts":"","theme-transparent-header-meta":"default","adv-header-id-meta":"","stick-header-meta":"default","header-above-stick-meta":"","header-main-stick-meta":"","header-below-stick-meta":"","astra-migrate-meta-layouts":"set","ast-page-background-enabled":"default","ast-page-background-meta":{"desktop":{"background-color":"","background-image":"","background-repeat":"repeat","background-position":"center center","background-size":"auto","background-attachment":"scroll","background-type":"","background-media":"","overlay-type":"","overlay-color":"","overlay-opacity":"","overlay-gradient":""},"tablet":{"background-color":"","background-image":"","background-repeat":"repeat","background-position":"center center","background-size":"auto","background-attachment":"scroll","background-type":"","background-media":"","overlay-type":"","overlay-color":"","overlay-opacity":"","overlay-gradient":""},"mobile":{"background-color":"","background-image":"","background-repeat":"repeat","background-position":"center center","background-size":"auto","background-attachment":"scroll","background-type":"","background-media":"","overlay-type":"","overlay-color":"","overlay-opacity":"","overlay-gradient":""}},"ast-content-background-meta":{"desktop":{"background-color":"var(--ast-global-color-5)","background-image":"","background-repeat":"repeat","background-position":"center center","background-size":"auto","background-attachment":"scroll","background-type":"","background-media":"","overlay-type":"","overlay-color":"","overlay-opacity":"","overlay-gradient":""},"tablet":{"background-color":"var(--ast-global-color-5)","background-image":"","background-repeat":"repeat","background-position":"center center","background-size":"auto","background-attachment":"scroll","background-type":"","background-media":"","overlay-type":"","overlay-color":"","overlay-opacity":"","overlay-gradient":""},"mobile":{"background-color":"var(--ast-global-color-5)","background-image":"","background-repeat":"repeat","background-position":"center center","background-size":"auto","background-attachment":"scroll","background-type":"","background-media":"","overlay-type":"","overlay-color":"","overlay-opacity":"","overlay-gradient":""}}},"product_brand":[],"product_cat":[236,264,238],"product_tag":[],"class_list":{"0":"post-20927","1":"product","2":"type-product","3":"status-publish","5":"product_cat-fiber-patch-cord-pl","6":"product_cat-st-fiber-patch-cord-pl","7":"product_cat-multimode-fiber-patch-cord-pl","8":"desktop-align-left","9":"tablet-align-left","10":"mobile-align-left","11":"ast-product-gallery-layout-vertical","12":"ast-product-gallery-with-no-image","13":"ast-product-tabs-layout-vertical","14":"ast-qv-on-image","16":"first","17":"instock","18":"shipping-taxable","19":"product-type-simple"},"_links":{"self":[{"href":"https:\/\/www.bonelinks.com\/pl\/wp-json\/wp\/v2\/product\/20927","targetHints":{"allow":["GET"]}}],"collection":[{"href":"https:\/\/www.bonelinks.com\/pl\/wp-json\/wp\/v2\/product"}],"about":[{"href":"https:\/\/www.bonelinks.com\/pl\/wp-json\/wp\/v2\/types\/product"}],"version-history":[{"count":3,"href":"https:\/\/www.bonelinks.com\/pl\/wp-json\/wp\/v2\/product\/20927\/revisions"}],"predecessor-version":[{"id":25679,"href":"https:\/\/www.bonelinks.com\/pl\/wp-json\/wp\/v2\/product\/20927\/revisions\/25679"}],"wp:attachment":[{"href":"https:\/\/www.bonelinks.com\/pl\/wp-json\/wp\/v2\/media?parent=20927"}],"wp:term":[{"taxonomy":"product_brand","embeddable":true,"href":"https:\/\/www.bonelinks.com\/pl\/wp-json\/wp\/v2\/product_brand?post=20927"},{"taxonomy":"product_cat","embeddable":true,"href":"https:\/\/www.bonelinks.com\/pl\/wp-json\/wp\/v2\/product_cat?post=20927"},{"taxonomy":"product_tag","embeddable":true,"href":"https:\/\/www.bonelinks.com\/pl\/wp-json\/wp\/v2\/product_tag?post=20927"}],"curies":[{"name":"wp","href":"https:\/\/api.w.org\/{rel}","templated":true}]}}