{"id":20915,"date":"2023-10-27T19:48:42","date_gmt":"2023-10-28T03:48:42","guid":{"rendered":"https:\/\/www.bonelinks.com\/product\/kabel-mtp-mpo-lc-breakout-8-fiber-om3-10g-multi-fiber-fanout\/"},"modified":"2024-02-08T06:34:57","modified_gmt":"2024-02-08T14:34:57","slug":"mtp-mpo-lc-breakout-cable-8-fiber-om3-10g-multi-fiber-fanout","status":"publish","type":"product","link":"https:\/\/www.bonelinks.com\/pl\/product\/mtp-mpo-lc-breakout-cable-8-fiber-om3-10g-multi-fiber-fanout\/","title":{"rendered":"Kabel MTP\/MPO LC Breakout 8 Fiber OM3 10G Multi-Fiber Fanout"},"content":{"rendered":"<h1 style=\"text-align: left; font-size: 18px;\"><strong>Kabel \u015bwiat\u0142owodowy OM3 MTP\/MPO LC 8 10G Multi-Fiber Fanout<\/strong><\/h1>\n<p>Przedstawiamy wielow\u0142\u00f3knowy zesp\u00f3\u0142 rozga\u0142\u0119ziaj\u0105cy OM3 MPO\/MTP\u00ae do LC 8, z ocen\u0105 OFNP Plenum i rdzeniami\/ok\u0142adzinami \u015bwiat\u0142owodowymi 10Gb Multimode 50\/125 Corning. Z\u0142\u0105cze 1 jest fachowo zako\u0144czone z\u0142\u0105czem wielow\u0142\u00f3knowym typu push-on kompatybilnym z MTP\u00ae MPO, podczas gdy z\u0142\u0105cze 2 jest zako\u0144czone 8 ceramicznymi z\u0142\u0105czami kabli \u015bwiat\u0142owodowych LC. Te z\u0142\u0105cza LC Simplex s\u0105 wyposa\u017cone w ceramiczne tuleje 1,25 mm, zapewniaj\u0105ce precyzyjne wyr\u00f3wnanie rdzenia \u015bwiat\u0142owodu i niezawodn\u0105 \u0142\u0105czno\u015b\u0107 w kompaktowej obudowie zaprojektowanej do wydajnego zarz\u0105dzania w \u015brodowiskach o du\u017cej g\u0119sto\u015bci kabli.<\/p>\n<p>Dzi\u0119ki 8 pojedynczym z\u0142\u0105czom LC Simplex zesp\u00f3\u0142 ten zapewnia r\u00f3wnowa\u017cn\u0105 funkcjonalno\u015b\u0107 4 z\u0142\u0105cz \u015bwiat\u0142owodowych Duplex. Wielow\u0142\u00f3knowe z\u0142\u0105cze MPO\/MTP, wyposa\u017cone w 8 rdzeni \u015bwiat\u0142owodowych 50\/125, fachowo dzieli si\u0119 na 8 pojedynczych kabli \u015bwiat\u0142owodowych simplex na przeciwleg\u0142ym ko\u0144cu 8-w\u0142\u00f3knowego zespo\u0142u dystrybucyjnego. Ka\u017cdy z naszych przewod\u00f3w po\u0142\u0105czeniowych Simplex w kolorze Aqua jest wyposa\u017cony w p\u0142aszcz o \u015brednicy zewn\u0119trznej 2,0 mm, aby zapewni\u0107 niezawodn\u0105 ochron\u0119 przed zak\u0142\u00f3ceniami elektromagnetycznymi.<\/p>\n<p>W Bonelinks powa\u017cnie traktujemy jako\u015b\u0107. Ka\u017cdy zam\u00f3wiony u nas zesp\u00f3\u0142 kabla \u015bwiat\u0142owodowego jest poddawany indywidualnym testom, a na \u017cyczenie z przyjemno\u015bci\u0105 udost\u0119pniamy wyniki test\u00f3w. Aby zapewni\u0107 jeszcze wi\u0119ksz\u0105 pewno\u015b\u0107, wszystkie nasze produkty s\u0105 obj\u0119te kompleksow\u0105 do\u017cywotni\u0105 gwarancj\u0105.<\/p>\n<h2 style=\"text-align: left; font-size: 18px;\"><strong>Szukasz wi\u0119cej opcji kabli MTP\/MPO?<\/strong><\/h2>\n<p>Potrzebujesz wi\u0119cej opcji kabli MTP\/MPO? Zapoznaj si\u0119 z nasz\u0105 ofert\u0105 <span style=\"color: #0054a6;\"><strong><a style=\"color: #0054a6;\" href=\"https:\/\/www.bonelinks.com\/pl\/8-fiber-mpo-cable\/\" target=\"_blank\" rel=\"noopener\">8-\u015bwiat\u0142owodowych kabli MTP\/MPO,<\/a><\/strong><\/span>\u00a0<a href=\"https:\/\/www.bonelinks.com\/pl\/mpo-breakout-cable\/\" target=\"_blank\" rel=\"noopener\"><strong><span style=\"color: #0054a6;\">Kable MPO\/MTP do LC Breakout<\/span><\/strong> <\/a>dla p\u0142ynnej pracy w sieci.<\/p>\n<p>Szukasz niestandardowych i specjalnie zaprojektowanych kabli krosowych MPO? Zapoznaj si\u0119 z nasz\u0105 dedykowan\u0105 sekcj\u0105<a href=\"https:\/\/www.bonelinks.com\/pl\/custom-fiber-optic-cables\/\" target=\"_blank\" rel=\"noopener\"><span style=\"color: #0054a6;\"><strong> Niestandardowe kable \u015bwiat\u0142owodowe <\/strong><\/span><\/a>w celu uzyskania dopasowanych rozwi\u0105za\u0144 w zakresie \u0142\u0105czno\u015bci.<\/p>\n<ul>\n<li>Sprzeda\u017c detaliczna lub hurtowa &#8211; mamy wszystko pod kontrol\u0105!<\/li>\n<li>Nie wiesz co kupi\u0107? Oferujemy porady ekspert\u00f3w.<\/li>\n<li>Ma\u0142e MOQ: Nie musisz kupowa\u0107 wi\u0119cej ni\u017c chcesz.<\/li>\n<li>Konkurencyjne ceny: Uzyskaj \u015bwietn\u0105 warto\u015b\u0107 za ka\u017cdym razem.<\/li>\n<li>Szybka dostawa: Twoja szybko\u015b\u0107, nasz priorytet.<\/li>\n<li>Zorientowanie na klienta: Dostosowujemy nasze us\u0142ugi do Twoich potrzeb.<\/li>\n<\/ul>\n<p><strong>Po\u0142\u0105cz si\u0119 z nami!<\/strong><br \/>\nJedno klikni\u0119cie i mo\u017cesz<a href=\"https:\/\/www.bonelinks.com\/pl\/contact-us\/\" target=\"_blank\" rel=\"noopener\"><strong><span style=\"color: #0054a6;\"> czatowa\u0107 z nami <\/span><\/strong><\/a>w kilka sekund. Twoje zadowolenie jest naszym priorytetem. Jeste\u015bmy gotowi pom\u00f3c Ci pod ka\u017cdym wzgl\u0119dem. <strong>Nie martw si\u0119, nadmierne my\u015blenie nie jest wymagane. Jeste\u015bmy tutaj, gotowi do pomocy.<\/strong><\/p>\n","protected":false},"excerpt":{"rendered":"<p>Typ kabla: 8 Fiber MTP\u00ae\/MPO Breakout<br \/>\nZesp\u00f3\u0142 prze\u0142\u0105czaj\u0105cy: OM3 MPO do \u015bwiat\u0142owodu 8xLC Simplex<br \/>\nZnamionowy: OFNP Plenum Rated<br \/>\nTyp w\u0142\u00f3kna: Wielow\u0142\u00f3knowy MPO\/MTP, wysoka g\u0119sto\u015b\u0107<br \/>\nPo\u0142\u0105czenie: Dystrybuuje do 8 z\u0142\u0105czy \u015bwiat\u0142owodowych LC Simplex, ka\u017cde z p\u0142aszczem w kolorze aqua o grubo\u015bci 2,0 mm.<br \/>\nTyp z\u0142\u0105cza: Z\u0142\u0105cze \u015bwiat\u0142owodowe LC z ceramiczn\u0105 tulej\u0105<br \/>\nTyp w\u0142\u00f3kna: Corning OM3 50\/125, \u015bwiat\u0142ow\u00f3d wielomodowy z optymalizacj\u0105 laserow\u0105 (LOMMF)<br \/>\nRdze\u0144 znamionowy: Znamionowe rdzenie \u015bwiat\u0142owodowe 10 Gb<\/p>\n","protected":false},"featured_media":16597,"template":"","meta":{"site-sidebar-layout":"default","site-content-layout":"default","ast-site-content-layout":"default","site-content-style":"default","site-sidebar-style":"default","ast-global-header-display":"","ast-banner-title-visibility":"","ast-main-header-display":"","ast-hfb-above-header-display":"","ast-hfb-below-header-display":"","ast-hfb-mobile-header-display":"","site-post-title":"","ast-breadcrumbs-content":"","ast-featured-img":"","footer-sml-layout":"","ast-disable-related-posts":"","theme-transparent-header-meta":"default","adv-header-id-meta":"","stick-header-meta":"default","header-above-stick-meta":"","header-main-stick-meta":"","header-below-stick-meta":"","astra-migrate-meta-layouts":"set","ast-page-background-enabled":"default","ast-page-background-meta":{"desktop":{"background-color":"","background-image":"","background-repeat":"repeat","background-position":"center center","background-size":"auto","background-attachment":"scroll","background-type":"","background-media":"","overlay-type":"","overlay-color":"","overlay-opacity":"","overlay-gradient":""},"tablet":{"background-color":"","background-image":"","background-repeat":"repeat","background-position":"center center","background-size":"auto","background-attachment":"scroll","background-type":"","background-media":"","overlay-type":"","overlay-color":"","overlay-opacity":"","overlay-gradient":""},"mobile":{"background-color":"","background-image":"","background-repeat":"repeat","background-position":"center center","background-size":"auto","background-attachment":"scroll","background-type":"","background-media":"","overlay-type":"","overlay-color":"","overlay-opacity":"","overlay-gradient":""}},"ast-content-background-meta":{"desktop":{"background-color":"var(--ast-global-color-5)","background-image":"","background-repeat":"repeat","background-position":"center center","background-size":"auto","background-attachment":"scroll","background-type":"","background-media":"","overlay-type":"","overlay-color":"","overlay-opacity":"","overlay-gradient":""},"tablet":{"background-color":"var(--ast-global-color-5)","background-image":"","background-repeat":"repeat","background-position":"center center","background-size":"auto","background-attachment":"scroll","background-type":"","background-media":"","overlay-type":"","overlay-color":"","overlay-opacity":"","overlay-gradient":""},"mobile":{"background-color":"var(--ast-global-color-5)","background-image":"","background-repeat":"repeat","background-position":"center center","background-size":"auto","background-attachment":"scroll","background-type":"","background-media":"","overlay-type":"","overlay-color":"","overlay-opacity":"","overlay-gradient":""}}},"product_brand":[],"product_cat":[236,243,238,259],"product_tag":[],"class_list":{"0":"post-20915","1":"product","2":"type-product","3":"status-publish","4":"has-post-thumbnail","6":"product_cat-fiber-patch-cord-pl","7":"product_cat-lc-fiber-patch-cord-pl","8":"product_cat-multimode-fiber-patch-cord-pl","9":"product_cat-mpo-patch-cord-pl","10":"desktop-align-left","11":"tablet-align-left","12":"mobile-align-left","13":"ast-product-gallery-layout-vertical","14":"ast-product-gallery-with-no-image","15":"ast-product-tabs-layout-vertical","16":"ast-qv-on-image","18":"first","19":"instock","20":"shipping-taxable","21":"product-type-simple"},"_links":{"self":[{"href":"https:\/\/www.bonelinks.com\/pl\/wp-json\/wp\/v2\/product\/20915","targetHints":{"allow":["GET"]}}],"collection":[{"href":"https:\/\/www.bonelinks.com\/pl\/wp-json\/wp\/v2\/product"}],"about":[{"href":"https:\/\/www.bonelinks.com\/pl\/wp-json\/wp\/v2\/types\/product"}],"version-history":[{"count":3,"href":"https:\/\/www.bonelinks.com\/pl\/wp-json\/wp\/v2\/product\/20915\/revisions"}],"predecessor-version":[{"id":25689,"href":"https:\/\/www.bonelinks.com\/pl\/wp-json\/wp\/v2\/product\/20915\/revisions\/25689"}],"wp:featuredmedia":[{"embeddable":true,"href":"https:\/\/www.bonelinks.com\/pl\/wp-json\/wp\/v2\/media\/16597"}],"wp:attachment":[{"href":"https:\/\/www.bonelinks.com\/pl\/wp-json\/wp\/v2\/media?parent=20915"}],"wp:term":[{"taxonomy":"product_brand","embeddable":true,"href":"https:\/\/www.bonelinks.com\/pl\/wp-json\/wp\/v2\/product_brand?post=20915"},{"taxonomy":"product_cat","embeddable":true,"href":"https:\/\/www.bonelinks.com\/pl\/wp-json\/wp\/v2\/product_cat?post=20915"},{"taxonomy":"product_tag","embeddable":true,"href":"https:\/\/www.bonelinks.com\/pl\/wp-json\/wp\/v2\/product_tag?post=20915"}],"curies":[{"name":"wp","href":"https:\/\/api.w.org\/{rel}","templated":true}]}}