{"id":20883,"date":"2024-01-17T23:13:48","date_gmt":"2024-01-18T07:13:48","guid":{"rendered":"https:\/\/www.bonelinks.com\/product\/zlacze-sc-apc-swiatlowod-sm-simplex-dla-kabla-900um\/"},"modified":"2024-02-08T06:22:04","modified_gmt":"2024-02-08T14:22:04","slug":"sc-apc-connector-sm-simplex-fiber-for-900um-cable","status":"publish","type":"product","link":"https:\/\/www.bonelinks.com\/pl\/product\/sc-apc-connector-sm-simplex-fiber-for-900um-cable\/","title":{"rendered":"Z\u0142\u0105cze SC APC \u015awiat\u0142ow\u00f3d SM Simplex dla kabla 900um"},"content":{"rendered":"<h2 style=\"text-align: left; font-size: 18px;\"><strong>Cechy<\/strong><\/h2>\n<ul>\n<li>Z\u0142\u0105cze SC\/APC<\/li>\n<li>\u015awiat\u0142ow\u00f3d jednomodowy 9\/125<\/li>\n<li>U\u017cywa\u0107 z w\u0142\u00f3knami o \u015brednicy 900um<\/li>\n<li>IL: \u22640.3dB RL: \u226555dB<\/li>\n<\/ul>\n<h2 style=\"text-align: left; font-size: 18px;\"><strong>Zastosowania<\/strong><\/h2>\n<ul>\n<li>Zako\u0144czenie \u015bwiat\u0142owodu<\/li>\n<li>Kable krosowe jednomodowe<\/li>\n<li>Sieci lokalne LAN<\/li>\n<li>FTTx<\/li>\n<\/ul>\n<h2 style=\"text-align: left; font-size: 18px;\"><strong>Szukasz wi\u0119cej z\u0142\u0105czy \u015bwiat\u0142owodowych?<\/strong><\/h2>\n<p>Szukasz wi\u0119cej opcji? Odkryj nasz szeroki wyb\u00f3r <strong><a href=\"https:\/\/www.bonelinks.com\/pl\/china-fiber-optic-connector-supplier\/\" target=\"_blank\" rel=\"noopener\">z\u0142\u0105czy \u015bwiat\u0142owodowych <\/a><\/strong>dla bezproblemowej pracy w sieci.<\/p>\n","protected":false},"excerpt":{"rendered":"<p>Z\u0142\u0105cze SC APC zosta\u0142o zaprojektowane specjalnie dla \u015bwiat\u0142owod\u00f3w 900um. Ma zielony korpus i kr\u00f3tki but, co wskazuje na jego oznaczenie APC. To z\u0142\u0105cze SC\/APC doskonale nadaje si\u0119 do stosowania w obudowach \u015bwiat\u0142owodowych lub panelach krosowych.<\/p>\n","protected":false},"featured_media":20032,"template":"","meta":{"site-sidebar-layout":"default","site-content-layout":"","ast-site-content-layout":"default","site-content-style":"default","site-sidebar-style":"default","ast-global-header-display":"","ast-banner-title-visibility":"","ast-main-header-display":"","ast-hfb-above-header-display":"","ast-hfb-below-header-display":"","ast-hfb-mobile-header-display":"","site-post-title":"","ast-breadcrumbs-content":"","ast-featured-img":"","footer-sml-layout":"","ast-disable-related-posts":"","theme-transparent-header-meta":"default","adv-header-id-meta":"","stick-header-meta":"default","header-above-stick-meta":"","header-main-stick-meta":"","header-below-stick-meta":"","astra-migrate-meta-layouts":"set","ast-page-background-enabled":"default","ast-page-background-meta":{"desktop":{"background-color":"","background-image":"","background-repeat":"repeat","background-position":"center center","background-size":"auto","background-attachment":"scroll","background-type":"","background-media":"","overlay-type":"","overlay-color":"","overlay-opacity":"","overlay-gradient":""},"tablet":{"background-color":"","background-image":"","background-repeat":"repeat","background-position":"center center","background-size":"auto","background-attachment":"scroll","background-type":"","background-media":"","overlay-type":"","overlay-color":"","overlay-opacity":"","overlay-gradient":""},"mobile":{"background-color":"","background-image":"","background-repeat":"repeat","background-position":"center center","background-size":"auto","background-attachment":"scroll","background-type":"","background-media":"","overlay-type":"","overlay-color":"","overlay-opacity":"","overlay-gradient":""}},"ast-content-background-meta":{"desktop":{"background-color":"var(--ast-global-color-5)","background-image":"","background-repeat":"repeat","background-position":"center center","background-size":"auto","background-attachment":"scroll","background-type":"","background-media":"","overlay-type":"","overlay-color":"","overlay-opacity":"","overlay-gradient":""},"tablet":{"background-color":"var(--ast-global-color-5)","background-image":"","background-repeat":"repeat","background-position":"center center","background-size":"auto","background-attachment":"scroll","background-type":"","background-media":"","overlay-type":"","overlay-color":"","overlay-opacity":"","overlay-gradient":""},"mobile":{"background-color":"var(--ast-global-color-5)","background-image":"","background-repeat":"repeat","background-position":"center center","background-size":"auto","background-attachment":"scroll","background-type":"","background-media":"","overlay-type":"","overlay-color":"","overlay-opacity":"","overlay-gradient":""}}},"product_brand":[],"product_cat":[240],"product_tag":[],"class_list":{"0":"post-20883","1":"product","2":"type-product","3":"status-publish","4":"has-post-thumbnail","6":"product_cat-fiber-optic-connectors-pl","7":"desktop-align-left","8":"tablet-align-left","9":"mobile-align-left","10":"ast-product-gallery-layout-vertical","11":"ast-product-gallery-with-no-image","12":"ast-product-tabs-layout-vertical","13":"ast-qv-on-image","15":"first","16":"instock","17":"shipping-taxable","18":"product-type-simple"},"_links":{"self":[{"href":"https:\/\/www.bonelinks.com\/pl\/wp-json\/wp\/v2\/product\/20883","targetHints":{"allow":["GET"]}}],"collection":[{"href":"https:\/\/www.bonelinks.com\/pl\/wp-json\/wp\/v2\/product"}],"about":[{"href":"https:\/\/www.bonelinks.com\/pl\/wp-json\/wp\/v2\/types\/product"}],"version-history":[{"count":2,"href":"https:\/\/www.bonelinks.com\/pl\/wp-json\/wp\/v2\/product\/20883\/revisions"}],"predecessor-version":[{"id":25669,"href":"https:\/\/www.bonelinks.com\/pl\/wp-json\/wp\/v2\/product\/20883\/revisions\/25669"}],"wp:featuredmedia":[{"embeddable":true,"href":"https:\/\/www.bonelinks.com\/pl\/wp-json\/wp\/v2\/media\/20032"}],"wp:attachment":[{"href":"https:\/\/www.bonelinks.com\/pl\/wp-json\/wp\/v2\/media?parent=20883"}],"wp:term":[{"taxonomy":"product_brand","embeddable":true,"href":"https:\/\/www.bonelinks.com\/pl\/wp-json\/wp\/v2\/product_brand?post=20883"},{"taxonomy":"product_cat","embeddable":true,"href":"https:\/\/www.bonelinks.com\/pl\/wp-json\/wp\/v2\/product_cat?post=20883"},{"taxonomy":"product_tag","embeddable":true,"href":"https:\/\/www.bonelinks.com\/pl\/wp-json\/wp\/v2\/product_tag?post=20883"}],"curies":[{"name":"wp","href":"https:\/\/api.w.org\/{rel}","templated":true}]}}