{"id":20880,"date":"2024-01-17T23:43:38","date_gmt":"2024-01-18T07:43:38","guid":{"rendered":"https:\/\/www.bonelinks.com\/product\/zlacze-lc-lc-duplex-mm-fiber-do-kabla-16-mm-z-zaciskami\/"},"modified":"2024-02-08T06:21:08","modified_gmt":"2024-02-08T14:21:08","slug":"lc-lc-connector-duplex-mm-fiber","status":"publish","type":"product","link":"https:\/\/www.bonelinks.com\/pl\/product\/lc-lc-connector-duplex-mm-fiber\/","title":{"rendered":"Z\u0142\u0105cze LC LC Duplex MM Fiber do kabla 1,6 mm z zaciskami"},"content":{"rendered":"<h2 style=\"text-align: left; font-size: 18px;\"><strong>Cechy<\/strong><\/h2>\n<ul>\n<li>Z\u0142\u0105cze LC LC z zaciskami<\/li>\n<li>\u015awiat\u0142ow\u00f3d wielomodowy<\/li>\n<li>U\u017cywa\u0107 z w\u0142\u00f3knami o \u015brednicy 1,6 mm<\/li>\n<li>IL: \u22640.5dB RL: \u226535dB<\/li>\n<\/ul>\n<h2 style=\"text-align: left; font-size: 18px;\"><strong>Zastosowanie<\/strong><\/h2>\n<ul>\n<li>Zako\u0144czenie \u015bwiat\u0142owodu<\/li>\n<li>Wielomodowe kable krosowe<\/li>\n<li>Sieci lokalne<\/li>\n<li>Sieci dla przedsi\u0119biorstw<\/li>\n<\/ul>\n<h2 style=\"text-align: left; font-size: 18px;\"><strong>Szukasz wi\u0119cej z\u0142\u0105czy \u015bwiat\u0142owodowych?<\/strong><\/h2>\n<p>Szukasz wi\u0119cej opcji? Odkryj nasz szeroki wyb\u00f3r <strong><a href=\"https:\/\/www.bonelinks.com\/pl\/china-fiber-optic-connector-supplier\/\" target=\"_blank\" rel=\"noopener\">z\u0142\u0105czy \u015bwiat\u0142owodowych <\/a><\/strong>dla bezproblemowej pracy w sieci.<\/p>\n","protected":false},"excerpt":{"rendered":"<p>Z\u0142\u0105cze dupleksowe LC LC jest specjalnie zaprojektowane do u\u017cytku z w\u0142\u00f3knami \u015bwiat\u0142owodowymi o grubo\u015bci 1,6 mm i zawiera zaciski do bezpiecznego mocowania dw\u00f3ch z\u0142\u0105czy na miejscu. Standardowy skok zacisku sprawia, \u017ce z\u0142\u0105cza te dobrze nadaj\u0105 si\u0119 do kabli krosowych u\u017cywanych we wdro\u017ceniach transceiver\u00f3w lub po\u0142\u0105cze\u0144 paneli krosowych. Zar\u00f3wno z\u0142\u0105cze LC duplex, jak i zacisk s\u0105 koloru br\u0105zowego.<\/p>\n","protected":false},"featured_media":20037,"template":"","meta":{"site-sidebar-layout":"default","site-content-layout":"","ast-site-content-layout":"default","site-content-style":"default","site-sidebar-style":"default","ast-global-header-display":"","ast-banner-title-visibility":"","ast-main-header-display":"","ast-hfb-above-header-display":"","ast-hfb-below-header-display":"","ast-hfb-mobile-header-display":"","site-post-title":"","ast-breadcrumbs-content":"","ast-featured-img":"","footer-sml-layout":"","ast-disable-related-posts":"","theme-transparent-header-meta":"default","adv-header-id-meta":"","stick-header-meta":"default","header-above-stick-meta":"","header-main-stick-meta":"","header-below-stick-meta":"","astra-migrate-meta-layouts":"set","ast-page-background-enabled":"default","ast-page-background-meta":{"desktop":{"background-color":"","background-image":"","background-repeat":"repeat","background-position":"center center","background-size":"auto","background-attachment":"scroll","background-type":"","background-media":"","overlay-type":"","overlay-color":"","overlay-opacity":"","overlay-gradient":""},"tablet":{"background-color":"","background-image":"","background-repeat":"repeat","background-position":"center center","background-size":"auto","background-attachment":"scroll","background-type":"","background-media":"","overlay-type":"","overlay-color":"","overlay-opacity":"","overlay-gradient":""},"mobile":{"background-color":"","background-image":"","background-repeat":"repeat","background-position":"center center","background-size":"auto","background-attachment":"scroll","background-type":"","background-media":"","overlay-type":"","overlay-color":"","overlay-opacity":"","overlay-gradient":""}},"ast-content-background-meta":{"desktop":{"background-color":"var(--ast-global-color-5)","background-image":"","background-repeat":"repeat","background-position":"center center","background-size":"auto","background-attachment":"scroll","background-type":"","background-media":"","overlay-type":"","overlay-color":"","overlay-opacity":"","overlay-gradient":""},"tablet":{"background-color":"var(--ast-global-color-5)","background-image":"","background-repeat":"repeat","background-position":"center center","background-size":"auto","background-attachment":"scroll","background-type":"","background-media":"","overlay-type":"","overlay-color":"","overlay-opacity":"","overlay-gradient":""},"mobile":{"background-color":"var(--ast-global-color-5)","background-image":"","background-repeat":"repeat","background-position":"center center","background-size":"auto","background-attachment":"scroll","background-type":"","background-media":"","overlay-type":"","overlay-color":"","overlay-opacity":"","overlay-gradient":""}}},"product_brand":[],"product_cat":[240],"product_tag":[],"class_list":{"0":"post-20880","1":"product","2":"type-product","3":"status-publish","4":"has-post-thumbnail","6":"product_cat-fiber-optic-connectors-pl","7":"desktop-align-left","8":"tablet-align-left","9":"mobile-align-left","10":"ast-product-gallery-layout-vertical","11":"ast-product-gallery-with-no-image","12":"ast-product-tabs-layout-vertical","13":"ast-qv-on-image","15":"first","16":"instock","17":"shipping-taxable","18":"product-type-simple"},"_links":{"self":[{"href":"https:\/\/www.bonelinks.com\/pl\/wp-json\/wp\/v2\/product\/20880","targetHints":{"allow":["GET"]}}],"collection":[{"href":"https:\/\/www.bonelinks.com\/pl\/wp-json\/wp\/v2\/product"}],"about":[{"href":"https:\/\/www.bonelinks.com\/pl\/wp-json\/wp\/v2\/types\/product"}],"version-history":[{"count":3,"href":"https:\/\/www.bonelinks.com\/pl\/wp-json\/wp\/v2\/product\/20880\/revisions"}],"predecessor-version":[{"id":25667,"href":"https:\/\/www.bonelinks.com\/pl\/wp-json\/wp\/v2\/product\/20880\/revisions\/25667"}],"wp:featuredmedia":[{"embeddable":true,"href":"https:\/\/www.bonelinks.com\/pl\/wp-json\/wp\/v2\/media\/20037"}],"wp:attachment":[{"href":"https:\/\/www.bonelinks.com\/pl\/wp-json\/wp\/v2\/media?parent=20880"}],"wp:term":[{"taxonomy":"product_brand","embeddable":true,"href":"https:\/\/www.bonelinks.com\/pl\/wp-json\/wp\/v2\/product_brand?post=20880"},{"taxonomy":"product_cat","embeddable":true,"href":"https:\/\/www.bonelinks.com\/pl\/wp-json\/wp\/v2\/product_cat?post=20880"},{"taxonomy":"product_tag","embeddable":true,"href":"https:\/\/www.bonelinks.com\/pl\/wp-json\/wp\/v2\/product_tag?post=20880"}],"curies":[{"name":"wp","href":"https:\/\/api.w.org\/{rel}","templated":true}]}}