{"id":20879,"date":"2024-01-17T23:59:02","date_gmt":"2024-01-18T07:59:02","guid":{"rendered":"https:\/\/www.bonelinks.com\/product\/zlacze-sc-apc-swiatlowod-sm-simplex-dla-kabla-30-mm\/"},"modified":"2024-02-08T06:20:09","modified_gmt":"2024-02-08T14:20:09","slug":"sc-apc-connector-sm-simplex-fiber-for-3mm-cable","status":"publish","type":"product","link":"https:\/\/www.bonelinks.com\/pl\/product\/sc-apc-connector-sm-simplex-fiber-for-3mm-cable\/","title":{"rendered":"Z\u0142\u0105cze SC APC \u015awiat\u0142ow\u00f3d SM Simplex dla kabla 3,0 mm"},"content":{"rendered":"<h2 style=\"text-align: left; font-size: 18px;\"><strong>Cechy<\/strong><\/h2>\n<ul>\n<li>Z\u0142\u0105cze SC\/APC<\/li>\n<li>\u015awiat\u0142ow\u00f3d jednomodowy<\/li>\n<li>U\u017cywa\u0107 z w\u0142\u00f3knami o \u015brednicy 3,0 mm<\/li>\n<li>IL: \u22640.3dB RL: \u226555dB<\/li>\n<\/ul>\n<h2 style=\"text-align: left; font-size: 18px;\"><strong>Zastosowanie<\/strong><\/h2>\n<ul>\n<li>Zako\u0144czenie \u015bwiat\u0142owodu<\/li>\n<li>Kable krosowe jednomodowe<\/li>\n<li>Sieci lokalne<\/li>\n<li>FTTx<\/li>\n<\/ul>\n","protected":false},"excerpt":{"rendered":"<p>Z\u0142\u0105cze SC APC jest przeznaczone do zastosowa\u0144 w \u015bwiat\u0142owodach jednomodowych, w kt\u00f3rych kluczowe znaczenie ma minimalizacja odbicia wstecznego. Zar\u00f3wno korpus z\u0142\u0105cza, jak i os\u0142ona s\u0105 zielone, co u\u0142atwia identyfikacj\u0119 po\u0142\u0105cze\u0144 APC po wdro\u017ceniu. To z\u0142\u0105cze SC\/APC zosta\u0142o zaprojektowane specjalnie do u\u017cytku z kablem \u015bwiat\u0142owodowym o \u015brednicy zewn\u0119trznej 3,0 mm.<\/p>\n","protected":false},"featured_media":16782,"template":"","meta":{"site-sidebar-layout":"default","site-content-layout":"","ast-site-content-layout":"default","site-content-style":"default","site-sidebar-style":"default","ast-global-header-display":"","ast-banner-title-visibility":"","ast-main-header-display":"","ast-hfb-above-header-display":"","ast-hfb-below-header-display":"","ast-hfb-mobile-header-display":"","site-post-title":"","ast-breadcrumbs-content":"","ast-featured-img":"","footer-sml-layout":"","ast-disable-related-posts":"","theme-transparent-header-meta":"default","adv-header-id-meta":"","stick-header-meta":"default","header-above-stick-meta":"","header-main-stick-meta":"","header-below-stick-meta":"","astra-migrate-meta-layouts":"set","ast-page-background-enabled":"default","ast-page-background-meta":{"desktop":{"background-color":"","background-image":"","background-repeat":"repeat","background-position":"center center","background-size":"auto","background-attachment":"scroll","background-type":"","background-media":"","overlay-type":"","overlay-color":"","overlay-opacity":"","overlay-gradient":""},"tablet":{"background-color":"","background-image":"","background-repeat":"repeat","background-position":"center center","background-size":"auto","background-attachment":"scroll","background-type":"","background-media":"","overlay-type":"","overlay-color":"","overlay-opacity":"","overlay-gradient":""},"mobile":{"background-color":"","background-image":"","background-repeat":"repeat","background-position":"center center","background-size":"auto","background-attachment":"scroll","background-type":"","background-media":"","overlay-type":"","overlay-color":"","overlay-opacity":"","overlay-gradient":""}},"ast-content-background-meta":{"desktop":{"background-color":"var(--ast-global-color-5)","background-image":"","background-repeat":"repeat","background-position":"center center","background-size":"auto","background-attachment":"scroll","background-type":"","background-media":"","overlay-type":"","overlay-color":"","overlay-opacity":"","overlay-gradient":""},"tablet":{"background-color":"var(--ast-global-color-5)","background-image":"","background-repeat":"repeat","background-position":"center center","background-size":"auto","background-attachment":"scroll","background-type":"","background-media":"","overlay-type":"","overlay-color":"","overlay-opacity":"","overlay-gradient":""},"mobile":{"background-color":"var(--ast-global-color-5)","background-image":"","background-repeat":"repeat","background-position":"center center","background-size":"auto","background-attachment":"scroll","background-type":"","background-media":"","overlay-type":"","overlay-color":"","overlay-opacity":"","overlay-gradient":""}}},"product_brand":[],"product_cat":[240],"product_tag":[],"class_list":{"0":"post-20879","1":"product","2":"type-product","3":"status-publish","4":"has-post-thumbnail","6":"product_cat-fiber-optic-connectors-pl","7":"desktop-align-left","8":"tablet-align-left","9":"mobile-align-left","10":"ast-product-gallery-layout-vertical","11":"ast-product-gallery-with-no-image","12":"ast-product-tabs-layout-vertical","13":"ast-qv-on-image","15":"first","16":"instock","17":"shipping-taxable","18":"product-type-simple"},"_links":{"self":[{"href":"https:\/\/www.bonelinks.com\/pl\/wp-json\/wp\/v2\/product\/20879","targetHints":{"allow":["GET"]}}],"collection":[{"href":"https:\/\/www.bonelinks.com\/pl\/wp-json\/wp\/v2\/product"}],"about":[{"href":"https:\/\/www.bonelinks.com\/pl\/wp-json\/wp\/v2\/types\/product"}],"version-history":[{"count":1,"href":"https:\/\/www.bonelinks.com\/pl\/wp-json\/wp\/v2\/product\/20879\/revisions"}],"predecessor-version":[{"id":25225,"href":"https:\/\/www.bonelinks.com\/pl\/wp-json\/wp\/v2\/product\/20879\/revisions\/25225"}],"wp:featuredmedia":[{"embeddable":true,"href":"https:\/\/www.bonelinks.com\/pl\/wp-json\/wp\/v2\/media\/16782"}],"wp:attachment":[{"href":"https:\/\/www.bonelinks.com\/pl\/wp-json\/wp\/v2\/media?parent=20879"}],"wp:term":[{"taxonomy":"product_brand","embeddable":true,"href":"https:\/\/www.bonelinks.com\/pl\/wp-json\/wp\/v2\/product_brand?post=20879"},{"taxonomy":"product_cat","embeddable":true,"href":"https:\/\/www.bonelinks.com\/pl\/wp-json\/wp\/v2\/product_cat?post=20879"},{"taxonomy":"product_tag","embeddable":true,"href":"https:\/\/www.bonelinks.com\/pl\/wp-json\/wp\/v2\/product_tag?post=20879"}],"curies":[{"name":"wp","href":"https:\/\/api.w.org\/{rel}","templated":true}]}}