{"id":20875,"date":"2023-11-02T19:50:27","date_gmt":"2023-11-03T03:50:27","guid":{"rendered":"https:\/\/www.bonelinks.com\/product\/mtrj-mtrj-pomaranczowy-kabel-swiatlowodowy-om2-50-125-multimode-duplex\/"},"modified":"2024-02-08T06:27:16","modified_gmt":"2024-02-08T14:27:16","slug":"mtrj-mtrj-orange-fiber-optic-cable-om2-50-125-multimode-duplex","status":"publish","type":"product","link":"https:\/\/www.bonelinks.com\/pl\/product\/mtrj-mtrj-orange-fiber-optic-cable-om2-50-125-multimode-duplex\/","title":{"rendered":"MTRJ MTRJ Pomara\u0144czowy kabel \u015bwiat\u0142owodowy OM2 50\/125 Multimode Duplex"},"content":{"rendered":"<h1 style=\"text-align: left; font-size: 18px;\"><strong>Kabel \u015bwiat\u0142owodowy OM2 MTRJ-MTRJ 50\/125 wielomodowy dupleks pomara\u0144czowy<\/strong><\/h1>\n<p>S\u0105 to precyzyjnie wykonane z\u0142\u0105cza MTRJ przeznaczone do u\u017cytku w kompaktowych \u015brodowiskach o du\u017cej g\u0119sto\u015bci okablowania. Kabel jest wielomodowym optycznym kablem krosowym 50\/125 \u03bcm, idealnym do rozbudowy \u015bwiat\u0142owodowej sieci Ethernet. Wyposa\u017cony jest w solidny, pomara\u0144czowy p\u0142aszcz z PVC o \u015brednicy zewn\u0119trznej 2,0 mm, kt\u00f3ry posiada klas\u0119 OFNR. Ten typ kabli jest zwykle stosowany w pionowych \u015bcie\u017ckach, szybach i przestrzeniach mi\u0119dzy pi\u0119trami budynku.<\/p>\n<p>Ka\u017cdy kabel \u015bwiat\u0142owodowy zam\u00f3wiony w Bonelinks jest poddawany indywidualnym testom, a wyniki test\u00f3w mo\u017cemy dostarczy\u0107 na \u017c\u0105danie. Ponadto oferujemy do\u017cywotni\u0105 gwarancj\u0119 na wszystkie nasze produkty.<\/p>\n<p>Dost\u0119pne s\u0105 r\u00f3\u017cne d\u0142ugo\u015bci kabli \u015bwiat\u0142owodowych wielomodowych dupleksowych OM2 MTRJ do MTRJ 50\/125, w tym opcje od 0,5 metra do 300 metr\u00f3w, co zapewnia elastyczno\u015b\u0107 w celu spe\u0142nienia okre\u015blonych potrzeb sieciowych.<\/p>\n","protected":false},"excerpt":{"rendered":"<p>Pomara\u0144czowy kabel \u015bwiat\u0142owodowy MTRJ MTRJ z wielomodowym rdzeniem 50\/125 ze \u015bwiat\u0142owodem Corning. Kabel jest pomara\u0144czowy i wyposa\u017cony w solidne z\u0142\u0105cza MTRJ. Jest to wysokowydajny, wielomodowy kabel \u015bwiat\u0142owodowy wzmocniony zip-cordem, kt\u00f3ry wykorzystuje szk\u0142o \u015bwiat\u0142owodowe Corning, aby zapewni\u0107 szybk\u0105 i niskostratn\u0105 transmisj\u0119 danych. Przew\u00f3d ten ma oznaczenie OFNR Riser Rated, pomara\u0144czowy kolor i zewn\u0119trzn\u0105 \u015brednic\u0119 2,0 mm w os\u0142onie z PVC.<\/p>\n","protected":false},"featured_media":0,"template":"","meta":{"site-sidebar-layout":"default","site-content-layout":"default","ast-site-content-layout":"default","site-content-style":"default","site-sidebar-style":"default","ast-global-header-display":"","ast-banner-title-visibility":"","ast-main-header-display":"","ast-hfb-above-header-display":"","ast-hfb-below-header-display":"","ast-hfb-mobile-header-display":"","site-post-title":"","ast-breadcrumbs-content":"","ast-featured-img":"","footer-sml-layout":"","ast-disable-related-posts":"","theme-transparent-header-meta":"default","adv-header-id-meta":"","stick-header-meta":"default","header-above-stick-meta":"","header-main-stick-meta":"","header-below-stick-meta":"","astra-migrate-meta-layouts":"set","ast-page-background-enabled":"default","ast-page-background-meta":{"desktop":{"background-color":"","background-image":"","background-repeat":"repeat","background-position":"center center","background-size":"auto","background-attachment":"scroll","background-type":"","background-media":"","overlay-type":"","overlay-color":"","overlay-opacity":"","overlay-gradient":""},"tablet":{"background-color":"","background-image":"","background-repeat":"repeat","background-position":"center center","background-size":"auto","background-attachment":"scroll","background-type":"","background-media":"","overlay-type":"","overlay-color":"","overlay-opacity":"","overlay-gradient":""},"mobile":{"background-color":"","background-image":"","background-repeat":"repeat","background-position":"center center","background-size":"auto","background-attachment":"scroll","background-type":"","background-media":"","overlay-type":"","overlay-color":"","overlay-opacity":"","overlay-gradient":""}},"ast-content-background-meta":{"desktop":{"background-color":"var(--ast-global-color-5)","background-image":"","background-repeat":"repeat","background-position":"center center","background-size":"auto","background-attachment":"scroll","background-type":"","background-media":"","overlay-type":"","overlay-color":"","overlay-opacity":"","overlay-gradient":""},"tablet":{"background-color":"var(--ast-global-color-5)","background-image":"","background-repeat":"repeat","background-position":"center center","background-size":"auto","background-attachment":"scroll","background-type":"","background-media":"","overlay-type":"","overlay-color":"","overlay-opacity":"","overlay-gradient":""},"mobile":{"background-color":"var(--ast-global-color-5)","background-image":"","background-repeat":"repeat","background-position":"center center","background-size":"auto","background-attachment":"scroll","background-type":"","background-media":"","overlay-type":"","overlay-color":"","overlay-opacity":"","overlay-gradient":""}}},"product_brand":[],"product_cat":[236,238],"product_tag":[],"class_list":{"0":"post-20875","1":"product","2":"type-product","3":"status-publish","5":"product_cat-fiber-patch-cord-pl","6":"product_cat-multimode-fiber-patch-cord-pl","7":"desktop-align-left","8":"tablet-align-left","9":"mobile-align-left","10":"ast-product-gallery-layout-vertical","11":"ast-product-gallery-with-no-image","12":"ast-product-tabs-layout-vertical","13":"ast-qv-on-image","15":"first","16":"instock","17":"shipping-taxable","18":"product-type-simple"},"_links":{"self":[{"href":"https:\/\/www.bonelinks.com\/pl\/wp-json\/wp\/v2\/product\/20875","targetHints":{"allow":["GET"]}}],"collection":[{"href":"https:\/\/www.bonelinks.com\/pl\/wp-json\/wp\/v2\/product"}],"about":[{"href":"https:\/\/www.bonelinks.com\/pl\/wp-json\/wp\/v2\/types\/product"}],"version-history":[{"count":1,"href":"https:\/\/www.bonelinks.com\/pl\/wp-json\/wp\/v2\/product\/20875\/revisions"}],"predecessor-version":[{"id":25235,"href":"https:\/\/www.bonelinks.com\/pl\/wp-json\/wp\/v2\/product\/20875\/revisions\/25235"}],"wp:attachment":[{"href":"https:\/\/www.bonelinks.com\/pl\/wp-json\/wp\/v2\/media?parent=20875"}],"wp:term":[{"taxonomy":"product_brand","embeddable":true,"href":"https:\/\/www.bonelinks.com\/pl\/wp-json\/wp\/v2\/product_brand?post=20875"},{"taxonomy":"product_cat","embeddable":true,"href":"https:\/\/www.bonelinks.com\/pl\/wp-json\/wp\/v2\/product_cat?post=20875"},{"taxonomy":"product_tag","embeddable":true,"href":"https:\/\/www.bonelinks.com\/pl\/wp-json\/wp\/v2\/product_tag?post=20875"}],"curies":[{"name":"wp","href":"https:\/\/api.w.org\/{rel}","templated":true}]}}