{"id":21789,"date":"2022-11-15T22:38:41","date_gmt":"2022-11-16T06:38:41","guid":{"rendered":"https:\/\/www.bonelinks.com\/product\/abs-plc-splitter\/"},"modified":"2024-01-28T23:03:07","modified_gmt":"2024-01-29T07:03:07","slug":"abs-plc-splitter","status":"publish","type":"product","link":"https:\/\/www.bonelinks.com\/fr\/product\/abs-plc-splitter\/","title":{"rendered":"ABS PLC Splitter"},"content":{"rendered":"<h1 style=\"text-align: left; font-size: 18px;\"><strong>R\u00e9partiteur PLC ABS : Protection et polyvalence pour votre r\u00e9seau de fibre optique<\/strong><\/h1>\n<p>Le s\u00e9parateur PLC ABS de Bonelinks est con\u00e7u pour offrir une protection \u00e0 la puce du guide optique et \u00e0 la carte du r\u00e9seau de fibres. Fabriqu\u00e9 en plastique ABS durable, il est bien adapt\u00e9 \u00e0 une utilisation dans des conditions de construction exigeantes. Il peut \u00eatre facilement install\u00e9 dans diverses armoires et ch\u00e2ssis, y compris les <a href=\"https:\/\/www.bonelinks.com\/fr\/product\/server-room-data-center-rack-mount-fiber-optic-patch-panel\/\" target=\"_blank\" rel=\"noopener\">unit\u00e9s de montage en rack standard de 19 pouces<\/a>.<\/p>\n<p><img fetchpriority=\"high\" decoding=\"async\" class=\"alignleft wp-image-6455 size-full\" src=\"https:\/\/www.bonelinks.com\/wp-content\/uploads\/2022\/11\/abs-plc-splitter.jpg\" alt=\"splitter abs plc\" width=\"1024\" height=\"467\" srcset=\"https:\/\/www.bonelinks.com\/wp-content\/uploads\/2022\/11\/abs-plc-splitter.jpg 1024w, https:\/\/www.bonelinks.com\/wp-content\/uploads\/2022\/11\/abs-plc-splitter-300x137.jpg 300w, https:\/\/www.bonelinks.com\/wp-content\/uploads\/2022\/11\/abs-plc-splitter-768x350.jpg 768w, https:\/\/www.bonelinks.com\/wp-content\/uploads\/2022\/11\/abs-plc-splitter-650x296.jpg 650w\" sizes=\"(max-width: 1024px) 100vw, 1024px\" \/><\/p>\n<h2 style=\"text-align: left; font-size: 18px;\"><strong><span style=\"color: #000000;\"><br \/>\nCaract\u00e9ristiques : Pourquoi choisir le s\u00e9parateur ABS PLC ?<\/span><\/strong><\/h2>\n<ul>\n<li>Bo\u00eete en plastique ABS : Le mat\u00e9riau ABS se caract\u00e9rise par sa r\u00e9sistance \u00e0 la compression, aux chocs, \u00e0 la chaleur et aux basses temp\u00e9ratures.<\/li>\n<li>Taille compacte : Il est petit et compact, ce qui le rend facile \u00e0 installer et \u00e0 manipuler.<\/li>\n<li>Grande stabilit\u00e9 : Les s\u00e9parateurs CPL ABS ont une grande stabilit\u00e9, ce qui garantit que la puissance de sortie reste constante m\u00eame sur une longue p\u00e9riode.<\/li>\n<li>Faible perte d&rsquo;insertion : les s\u00e9parateurs CPL ont une faible perte d&rsquo;insertion, ce qui signifie qu&rsquo;ils n&rsquo;affectent pas de mani\u00e8re significative la force du signal lorsque la lumi\u00e8re les traverse.<\/li>\n<li>Faible perte d\u00e9pendante de la polarisation (PDL) : Les s\u00e9parateurs ont une faible PDL, ce qui signifie qu&rsquo;ils ne sont pas affect\u00e9s par l&rsquo;orientation de la lumi\u00e8re polaris\u00e9e.<\/li>\n<li>Ind\u00e9pendance de la longueur d&rsquo;onde : Les s\u00e9parateurs CPL ABS sont ind\u00e9pendants de la longueur d&rsquo;onde, ce qui signifie qu&rsquo;ils fonctionnent avec une large gamme de longueurs d&rsquo;onde et peuvent \u00eatre utilis\u00e9s dans divers syst\u00e8mes de communication.<\/li>\n<li>Haute fiabilit\u00e9 : Il est tr\u00e8s fiable, ce qui signifie qu&rsquo;il peut r\u00e9sister \u00e0 des conditions environnementales difficiles et qu&rsquo;il est moins susceptible de tomber en panne.<\/li>\n<\/ul>\n<h2 style=\"text-align: left; font-size: 18px;\"><strong>Application : O\u00f9 utiliser le s\u00e9parateur ABS PLC ? <\/strong><\/h2>\n<ul>\n<li>R\u00e9seaux de fibre optique jusqu&rsquo;au domicile (FTTH) : Les ABS PLC Splitters sont utilis\u00e9s pour distribuer les signaux optiques d&rsquo;un point central \u00e0 plusieurs abonn\u00e9s dans les r\u00e9seaux FTTH.<\/li>\n<li>R\u00e9seaux locaux optiques (LAN) : Il est utilis\u00e9 pour distribuer des signaux \u00e0 partir de fibres optiques vers diff\u00e9rents appareils finaux dans les r\u00e9seaux locaux optiques.<\/li>\n<li>Centres de donn\u00e9es : Les ABS PLC Splitters sont utilis\u00e9s pour acheminer les signaux optiques entre les diff\u00e9rents composants des centres de donn\u00e9es, tels que les serveurs, les commutateurs et les dispositifs de stockage.<\/li>\n<li>R\u00e9seaux CATV : Il est utilis\u00e9 pour distribuer des signaux optiques d&rsquo;une t\u00eate de r\u00e9seau \u00e0 plusieurs abonn\u00e9s dans les r\u00e9seaux de t\u00e9l\u00e9vision par c\u00e2ble.<\/li>\n<li>R\u00e9seaux m\u00e9tropolitains et d&rsquo;acc\u00e8s : Les ABS PLC Splitters sont utilis\u00e9s dans les r\u00e9seaux m\u00e9tropolitains et d&rsquo;acc\u00e8s pour acheminer les signaux optiques entre les diff\u00e9rents \u00e9l\u00e9ments du r\u00e9seau.<\/li>\n<li>\u00c9quipement de test et de mesure : Il est utilis\u00e9 dans les \u00e9quipements de test et de mesure, tels que les wattm\u00e8tres optiques et les analyseurs de spectre optique.<\/li>\n<\/ul>\n<h2 style=\"text-align: left; font-size: 18px;\"><strong><span style=\"color: #000000;\">Pourquoi notre ABS PLC Splitter ?<\/span><\/strong><\/h2>\n<ul>\n<li>Vari\u00e9t\u00e9 de taux de division et de connecteurs de fibres : Choisissez le taux de division qui correspond \u00e0 vos besoins sp\u00e9cifiques parmi notre gamme d&rsquo;options, y compris 1:4, 1:8, 1:16, 1:32, et plus encore. Nous comprenons que les exigences en mati\u00e8re de connectivit\u00e9 peuvent varier, c&rsquo;est pourquoi nous proposons diff\u00e9rents connecteurs de fibre d&rsquo;entr\u00e9e et de sortie tels que FC, SC, LC et ST. Adaptez votre ABS PLC Splitter aux exigences de votre r\u00e9seau.<\/li>\n<li>Personnalisation pour des applications sp\u00e9cifiques : nous comprenons les exigences uniques des diff\u00e9rentes applications. C&rsquo;est pourquoi notre ABS PLC Splitter peut \u00eatre personnalis\u00e9 avec des longueurs d&rsquo;entr\u00e9e et de sortie courtes de seulement 0,5 m\u00e8tre, ce qui en fait un excellent choix pour les \u00e9quipements CATV ou de communication optique active. Qu&rsquo;il s&rsquo;agisse de centres de donn\u00e9es, de centres de serveurs, de cabines FTTH ou de r\u00e9partiteurs au sol, notre r\u00e9partiteur PLC ABS offre la flexibilit\u00e9 dont vous avez besoin.<\/li>\n<li>Applications sp\u00e9cifiques et tests rigoureux : Dans les r\u00e9seaux PON, le r\u00e9partiteur 1&#215;8 sert de n\u0153ud de connexion primaire ou secondaire dans un \u00e9quipement OLT sp\u00e9cifique. Pour les centres de donn\u00e9es ou les centres de serveurs, la prise 1&#215;32 est le meilleur choix et peut \u00eatre commod\u00e9ment install\u00e9e dans des racks 1U ou 2U. Bonelinks propose \u00e9galement des services complets d&rsquo;installation de robinets \u00e0 cr\u00e9maill\u00e8re. La prise 1&#215;64 excelle dans la distribution des donn\u00e9es de signal et la connectivit\u00e9 dans les cabines FTTH et les r\u00e9partiteurs de sol. Soyez assur\u00e9s que tous nos robinets sont soumis \u00e0 des tests rigoureux avant d&rsquo;\u00eatre exp\u00e9di\u00e9s afin de garantir des performances optimales. Chaque s\u00e9parateur ABS PLC est soumis \u00e0 des tests approfondis en usine afin de garantir une qualit\u00e9 et des performances optimales. Toutes les unit\u00e9s sont accompagn\u00e9es d&rsquo;un rapport de test et d&rsquo;une garantie, ce qui vous permet de vous fier \u00e0 la fiabilit\u00e9 et \u00e0 la stabilit\u00e9 de votre r\u00e9seau optique.<\/li>\n<\/ul>\n<p>D\u00e9couvrez notre s\u00e9parateur optique de haute qualit\u00e9 pour des performances fiables. Pour une large gamme de solutions de connectivit\u00e9, envisagez un partenariat avec un <a href=\"https:\/\/www.bonelinks.com\/fr\/china-ftth-plc-splitter-supplier\/\" target=\"_blank\" rel=\"noopener\">fournisseur de s\u00e9parateurs optiques de confiance tel que Bonelinks<\/a>.<\/p>\n","protected":false},"excerpt":{"rendered":"<p>Le s\u00e9parateur ABS PLC est un dispositif \u00e0 haute performance con\u00e7u pour \u00eatre utilis\u00e9 dans les r\u00e9seaux optiques passifs (PON). Ce s\u00e9parateur est \u00e9quip\u00e9 d&rsquo;un bo\u00eetier en ABS (Acrylonitrile Butadi\u00e8ne Styr\u00e8ne), ce qui le rend durable et r\u00e9sistant aux conditions environnementales difficiles, garantissant ainsi une utilisation de longue dur\u00e9e.<\/p>\n<p>Le splitter ABS PLC est une solution id\u00e9ale pour les applications FTTH (Fiber to the Home), FTTB (Fiber to the Building) et FTTC (Fiber to the Curb). Gr\u00e2ce \u00e0 sa conception compacte, ce r\u00e9partiteur peut \u00eatre facilement install\u00e9 dans diff\u00e9rents types d&rsquo;armoires optiques et de bo\u00eetes de distribution. Le r\u00e9partiteur peut \u00eatre utilis\u00e9 pour diviser un signal optique en plusieurs sorties, ce qui permet de desservir plusieurs abonn\u00e9s \u00e0 partir d&rsquo;un terminal de ligne optique (OLT).<\/p>\n<p>Le r\u00e9partiteur CPL ABS est facile \u00e0 utiliser et \u00e0 entretenir, ce qui en fait un excellent choix pour les op\u00e9rateurs de r\u00e9seau qui recherchent une solution fiable et rentable. La fendeuse n\u00e9cessite peu d&rsquo;entretien, ce qui garantit son bon fonctionnement pendant de nombreuses ann\u00e9es. Il se caract\u00e9rise \u00e9galement par une conception simple et intuitive, ce qui facilite son installation et sa maintenance.<\/p>\n","protected":false},"featured_media":15160,"template":"","meta":{"site-sidebar-layout":"default","site-content-layout":"default","ast-site-content-layout":"default","site-content-style":"default","site-sidebar-style":"default","ast-global-header-display":"","ast-banner-title-visibility":"","ast-main-header-display":"","ast-hfb-above-header-display":"","ast-hfb-below-header-display":"","ast-hfb-mobile-header-display":"","site-post-title":"","ast-breadcrumbs-content":"","ast-featured-img":"","footer-sml-layout":"","ast-disable-related-posts":"","theme-transparent-header-meta":"default","adv-header-id-meta":"","stick-header-meta":"default","header-above-stick-meta":"","header-main-stick-meta":"","header-below-stick-meta":"","astra-migrate-meta-layouts":"set","ast-page-background-enabled":"default","ast-page-background-meta":{"desktop":{"background-color":"","background-image":"","background-repeat":"repeat","background-position":"center center","background-size":"auto","background-attachment":"scroll","background-type":"","background-media":"","overlay-type":"","overlay-color":"","overlay-opacity":"","overlay-gradient":""},"tablet":{"background-color":"","background-image":"","background-repeat":"repeat","background-position":"center center","background-size":"auto","background-attachment":"scroll","background-type":"","background-media":"","overlay-type":"","overlay-color":"","overlay-opacity":"","overlay-gradient":""},"mobile":{"background-color":"","background-image":"","background-repeat":"repeat","background-position":"center center","background-size":"auto","background-attachment":"scroll","background-type":"","background-media":"","overlay-type":"","overlay-color":"","overlay-opacity":"","overlay-gradient":""}},"ast-content-background-meta":{"desktop":{"background-color":"var(--ast-global-color-5)","background-image":"","background-repeat":"repeat","background-position":"center center","background-size":"auto","background-attachment":"scroll","background-type":"","background-media":"","overlay-type":"","overlay-color":"","overlay-opacity":"","overlay-gradient":""},"tablet":{"background-color":"var(--ast-global-color-5)","background-image":"","background-repeat":"repeat","background-position":"center center","background-size":"auto","background-attachment":"scroll","background-type":"","background-media":"","overlay-type":"","overlay-color":"","overlay-opacity":"","overlay-gradient":""},"mobile":{"background-color":"var(--ast-global-color-5)","background-image":"","background-repeat":"repeat","background-position":"center center","background-size":"auto","background-attachment":"scroll","background-type":"","background-media":"","overlay-type":"","overlay-color":"","overlay-opacity":"","overlay-gradient":""}}},"product_brand":[],"product_cat":[281],"product_tag":[],"class_list":{"0":"post-21789","1":"product","2":"type-product","3":"status-publish","4":"has-post-thumbnail","6":"product_cat-plc-splitter-fr","7":"desktop-align-left","8":"tablet-align-left","9":"mobile-align-left","10":"ast-product-gallery-layout-vertical","11":"ast-product-gallery-with-no-image","12":"ast-product-tabs-layout-vertical","13":"ast-qv-on-image","15":"first","16":"instock","17":"shipping-taxable","18":"product-type-simple"},"_links":{"self":[{"href":"https:\/\/www.bonelinks.com\/fr\/wp-json\/wp\/v2\/product\/21789","targetHints":{"allow":["GET"]}}],"collection":[{"href":"https:\/\/www.bonelinks.com\/fr\/wp-json\/wp\/v2\/product"}],"about":[{"href":"https:\/\/www.bonelinks.com\/fr\/wp-json\/wp\/v2\/types\/product"}],"version-history":[{"count":3,"href":"https:\/\/www.bonelinks.com\/fr\/wp-json\/wp\/v2\/product\/21789\/revisions"}],"predecessor-version":[{"id":24231,"href":"https:\/\/www.bonelinks.com\/fr\/wp-json\/wp\/v2\/product\/21789\/revisions\/24231"}],"wp:featuredmedia":[{"embeddable":true,"href":"https:\/\/www.bonelinks.com\/fr\/wp-json\/wp\/v2\/media\/15160"}],"wp:attachment":[{"href":"https:\/\/www.bonelinks.com\/fr\/wp-json\/wp\/v2\/media?parent=21789"}],"wp:term":[{"taxonomy":"product_brand","embeddable":true,"href":"https:\/\/www.bonelinks.com\/fr\/wp-json\/wp\/v2\/product_brand?post=21789"},{"taxonomy":"product_cat","embeddable":true,"href":"https:\/\/www.bonelinks.com\/fr\/wp-json\/wp\/v2\/product_cat?post=21789"},{"taxonomy":"product_tag","embeddable":true,"href":"https:\/\/www.bonelinks.com\/fr\/wp-json\/wp\/v2\/product_tag?post=21789"}],"curies":[{"name":"wp","href":"https:\/\/api.w.org\/{rel}","templated":true}]}}