{"id":21786,"date":"2022-11-14T17:25:17","date_gmt":"2022-11-15T01:25:17","guid":{"rendered":"https:\/\/www.bonelinks.com\/product\/cable-a-fibres-optiques-adss-a-24-conducteurs\/"},"modified":"2024-01-28T23:04:57","modified_gmt":"2024-01-29T07:04:57","slug":"adss-optical-fiber-cable-24-core","status":"publish","type":"product","link":"https:\/\/www.bonelinks.com\/fr\/product\/adss-optical-fiber-cable-24-core\/","title":{"rendered":"C\u00e2ble \u00e0 fibres optiques ADSS \u00e0 24 conducteurs"},"content":{"rendered":"<h1 style=\"text-align: left; font-size: 18px;\"><strong>Maximisez la connectivit\u00e9 avec le c\u00e2ble \u00e0 fibre optique ADSS \u00e0 24 conducteurs<\/strong><\/h1>\n<p>Le c\u00e2ble \u00e0 fibre optique ADSS \u00e0 24 conducteurs est une solution \u00e0 haute capacit\u00e9 con\u00e7ue pour les r\u00e9seaux de t\u00e9l\u00e9communications. Avec ses 24 c\u0153urs de fibre, il offre des capacit\u00e9s de bande passante sup\u00e9rieures, ce qui le rend id\u00e9al pour les applications n\u00e9cessitant une transmission de donn\u00e9es fiable et efficace sur de longues distances. Sa conception autoportante simplifie l&rsquo;installation sur les poteaux \u00e9lectriques a\u00e9riens, tandis que sa durabilit\u00e9 garantit des performances \u00e0 long terme dans divers environnements.<\/p>\n<h2 style=\"text-align: left; font-size: 18px;\"><strong>Caract\u00e9ristiques<\/strong><\/h2>\n<ul>\n<li>Nombre de fibres plus \u00e9lev\u00e9 : Il peut accueillir 24 fibres optiques individuelles dans une seule structure de c\u00e2ble, offrant ainsi une plus grande capacit\u00e9 de transmission de donn\u00e9es et de connectivit\u00e9.<\/li>\n<li>Bande passante accrue : le nombre plus \u00e9lev\u00e9 de fibres permet d&rsquo;am\u00e9liorer les capacit\u00e9s de bande passante, ce qui le rend adapt\u00e9 aux applications \u00e0 forte demande de donn\u00e9es.<\/li>\n<li>Conception autoportante : La construction ADSS \u00e9limine le besoin de mat\u00e9riel de support suppl\u00e9mentaire, ce qui simplifie l&rsquo;installation sur les poteaux \u00e9lectriques a\u00e9riens.<\/li>\n<li>Transmission sur de longues distances : Le c\u00e2ble est con\u00e7u pour assurer une transmission efficace des donn\u00e9es sur de longues distances, favorisant ainsi la connectivit\u00e9 dans les r\u00e9seaux \u00e0 grande \u00e9chelle.<\/li>\n<li>Durabilit\u00e9 : Les mat\u00e9riaux et la conception du c\u00e2ble offrent une r\u00e9sistance aux facteurs environnementaux tels que les rayons UV et les conditions m\u00e9t\u00e9orologiques difficiles, garantissant ainsi une fiabilit\u00e9 \u00e0 long terme.<\/li>\n<\/ul>\n<h2 style=\"text-align: left; font-size: 18px;\"><strong>Protection de l&rsquo;environnement<\/strong><\/h2>\n<p>R\u00e9sistance aux UV ; r\u00e9sistance aux temp\u00e9ratures \u00e9lev\u00e9es et basses ; r\u00e9sistance au givrage<\/p>\n<h2 style=\"text-align: left; font-size: 18px;\"><strong>Application<\/strong><\/h2>\n<ul>\n<li>Communication longue distance : Le c\u00e2ble est adapt\u00e9 aux r\u00e9seaux de communication longue distance et permet la transmission de donn\u00e9es \u00e0 grande vitesse sur de longues distances.<\/li>\n<li>R\u00e9seaux dorsaux : Il sert d&rsquo;infrastructure de base dans les r\u00e9seaux de t\u00e9l\u00e9communications, reliant plusieurs sites et facilitant le transfert de donn\u00e9es entre eux.<\/li>\n<li>Zones urbaines \u00e0 forte densit\u00e9 : Dans les zones dens\u00e9ment peupl\u00e9es, le c\u00e2ble r\u00e9pond \u00e0 la demande d&rsquo;augmentation de la bande passante et de la connectivit\u00e9 dans des applications telles que les d\u00e9ploiements de fibre optique jusqu&rsquo;au domicile (FTTH) ou jusqu&rsquo;au b\u00e2timent (FTTB).<\/li>\n<li>R\u00e9seaux de campus : Il est utilis\u00e9 dans les \u00e9tablissements d&rsquo;enseignement, les campus d&rsquo;entreprise ou les installations gouvernementales pour cr\u00e9er des infrastructures de r\u00e9seau de grande capacit\u00e9 reliant diff\u00e9rents b\u00e2timents et sites.<\/li>\n<li>R\u00e9seaux m\u00e9tropolitains : Le c\u00e2ble est d\u00e9ploy\u00e9 dans les zones m\u00e9tropolitaines afin d&rsquo;assurer une connectivit\u00e9 fiable et \u00e0 haut d\u00e9bit pour les entreprises, les zones r\u00e9sidentielles et les institutions publiques.<\/li>\n<\/ul>\n<h2 style=\"text-align: left; font-size: 18px;\"><strong>Vous cherchez d&rsquo;autres choix de c\u00e2bles \u00e0 fibres optiques ADSS ?<\/strong><\/h2>\n<p>Vous cherchez plus de choix dans les c\u00e2bles \u00e0 fibres optiques ADSS ? D\u00e9couvrez nos<a href=\"https:\/\/www.bonelinks.com\/fr\/adss-fiber-optic-cable\/\" target=\"_blank\" rel=\"noopener\"><strong><span style=\"color: #0054a6;\"> c\u00e2bles \u00e0 fibres optiques ADSS <\/span><\/strong><\/a>pour une mise en r\u00e9seau sans faille. Si vous avez besoin de c\u00e2bles \u00e0 fibres optiques sur mesure pour r\u00e9pondre \u00e0 vos besoins sp\u00e9cifiques, jetez un coup d&rsquo;\u0153il \u00e0 nos<a href=\"https:\/\/www.bonelinks.com\/fr\/custom-fiber-optic-cables\/\" target=\"_blank\" rel=\"noopener\"><strong><span style=\"color: #0054a6;\"> C\u00e2bles \u00e0 fibres optiques sur mesure <\/span><\/strong><\/a>pour des solutions de connectivit\u00e9 personnalis\u00e9es.<\/p>\n","protected":false},"excerpt":{"rendered":"<p>Le c\u00e2ble \u00e0 fibres optiques ADSS \u00e0 24 conducteurs est une solution autoportante con\u00e7ue pour les r\u00e9seaux de t\u00e9l\u00e9communications. Pouvant accueillir 24 fibres optiques individuelles dans une seule structure, il offre une connectivit\u00e9 de grande capacit\u00e9 pour les applications exigeantes. Ce c\u00e2ble est id\u00e9al pour les besoins en bande passante \u00e9lev\u00e9e, offrant une transmission de donn\u00e9es fiable et efficace sur de longues distances. Sa conception autoportante \u00e9limine le besoin de mat\u00e9riel suppl\u00e9mentaire, ce qui simplifie l&rsquo;installation sur les poteaux \u00e9lectriques a\u00e9riens existants. Le c\u00e2ble \u00e0 fibre optique ADSS \u00e0 24 conducteurs garantit une connectivit\u00e9 robuste et \u00e9volutive pour les infrastructures de t\u00e9l\u00e9communications.<\/p>\n","protected":false},"featured_media":15530,"template":"","meta":{"site-sidebar-layout":"default","site-content-layout":"default","ast-site-content-layout":"default","site-content-style":"default","site-sidebar-style":"default","ast-global-header-display":"","ast-banner-title-visibility":"","ast-main-header-display":"","ast-hfb-above-header-display":"","ast-hfb-below-header-display":"","ast-hfb-mobile-header-display":"","site-post-title":"","ast-breadcrumbs-content":"","ast-featured-img":"","footer-sml-layout":"","ast-disable-related-posts":"","theme-transparent-header-meta":"default","adv-header-id-meta":"","stick-header-meta":"default","header-above-stick-meta":"","header-main-stick-meta":"","header-below-stick-meta":"","astra-migrate-meta-layouts":"set","ast-page-background-enabled":"default","ast-page-background-meta":{"desktop":{"background-color":"","background-image":"","background-repeat":"repeat","background-position":"center center","background-size":"auto","background-attachment":"scroll","background-type":"","background-media":"","overlay-type":"","overlay-color":"","overlay-opacity":"","overlay-gradient":""},"tablet":{"background-color":"","background-image":"","background-repeat":"repeat","background-position":"center center","background-size":"auto","background-attachment":"scroll","background-type":"","background-media":"","overlay-type":"","overlay-color":"","overlay-opacity":"","overlay-gradient":""},"mobile":{"background-color":"","background-image":"","background-repeat":"repeat","background-position":"center center","background-size":"auto","background-attachment":"scroll","background-type":"","background-media":"","overlay-type":"","overlay-color":"","overlay-opacity":"","overlay-gradient":""}},"ast-content-background-meta":{"desktop":{"background-color":"var(--ast-global-color-5)","background-image":"","background-repeat":"repeat","background-position":"center center","background-size":"auto","background-attachment":"scroll","background-type":"","background-media":"","overlay-type":"","overlay-color":"","overlay-opacity":"","overlay-gradient":""},"tablet":{"background-color":"var(--ast-global-color-5)","background-image":"","background-repeat":"repeat","background-position":"center center","background-size":"auto","background-attachment":"scroll","background-type":"","background-media":"","overlay-type":"","overlay-color":"","overlay-opacity":"","overlay-gradient":""},"mobile":{"background-color":"var(--ast-global-color-5)","background-image":"","background-repeat":"repeat","background-position":"center center","background-size":"auto","background-attachment":"scroll","background-type":"","background-media":"","overlay-type":"","overlay-color":"","overlay-opacity":"","overlay-gradient":""}}},"product_brand":[],"product_cat":[547,211,507],"product_tag":[],"class_list":{"0":"post-21786","1":"product","2":"type-product","3":"status-publish","4":"has-post-thumbnail","6":"product_cat-adss-fiber-optic-cable-fr","7":"product_cat-outdoor-fiber-optic-cable-fr","8":"product_cat-aerial-fiber-optic-cable-fr","9":"desktop-align-left","10":"tablet-align-left","11":"mobile-align-left","12":"ast-product-gallery-layout-vertical","13":"ast-product-gallery-with-no-image","14":"ast-product-tabs-layout-vertical","15":"ast-qv-on-image","17":"first","18":"instock","19":"shipping-taxable","20":"product-type-simple"},"_links":{"self":[{"href":"https:\/\/www.bonelinks.com\/fr\/wp-json\/wp\/v2\/product\/21786","targetHints":{"allow":["GET"]}}],"collection":[{"href":"https:\/\/www.bonelinks.com\/fr\/wp-json\/wp\/v2\/product"}],"about":[{"href":"https:\/\/www.bonelinks.com\/fr\/wp-json\/wp\/v2\/types\/product"}],"version-history":[{"count":2,"href":"https:\/\/www.bonelinks.com\/fr\/wp-json\/wp\/v2\/product\/21786\/revisions"}],"predecessor-version":[{"id":24234,"href":"https:\/\/www.bonelinks.com\/fr\/wp-json\/wp\/v2\/product\/21786\/revisions\/24234"}],"wp:featuredmedia":[{"embeddable":true,"href":"https:\/\/www.bonelinks.com\/fr\/wp-json\/wp\/v2\/media\/15530"}],"wp:attachment":[{"href":"https:\/\/www.bonelinks.com\/fr\/wp-json\/wp\/v2\/media?parent=21786"}],"wp:term":[{"taxonomy":"product_brand","embeddable":true,"href":"https:\/\/www.bonelinks.com\/fr\/wp-json\/wp\/v2\/product_brand?post=21786"},{"taxonomy":"product_cat","embeddable":true,"href":"https:\/\/www.bonelinks.com\/fr\/wp-json\/wp\/v2\/product_cat?post=21786"},{"taxonomy":"product_tag","embeddable":true,"href":"https:\/\/www.bonelinks.com\/fr\/wp-json\/wp\/v2\/product_tag?post=21786"}],"curies":[{"name":"wp","href":"https:\/\/api.w.org\/{rel}","templated":true}]}}