{"id":21767,"date":"2022-11-15T23:53:13","date_gmt":"2022-11-16T07:53:13","guid":{"rendered":"https:\/\/www.bonelinks.com\/product\/repartiteur-plc-enfichable\/"},"modified":"2024-01-28T23:02:43","modified_gmt":"2024-01-29T07:02:43","slug":"plug-in-plc-splitter","status":"publish","type":"product","link":"https:\/\/www.bonelinks.com\/fr\/product\/plug-in-plc-splitter\/","title":{"rendered":"R\u00e9partiteur PLC enfichable"},"content":{"rendered":"<div class=\"elementor-element elementor-element-012735a elementor-widget elementor-widget-text-editor\" data-id=\"012735a\" data-element_type=\"widget\" data-widget_type=\"text-editor.default\">\n<div class=\"elementor-widget-container\">\n<p>Le r\u00e9partiteur PLC enfichable est une solution fiable, \u00e9conomique et facile \u00e0 installer pour la distribution des signaux de fibre optique dans les r\u00e9seaux PON. Gr\u00e2ce \u00e0 ses performances sup\u00e9rieures et \u00e0 sa polyvalence, il constitue un choix populaire parmi les op\u00e9rateurs de r\u00e9seaux et les fournisseurs de services.<\/p>\n<p>Bonelinks propose des splitters PLC Plug-In en configurations 1\u00d74, 1\u00d78, 1\u00d716 et 1\u00d732. Par exemple, un r\u00e9partiteur 1\u00d74 a une entr\u00e9e et quatre sorties. Ces splitters ont des mini prises avec des connecteurs pr\u00e9termin\u00e9s qui interagissent avec le monde ext\u00e9rieur par l&rsquo;interm\u00e9diaire d&rsquo;adaptateurs de fibre optique.<\/p>\n<p>Pour garantir des produits de qualit\u00e9 sup\u00e9rieure, Bonelinks teste tous ses splitters PLC Plug-In avant la production. Le s\u00e9parateur de tube en acier int\u00e9gr\u00e9 est v\u00e9rifi\u00e9 pour la lumi\u00e8re traversante, la face d&rsquo;extr\u00e9mit\u00e9 et le rapport de s\u00e9paration apr\u00e8s l&rsquo;installation des connecteurs. Chaque port est test\u00e9 pour les valeurs d&rsquo;att\u00e9nuation et tous les rapports de test sont inclus avec chaque produit comme garantie de sa qualit\u00e9 et de sa performance.<\/p>\n<\/div>\n<\/div>\n<div class=\"elementor-element elementor-element-3d44a7e elementor-widget elementor-widget-text-editor\" data-id=\"3d44a7e\" data-element_type=\"widget\" data-widget_type=\"text-editor.default\">\n<div class=\"elementor-widget-container\">\n<p><strong>Caract\u00e9ristiques<\/strong><\/p>\n<ul>\n<li>Facile \u00e0 installer : Les s\u00e9parateurs PLC enfichables sont con\u00e7us pour \u00eatre facilement install\u00e9s dans un ONU ou un OLT, ce qui simplifie le d\u00e9ploiement et la maintenance du r\u00e9seau.<\/li>\n<li>Conception compacte : Les s\u00e9parateurs PLC enfichables sont de petite taille, ce qui les rend faciles \u00e0 installer et \u00e0 g\u00e9rer dans les r\u00e9seaux optiques.<\/li>\n<li>Grande fiabilit\u00e9 : Les s\u00e9parateurs PLC enfichables sont fabriqu\u00e9s \u00e0 partir de mat\u00e9riaux de haute qualit\u00e9 et r\u00e9pondent \u00e0 des normes strictes, ce qui garantit leur fiabilit\u00e9 et leur long\u00e9vit\u00e9.<\/li>\n<li>Faible perte d&rsquo;insertion : Les s\u00e9parateurs CPL ont une faible perte d&rsquo;insertion, ce qui signifie qu&rsquo;ils ne r\u00e9duisent pas de mani\u00e8re significative la force du signal optique.<\/li>\n<li>Ind\u00e9pendance de la longueur d&rsquo;onde : Les s\u00e9parateurs CPL sont ind\u00e9pendants de la longueur d&rsquo;onde, ce qui signifie qu&rsquo;ils peuvent diviser le signal optique quelle que soit sa longueur d&rsquo;onde.<\/li>\n<\/ul>\n<p><strong>Application<\/strong><\/p>\n<ul>\n<li>Syst\u00e8mes de communication par fibre optique : Les s\u00e9parateurs PLC enfichables sont utilis\u00e9s dans les syst\u00e8mes de communication optique tels que les r\u00e9seaux optiques passifs (PON), o\u00f9 le signal provenant d&rsquo;une source optique unique doit \u00eatre divis\u00e9 en plusieurs branches pour atteindre plusieurs utilisateurs finaux.<\/li>\n<li>Centres de donn\u00e9es : Les s\u00e9parateurs PLC enfichables sont utilis\u00e9s dans les centres de donn\u00e9es pour distribuer des signaux optiques \u00e0 haut d\u00e9bit \u00e0 plusieurs serveurs.<\/li>\n<li>R\u00e9seaux CATV : Les s\u00e9parateurs PLC enfichables sont utilis\u00e9s dans les r\u00e9seaux de t\u00e9l\u00e9vision par c\u00e2ble (CATV) pour diviser le signal re\u00e7u d&rsquo;une t\u00eate de r\u00e9seau en plusieurs sorties \u00e0 distribuer \u00e0 plusieurs abonn\u00e9s.<\/li>\n<li>Syst\u00e8mes d&rsquo;amplification optique : Les s\u00e9parateurs PLC enfichables sont utilis\u00e9s dans les syst\u00e8mes d&rsquo;amplification optique pour distribuer le signal optique en vue de son amplification.<\/li>\n<li>Syst\u00e8mes de mesure optique : Les s\u00e9parateurs PLC enfichables sont utilis\u00e9s dans les syst\u00e8mes de mesure optique tels que les wattm\u00e8tres optiques, les analyseurs de spectre optique, etc.<\/li>\n<\/ul>\n<\/div>\n<\/div>\n","protected":false},"excerpt":{"rendered":"<p>Le s\u00e9parateur PLC enfichable est un type de composant de r\u00e9seau optique passif (PON) utilis\u00e9 pour distribuer des signaux optiques d&rsquo;une source unique vers des destinations multiples. Il agit comme un s\u00e9parateur de puissance et est g\u00e9n\u00e9ralement utilis\u00e9 dans les applications de fibre optique jusqu&rsquo;\u00e0 la maison (FTTH) pour distribuer des signaux \u00e0 plusieurs utilisateurs dans un b\u00e2timent ou un quartier.<\/p>\n<p>L&rsquo;un des principaux avantages de l&rsquo;utilisation d&rsquo;un r\u00e9partiteur PLC Plug-In est sa facilit\u00e9 d&rsquo;installation. Contrairement aux s\u00e9parateurs traditionnels, qui n\u00e9cessitent des \u00e9pissures et des soudures, les s\u00e9parateurs PLC Plug-In peuvent \u00eatre simplement branch\u00e9s sur un r\u00e9seau de distribution optique (ODN) pour une installation rapide et sans probl\u00e8me. Il est donc id\u00e9al pour les d\u00e9ploiements \u00e0 grande \u00e9chelle o\u00f9 les \u00e9conomies de temps et d&rsquo;argent sont essentielles.<\/p>\n<p>En termes de performances, les s\u00e9parateurs PLC Plug-In offrent une faible perte d&rsquo;insertion et une perte de retour \u00e9lev\u00e9e, garantissant que le signal est distribu\u00e9 de mani\u00e8re uniforme et pr\u00e9cise sur chaque port de sortie. Ils offrent \u00e9galement une stabilit\u00e9 et une fiabilit\u00e9 \u00e9lev\u00e9es, ce qui permet de les utiliser dans des conditions environnementales difficiles.<\/p>\n<p>Il est important de noter que les r\u00e9partiteurs PLC Plug-In sont disponibles dans diff\u00e9rentes configurations, telles que 1&#215;2, 1&#215;4, 1&#215;8 et 1&#215;16, afin de r\u00e9pondre aux diff\u00e9rentes exigences du r\u00e9seau. Ils sont \u00e9galement compatibles avec diff\u00e9rents types de fibres, y compris les fibres monomodes et multimodes.<\/p>\n","protected":false},"featured_media":15130,"template":"","meta":{"site-sidebar-layout":"default","site-content-layout":"default","ast-site-content-layout":"default","site-content-style":"default","site-sidebar-style":"default","ast-global-header-display":"","ast-banner-title-visibility":"","ast-main-header-display":"","ast-hfb-above-header-display":"","ast-hfb-below-header-display":"","ast-hfb-mobile-header-display":"","site-post-title":"","ast-breadcrumbs-content":"","ast-featured-img":"","footer-sml-layout":"","ast-disable-related-posts":"","theme-transparent-header-meta":"default","adv-header-id-meta":"","stick-header-meta":"default","header-above-stick-meta":"","header-main-stick-meta":"","header-below-stick-meta":"","astra-migrate-meta-layouts":"set","ast-page-background-enabled":"default","ast-page-background-meta":{"desktop":{"background-color":"","background-image":"","background-repeat":"repeat","background-position":"center center","background-size":"auto","background-attachment":"scroll","background-type":"","background-media":"","overlay-type":"","overlay-color":"","overlay-opacity":"","overlay-gradient":""},"tablet":{"background-color":"","background-image":"","background-repeat":"repeat","background-position":"center center","background-size":"auto","background-attachment":"scroll","background-type":"","background-media":"","overlay-type":"","overlay-color":"","overlay-opacity":"","overlay-gradient":""},"mobile":{"background-color":"","background-image":"","background-repeat":"repeat","background-position":"center center","background-size":"auto","background-attachment":"scroll","background-type":"","background-media":"","overlay-type":"","overlay-color":"","overlay-opacity":"","overlay-gradient":""}},"ast-content-background-meta":{"desktop":{"background-color":"var(--ast-global-color-5)","background-image":"","background-repeat":"repeat","background-position":"center center","background-size":"auto","background-attachment":"scroll","background-type":"","background-media":"","overlay-type":"","overlay-color":"","overlay-opacity":"","overlay-gradient":""},"tablet":{"background-color":"var(--ast-global-color-5)","background-image":"","background-repeat":"repeat","background-position":"center center","background-size":"auto","background-attachment":"scroll","background-type":"","background-media":"","overlay-type":"","overlay-color":"","overlay-opacity":"","overlay-gradient":""},"mobile":{"background-color":"var(--ast-global-color-5)","background-image":"","background-repeat":"repeat","background-position":"center center","background-size":"auto","background-attachment":"scroll","background-type":"","background-media":"","overlay-type":"","overlay-color":"","overlay-opacity":"","overlay-gradient":""}}},"product_brand":[],"product_cat":[281],"product_tag":[],"class_list":{"0":"post-21767","1":"product","2":"type-product","3":"status-publish","4":"has-post-thumbnail","6":"product_cat-plc-splitter-fr","7":"desktop-align-left","8":"tablet-align-left","9":"mobile-align-left","10":"ast-product-gallery-layout-vertical","11":"ast-product-gallery-with-no-image","12":"ast-product-tabs-layout-vertical","13":"ast-qv-on-image","15":"first","16":"instock","17":"shipping-taxable","18":"product-type-simple"},"_links":{"self":[{"href":"https:\/\/www.bonelinks.com\/fr\/wp-json\/wp\/v2\/product\/21767","targetHints":{"allow":["GET"]}}],"collection":[{"href":"https:\/\/www.bonelinks.com\/fr\/wp-json\/wp\/v2\/product"}],"about":[{"href":"https:\/\/www.bonelinks.com\/fr\/wp-json\/wp\/v2\/types\/product"}],"version-history":[{"count":1,"href":"https:\/\/www.bonelinks.com\/fr\/wp-json\/wp\/v2\/product\/21767\/revisions"}],"predecessor-version":[{"id":23905,"href":"https:\/\/www.bonelinks.com\/fr\/wp-json\/wp\/v2\/product\/21767\/revisions\/23905"}],"wp:featuredmedia":[{"embeddable":true,"href":"https:\/\/www.bonelinks.com\/fr\/wp-json\/wp\/v2\/media\/15130"}],"wp:attachment":[{"href":"https:\/\/www.bonelinks.com\/fr\/wp-json\/wp\/v2\/media?parent=21767"}],"wp:term":[{"taxonomy":"product_brand","embeddable":true,"href":"https:\/\/www.bonelinks.com\/fr\/wp-json\/wp\/v2\/product_brand?post=21767"},{"taxonomy":"product_cat","embeddable":true,"href":"https:\/\/www.bonelinks.com\/fr\/wp-json\/wp\/v2\/product_cat?post=21767"},{"taxonomy":"product_tag","embeddable":true,"href":"https:\/\/www.bonelinks.com\/fr\/wp-json\/wp\/v2\/product_tag?post=21767"}],"curies":[{"name":"wp","href":"https:\/\/api.w.org\/{rel}","templated":true}]}}