{"id":21764,"date":"2022-11-16T00:08:55","date_gmt":"2022-11-16T08:08:55","guid":{"rendered":"https:\/\/www.bonelinks.com\/product\/repartiteur-plc-sans-bloc\/"},"modified":"2024-01-28T23:02:32","modified_gmt":"2024-01-29T07:02:32","slug":"blockless-plc-splitter","status":"publish","type":"product","link":"https:\/\/www.bonelinks.com\/fr\/product\/blockless-plc-splitter\/","title":{"rendered":"R\u00e9partiteur PLC sans bloc"},"content":{"rendered":"<h1 style=\"text-align: left; font-size: 18px;\"><span style=\"color: #000000;\"><strong>R\u00e9partiteur de fibres PLC sans bloc <\/strong><\/span><\/h1>\n<p>Le s\u00e9parateur PLC sans bloc est con\u00e7u pour une durabilit\u00e9 maximale, avec une puce centrale log\u00e9e dans un bo\u00eetier robuste en acier inoxydable. Sa taille compacte et sa conception robuste en font un outil id\u00e9al pour les installations int\u00e9rieures et ext\u00e9rieures, m\u00eame dans les espaces restreints tels que les bo\u00eetiers d&rsquo;\u00e9pissure optique et les armoires de distribution. Le s\u00e9parateur PLC sans bloc peut sembler similaire \u00e0 un <a href=\"https:\/\/www.bonelinks.com\/fr\/product\/bare-fiber-plc-splitter\/\" target=\"_blank\" rel=\"noopener\">s\u00e9parateur de fibres nues<\/a>, mais il offre une protection accrue des fibres gr\u00e2ce \u00e0 son emballage compact en tube d&rsquo;acier inoxydable. Cette conception offre une durabilit\u00e9 accrue et prot\u00e8ge les connexions de fibre \u00e0 l&rsquo;int\u00e9rieur du s\u00e9parateur, garantissant des performances fiables et une long\u00e9vit\u00e9 accrue.<\/p>\n<p><img fetchpriority=\"high\" decoding=\"async\" class=\"alignleft wp-image-6395\" src=\"https:\/\/www.bonelinks.com\/wp-content\/uploads\/2022\/11\/blockless-spilitter-vs-bare-spitter.jpg\" alt=\"cracheur sans bloc vs cracheur nu\" width=\"600\" height=\"250\" srcset=\"https:\/\/www.bonelinks.com\/wp-content\/uploads\/2022\/11\/blockless-spilitter-vs-bare-spitter.jpg 960w, https:\/\/www.bonelinks.com\/wp-content\/uploads\/2022\/11\/blockless-spilitter-vs-bare-spitter-300x125.jpg 300w, https:\/\/www.bonelinks.com\/wp-content\/uploads\/2022\/11\/blockless-spilitter-vs-bare-spitter-768x320.jpg 768w, https:\/\/www.bonelinks.com\/wp-content\/uploads\/2022\/11\/blockless-spilitter-vs-bare-spitter-650x271.jpg 650w\" sizes=\"(max-width: 600px) 100vw, 600px\" \/><\/p>\n<p>&nbsp;<\/p>\n<p>&nbsp;<\/p>\n<p>&nbsp;<\/p>\n<p>&nbsp;<\/p>\n<p>&nbsp;<\/p>\n<p>&nbsp;<\/p>\n<p>Ce mini splitter PLC est tr\u00e8s polyvalent, avec la possibilit\u00e9 de terminer son entr\u00e9e et sa sortie avec une vari\u00e9t\u00e9 de connecteurs de fibre optique, y compris FC, SC, LC, et ST. Bonelinks propose des connecteurs d&rsquo;entr\u00e9e et de sortie d&rsquo;une longueur maximale de 5 m\u00e8tres et peut \u00e9galement fournir des longueurs de c\u00e2ble personnalis\u00e9es pour s&rsquo;adapter \u00e0 votre distance d&rsquo;installation sp\u00e9cifique. Nous fournissons une vari\u00e9t\u00e9 de s\u00e9parateurs sans bloc 1xN et 2xN PLC, y compris 1&#215;2, 1&#215;4, 1&#215;8, 1&#215;16, 1&#215;32, 1&#215;64 s\u00e9parateurs PLC \u00e0 fibre sans bloc et 2&#215;2, 2&#215;4, 2&#215;8, 2&#215;16, 2&#215;32, 2&#215;64 s\u00e9parateurs PLC \u00e0 fibre sans bloc.<\/p>\n<p>Mettez votre r\u00e9seau \u00e0 niveau d\u00e8s aujourd&rsquo;hui avec le Blockless PLC Splitter et profitez de d\u00e9ploiements optiques plus rapides, plus simples et plus fiables.<\/p>\n<h2 style=\"text-align: left; font-size: 18px;\"><strong>Caract\u00e9ristiques : Pourquoi choisir les r\u00e9partiteurs PLC sans bloc ? <\/strong><\/h2>\n<ul>\n<li>Taille r\u00e9duite : La conception compacte des r\u00e9partiteurs PLC sans bloc leur permet d&rsquo;\u00eatre beaucoup plus petits que les r\u00e9partiteurs traditionnels \u00e0 base de blocs, ce qui les rend id\u00e9aux pour les applications o\u00f9 l&rsquo;espace est limit\u00e9.<\/li>\n<li>Facilit\u00e9 d&rsquo;installation : Gr\u00e2ce \u00e0 leur taille compacte et \u00e0 leur conception simple, les s\u00e9parateurs PLC sans bloc sont faciles \u00e0 installer et ne n\u00e9cessitent pas d&rsquo;outils ou d&rsquo;\u00e9quipements sp\u00e9ciaux.<\/li>\n<li>Faible perte d&rsquo;insertion : Les s\u00e9parateurs PLC ont une faible perte d&rsquo;insertion, ce qui signifie qu&rsquo;ils ne d\u00e9gradent pas de mani\u00e8re significative le signal optique qui les traverse.<\/li>\n<li>Haute fiabilit\u00e9 : Les fibres optiques sont de haute qualit\u00e9, ce qui leur conf\u00e8re une grande fiabilit\u00e9 et une longue dur\u00e9e de vie.<\/li>\n<li>Grande uniformit\u00e9 : la distribution de la puissance optique est tr\u00e8s uniforme, ce qui signifie que le signal optique est distribu\u00e9 uniform\u00e9ment \u00e0 chaque port de sortie.<\/li>\n<li>Rentabilit\u00e9 : Compar\u00e9s \u00e0 d&rsquo;autres types de s\u00e9parateurs optiques, les s\u00e9parateurs CPL sans bloc sont plus \u00e9conomiques, ce qui en fait un choix populaire pour de nombreuses applications.<\/li>\n<\/ul>\n<h2 style=\"text-align: left; font-size: 18px;\"><strong>Application : Quand choisir des r\u00e9partiteurs PLC sans bloc ? <\/strong><\/h2>\n<ul>\n<li>R\u00e9seaux de fibre optique jusqu&rsquo;au domicile (FTTH) : Les r\u00e9partiteurs PLC sans bloc sont des produits importants utilis\u00e9s dans les projets FTTx, gr\u00e2ce \u00e0 leurs bo\u00eetiers compacts en tube inoxydable. Il peut \u00eatre facilement install\u00e9 dans un bo\u00eetier d&rsquo;\u00e9pissure de fibre optique pour assurer la distribution du signal FTTH.<\/li>\n<li>Centres de donn\u00e9es : Il peut \u00eatre utilis\u00e9 dans les centres de donn\u00e9es pour distribuer des signaux optiques \u00e0 plusieurs serveurs, commutateurs et dispositifs de stockage.<\/li>\n<li>R\u00e9seaux de t\u00e9l\u00e9vision par c\u00e2ble : Les s\u00e9parateurs CPL sans bloc peuvent \u00eatre utilis\u00e9s dans les r\u00e9seaux de t\u00e9l\u00e9vision par c\u00e2ble pour diviser le signal optique provenant de la t\u00eate de r\u00e9seau en plusieurs fibres afin de le distribuer dans les foyers individuels.<\/li>\n<li>R\u00e9seaux mobiles de collecte : Les s\u00e9parateurs CPL sans bloc peuvent \u00eatre utilis\u00e9s dans les r\u00e9seaux mobiles de liaison pour distribuer les signaux optiques de la station de base \u00e0 plusieurs t\u00eates radio distantes.<\/li>\n<li>R\u00e9seaux industriels : Les s\u00e9parateurs PLC sans bloc peuvent \u00eatre utilis\u00e9s dans les r\u00e9seaux industriels pour distribuer des signaux optiques \u00e0 plusieurs appareils dans une usine ou un environnement industriel.<\/li>\n<\/ul>\n<h2 style=\"text-align: left; font-size: 18px;\"><strong><img decoding=\"async\" class=\"alignleft wp-image-6392\" src=\"https:\/\/www.bonelinks.com\/wp-content\/uploads\/2022\/11\/blockless-plc-spitter.jpg\" alt=\"R\u00e9partiteur PLC sans bloc\" width=\"600\" height=\"306\" srcset=\"https:\/\/www.bonelinks.com\/wp-content\/uploads\/2022\/11\/blockless-plc-spitter.jpg 557w, https:\/\/www.bonelinks.com\/wp-content\/uploads\/2022\/11\/blockless-plc-spitter-300x153.jpg 300w\" sizes=\"(max-width: 600px) 100vw, 600px\" \/><\/strong><\/h2>\n<h2 style=\"text-align: left; font-size: 18px;\"><strong><br \/>\nPourquoi nos s\u00e9parateurs PLC sans bloc ? <\/strong><\/h2>\n<p>Normes : Telcordia GR-1209 et GR-1221<\/p>\n<p>Chaque s\u00e9parateur PLC sans bloc est soumis \u00e0 des tests approfondis en usine afin de garantir une qualit\u00e9 et des performances optimales. Toutes les unit\u00e9s sont accompagn\u00e9es d&rsquo;un rapport de test et d&rsquo;une garantie, ce qui vous permet de vous fier \u00e0 la fiabilit\u00e9 et \u00e0 la stabilit\u00e9 de votre r\u00e9seau optique.<\/p>\n<p>Lorsqu&rsquo;il s&rsquo;agit d&rsquo;un s\u00e9parateur de fibre fiable pour des connexions de fibre optique sans faille, faites confiance \u00e0 l&rsquo;expertise de Bonelinks. En tant que <strong><a href=\"https:\/\/www.bonelinks.com\/fr\/china-ftth-plc-splitter-supplier\/\" target=\"_blank\" rel=\"noopener\">fournisseur leader de s\u00e9parateurs de fibre PLC <\/a><\/strong>nous proposons une large gamme de solutions de connectivit\u00e9 de haute qualit\u00e9 adapt\u00e9es \u00e0 vos besoins. Explorez notre s\u00e9lection de s\u00e9parateurs de fibre optique con\u00e7us pour des performances sup\u00e9rieures et trouvez la solution parfaite pour votre r\u00e9seau.<\/p>\n<p><img decoding=\"async\" class=\"alignleft wp-image-6336\" src=\"https:\/\/www.bonelinks.com\/wp-content\/uploads\/2023\/05\/ILRL-test.jpg\" alt=\"\" width=\"600\" height=\"450\" srcset=\"https:\/\/www.bonelinks.com\/wp-content\/uploads\/2023\/05\/ILRL-test.jpg 1210w, https:\/\/www.bonelinks.com\/wp-content\/uploads\/2023\/05\/ILRL-test-300x225.jpg 300w, https:\/\/www.bonelinks.com\/wp-content\/uploads\/2023\/05\/ILRL-test-1030x772.jpg 1030w, https:\/\/www.bonelinks.com\/wp-content\/uploads\/2023\/05\/ILRL-test-768x576.jpg 768w, https:\/\/www.bonelinks.com\/wp-content\/uploads\/2023\/05\/ILRL-test-650x487.jpg 650w\" sizes=\"(max-width: 600px) 100vw, 600px\" \/><\/p>\n<p>&nbsp;<\/p>\n<p>&nbsp;<\/p>\n<p>&nbsp;<\/p>\n<p>&nbsp;<\/p>\n<p>&nbsp;<\/p>\n<p>&nbsp;<\/p>\n<p>&nbsp;<\/p>\n<p>&nbsp;<\/p>\n<p>&nbsp;<\/p>\n<p>&nbsp;<\/p>\n<p>&nbsp;<\/p>\n","protected":false},"excerpt":{"rendered":"<p>Le r\u00e9partiteur PLC sans bloc est une solution de pointe pour les installations de r\u00e9seaux optiques. Gr\u00e2ce \u00e0 sa conception unique, il ne n\u00e9cessite pas de blocs optiques s\u00e9par\u00e9s, ce qui rend son d\u00e9ploiement plus rapide, plus simple et plus fiable. Utilisant la technologie des circuits planaires \u00e0 ondes lumineuses (PLC), ce dispositif compact peut distribuer des signaux optiques \u00e0 plusieurs dispositifs, tels que les ONT ou les ONU. Pr\u00e9sent\u00e9s dans un module en acier inoxydable avec un c\u00e2ble \u00e0 tube libre standard de 900um, les Blockless PLC Splitters sont largement utilis\u00e9s dans les r\u00e9seaux optiques passifs FTTH, servant de s\u00e9parateurs optiques passifs pour les r\u00e9seaux EPON (EPON Splitter) et GPON (GPON Splitter).<\/p>\n","protected":false},"featured_media":15125,"template":"","meta":{"site-sidebar-layout":"default","site-content-layout":"default","ast-site-content-layout":"default","site-content-style":"default","site-sidebar-style":"default","ast-global-header-display":"","ast-banner-title-visibility":"","ast-main-header-display":"","ast-hfb-above-header-display":"","ast-hfb-below-header-display":"","ast-hfb-mobile-header-display":"","site-post-title":"","ast-breadcrumbs-content":"","ast-featured-img":"","footer-sml-layout":"","ast-disable-related-posts":"","theme-transparent-header-meta":"default","adv-header-id-meta":"","stick-header-meta":"default","header-above-stick-meta":"","header-main-stick-meta":"","header-below-stick-meta":"","astra-migrate-meta-layouts":"set","ast-page-background-enabled":"default","ast-page-background-meta":{"desktop":{"background-color":"","background-image":"","background-repeat":"repeat","background-position":"center center","background-size":"auto","background-attachment":"scroll","background-type":"","background-media":"","overlay-type":"","overlay-color":"","overlay-opacity":"","overlay-gradient":""},"tablet":{"background-color":"","background-image":"","background-repeat":"repeat","background-position":"center center","background-size":"auto","background-attachment":"scroll","background-type":"","background-media":"","overlay-type":"","overlay-color":"","overlay-opacity":"","overlay-gradient":""},"mobile":{"background-color":"","background-image":"","background-repeat":"repeat","background-position":"center center","background-size":"auto","background-attachment":"scroll","background-type":"","background-media":"","overlay-type":"","overlay-color":"","overlay-opacity":"","overlay-gradient":""}},"ast-content-background-meta":{"desktop":{"background-color":"var(--ast-global-color-5)","background-image":"","background-repeat":"repeat","background-position":"center center","background-size":"auto","background-attachment":"scroll","background-type":"","background-media":"","overlay-type":"","overlay-color":"","overlay-opacity":"","overlay-gradient":""},"tablet":{"background-color":"var(--ast-global-color-5)","background-image":"","background-repeat":"repeat","background-position":"center center","background-size":"auto","background-attachment":"scroll","background-type":"","background-media":"","overlay-type":"","overlay-color":"","overlay-opacity":"","overlay-gradient":""},"mobile":{"background-color":"var(--ast-global-color-5)","background-image":"","background-repeat":"repeat","background-position":"center center","background-size":"auto","background-attachment":"scroll","background-type":"","background-media":"","overlay-type":"","overlay-color":"","overlay-opacity":"","overlay-gradient":""}}},"product_brand":[],"product_cat":[281],"product_tag":[],"class_list":{"0":"post-21764","1":"product","2":"type-product","3":"status-publish","4":"has-post-thumbnail","6":"product_cat-plc-splitter-fr","7":"desktop-align-left","8":"tablet-align-left","9":"mobile-align-left","10":"ast-product-gallery-layout-vertical","11":"ast-product-gallery-with-no-image","12":"ast-product-tabs-layout-vertical","13":"ast-qv-on-image","15":"first","16":"instock","17":"shipping-taxable","18":"product-type-simple"},"_links":{"self":[{"href":"https:\/\/www.bonelinks.com\/fr\/wp-json\/wp\/v2\/product\/21764","targetHints":{"allow":["GET"]}}],"collection":[{"href":"https:\/\/www.bonelinks.com\/fr\/wp-json\/wp\/v2\/product"}],"about":[{"href":"https:\/\/www.bonelinks.com\/fr\/wp-json\/wp\/v2\/types\/product"}],"version-history":[{"count":2,"href":"https:\/\/www.bonelinks.com\/fr\/wp-json\/wp\/v2\/product\/21764\/revisions"}],"predecessor-version":[{"id":24230,"href":"https:\/\/www.bonelinks.com\/fr\/wp-json\/wp\/v2\/product\/21764\/revisions\/24230"}],"wp:featuredmedia":[{"embeddable":true,"href":"https:\/\/www.bonelinks.com\/fr\/wp-json\/wp\/v2\/media\/15125"}],"wp:attachment":[{"href":"https:\/\/www.bonelinks.com\/fr\/wp-json\/wp\/v2\/media?parent=21764"}],"wp:term":[{"taxonomy":"product_brand","embeddable":true,"href":"https:\/\/www.bonelinks.com\/fr\/wp-json\/wp\/v2\/product_brand?post=21764"},{"taxonomy":"product_cat","embeddable":true,"href":"https:\/\/www.bonelinks.com\/fr\/wp-json\/wp\/v2\/product_cat?post=21764"},{"taxonomy":"product_tag","embeddable":true,"href":"https:\/\/www.bonelinks.com\/fr\/wp-json\/wp\/v2\/product_tag?post=21764"}],"curies":[{"name":"wp","href":"https:\/\/api.w.org\/{rel}","templated":true}]}}