{"id":21763,"date":"2022-11-16T21:27:44","date_gmt":"2022-11-17T05:27:44","guid":{"rendered":"https:\/\/www.bonelinks.com\/product\/cable-de-descente-de-fibre-optique-cable-optique-autoportant\/"},"modified":"2024-01-28T23:00:58","modified_gmt":"2024-01-29T07:00:58","slug":"fiber-drop-cable-self-supporting-optical-cable","status":"publish","type":"product","link":"https:\/\/www.bonelinks.com\/fr\/product\/fiber-drop-cable-self-supporting-optical-cable\/","title":{"rendered":"C\u00e2ble de descente de fibre optique C\u00e2ble optique autoportant"},"content":{"rendered":"<h2 style=\"text-align: left; font-size: 18px;\"><strong>Caract\u00e9ristiques<\/strong><\/h2>\n<ul>\n<li>Deux \u00e9l\u00e9ments de r\u00e9sistance parall\u00e8les en PRFV assurent une bonne r\u00e9sistance \u00e0 l&rsquo;\u00e9crasement pour prot\u00e9ger la fibre.<\/li>\n<li>La fibre sp\u00e9ciale \u00e0 faible sensibilit\u00e9 \u00e0 la flexion offre une grande largeur de bande et d&rsquo;excellentes propri\u00e9t\u00e9s de transmission de la communication.<\/li>\n<li>Un seul fil d&rsquo;acier comme \u00e9l\u00e9ment de r\u00e9sistance suppl\u00e9mentaire garantit une bonne r\u00e9sistance \u00e0 la traction.<\/li>\n<li>Structure simple, poids l\u00e9ger et grande praticabilit\u00e9<\/li>\n<li>Nouvelle conception de la cannelure, facile \u00e0 d\u00e9nuder et \u00e0 \u00e9pisser, simplifiant l&rsquo;installation et la maintenance.<\/li>\n<li>Gaine \u00e0 faible d\u00e9gagement de fum\u00e9e, sans halog\u00e8ne et ignifug\u00e9e.<\/li>\n<\/ul>\n<h2 style=\"text-align: left; font-size: 18px;\"><strong>Application<\/strong><\/h2>\n<p>FTTH ; FTTR ; FTTB<\/p>\n<h2 style=\"text-align: left; font-size: 18px;\"><strong>Protection de l&rsquo;environnement<\/strong><\/h2>\n<p>R\u00e9sistance aux UV ; Anti-flexion<\/p>\n<h2 style=\"text-align: left; font-size: 18px;\"><strong>Vous cherchez d&rsquo;autres choix de c\u00e2bles de descente en fibre optique ?<\/strong><\/h2>\n<p>Vous cherchez plus de choix dans les c\u00e2bles de descente en fibre optique ? Consultez nos<a href=\"https:\/\/www.bonelinks.com\/fr\/ftth-drop-cable\/\" target=\"_blank\" rel=\"noopener\"><strong><span style=\"color: #0054a6;\"> c\u00e2bles de descente en fibre optique <\/span><\/strong><\/a>pour une mise en r\u00e9seau sans faille. Si vous avez besoin de c\u00e2bles \u00e0 fibres optiques sur mesure pour r\u00e9pondre \u00e0 vos besoins sp\u00e9cifiques, jetez un coup d&rsquo;\u0153il \u00e0 nos<a href=\"https:\/\/www.bonelinks.com\/fr\/custom-fiber-optic-cables\/\" target=\"_blank\" rel=\"noopener\"><strong><span style=\"color: #0054a6;\"> C\u00e2bles \u00e0 fibres optiques sur mesure <\/span><\/strong><\/a>pour des solutions de connectivit\u00e9 personnalis\u00e9es.<\/p>\n","protected":false},"excerpt":{"rendered":"<p>Le c\u00e2ble de descente de fibre optique autoportant GJYXFCH comporte 2 \u00e9l\u00e9ments de r\u00e9sistance FRP parall\u00e8les. Par rapport aux c\u00e2bles optiques autoportants courants, l&rsquo;\u00e9l\u00e9ment de r\u00e9sistance en PRFV ou en fil d&rsquo;acier est plus solide. Il utilise g\u00e9n\u00e9ralement des fibres monomodes G652D, G657 ou m\u00eame G655E pour augmenter la bande passante et am\u00e9liorer les performances de transmission du r\u00e9seau. Le c\u00e2ble de descente autoportant est dot\u00e9 d&rsquo;une rainure unique qui facilite le d\u00e9nudage et l&rsquo;installation, ainsi que l&rsquo;\u00e9pissage par fusion.<\/p>\n","protected":false},"featured_media":13625,"template":"","meta":{"site-sidebar-layout":"default","site-content-layout":"default","ast-site-content-layout":"default","site-content-style":"default","site-sidebar-style":"default","ast-global-header-display":"","ast-banner-title-visibility":"","ast-main-header-display":"","ast-hfb-above-header-display":"","ast-hfb-below-header-display":"","ast-hfb-mobile-header-display":"","site-post-title":"","ast-breadcrumbs-content":"","ast-featured-img":"","footer-sml-layout":"","ast-disable-related-posts":"","theme-transparent-header-meta":"default","adv-header-id-meta":"","stick-header-meta":"default","header-above-stick-meta":"","header-main-stick-meta":"","header-below-stick-meta":"","astra-migrate-meta-layouts":"set","ast-page-background-enabled":"default","ast-page-background-meta":{"desktop":{"background-color":"","background-image":"","background-repeat":"repeat","background-position":"center center","background-size":"auto","background-attachment":"scroll","background-type":"","background-media":"","overlay-type":"","overlay-color":"","overlay-opacity":"","overlay-gradient":""},"tablet":{"background-color":"","background-image":"","background-repeat":"repeat","background-position":"center center","background-size":"auto","background-attachment":"scroll","background-type":"","background-media":"","overlay-type":"","overlay-color":"","overlay-opacity":"","overlay-gradient":""},"mobile":{"background-color":"","background-image":"","background-repeat":"repeat","background-position":"center center","background-size":"auto","background-attachment":"scroll","background-type":"","background-media":"","overlay-type":"","overlay-color":"","overlay-opacity":"","overlay-gradient":""}},"ast-content-background-meta":{"desktop":{"background-color":"var(--ast-global-color-5)","background-image":"","background-repeat":"repeat","background-position":"center center","background-size":"auto","background-attachment":"scroll","background-type":"","background-media":"","overlay-type":"","overlay-color":"","overlay-opacity":"","overlay-gradient":""},"tablet":{"background-color":"var(--ast-global-color-5)","background-image":"","background-repeat":"repeat","background-position":"center center","background-size":"auto","background-attachment":"scroll","background-type":"","background-media":"","overlay-type":"","overlay-color":"","overlay-opacity":"","overlay-gradient":""},"mobile":{"background-color":"var(--ast-global-color-5)","background-image":"","background-repeat":"repeat","background-position":"center center","background-size":"auto","background-attachment":"scroll","background-type":"","background-media":"","overlay-type":"","overlay-color":"","overlay-opacity":"","overlay-gradient":""}}},"product_brand":[],"product_cat":[211,507,576,225],"product_tag":[],"class_list":{"0":"post-21763","1":"product","2":"type-product","3":"status-publish","4":"has-post-thumbnail","6":"product_cat-outdoor-fiber-optic-cable-fr","7":"product_cat-aerial-fiber-optic-cable-fr","8":"product_cat-lszh-fiber-cable-fr","9":"product_cat-ftth-cable-fr","10":"desktop-align-left","11":"tablet-align-left","12":"mobile-align-left","13":"ast-product-gallery-layout-vertical","14":"ast-product-gallery-with-no-image","15":"ast-product-tabs-layout-vertical","16":"ast-qv-on-image","18":"first","19":"instock","20":"shipping-taxable","21":"product-type-simple"},"_links":{"self":[{"href":"https:\/\/www.bonelinks.com\/fr\/wp-json\/wp\/v2\/product\/21763","targetHints":{"allow":["GET"]}}],"collection":[{"href":"https:\/\/www.bonelinks.com\/fr\/wp-json\/wp\/v2\/product"}],"about":[{"href":"https:\/\/www.bonelinks.com\/fr\/wp-json\/wp\/v2\/types\/product"}],"version-history":[{"count":3,"href":"https:\/\/www.bonelinks.com\/fr\/wp-json\/wp\/v2\/product\/21763\/revisions"}],"predecessor-version":[{"id":24227,"href":"https:\/\/www.bonelinks.com\/fr\/wp-json\/wp\/v2\/product\/21763\/revisions\/24227"}],"wp:featuredmedia":[{"embeddable":true,"href":"https:\/\/www.bonelinks.com\/fr\/wp-json\/wp\/v2\/media\/13625"}],"wp:attachment":[{"href":"https:\/\/www.bonelinks.com\/fr\/wp-json\/wp\/v2\/media?parent=21763"}],"wp:term":[{"taxonomy":"product_brand","embeddable":true,"href":"https:\/\/www.bonelinks.com\/fr\/wp-json\/wp\/v2\/product_brand?post=21763"},{"taxonomy":"product_cat","embeddable":true,"href":"https:\/\/www.bonelinks.com\/fr\/wp-json\/wp\/v2\/product_cat?post=21763"},{"taxonomy":"product_tag","embeddable":true,"href":"https:\/\/www.bonelinks.com\/fr\/wp-json\/wp\/v2\/product_tag?post=21763"}],"curies":[{"name":"wp","href":"https:\/\/api.w.org\/{rel}","templated":true}]}}