{"id":21761,"date":"2022-11-16T23:21:41","date_gmt":"2022-11-17T07:21:41","guid":{"rendered":"https:\/\/www.bonelinks.com\/product\/cable-sous-marin-a-fibre-optique-blinde-a-enfouissement-direct\/"},"modified":"2024-01-28T23:00:23","modified_gmt":"2024-01-29T07:00:23","slug":"submarine-direct-buried-armoured-optical-fiber-cable","status":"publish","type":"product","link":"https:\/\/www.bonelinks.com\/fr\/product\/submarine-direct-buried-armoured-optical-fiber-cable\/","title":{"rendered":"C\u00e2ble sous-marin \u00e0 fibre optique blind\u00e9 \u00e0 enfouissement direct"},"content":{"rendered":"<h2 style=\"text-align: left; font-size: 18px;\"><strong>Caract\u00e9ristiques<\/strong><\/h2>\n<ul>\n<li data-spm-anchor-id=\"a2700.details.0.i18.149537415Q2t4S\">Bonnes performances m\u00e9caniques et thermiques<\/li>\n<li data-spm-anchor-id=\"a2700.details.0.i18.149537415Q2t4S\">Tube en vrac tr\u00e8s r\u00e9sistant \u00e0 l&rsquo;hydrolyse<\/li>\n<li data-spm-anchor-id=\"a2700.details.0.i18.149537415Q2t4S\">Des compos\u00e9s sp\u00e9ciaux pour le remplissage des tubes assurent la protection critique des fibres.<\/li>\n<li data-spm-anchor-id=\"a2700.details.0.i18.149537415Q2t4S\">R\u00e9sistance \u00e0 l&rsquo;\u00e9crasement et flexibilit\u00e9<\/li>\n<li data-spm-anchor-id=\"a2700.details.0.i18.149537415Q2t4S\">Excellente \u00e9tanch\u00e9it\u00e9 : Fil d&rsquo;acier utilis\u00e9 comme \u00e9l\u00e9ment central de r\u00e9sistance ; compos\u00e9 de remplissage de tube libre ; remplissage \u00e0 100 % de l&rsquo;\u00e2me du c\u00e2ble ; barri\u00e8re contre l&rsquo;humidit\u00e9 APL ; am\u00e9lioration de l&rsquo;\u00e9tanch\u00e9it\u00e9 \u00e0 l&rsquo;humidit\u00e9 PSP ; mat\u00e9riau de blocage de l&rsquo;eau.<\/li>\n<\/ul>\n<div class=\"elementor-element elementor-element-5ac69eed elementor-widget elementor-widget-text-editor\" data-id=\"5ac69eed\" data-element_type=\"widget\" data-widget_type=\"text-editor.default\">\n<div class=\"elementor-widget-container\">\n<h2 style=\"text-align: left; font-size: 18px;\"><strong>Application<\/strong><\/h2>\n<p>Rivi\u00e8re ; Eaux peu profondes ; Directement enterr\u00e9<\/p>\n<\/div>\n<\/div>\n<div class=\"elementor-element elementor-element-419c9bb9 elementor-widget elementor-widget-text-editor\" data-id=\"419c9bb9\" data-element_type=\"widget\" data-widget_type=\"text-editor.default\">\n<div class=\"elementor-widget-container\">\n<h2 style=\"text-align: left; font-size: 18px;\"><strong>Vous cherchez d&rsquo;autres choix de c\u00e2bles \u00e0 fibres optiques ?<\/strong><\/h2>\n<p>Vous cherchez plus de choix en mati\u00e8re de c\u00e2bles \u00e0 fibres optiques ? Consultez nos<a href=\"https:\/\/www.bonelinks.com\/fr\/submarine-fiber-optic-cable\/\" target=\"_blank\" rel=\"noopener\"><strong><span style=\"color: #0054a6;\"> C\u00e2bles sous-marins \u00e0 fibres optiques, <\/span><\/strong><\/a><a href=\"https:\/\/www.bonelinks.com\/fr\/direct-buried-fiber-optic-cable\/\" target=\"_blank\" rel=\"noopener\"><strong><span style=\"color: #0054a6;\">C\u00e2bles \u00e0 fibres optiques \u00e0 enfouissement direct, <\/span><\/strong><\/a><a href=\"https:\/\/www.bonelinks.com\/fr\/armored-optical-fiber-cable\/\" target=\"_blank\" rel=\"noopener\"><strong><span style=\"color: #0054a6;\">C\u00e2bles \u00e0 fibres arm\u00e9s <\/span><\/strong><\/a>pour une mise en r\u00e9seau sans faille. Si vous avez besoin de c\u00e2bles \u00e0 fibres optiques sur mesure pour r\u00e9pondre \u00e0 vos besoins sp\u00e9cifiques, jetez un coup d&rsquo;\u0153il \u00e0 nos<a href=\"https:\/\/www.bonelinks.com\/fr\/custom-fiber-optic-cables\/\" target=\"_blank\" rel=\"noopener\"><strong><span style=\"color: #0054a6;\"> C\u00e2bles \u00e0 fibres optiques sur mesure <\/span><\/strong><\/a>pour des solutions de connectivit\u00e9 personnalis\u00e9es.<\/p>\n<\/div>\n<\/div>\n","protected":false},"excerpt":{"rendered":"<p>Le c\u00e2ble \u00e0 fibre optique blind\u00e9 GYTA53 est un c\u00e2ble d&rsquo;ext\u00e9rieur dot\u00e9 d&rsquo;une double gaine en PE et d&rsquo;une protection renforc\u00e9e. Il convient \u00e0 l&rsquo;installation dans des environnements difficiles o\u00f9 l&rsquo;on peut s&rsquo;attendre \u00e0 un impact m\u00e9canique sur le c\u00e2ble. par exemple dans l&rsquo;application enterr\u00e9e directe. La technologie de toronnage en tube libre permet aux fibres d&rsquo;avoir un bon exc\u00e8s de longueur secondaire et de se d\u00e9placer librement dans le tube, ce qui maintient la fibre sans contrainte lorsque le c\u00e2ble est soumis \u00e0 une contrainte longitudinale. Le ruban d&rsquo;acier ondul\u00e9 blind\u00e9 et la double gaine en PE offrent une excellente r\u00e9sistance \u00e0 l&rsquo;\u00e9crasement et aux rongeurs. L&rsquo;\u00e9l\u00e9ment de r\u00e9sistance m\u00e9tallique offre d&rsquo;excellentes performances en mati\u00e8re de d\u00e9formation. L&rsquo;\u00e2me du c\u00e2ble est remplie d&rsquo;un produit de remplissage qui bloque l&rsquo;eau, de sorte qu&rsquo;il convient \u00e9galement aux applications sous-marines.<\/p>\n","protected":false},"featured_media":13600,"template":"","meta":{"site-sidebar-layout":"default","site-content-layout":"default","ast-site-content-layout":"default","site-content-style":"default","site-sidebar-style":"default","ast-global-header-display":"","ast-banner-title-visibility":"","ast-main-header-display":"","ast-hfb-above-header-display":"","ast-hfb-below-header-display":"","ast-hfb-mobile-header-display":"","site-post-title":"","ast-breadcrumbs-content":"","ast-featured-img":"","footer-sml-layout":"","ast-disable-related-posts":"","theme-transparent-header-meta":"default","adv-header-id-meta":"","stick-header-meta":"default","header-above-stick-meta":"","header-main-stick-meta":"","header-below-stick-meta":"","astra-migrate-meta-layouts":"set","ast-page-background-enabled":"default","ast-page-background-meta":{"desktop":{"background-color":"","background-image":"","background-repeat":"repeat","background-position":"center center","background-size":"auto","background-attachment":"scroll","background-type":"","background-media":"","overlay-type":"","overlay-color":"","overlay-opacity":"","overlay-gradient":""},"tablet":{"background-color":"","background-image":"","background-repeat":"repeat","background-position":"center center","background-size":"auto","background-attachment":"scroll","background-type":"","background-media":"","overlay-type":"","overlay-color":"","overlay-opacity":"","overlay-gradient":""},"mobile":{"background-color":"","background-image":"","background-repeat":"repeat","background-position":"center center","background-size":"auto","background-attachment":"scroll","background-type":"","background-media":"","overlay-type":"","overlay-color":"","overlay-opacity":"","overlay-gradient":""}},"ast-content-background-meta":{"desktop":{"background-color":"var(--ast-global-color-5)","background-image":"","background-repeat":"repeat","background-position":"center center","background-size":"auto","background-attachment":"scroll","background-type":"","background-media":"","overlay-type":"","overlay-color":"","overlay-opacity":"","overlay-gradient":""},"tablet":{"background-color":"var(--ast-global-color-5)","background-image":"","background-repeat":"repeat","background-position":"center center","background-size":"auto","background-attachment":"scroll","background-type":"","background-media":"","overlay-type":"","overlay-color":"","overlay-opacity":"","overlay-gradient":""},"mobile":{"background-color":"var(--ast-global-color-5)","background-image":"","background-repeat":"repeat","background-position":"center center","background-size":"auto","background-attachment":"scroll","background-type":"","background-media":"","overlay-type":"","overlay-color":"","overlay-opacity":"","overlay-gradient":""}}},"product_brand":[],"product_cat":[519,211,505,579],"product_tag":[],"class_list":{"0":"post-21761","1":"product","2":"type-product","3":"status-publish","4":"has-post-thumbnail","6":"product_cat-direct-buried-fiber-optic-cable-fr","7":"product_cat-outdoor-fiber-optic-cable-fr","8":"product_cat-armored-optical-fiber-cable-fr","9":"product_cat-submarine-fiber-optic-cable-fr","10":"desktop-align-left","11":"tablet-align-left","12":"mobile-align-left","13":"ast-product-gallery-layout-vertical","14":"ast-product-gallery-with-no-image","15":"ast-product-tabs-layout-vertical","16":"ast-qv-on-image","18":"first","19":"instock","20":"shipping-taxable","21":"product-type-simple"},"_links":{"self":[{"href":"https:\/\/www.bonelinks.com\/fr\/wp-json\/wp\/v2\/product\/21761","targetHints":{"allow":["GET"]}}],"collection":[{"href":"https:\/\/www.bonelinks.com\/fr\/wp-json\/wp\/v2\/product"}],"about":[{"href":"https:\/\/www.bonelinks.com\/fr\/wp-json\/wp\/v2\/types\/product"}],"version-history":[{"count":3,"href":"https:\/\/www.bonelinks.com\/fr\/wp-json\/wp\/v2\/product\/21761\/revisions"}],"predecessor-version":[{"id":24225,"href":"https:\/\/www.bonelinks.com\/fr\/wp-json\/wp\/v2\/product\/21761\/revisions\/24225"}],"wp:featuredmedia":[{"embeddable":true,"href":"https:\/\/www.bonelinks.com\/fr\/wp-json\/wp\/v2\/media\/13600"}],"wp:attachment":[{"href":"https:\/\/www.bonelinks.com\/fr\/wp-json\/wp\/v2\/media?parent=21761"}],"wp:term":[{"taxonomy":"product_brand","embeddable":true,"href":"https:\/\/www.bonelinks.com\/fr\/wp-json\/wp\/v2\/product_brand?post=21761"},{"taxonomy":"product_cat","embeddable":true,"href":"https:\/\/www.bonelinks.com\/fr\/wp-json\/wp\/v2\/product_cat?post=21761"},{"taxonomy":"product_tag","embeddable":true,"href":"https:\/\/www.bonelinks.com\/fr\/wp-json\/wp\/v2\/product_tag?post=21761"}],"curies":[{"name":"wp","href":"https:\/\/api.w.org\/{rel}","templated":true}]}}