{"id":21744,"date":"2022-11-17T18:14:20","date_gmt":"2022-11-18T02:14:20","guid":{"rendered":"https:\/\/www.bonelinks.com\/product\/cable-aerien-a-fibres-optiques-cable-a-double-gaine-non-metallique-toronne\/"},"modified":"2024-01-28T22:54:14","modified_gmt":"2024-01-29T06:54:14","slug":"aerial-fiber-optic-cable-stranded-non-metallic-double-sheath-cable","status":"publish","type":"product","link":"https:\/\/www.bonelinks.com\/fr\/product\/aerial-fiber-optic-cable-stranded-non-metallic-double-sheath-cable\/","title":{"rendered":"C\u00e2ble a\u00e9rien \u00e0 fibres optiques C\u00e2ble \u00e0 double gaine non m\u00e9tallique toronn\u00e9"},"content":{"rendered":"<h2 style=\"text-align: left; font-size: 18px;\"><strong>Caract\u00e9ristiques<\/strong><\/h2>\n<ul>\n<li>Structure non m\u00e9tallique pour installation a\u00e9rienne<\/li>\n<li>Des compos\u00e9s sp\u00e9ciaux pour le remplissage des tubes assurent la protection critique des fibres.<\/li>\n<li><span class=\"g-b3pt2span2\">L&rsquo;\u00e9l\u00e9ment de r\u00e9sistance en fil d&rsquo;aramide assure une bonne r\u00e9sistance \u00e0 la traction.<\/span><\/li>\n<li><span class=\"g-b3pt2span2\">Tube en vrac tr\u00e8s r\u00e9sistant \u00e0 l&rsquo;hydrolyse<\/span><\/li>\n<li><span class=\"g-b3pt2span2\">Compos\u00e9 de remplissage de tubes en vrac<\/span><\/li>\n<li><span style=\"font-size: 16px;\">R\u00e9sistance \u00e0 l&rsquo;\u00e9crasement et flexibilit\u00e9<\/span><\/li>\n<li>Bonnes performances m\u00e9caniques et thermiques<\/li>\n<\/ul>\n<h2 style=\"text-align: left; font-size: 18px;\"><strong>Application<\/strong><\/h2>\n<p>Enfouissement direct en milieu humide ; suspension a\u00e9rienne<\/p>\n<h2 style=\"text-align: left; font-size: 18px;\"><strong>Protection de l&rsquo;environnement<\/strong><\/h2>\n<p>R\u00e9sistance aux UV, imperm\u00e9able \u00e0 l&rsquo;eau ; r\u00e9sistant aux hautes temp\u00e9ratures<\/p>\n<h2 style=\"text-align: left; font-size: 18px;\"><strong>Vous cherchez d&rsquo;autres choix de c\u00e2bles a\u00e9riens en fibre optique ?<\/strong><\/h2>\n<p>Vous cherchez plus de choix en C\u00e2bles a\u00e9riens \u00e0 fibres optiques ? Consultez nos<a href=\"https:\/\/www.bonelinks.com\/fr\/aerial-fiber-optic-cable\/\" target=\"_blank\" rel=\"noopener\"><strong><span style=\"color: #0054a6;\"> c\u00e2bles a\u00e9riens en fibre optique <\/span><\/strong><\/a>pour une mise en r\u00e9seau sans faille. Si vous avez besoin de c\u00e2bles \u00e0 fibres optiques sur mesure pour r\u00e9pondre \u00e0 vos besoins sp\u00e9cifiques, jetez un coup d&rsquo;\u0153il \u00e0 nos<a href=\"https:\/\/www.bonelinks.com\/fr\/custom-fiber-optic-cables\/\" target=\"_blank\" rel=\"noopener\"><strong><span style=\"color: #0054a6;\"> C\u00e2bles \u00e0 fibres optiques sur mesure <\/span><\/strong><\/a>pour des solutions de connectivit\u00e9 personnalis\u00e9es.<\/p>\n","protected":false},"excerpt":{"rendered":"<p>Le c\u00e2ble a\u00e9rien en fibre optique GYHTY est un c\u00e2ble ext\u00e9rieur \u00e0 double gaine PE avec un noyau renforc\u00e9 non m\u00e9tallique. La structure de la double gaine fait que le c\u00e2ble toronn\u00e9 GYHTY convient aux applications a\u00e9riennes et souterraines d&rsquo;enfouissement direct dans les sections de courte distance des lignes de base. Cependant, la structure de formation compacte stratifi\u00e9e permet au c\u00e2ble de ne contenir que 6 manchons libres, chaque manchon libre contenant 6 fibres, de sorte que le nombre minimum de c\u0153urs de c\u00e2bles a\u00e9riens \u00e0 fibres optiques GYHTY est de 4 et le nombre maximum de c\u0153urs est de 36.<\/p>\n","protected":false},"featured_media":13320,"template":"","meta":{"site-sidebar-layout":"default","site-content-layout":"default","ast-site-content-layout":"default","site-content-style":"default","site-sidebar-style":"default","ast-global-header-display":"","ast-banner-title-visibility":"","ast-main-header-display":"","ast-hfb-above-header-display":"","ast-hfb-below-header-display":"","ast-hfb-mobile-header-display":"","site-post-title":"","ast-breadcrumbs-content":"","ast-featured-img":"","footer-sml-layout":"","ast-disable-related-posts":"","theme-transparent-header-meta":"default","adv-header-id-meta":"","stick-header-meta":"default","header-above-stick-meta":"","header-main-stick-meta":"","header-below-stick-meta":"","astra-migrate-meta-layouts":"set","ast-page-background-enabled":"default","ast-page-background-meta":{"desktop":{"background-color":"","background-image":"","background-repeat":"repeat","background-position":"center center","background-size":"auto","background-attachment":"scroll","background-type":"","background-media":"","overlay-type":"","overlay-color":"","overlay-opacity":"","overlay-gradient":""},"tablet":{"background-color":"","background-image":"","background-repeat":"repeat","background-position":"center center","background-size":"auto","background-attachment":"scroll","background-type":"","background-media":"","overlay-type":"","overlay-color":"","overlay-opacity":"","overlay-gradient":""},"mobile":{"background-color":"","background-image":"","background-repeat":"repeat","background-position":"center center","background-size":"auto","background-attachment":"scroll","background-type":"","background-media":"","overlay-type":"","overlay-color":"","overlay-opacity":"","overlay-gradient":""}},"ast-content-background-meta":{"desktop":{"background-color":"var(--ast-global-color-5)","background-image":"","background-repeat":"repeat","background-position":"center center","background-size":"auto","background-attachment":"scroll","background-type":"","background-media":"","overlay-type":"","overlay-color":"","overlay-opacity":"","overlay-gradient":""},"tablet":{"background-color":"var(--ast-global-color-5)","background-image":"","background-repeat":"repeat","background-position":"center center","background-size":"auto","background-attachment":"scroll","background-type":"","background-media":"","overlay-type":"","overlay-color":"","overlay-opacity":"","overlay-gradient":""},"mobile":{"background-color":"var(--ast-global-color-5)","background-image":"","background-repeat":"repeat","background-position":"center center","background-size":"auto","background-attachment":"scroll","background-type":"","background-media":"","overlay-type":"","overlay-color":"","overlay-opacity":"","overlay-gradient":""}}},"product_brand":[],"product_cat":[211,507],"product_tag":[],"class_list":{"0":"post-21744","1":"product","2":"type-product","3":"status-publish","4":"has-post-thumbnail","6":"product_cat-outdoor-fiber-optic-cable-fr","7":"product_cat-aerial-fiber-optic-cable-fr","8":"desktop-align-left","9":"tablet-align-left","10":"mobile-align-left","11":"ast-product-gallery-layout-vertical","12":"ast-product-gallery-with-no-image","13":"ast-product-tabs-layout-vertical","14":"ast-qv-on-image","16":"first","17":"instock","18":"shipping-taxable","19":"product-type-simple"},"_links":{"self":[{"href":"https:\/\/www.bonelinks.com\/fr\/wp-json\/wp\/v2\/product\/21744","targetHints":{"allow":["GET"]}}],"collection":[{"href":"https:\/\/www.bonelinks.com\/fr\/wp-json\/wp\/v2\/product"}],"about":[{"href":"https:\/\/www.bonelinks.com\/fr\/wp-json\/wp\/v2\/types\/product"}],"version-history":[{"count":3,"href":"https:\/\/www.bonelinks.com\/fr\/wp-json\/wp\/v2\/product\/21744\/revisions"}],"predecessor-version":[{"id":24217,"href":"https:\/\/www.bonelinks.com\/fr\/wp-json\/wp\/v2\/product\/21744\/revisions\/24217"}],"wp:featuredmedia":[{"embeddable":true,"href":"https:\/\/www.bonelinks.com\/fr\/wp-json\/wp\/v2\/media\/13320"}],"wp:attachment":[{"href":"https:\/\/www.bonelinks.com\/fr\/wp-json\/wp\/v2\/media?parent=21744"}],"wp:term":[{"taxonomy":"product_brand","embeddable":true,"href":"https:\/\/www.bonelinks.com\/fr\/wp-json\/wp\/v2\/product_brand?post=21744"},{"taxonomy":"product_cat","embeddable":true,"href":"https:\/\/www.bonelinks.com\/fr\/wp-json\/wp\/v2\/product_cat?post=21744"},{"taxonomy":"product_tag","embeddable":true,"href":"https:\/\/www.bonelinks.com\/fr\/wp-json\/wp\/v2\/product_tag?post=21744"}],"curies":[{"name":"wp","href":"https:\/\/api.w.org\/{rel}","templated":true}]}}