{"id":21743,"date":"2022-11-17T18:31:07","date_gmt":"2022-11-18T02:31:07","guid":{"rendered":"https:\/\/www.bonelinks.com\/product\/cable-arme-en-fibre-optique-tube-souple-toronne-cable-arme-leger\/"},"modified":"2024-01-28T22:53:25","modified_gmt":"2024-01-29T06:53:25","slug":"armored-fiber-optic-cable-stranded-loose-tube-light-armored-cable","status":"publish","type":"product","link":"https:\/\/www.bonelinks.com\/fr\/product\/armored-fiber-optic-cable-stranded-loose-tube-light-armored-cable\/","title":{"rendered":"C\u00e2ble arm\u00e9 en fibre optique Tube souple toronn\u00e9 C\u00e2ble arm\u00e9 l\u00e9ger"},"content":{"rendered":"<h2 style=\"text-align: left; font-size: 18px;\"><strong>Caract\u00e9ristiques<\/strong><\/h2>\n<ul>\n<li>La technologie de toronnage en tubes l\u00e2ches permet aux fibres d&rsquo;avoir une bonne longueur d&rsquo;exc\u00e9dent secondaire et permet<\/li>\n<li>Les fibres se d\u00e9placent librement dans le tube, ce qui permet \u00e0 la fibre de ne pas \u00eatre soumise \u00e0 des contraintes alors que le c\u00e2ble est soumis \u00e0 des contraintes longitudinales.<\/li>\n<li>Le ruban d&rsquo;acier ondul\u00e9 blind\u00e9 et la gaine ext\u00e9rieure en PE offrent des caract\u00e9ristiques de r\u00e9sistance \u00e0 l&rsquo;\u00e9crasement et aux coups de feu.<\/li>\n<li>L&rsquo;\u00e9l\u00e9ment de r\u00e9sistance m\u00e9tallique offre d&rsquo;excellentes performances en mati\u00e8re de d\u00e9formation.<\/li>\n<\/ul>\n<div>\n<h2 style=\"text-align: left; font-size: 18px;\"><strong>Application<\/strong><\/h2>\n<p>Exploitation mini\u00e8re, FTTH, FTTx, Backbone<\/p>\n<h2 style=\"text-align: left; font-size: 18px;\"><strong>Protection de l&rsquo;environnement<\/strong><\/h2>\n<p>R\u00e9sistance aux UV ; r\u00e9sistance \u00e0 l&rsquo;humidit\u00e9 ; haute r\u00e9sistance \u00e0 la flexion<\/p>\n<h2 style=\"text-align: left; font-size: 18px;\"><strong>Vous cherchez d&rsquo;autres choix de c\u00e2bles \u00e0 fibres arm\u00e9s ?<\/strong><\/h2>\n<p>Vous cherchez plus de choix en C\u00e2bles blind\u00e9s \u00e0 fibres optiques ? D\u00e9couvrez nos<a href=\"https:\/\/www.bonelinks.com\/fr\/armored-optical-fiber-cable\/\" target=\"_blank\" rel=\"noopener\"><strong><span style=\"color: #0054a6;\"> c\u00e2bles \u00e0 fibres arm\u00e9s <\/span><\/strong><\/a>pour une mise en r\u00e9seau sans faille. Si vous avez besoin de c\u00e2bles \u00e0 fibres optiques sur mesure pour r\u00e9pondre \u00e0 vos besoins sp\u00e9cifiques, jetez un coup d&rsquo;\u0153il \u00e0 nos<a href=\"https:\/\/www.bonelinks.com\/fr\/custom-fiber-optic-cables\/\" target=\"_blank\" rel=\"noopener\"><strong><span style=\"color: #0054a6;\"> C\u00e2bles \u00e0 fibres optiques sur mesure <\/span><\/strong><\/a>pour des solutions de connectivit\u00e9 personnalis\u00e9es.<\/p>\n<\/div>\n","protected":false},"excerpt":{"rendered":"<p>Le c\u00e2ble \u00e0 fibre optique blind\u00e9 GYTS est le c\u00e2ble \u00e0 fibre optique ext\u00e9rieur le plus couramment utilis\u00e9 pour la transmission de r\u00e9seaux. Le c\u00e2ble comporte une couche de ruban d&rsquo;acier plastifi\u00e9 pour \u00e9viter l&rsquo;humidit\u00e9 et les d\u00e9chirures, et un lien de renforcement m\u00e9tallique au centre pour assurer la tension et le soutien de la tension. Ignifug\u00e9, anti-rongeur et blind\u00e9, il convient \u00e9galement pour les mines, les tunnels, les puits et les routes. Pour les diff\u00e9rents acc\u00e8s des utilisateurs, Bonelinks con\u00e7oit et produit le c\u00e2ble \u00e0 fibre optique GYTS avec un nombre minimum de 2 c\u0153urs, le nombre maximum de c\u0153urs peut aller jusqu&rsquo;\u00e0 312 c\u0153urs, et peut \u00eatre pr\u00e9termin\u00e9 avec des connecteurs \u00e0 fibre optique selon la demande pour faire des liens entre les n\u0153uds des r\u00e9seaux de branches et les armoires.<\/p>\n","protected":false},"featured_media":13420,"template":"","meta":{"site-sidebar-layout":"default","site-content-layout":"default","ast-site-content-layout":"default","site-content-style":"default","site-sidebar-style":"default","ast-global-header-display":"","ast-banner-title-visibility":"","ast-main-header-display":"","ast-hfb-above-header-display":"","ast-hfb-below-header-display":"","ast-hfb-mobile-header-display":"","site-post-title":"","ast-breadcrumbs-content":"","ast-featured-img":"","footer-sml-layout":"","ast-disable-related-posts":"","theme-transparent-header-meta":"default","adv-header-id-meta":"","stick-header-meta":"default","header-above-stick-meta":"","header-main-stick-meta":"","header-below-stick-meta":"","astra-migrate-meta-layouts":"set","ast-page-background-enabled":"default","ast-page-background-meta":{"desktop":{"background-color":"","background-image":"","background-repeat":"repeat","background-position":"center center","background-size":"auto","background-attachment":"scroll","background-type":"","background-media":"","overlay-type":"","overlay-color":"","overlay-opacity":"","overlay-gradient":""},"tablet":{"background-color":"","background-image":"","background-repeat":"repeat","background-position":"center center","background-size":"auto","background-attachment":"scroll","background-type":"","background-media":"","overlay-type":"","overlay-color":"","overlay-opacity":"","overlay-gradient":""},"mobile":{"background-color":"","background-image":"","background-repeat":"repeat","background-position":"center center","background-size":"auto","background-attachment":"scroll","background-type":"","background-media":"","overlay-type":"","overlay-color":"","overlay-opacity":"","overlay-gradient":""}},"ast-content-background-meta":{"desktop":{"background-color":"var(--ast-global-color-5)","background-image":"","background-repeat":"repeat","background-position":"center center","background-size":"auto","background-attachment":"scroll","background-type":"","background-media":"","overlay-type":"","overlay-color":"","overlay-opacity":"","overlay-gradient":""},"tablet":{"background-color":"var(--ast-global-color-5)","background-image":"","background-repeat":"repeat","background-position":"center center","background-size":"auto","background-attachment":"scroll","background-type":"","background-media":"","overlay-type":"","overlay-color":"","overlay-opacity":"","overlay-gradient":""},"mobile":{"background-color":"var(--ast-global-color-5)","background-image":"","background-repeat":"repeat","background-position":"center center","background-size":"auto","background-attachment":"scroll","background-type":"","background-media":"","overlay-type":"","overlay-color":"","overlay-opacity":"","overlay-gradient":""}}},"product_brand":[],"product_cat":[592,505,508,507],"product_tag":[],"class_list":{"0":"post-21743","1":"product","2":"type-product","3":"status-publish","4":"has-post-thumbnail","6":"product_cat-mining-fiber-cable-fr","7":"product_cat-armored-optical-fiber-cable-fr","8":"product_cat-duct-fiber-optic-cable-fr","9":"product_cat-aerial-fiber-optic-cable-fr","10":"desktop-align-left","11":"tablet-align-left","12":"mobile-align-left","13":"ast-product-gallery-layout-vertical","14":"ast-product-gallery-with-no-image","15":"ast-product-tabs-layout-vertical","16":"ast-qv-on-image","18":"first","19":"instock","20":"shipping-taxable","21":"product-type-simple"},"_links":{"self":[{"href":"https:\/\/www.bonelinks.com\/fr\/wp-json\/wp\/v2\/product\/21743","targetHints":{"allow":["GET"]}}],"collection":[{"href":"https:\/\/www.bonelinks.com\/fr\/wp-json\/wp\/v2\/product"}],"about":[{"href":"https:\/\/www.bonelinks.com\/fr\/wp-json\/wp\/v2\/types\/product"}],"version-history":[{"count":3,"href":"https:\/\/www.bonelinks.com\/fr\/wp-json\/wp\/v2\/product\/21743\/revisions"}],"predecessor-version":[{"id":24215,"href":"https:\/\/www.bonelinks.com\/fr\/wp-json\/wp\/v2\/product\/21743\/revisions\/24215"}],"wp:featuredmedia":[{"embeddable":true,"href":"https:\/\/www.bonelinks.com\/fr\/wp-json\/wp\/v2\/media\/13420"}],"wp:attachment":[{"href":"https:\/\/www.bonelinks.com\/fr\/wp-json\/wp\/v2\/media?parent=21743"}],"wp:term":[{"taxonomy":"product_brand","embeddable":true,"href":"https:\/\/www.bonelinks.com\/fr\/wp-json\/wp\/v2\/product_brand?post=21743"},{"taxonomy":"product_cat","embeddable":true,"href":"https:\/\/www.bonelinks.com\/fr\/wp-json\/wp\/v2\/product_cat?post=21743"},{"taxonomy":"product_tag","embeddable":true,"href":"https:\/\/www.bonelinks.com\/fr\/wp-json\/wp\/v2\/product_tag?post=21743"}],"curies":[{"name":"wp","href":"https:\/\/api.w.org\/{rel}","templated":true}]}}