{"id":21742,"date":"2022-11-17T17:49:56","date_gmt":"2022-11-18T01:49:56","guid":{"rendered":"https:\/\/www.bonelinks.com\/product\/cable-aerien-en-fibre-optique-cable-arme-figure-8-unitube\/"},"modified":"2024-01-28T22:55:11","modified_gmt":"2024-01-29T06:55:11","slug":"aerial-fiber-optic-cable-unitube-armored-figure-8-cable","status":"publish","type":"product","link":"https:\/\/www.bonelinks.com\/fr\/product\/aerial-fiber-optic-cable-unitube-armored-figure-8-cable\/","title":{"rendered":"C\u00e2ble a\u00e9rien en fibre optique C\u00e2ble arm\u00e9 Figure 8 Unitube"},"content":{"rendered":"<h2 style=\"text-align: left; font-size: 18px;\"><strong>Caract\u00e9ristiques<\/strong><\/h2>\n<ul>\n<li>Tube libre rempli de gel pour une protection sup\u00e9rieure des fibres.<\/li>\n<li>Armure CST pour prot\u00e9ger le c\u00e2ble contre les attaques de rongeurs et les dommages m\u00e9caniques<\/li>\n<li>Faible dispersion et att\u00e9nuation<\/li>\n<li>Structure compacte et l\u00e9g\u00e8re, flexible et bonne r\u00e9sistance \u00e0 la flexion<\/li>\n<li>C\u00e2ble de petit diam\u00e8tre, l\u00e9ger, autoportant<\/li>\n<\/ul>\n<h2 style=\"text-align: left; font-size: 18px;\"><strong>Application<\/strong><\/h2>\n<p>FTTH ; FTTB ; Suspension a\u00e9rienne<\/p>\n<h2 style=\"text-align: left; font-size: 18px;\"><strong>Protection de l&rsquo;environnement<\/strong><\/h2>\n<p>R\u00e9sistance aux UV ; \u00c9tanch\u00e9it\u00e9 ; R\u00e9sistance aux hautes temp\u00e9ratures<\/p>\n<h2 style=\"text-align: left; font-size: 18px;\"><strong>Vous cherchez d&rsquo;autres choix de c\u00e2bles \u00e0 fibres optiques ?<\/strong><\/h2>\n<p>Vous cherchez plus de choix en mati\u00e8re de c\u00e2bles \u00e0 fibres optiques ? Consultez nos<a href=\"https:\/\/www.bonelinks.com\/fr\/aerial-fiber-optic-cable\/\" target=\"_blank\" rel=\"noopener\"><strong><span style=\"color: #0054a6;\"> C\u00e2bles a\u00e9riens en fibre optique<\/span><\/strong><\/a>, <span style=\"color: #0054a6;\"><a style=\"color: #0054a6;\" href=\"https:\/\/www.bonelinks.com\/fr\/figure-8-fiber-optic-cable\/\" target=\"_blank\" rel=\"noopener\"><strong>Figure 8 C\u00e2ble \u00e0 fibre optique <\/strong><\/a><\/span>pour une mise en r\u00e9seau sans faille. Si vous avez besoin de c\u00e2bles \u00e0 fibres optiques sur mesure pour r\u00e9pondre \u00e0 vos besoins sp\u00e9cifiques, jetez un coup d&rsquo;\u0153il \u00e0 nos<a href=\"https:\/\/www.bonelinks.com\/fr\/custom-fiber-optic-cables\/\" target=\"_blank\" rel=\"noopener\"><strong><span style=\"color: #0054a6;\"> C\u00e2bles \u00e0 fibres optiques sur mesure <\/span><\/strong><\/a>pour des solutions de connectivit\u00e9 personnalis\u00e9es.<\/p>\n","protected":false},"excerpt":{"rendered":"<p>Le c\u00e2ble \u00e0 fibres optiques a\u00e9rien GYXTC8S Figure 8 est un c\u00e2ble \u00e0 fibres optiques ext\u00e9rieur \u00e0 faisceau central sp\u00e9cialement con\u00e7u et produit pour un faible nombre de n\u0153uds d&rsquo;acc\u00e8s et une courte distance de suspension. Ce c\u00e2ble a\u00e9rien \u00e0 fibre optique Figure 8 est l&rsquo;un des premiers c\u00e2bles \u00e0 envisager pour les projets de communication en r\u00e9seau dans les zones recul\u00e9es o\u00f9 le nombre d&rsquo;utilisateurs est faible et o\u00f9 les co\u00fbts de construction et de pose doivent \u00eatre contr\u00f4l\u00e9s. Le c\u00e2ble en fibre optique blind\u00e9 Figure 8 est con\u00e7u et fabriqu\u00e9 par Bonelinks avec un minimum de 2 \u00e2mes et un maximum de 24 \u00e2mes. Il est con\u00e7u pour r\u00e9sister non seulement \u00e0 son propre poids, mais aussi au bo\u00eetier d&rsquo;\u00e9pissure en fibre optique suspendu au c\u00e2ble.<\/p>\n","protected":false},"featured_media":15170,"template":"","meta":{"site-sidebar-layout":"default","site-content-layout":"default","ast-site-content-layout":"default","site-content-style":"default","site-sidebar-style":"default","ast-global-header-display":"","ast-banner-title-visibility":"","ast-main-header-display":"","ast-hfb-above-header-display":"","ast-hfb-below-header-display":"","ast-hfb-mobile-header-display":"","site-post-title":"","ast-breadcrumbs-content":"","ast-featured-img":"","footer-sml-layout":"","ast-disable-related-posts":"","theme-transparent-header-meta":"default","adv-header-id-meta":"","stick-header-meta":"default","header-above-stick-meta":"","header-main-stick-meta":"","header-below-stick-meta":"","astra-migrate-meta-layouts":"set","ast-page-background-enabled":"default","ast-page-background-meta":{"desktop":{"background-color":"","background-image":"","background-repeat":"repeat","background-position":"center center","background-size":"auto","background-attachment":"scroll","background-type":"","background-media":"","overlay-type":"","overlay-color":"","overlay-opacity":"","overlay-gradient":""},"tablet":{"background-color":"","background-image":"","background-repeat":"repeat","background-position":"center center","background-size":"auto","background-attachment":"scroll","background-type":"","background-media":"","overlay-type":"","overlay-color":"","overlay-opacity":"","overlay-gradient":""},"mobile":{"background-color":"","background-image":"","background-repeat":"repeat","background-position":"center center","background-size":"auto","background-attachment":"scroll","background-type":"","background-media":"","overlay-type":"","overlay-color":"","overlay-opacity":"","overlay-gradient":""}},"ast-content-background-meta":{"desktop":{"background-color":"var(--ast-global-color-5)","background-image":"","background-repeat":"repeat","background-position":"center center","background-size":"auto","background-attachment":"scroll","background-type":"","background-media":"","overlay-type":"","overlay-color":"","overlay-opacity":"","overlay-gradient":""},"tablet":{"background-color":"var(--ast-global-color-5)","background-image":"","background-repeat":"repeat","background-position":"center center","background-size":"auto","background-attachment":"scroll","background-type":"","background-media":"","overlay-type":"","overlay-color":"","overlay-opacity":"","overlay-gradient":""},"mobile":{"background-color":"var(--ast-global-color-5)","background-image":"","background-repeat":"repeat","background-position":"center center","background-size":"auto","background-attachment":"scroll","background-type":"","background-media":"","overlay-type":"","overlay-color":"","overlay-opacity":"","overlay-gradient":""}}},"product_brand":[],"product_cat":[211,505,507,591],"product_tag":[],"class_list":{"0":"post-21742","1":"product","2":"type-product","3":"status-publish","4":"has-post-thumbnail","6":"product_cat-outdoor-fiber-optic-cable-fr","7":"product_cat-armored-optical-fiber-cable-fr","8":"product_cat-aerial-fiber-optic-cable-fr","9":"product_cat-figure-8-fiber-optic-cable-fr","10":"desktop-align-left","11":"tablet-align-left","12":"mobile-align-left","13":"ast-product-gallery-layout-vertical","14":"ast-product-gallery-with-no-image","15":"ast-product-tabs-layout-vertical","16":"ast-qv-on-image","18":"first","19":"instock","20":"shipping-taxable","21":"product-type-simple"},"_links":{"self":[{"href":"https:\/\/www.bonelinks.com\/fr\/wp-json\/wp\/v2\/product\/21742","targetHints":{"allow":["GET"]}}],"collection":[{"href":"https:\/\/www.bonelinks.com\/fr\/wp-json\/wp\/v2\/product"}],"about":[{"href":"https:\/\/www.bonelinks.com\/fr\/wp-json\/wp\/v2\/types\/product"}],"version-history":[{"count":3,"href":"https:\/\/www.bonelinks.com\/fr\/wp-json\/wp\/v2\/product\/21742\/revisions"}],"predecessor-version":[{"id":24219,"href":"https:\/\/www.bonelinks.com\/fr\/wp-json\/wp\/v2\/product\/21742\/revisions\/24219"}],"wp:featuredmedia":[{"embeddable":true,"href":"https:\/\/www.bonelinks.com\/fr\/wp-json\/wp\/v2\/media\/15170"}],"wp:attachment":[{"href":"https:\/\/www.bonelinks.com\/fr\/wp-json\/wp\/v2\/media?parent=21742"}],"wp:term":[{"taxonomy":"product_brand","embeddable":true,"href":"https:\/\/www.bonelinks.com\/fr\/wp-json\/wp\/v2\/product_brand?post=21742"},{"taxonomy":"product_cat","embeddable":true,"href":"https:\/\/www.bonelinks.com\/fr\/wp-json\/wp\/v2\/product_cat?post=21742"},{"taxonomy":"product_tag","embeddable":true,"href":"https:\/\/www.bonelinks.com\/fr\/wp-json\/wp\/v2\/product_tag?post=21742"}],"curies":[{"name":"wp","href":"https:\/\/api.w.org\/{rel}","templated":true}]}}