{"id":21741,"date":"2022-11-17T19:02:16","date_gmt":"2022-11-18T03:02:16","guid":{"rendered":"https:\/\/www.bonelinks.com\/product\/cable-de-canalisation-en-fibre-optique-cable-de-resistance-non-metallique-toronne\/"},"modified":"2024-01-28T22:52:40","modified_gmt":"2024-01-29T06:52:40","slug":"fiber-optic-duct-cable-stranded-non-metallic-strength-member-cable","status":"publish","type":"product","link":"https:\/\/www.bonelinks.com\/fr\/product\/fiber-optic-duct-cable-stranded-non-metallic-strength-member-cable\/","title":{"rendered":"C\u00e2ble de canalisation en fibre optique C\u00e2ble de r\u00e9sistance non m\u00e9tallique toronn\u00e9"},"content":{"rendered":"<h2 style=\"text-align: left; font-size: 18px;\"><strong>Caract\u00e9ristiques<\/strong><\/h2>\n<ul>\n<li>Compos\u00e9 de remplissage sp\u00e9cial pour une protection parfaite de la fibre optique<\/li>\n<li>La r\u00e9sistance centrale non m\u00e9tallique poss\u00e8de une excellente capacit\u00e9 anti\u00e9lectromagn\u00e9tique.<\/li>\n<li>Les syst\u00e8mes de blocage de l&rsquo;eau offrent des performances fiables en mati\u00e8re d&rsquo;\u00e9tanch\u00e9it\u00e9 et de blocage de l&rsquo;eau.<\/li>\n<li>Le plastique renforc\u00e9 de fibres et le compos\u00e9 de remplissage des tubes en vrac garantissent l&rsquo;\u00e9tanch\u00e9it\u00e9 du c\u00e2ble.<\/li>\n<li>L\u00e9ger, petit diam\u00e8tre, facile \u00e0 poser<\/li>\n<li>Excellentes performances m\u00e9caniques et thermiques<\/li>\n<\/ul>\n<h2 style=\"text-align: left; font-size: 18px;\"><strong>Application<\/strong><\/h2>\n<p>Syst\u00e8mes de transmission d&rsquo;\u00e9nergie ; champs de mines puissants ; zones \u00e0 CEM \u00e9lev\u00e9<\/p>\n<h2 style=\"text-align: left; font-size: 18px;\"><strong>Protection de l&rsquo;environnement<\/strong><\/h2>\n<p>R\u00e9sistance aux UV ; Imperm\u00e9abilit\u00e9 ; Protection contre les mines<\/p>\n<h2 style=\"text-align: left; font-size: 18px;\"><strong>Vous cherchez d&rsquo;autres choix de c\u00e2bles \u00e0 fibres optiques pour conduits ?<\/strong><\/h2>\n<p>Vous cherchez plus de choix dans les c\u00e2bles \u00e0 fibres optiques pour conduits ? D\u00e9couvrez nos<a href=\"https:\/\/www.bonelinks.com\/fr\/duct-fiber-optic-cable\/\" target=\"_blank\" rel=\"noopener\"><strong><span style=\"color: #0054a6;\"> C\u00e2bles en fibre optique pour conduits <\/span><\/strong><\/a>pour une mise en r\u00e9seau sans faille. Si vous avez besoin de c\u00e2bles \u00e0 fibres optiques sur mesure pour r\u00e9pondre \u00e0 vos besoins sp\u00e9cifiques, jetez un coup d&rsquo;\u0153il \u00e0 nos<a href=\"https:\/\/www.bonelinks.com\/fr\/custom-fiber-optic-cables\/\" target=\"_blank\" rel=\"noopener\"><strong><span style=\"color: #0054a6;\"> C\u00e2bles \u00e0 fibres optiques sur mesure <\/span><\/strong><\/a>pour des solutions de connectivit\u00e9 personnalis\u00e9es.<\/p>\n","protected":false},"excerpt":{"rendered":"<p>Le c\u00e2ble de gaine GYFTY est un c\u00e2ble \u00e0 fibre optique autoportant sans armure ni \u00e9l\u00e9ment de renforcement m\u00e9tallique. La conception compacte et le support de l&rsquo;armature centrale non m\u00e9tallique permettent \u00e0 ce c\u00e2ble \u00e0 fibres toronn\u00e9es d&rsquo;\u00eatre d\u00e9ploy\u00e9 au-dessus de la t\u00eate sur de longues distances sans support suppl\u00e9mentaire et sans \u00eatre affect\u00e9 par les champs de foudre. Il est donc largement utilis\u00e9 dans les syst\u00e8mes de transmission d&rsquo;\u00e9nergie, les champs de mines puissants et les zones \u00e0 champ \u00e9lectromagn\u00e9tique \u00e9lev\u00e9.<\/p>\n","protected":false},"featured_media":13255,"template":"","meta":{"site-sidebar-layout":"default","site-content-layout":"default","ast-site-content-layout":"default","site-content-style":"default","site-sidebar-style":"default","ast-global-header-display":"","ast-banner-title-visibility":"","ast-main-header-display":"","ast-hfb-above-header-display":"","ast-hfb-below-header-display":"","ast-hfb-mobile-header-display":"","site-post-title":"","ast-breadcrumbs-content":"","ast-featured-img":"","footer-sml-layout":"","ast-disable-related-posts":"","theme-transparent-header-meta":"default","adv-header-id-meta":"","stick-header-meta":"default","header-above-stick-meta":"","header-main-stick-meta":"","header-below-stick-meta":"","astra-migrate-meta-layouts":"set","ast-page-background-enabled":"default","ast-page-background-meta":{"desktop":{"background-color":"","background-image":"","background-repeat":"repeat","background-position":"center center","background-size":"auto","background-attachment":"scroll","background-type":"","background-media":"","overlay-type":"","overlay-color":"","overlay-opacity":"","overlay-gradient":""},"tablet":{"background-color":"","background-image":"","background-repeat":"repeat","background-position":"center center","background-size":"auto","background-attachment":"scroll","background-type":"","background-media":"","overlay-type":"","overlay-color":"","overlay-opacity":"","overlay-gradient":""},"mobile":{"background-color":"","background-image":"","background-repeat":"repeat","background-position":"center center","background-size":"auto","background-attachment":"scroll","background-type":"","background-media":"","overlay-type":"","overlay-color":"","overlay-opacity":"","overlay-gradient":""}},"ast-content-background-meta":{"desktop":{"background-color":"var(--ast-global-color-5)","background-image":"","background-repeat":"repeat","background-position":"center center","background-size":"auto","background-attachment":"scroll","background-type":"","background-media":"","overlay-type":"","overlay-color":"","overlay-opacity":"","overlay-gradient":""},"tablet":{"background-color":"var(--ast-global-color-5)","background-image":"","background-repeat":"repeat","background-position":"center center","background-size":"auto","background-attachment":"scroll","background-type":"","background-media":"","overlay-type":"","overlay-color":"","overlay-opacity":"","overlay-gradient":""},"mobile":{"background-color":"var(--ast-global-color-5)","background-image":"","background-repeat":"repeat","background-position":"center center","background-size":"auto","background-attachment":"scroll","background-type":"","background-media":"","overlay-type":"","overlay-color":"","overlay-opacity":"","overlay-gradient":""}}},"product_brand":[],"product_cat":[519,211,508,507],"product_tag":[],"class_list":{"0":"post-21741","1":"product","2":"type-product","3":"status-publish","4":"has-post-thumbnail","6":"product_cat-direct-buried-fiber-optic-cable-fr","7":"product_cat-outdoor-fiber-optic-cable-fr","8":"product_cat-duct-fiber-optic-cable-fr","9":"product_cat-aerial-fiber-optic-cable-fr","10":"desktop-align-left","11":"tablet-align-left","12":"mobile-align-left","13":"ast-product-gallery-layout-vertical","14":"ast-product-gallery-with-no-image","15":"ast-product-tabs-layout-vertical","16":"ast-qv-on-image","18":"first","19":"instock","20":"shipping-taxable","21":"product-type-simple"},"_links":{"self":[{"href":"https:\/\/www.bonelinks.com\/fr\/wp-json\/wp\/v2\/product\/21741","targetHints":{"allow":["GET"]}}],"collection":[{"href":"https:\/\/www.bonelinks.com\/fr\/wp-json\/wp\/v2\/product"}],"about":[{"href":"https:\/\/www.bonelinks.com\/fr\/wp-json\/wp\/v2\/types\/product"}],"version-history":[{"count":3,"href":"https:\/\/www.bonelinks.com\/fr\/wp-json\/wp\/v2\/product\/21741\/revisions"}],"predecessor-version":[{"id":24213,"href":"https:\/\/www.bonelinks.com\/fr\/wp-json\/wp\/v2\/product\/21741\/revisions\/24213"}],"wp:featuredmedia":[{"embeddable":true,"href":"https:\/\/www.bonelinks.com\/fr\/wp-json\/wp\/v2\/media\/13255"}],"wp:attachment":[{"href":"https:\/\/www.bonelinks.com\/fr\/wp-json\/wp\/v2\/media?parent=21741"}],"wp:term":[{"taxonomy":"product_brand","embeddable":true,"href":"https:\/\/www.bonelinks.com\/fr\/wp-json\/wp\/v2\/product_brand?post=21741"},{"taxonomy":"product_cat","embeddable":true,"href":"https:\/\/www.bonelinks.com\/fr\/wp-json\/wp\/v2\/product_cat?post=21741"},{"taxonomy":"product_tag","embeddable":true,"href":"https:\/\/www.bonelinks.com\/fr\/wp-json\/wp\/v2\/product_tag?post=21741"}],"curies":[{"name":"wp","href":"https:\/\/api.w.org\/{rel}","templated":true}]}}