{"id":21665,"date":"2022-11-19T22:40:31","date_gmt":"2022-11-20T06:40:31","guid":{"rendered":"https:\/\/www.bonelinks.com\/product\/aerial-drop-cable-unitube-flat-shape-self-supporting-fiber-optic-cable\/"},"modified":"2024-01-28T22:44:51","modified_gmt":"2024-01-29T06:44:51","slug":"aerial-drop-cable-unitube-flat-shape-self-supporting-fiber-optic-cable","status":"publish","type":"product","link":"https:\/\/www.bonelinks.com\/fr\/product\/aerial-drop-cable-unitube-flat-shape-self-supporting-fiber-optic-cable\/","title":{"rendered":"Aerial Drop Cable Unitube Flat Shape Self Supporting Fiber Optic Cable"},"content":{"rendered":"<h2 style=\"text-align: left; font-size: 18px;\"><strong>Caract\u00e9ristiques<\/strong><\/h2>\n<ul>\n<li>2 \u00e9l\u00e9ment de r\u00e9sistance parall\u00e8le en PRFV \u00e0 proximit\u00e9 de l&rsquo;unitube, assurant l&rsquo;autoportance et la protection.<\/li>\n<li>Forme plate unique offrant une excellente r\u00e9sistance \u00e0 l&rsquo;\u00e9crasement, applicable aux pinces de calage sp\u00e9ciales pour l&rsquo;installation<\/li>\n<li>Conception enti\u00e8rement di\u00e9lectrique, applicable aux zones expos\u00e9es \u00e0 la foudre<\/li>\n<li>Tube unique, de petite taille et l\u00e9ger, facile \u00e0 installer<\/li>\n<\/ul>\n<h2 style=\"text-align: left; font-size: 18px;\"><strong>Application<\/strong><\/h2>\n<p>C\u00e2ble de distribution, c\u00e2ble d&rsquo;acc\u00e8s a\u00e9rien<\/p>\n<h2 style=\"text-align: left; font-size: 18px;\"><strong>Vous cherchez d&rsquo;autres choix de c\u00e2bles a\u00e9riens en fibre optique ?<\/strong><\/h2>\n<p>Vous cherchez plus de choix en C\u00e2bles a\u00e9riens \u00e0 fibres optiques ? Consultez nos<a href=\"https:\/\/www.bonelinks.com\/fr\/aerial-fiber-optic-cable\/\" target=\"_blank\" rel=\"noopener\"><strong><span style=\"color: #0054a6;\"> c\u00e2bles a\u00e9riens en fibre optique <\/span><\/strong><\/a>pour une mise en r\u00e9seau sans faille. Si vous avez besoin de c\u00e2bles \u00e0 fibres optiques sur mesure pour r\u00e9pondre \u00e0 vos besoins sp\u00e9cifiques, jetez un coup d&rsquo;\u0153il \u00e0 nos<a href=\"https:\/\/www.bonelinks.com\/fr\/custom-fiber-optic-cables\/\" target=\"_blank\" rel=\"noopener\"><strong><span style=\"color: #0054a6;\"> C\u00e2bles \u00e0 fibres optiques sur mesure <\/span><\/strong><\/a>pour des solutions de connectivit\u00e9 personnalis\u00e9es.<\/p>\n","protected":false},"excerpt":{"rendered":"<p>Con\u00e7u pour une installation rapide et une manipulation ais\u00e9e, le c\u00e2ble fibre optique GYFXBY aerial flat drop sert de dernier lien pour les r\u00e9seaux FTTx. Il se compose d&rsquo;un unitube de 2 \u00e0 24 fibres, de 2 \u00e9l\u00e9ments de r\u00e9sistance FRP parall\u00e8les, d&rsquo;un fil de blocage de l&rsquo;eau et d&rsquo;une enveloppe ext\u00e9rieure plate en PE. Gr\u00e2ce \u00e0 sa taille compacte, son petit diam\u00e8tre et ses caract\u00e9ristiques faciles \u00e0 d\u00e9couper, GYFXBY peut servir de solution a\u00e9rienne autoportante pour les livraisons sur le dernier kilom\u00e8tre vers la maison ou le bureau.<\/p>\n","protected":false},"featured_media":15565,"template":"","meta":{"site-sidebar-layout":"default","site-content-layout":"default","ast-site-content-layout":"default","site-content-style":"default","site-sidebar-style":"default","ast-global-header-display":"","ast-banner-title-visibility":"","ast-main-header-display":"","ast-hfb-above-header-display":"","ast-hfb-below-header-display":"","ast-hfb-mobile-header-display":"","site-post-title":"","ast-breadcrumbs-content":"","ast-featured-img":"","footer-sml-layout":"","ast-disable-related-posts":"","theme-transparent-header-meta":"default","adv-header-id-meta":"","stick-header-meta":"default","header-above-stick-meta":"","header-main-stick-meta":"","header-below-stick-meta":"","astra-migrate-meta-layouts":"set","ast-page-background-enabled":"default","ast-page-background-meta":{"desktop":{"background-color":"","background-image":"","background-repeat":"repeat","background-position":"center center","background-size":"auto","background-attachment":"scroll","background-type":"","background-media":"","overlay-type":"","overlay-color":"","overlay-opacity":"","overlay-gradient":""},"tablet":{"background-color":"","background-image":"","background-repeat":"repeat","background-position":"center center","background-size":"auto","background-attachment":"scroll","background-type":"","background-media":"","overlay-type":"","overlay-color":"","overlay-opacity":"","overlay-gradient":""},"mobile":{"background-color":"","background-image":"","background-repeat":"repeat","background-position":"center center","background-size":"auto","background-attachment":"scroll","background-type":"","background-media":"","overlay-type":"","overlay-color":"","overlay-opacity":"","overlay-gradient":""}},"ast-content-background-meta":{"desktop":{"background-color":"var(--ast-global-color-5)","background-image":"","background-repeat":"repeat","background-position":"center center","background-size":"auto","background-attachment":"scroll","background-type":"","background-media":"","overlay-type":"","overlay-color":"","overlay-opacity":"","overlay-gradient":""},"tablet":{"background-color":"var(--ast-global-color-5)","background-image":"","background-repeat":"repeat","background-position":"center center","background-size":"auto","background-attachment":"scroll","background-type":"","background-media":"","overlay-type":"","overlay-color":"","overlay-opacity":"","overlay-gradient":""},"mobile":{"background-color":"var(--ast-global-color-5)","background-image":"","background-repeat":"repeat","background-position":"center center","background-size":"auto","background-attachment":"scroll","background-type":"","background-media":"","overlay-type":"","overlay-color":"","overlay-opacity":"","overlay-gradient":""}}},"product_brand":[],"product_cat":[211,507,225],"product_tag":[],"class_list":{"0":"post-21665","1":"product","2":"type-product","3":"status-publish","4":"has-post-thumbnail","6":"product_cat-outdoor-fiber-optic-cable-fr","7":"product_cat-aerial-fiber-optic-cable-fr","8":"product_cat-ftth-cable-fr","9":"desktop-align-left","10":"tablet-align-left","11":"mobile-align-left","12":"ast-product-gallery-layout-vertical","13":"ast-product-gallery-with-no-image","14":"ast-product-tabs-layout-vertical","15":"ast-qv-on-image","17":"first","18":"instock","19":"shipping-taxable","20":"product-type-simple"},"_links":{"self":[{"href":"https:\/\/www.bonelinks.com\/fr\/wp-json\/wp\/v2\/product\/21665","targetHints":{"allow":["GET"]}}],"collection":[{"href":"https:\/\/www.bonelinks.com\/fr\/wp-json\/wp\/v2\/product"}],"about":[{"href":"https:\/\/www.bonelinks.com\/fr\/wp-json\/wp\/v2\/types\/product"}],"version-history":[{"count":3,"href":"https:\/\/www.bonelinks.com\/fr\/wp-json\/wp\/v2\/product\/21665\/revisions"}],"predecessor-version":[{"id":24198,"href":"https:\/\/www.bonelinks.com\/fr\/wp-json\/wp\/v2\/product\/21665\/revisions\/24198"}],"wp:featuredmedia":[{"embeddable":true,"href":"https:\/\/www.bonelinks.com\/fr\/wp-json\/wp\/v2\/media\/15565"}],"wp:attachment":[{"href":"https:\/\/www.bonelinks.com\/fr\/wp-json\/wp\/v2\/media?parent=21665"}],"wp:term":[{"taxonomy":"product_brand","embeddable":true,"href":"https:\/\/www.bonelinks.com\/fr\/wp-json\/wp\/v2\/product_brand?post=21665"},{"taxonomy":"product_cat","embeddable":true,"href":"https:\/\/www.bonelinks.com\/fr\/wp-json\/wp\/v2\/product_cat?post=21665"},{"taxonomy":"product_tag","embeddable":true,"href":"https:\/\/www.bonelinks.com\/fr\/wp-json\/wp\/v2\/product_tag?post=21665"}],"curies":[{"name":"wp","href":"https:\/\/api.w.org\/{rel}","templated":true}]}}