{"id":21660,"date":"2022-11-20T18:45:47","date_gmt":"2022-11-21T02:45:47","guid":{"rendered":"https:\/\/www.bonelinks.com\/product\/adss-aerial-fiber-optic-cable-48-core\/"},"modified":"2024-01-28T22:38:50","modified_gmt":"2024-01-29T06:38:50","slug":"adss-aerial-fiber-optic-cable-48-core","status":"publish","type":"product","link":"https:\/\/www.bonelinks.com\/fr\/product\/adss-aerial-fiber-optic-cable-48-core\/","title":{"rendered":"ADSS Aerial Fiber Optic Cable 48 Core"},"content":{"rendered":"<h2 style=\"text-align: left; font-size: 18px;\"><strong>Caract\u00e9ristiques du c\u00e2ble \u00e0 fibre optique a\u00e9rien ADSS \u00e0 48 conducteurs<\/strong><\/h2>\n<ul>\n<li>FRP comme \u00e9l\u00e9ment central de r\u00e9sistance, structure non m\u00e9tallique<\/li>\n<li>Non-conductivit\u00e9, faible diam\u00e8tre et l\u00e9g\u00e8ret\u00e9<\/li>\n<li>Le tube en vrac avec un compos\u00e9 de gel\u00e9e de fibres prot\u00e8ge les fibres.<\/li>\n<li>Cordon de serrage pour faciliter la construction et les rayures<\/li>\n<li>Gaine ext\u00e9rieure en PE, MDPE et HDPE pour d&rsquo;excellentes performances m\u00e9caniques et environnementales<\/li>\n<li>Port\u00e9e de 80 m\u00e8tres et de 120 m\u00e8tres, possibilit\u00e9 de personnalisation<\/li>\n<\/ul>\n<h2 style=\"text-align: left; font-size: 18px;\"><strong>Applications du c\u00e2ble \u00e0 fibre optique a\u00e9rien ADSS \u00e0 48 conducteurs<\/strong><\/h2>\n<p>R\u00e9seau optique FTTH, Construction a\u00e9rienne autoportante<\/p>\n<h2 style=\"text-align: left; font-size: 18px;\"><strong>Vous cherchez d&rsquo;autres choix de c\u00e2bles \u00e0 fibres optiques ADSS ?<\/strong><\/h2>\n<p>Vous cherchez plus de choix dans les c\u00e2bles \u00e0 fibres optiques ADSS ? D\u00e9couvrez nos<a href=\"https:\/\/www.bonelinks.com\/fr\/adss-fiber-optic-cable\/\" target=\"_blank\" rel=\"noopener\"><strong><span style=\"color: #0054a6;\"> c\u00e2bles \u00e0 fibres optiques ADSS <\/span><\/strong><\/a>pour une mise en r\u00e9seau sans faille. Si vous avez besoin de c\u00e2bles \u00e0 fibres optiques sur mesure pour r\u00e9pondre \u00e0 vos besoins sp\u00e9cifiques, jetez un coup d&rsquo;\u0153il \u00e0 nos<a href=\"https:\/\/www.bonelinks.com\/fr\/custom-fiber-optic-cables\/\" target=\"_blank\" rel=\"noopener\"><strong><span style=\"color: #0054a6;\"> C\u00e2bles \u00e0 fibres optiques sur mesure <\/span><\/strong><\/a>pour des solutions de connectivit\u00e9 personnalis\u00e9es.<\/p>\n","protected":false},"excerpt":{"rendered":"<p>Le c\u00e2ble a\u00e9rien en fibre optique ADSS est parfait pour les installations a\u00e9riennes en raison de son petit diam\u00e8tre et de sa l\u00e9g\u00e8ret\u00e9. Il convient \u00e9galement aux lignes \u00e9lectriques gr\u00e2ce \u00e0 ses mat\u00e9riaux de c\u00e2ble non conducteurs. Le c\u00e2ble de fibre standard ADSS est constitu\u00e9 d&rsquo;un noyau de fibre, d&rsquo;un fil d&rsquo;aramide comme renfort et d&rsquo;une gaine ext\u00e9rieure. Une double gaine ou une gaine AT est n\u00e9cessaire dans le cas de longues port\u00e9es ou \u00e0 proximit\u00e9 de lignes \u00e9lectroniques.<\/p>\n","protected":false},"featured_media":15535,"template":"","meta":{"site-sidebar-layout":"default","site-content-layout":"default","ast-site-content-layout":"default","site-content-style":"default","site-sidebar-style":"default","ast-global-header-display":"","ast-banner-title-visibility":"","ast-main-header-display":"","ast-hfb-above-header-display":"","ast-hfb-below-header-display":"","ast-hfb-mobile-header-display":"","site-post-title":"","ast-breadcrumbs-content":"","ast-featured-img":"","footer-sml-layout":"","ast-disable-related-posts":"","theme-transparent-header-meta":"default","adv-header-id-meta":"","stick-header-meta":"default","header-above-stick-meta":"","header-main-stick-meta":"","header-below-stick-meta":"","astra-migrate-meta-layouts":"set","ast-page-background-enabled":"default","ast-page-background-meta":{"desktop":{"background-color":"","background-image":"","background-repeat":"repeat","background-position":"center center","background-size":"auto","background-attachment":"scroll","background-type":"","background-media":"","overlay-type":"","overlay-color":"","overlay-opacity":"","overlay-gradient":""},"tablet":{"background-color":"","background-image":"","background-repeat":"repeat","background-position":"center center","background-size":"auto","background-attachment":"scroll","background-type":"","background-media":"","overlay-type":"","overlay-color":"","overlay-opacity":"","overlay-gradient":""},"mobile":{"background-color":"","background-image":"","background-repeat":"repeat","background-position":"center center","background-size":"auto","background-attachment":"scroll","background-type":"","background-media":"","overlay-type":"","overlay-color":"","overlay-opacity":"","overlay-gradient":""}},"ast-content-background-meta":{"desktop":{"background-color":"var(--ast-global-color-5)","background-image":"","background-repeat":"repeat","background-position":"center center","background-size":"auto","background-attachment":"scroll","background-type":"","background-media":"","overlay-type":"","overlay-color":"","overlay-opacity":"","overlay-gradient":""},"tablet":{"background-color":"var(--ast-global-color-5)","background-image":"","background-repeat":"repeat","background-position":"center center","background-size":"auto","background-attachment":"scroll","background-type":"","background-media":"","overlay-type":"","overlay-color":"","overlay-opacity":"","overlay-gradient":""},"mobile":{"background-color":"var(--ast-global-color-5)","background-image":"","background-repeat":"repeat","background-position":"center center","background-size":"auto","background-attachment":"scroll","background-type":"","background-media":"","overlay-type":"","overlay-color":"","overlay-opacity":"","overlay-gradient":""}}},"product_brand":[],"product_cat":[547,211,507],"product_tag":[],"class_list":{"0":"post-21660","1":"product","2":"type-product","3":"status-publish","4":"has-post-thumbnail","6":"product_cat-adss-fiber-optic-cable-fr","7":"product_cat-outdoor-fiber-optic-cable-fr","8":"product_cat-aerial-fiber-optic-cable-fr","9":"desktop-align-left","10":"tablet-align-left","11":"mobile-align-left","12":"ast-product-gallery-layout-vertical","13":"ast-product-gallery-with-no-image","14":"ast-product-tabs-layout-vertical","15":"ast-qv-on-image","17":"first","18":"instock","19":"shipping-taxable","20":"product-type-simple"},"_links":{"self":[{"href":"https:\/\/www.bonelinks.com\/fr\/wp-json\/wp\/v2\/product\/21660","targetHints":{"allow":["GET"]}}],"collection":[{"href":"https:\/\/www.bonelinks.com\/fr\/wp-json\/wp\/v2\/product"}],"about":[{"href":"https:\/\/www.bonelinks.com\/fr\/wp-json\/wp\/v2\/types\/product"}],"version-history":[{"count":3,"href":"https:\/\/www.bonelinks.com\/fr\/wp-json\/wp\/v2\/product\/21660\/revisions"}],"predecessor-version":[{"id":24188,"href":"https:\/\/www.bonelinks.com\/fr\/wp-json\/wp\/v2\/product\/21660\/revisions\/24188"}],"wp:featuredmedia":[{"embeddable":true,"href":"https:\/\/www.bonelinks.com\/fr\/wp-json\/wp\/v2\/media\/15535"}],"wp:attachment":[{"href":"https:\/\/www.bonelinks.com\/fr\/wp-json\/wp\/v2\/media?parent=21660"}],"wp:term":[{"taxonomy":"product_brand","embeddable":true,"href":"https:\/\/www.bonelinks.com\/fr\/wp-json\/wp\/v2\/product_brand?post=21660"},{"taxonomy":"product_cat","embeddable":true,"href":"https:\/\/www.bonelinks.com\/fr\/wp-json\/wp\/v2\/product_cat?post=21660"},{"taxonomy":"product_tag","embeddable":true,"href":"https:\/\/www.bonelinks.com\/fr\/wp-json\/wp\/v2\/product_tag?post=21660"}],"curies":[{"name":"wp","href":"https:\/\/api.w.org\/{rel}","templated":true}]}}