{"id":21603,"date":"2022-11-20T19:21:55","date_gmt":"2022-11-21T03:21:55","guid":{"rendered":"https:\/\/www.bonelinks.com\/product\/adss-fournisseurs-de-cables-aeriens-a-fibres-optiques-a-longue-portee\/"},"modified":"2024-01-28T22:37:09","modified_gmt":"2024-01-29T06:37:09","slug":"adss-aerial-fiber-optic-cable-suppliers-long-span","status":"publish","type":"product","link":"https:\/\/www.bonelinks.com\/fr\/product\/adss-aerial-fiber-optic-cable-suppliers-long-span\/","title":{"rendered":"ADSS Fournisseurs de c\u00e2bles a\u00e9riens \u00e0 fibres optiques \u00e0 longue port\u00e9e"},"content":{"rendered":"<h2 style=\"text-align: left; font-size: 18px;\"><strong>Caract\u00e9ristiques du c\u00e2ble \u00e0 fibre optique a\u00e9rien ADSS \u00e0 longue port\u00e9e<\/strong><\/h2>\n<ul>\n<li>Le c\u00e2ble \u00e0 fibres optiques ADSS est une structure non m\u00e9tallique.<\/li>\n<li>Le fil d&rsquo;aramide offre des caract\u00e9ristiques de r\u00e9sistance \u00e0 la tension et d&rsquo;autoportance.<\/li>\n<li>La gaine simple ou double assure une isolation et une protection \u00e9lev\u00e9es pour les fibres ADSS.<\/li>\n<li>Petit diam\u00e8tre et l\u00e9ger, facile \u00e0 construire et \u00e9conomique.<\/li>\n<li>Longue port\u00e9e pouvant atteindre plus de 1000m pour le c\u00e2ble ADSS<\/li>\n<li>Bonne r\u00e9sistance \u00e0 la traction et \u00e0 la temp\u00e9rature<\/li>\n<\/ul>\n<h2 style=\"text-align: left; font-size: 18px;\"><strong>Applications du c\u00e2ble \u00e0 fibres optiques a\u00e9rien ADSS \u00e0 longue port\u00e9e<\/strong><\/h2>\n<p>R\u00e9seau optique FTTH, Construction a\u00e9rienne autoportante<\/p>\n<h2 style=\"text-align: left; font-size: 18px;\"><strong>Vous cherchez d&rsquo;autres choix de c\u00e2bles \u00e0 fibres optiques ADSS ?<\/strong><\/h2>\n<p>Vous cherchez plus de choix dans les c\u00e2bles \u00e0 fibres optiques ADSS ? D\u00e9couvrez nos<a href=\"https:\/\/www.bonelinks.com\/fr\/adss-fiber-optic-cable\/\" target=\"_blank\" rel=\"noopener\"><strong><span style=\"color: #0054a6;\"> c\u00e2bles \u00e0 fibres optiques ADSS <\/span><\/strong><\/a>pour une mise en r\u00e9seau sans faille. Si vous avez besoin de c\u00e2bles \u00e0 fibres optiques sur mesure pour r\u00e9pondre \u00e0 vos besoins sp\u00e9cifiques, jetez un coup d&rsquo;\u0153il \u00e0 nos<a href=\"https:\/\/www.bonelinks.com\/fr\/custom-fiber-optic-cables\/\" target=\"_blank\" rel=\"noopener\"><strong><span style=\"color: #0054a6;\"> C\u00e2bles \u00e0 fibres optiques sur mesure <\/span><\/strong><\/a>pour des solutions de connectivit\u00e9 personnalis\u00e9es.<\/p>\n","protected":false},"excerpt":{"rendered":"<p>Le c\u00e2ble a\u00e9rien en fibre optique ADSS est non m\u00e9tallique, r\u00e9sistant \u00e0 la tension et autoportant. Il est con\u00e7u pour les lignes \u00e9lectriques et les installations a\u00e9riennes FTTH. Pour son installation a\u00e9rienne, la port\u00e9e du c\u00e2ble est principalement prise en compte lors de la mise en place ou de la mise \u00e0 jour d&rsquo;une ligne de c\u00e2ble. Avec l&rsquo;augmentation de la port\u00e9e, les mat\u00e9riaux et les sp\u00e9cifications des c\u00e2bles varient. Bonelinks est un fournisseur de c\u00e2bles a\u00e9riens en fibre optique ADSS qui propose tous les types de c\u00e2bles en fibre optique ADSS et toutes les sp\u00e9cifications, qu&rsquo;il s&rsquo;agisse de la fibre optique, des mat\u00e9riaux du c\u00e2ble ou des port\u00e9es. Tout cela pour la meilleure solution pour la ligne de communication en site r\u00e9el.<\/p>\n","protected":false},"featured_media":15010,"template":"","meta":{"site-sidebar-layout":"default","site-content-layout":"default","ast-site-content-layout":"default","site-content-style":"default","site-sidebar-style":"default","ast-global-header-display":"","ast-banner-title-visibility":"","ast-main-header-display":"","ast-hfb-above-header-display":"","ast-hfb-below-header-display":"","ast-hfb-mobile-header-display":"","site-post-title":"","ast-breadcrumbs-content":"","ast-featured-img":"","footer-sml-layout":"","ast-disable-related-posts":"","theme-transparent-header-meta":"default","adv-header-id-meta":"","stick-header-meta":"default","header-above-stick-meta":"","header-main-stick-meta":"","header-below-stick-meta":"","astra-migrate-meta-layouts":"set","ast-page-background-enabled":"default","ast-page-background-meta":{"desktop":{"background-color":"","background-image":"","background-repeat":"repeat","background-position":"center center","background-size":"auto","background-attachment":"scroll","background-type":"","background-media":"","overlay-type":"","overlay-color":"","overlay-opacity":"","overlay-gradient":""},"tablet":{"background-color":"","background-image":"","background-repeat":"repeat","background-position":"center center","background-size":"auto","background-attachment":"scroll","background-type":"","background-media":"","overlay-type":"","overlay-color":"","overlay-opacity":"","overlay-gradient":""},"mobile":{"background-color":"","background-image":"","background-repeat":"repeat","background-position":"center center","background-size":"auto","background-attachment":"scroll","background-type":"","background-media":"","overlay-type":"","overlay-color":"","overlay-opacity":"","overlay-gradient":""}},"ast-content-background-meta":{"desktop":{"background-color":"var(--ast-global-color-5)","background-image":"","background-repeat":"repeat","background-position":"center center","background-size":"auto","background-attachment":"scroll","background-type":"","background-media":"","overlay-type":"","overlay-color":"","overlay-opacity":"","overlay-gradient":""},"tablet":{"background-color":"var(--ast-global-color-5)","background-image":"","background-repeat":"repeat","background-position":"center center","background-size":"auto","background-attachment":"scroll","background-type":"","background-media":"","overlay-type":"","overlay-color":"","overlay-opacity":"","overlay-gradient":""},"mobile":{"background-color":"var(--ast-global-color-5)","background-image":"","background-repeat":"repeat","background-position":"center center","background-size":"auto","background-attachment":"scroll","background-type":"","background-media":"","overlay-type":"","overlay-color":"","overlay-opacity":"","overlay-gradient":""}}},"product_brand":[],"product_cat":[547,211,507],"product_tag":[],"class_list":{"0":"post-21603","1":"product","2":"type-product","3":"status-publish","4":"has-post-thumbnail","6":"product_cat-adss-fiber-optic-cable-fr","7":"product_cat-outdoor-fiber-optic-cable-fr","8":"product_cat-aerial-fiber-optic-cable-fr","9":"desktop-align-left","10":"tablet-align-left","11":"mobile-align-left","12":"ast-product-gallery-layout-vertical","13":"ast-product-gallery-with-no-image","14":"ast-product-tabs-layout-vertical","15":"ast-qv-on-image","17":"first","18":"instock","19":"shipping-taxable","20":"product-type-simple"},"_links":{"self":[{"href":"https:\/\/www.bonelinks.com\/fr\/wp-json\/wp\/v2\/product\/21603","targetHints":{"allow":["GET"]}}],"collection":[{"href":"https:\/\/www.bonelinks.com\/fr\/wp-json\/wp\/v2\/product"}],"about":[{"href":"https:\/\/www.bonelinks.com\/fr\/wp-json\/wp\/v2\/types\/product"}],"version-history":[{"count":3,"href":"https:\/\/www.bonelinks.com\/fr\/wp-json\/wp\/v2\/product\/21603\/revisions"}],"predecessor-version":[{"id":24185,"href":"https:\/\/www.bonelinks.com\/fr\/wp-json\/wp\/v2\/product\/21603\/revisions\/24185"}],"wp:featuredmedia":[{"embeddable":true,"href":"https:\/\/www.bonelinks.com\/fr\/wp-json\/wp\/v2\/media\/15010"}],"wp:attachment":[{"href":"https:\/\/www.bonelinks.com\/fr\/wp-json\/wp\/v2\/media?parent=21603"}],"wp:term":[{"taxonomy":"product_brand","embeddable":true,"href":"https:\/\/www.bonelinks.com\/fr\/wp-json\/wp\/v2\/product_brand?post=21603"},{"taxonomy":"product_cat","embeddable":true,"href":"https:\/\/www.bonelinks.com\/fr\/wp-json\/wp\/v2\/product_cat?post=21603"},{"taxonomy":"product_tag","embeddable":true,"href":"https:\/\/www.bonelinks.com\/fr\/wp-json\/wp\/v2\/product_tag?post=21603"}],"curies":[{"name":"wp","href":"https:\/\/api.w.org\/{rel}","templated":true}]}}