{"id":21567,"date":"2022-11-21T23:15:48","date_gmt":"2022-11-22T07:15:48","guid":{"rendered":"https:\/\/www.bonelinks.com\/product\/cable-a-fibres-optiques-arme-pour-lexterieur-a-enfouissement-direct\/"},"modified":"2024-01-28T22:25:38","modified_gmt":"2024-01-29T06:25:38","slug":"outdoor-armored-direct-buried-fiber-optic-cable","status":"publish","type":"product","link":"https:\/\/www.bonelinks.com\/fr\/product\/outdoor-armored-direct-buried-fiber-optic-cable\/","title":{"rendered":"C\u00e2ble \u00e0 fibres optiques arm\u00e9 pour l&rsquo;ext\u00e9rieur, \u00e0 enfouissement direct"},"content":{"rendered":"<h2 style=\"text-align: left; font-size: 18px;\"><strong>Caract\u00e9ristiques<\/strong><\/h2>\n<ul>\n<li>Bonnes performances m\u00e9caniques et thermiques.<\/li>\n<li>Tube en vrac \u00e0 haute r\u00e9sistance \u00e0 l&rsquo;hydrolyse.<\/li>\n<li>Un compos\u00e9 sp\u00e9cial de remplissage des tubes assure une protection critique de la fibre.<\/li>\n<li>R\u00e9sistance \u00e0 l&rsquo;\u00e9crasement et \ufb02exibilit\u00e9.<\/li>\n<li>Deux fils d&rsquo;acier parall\u00e8les assurent la r\u00e9sistance \u00e0 la traction<\/li>\n<li>Petit diam\u00e8tre, l\u00e9g\u00e8ret\u00e9 et facilit\u00e9 d&rsquo;installation<\/li>\n<li>Longue dur\u00e9e de livraison<\/li>\n<li>R\u00e9sistance \u00e0 l&rsquo;humidit\u00e9 renforc\u00e9e par les PSP<\/li>\n<\/ul>\n<h2 style=\"text-align: left; font-size: 18px;\"><strong>Application<\/strong><\/h2>\n<p>Suspension a\u00e9rienne sauvage<\/p>\n<h2 style=\"text-align: left; font-size: 18px;\"><strong>Protection de l&rsquo;environnement<\/strong><\/h2>\n<p>R\u00e9sistance aux UV ; imperm\u00e9abilit\u00e9 ; r\u00e9sistance \u00e0 l&rsquo;humidit\u00e9 ; haute r\u00e9sistance \u00e0 la traction<\/p>\n<h2 style=\"text-align: left; font-size: 18px;\"><strong>Vous cherchez d&rsquo;autres choix de c\u00e2bles \u00e0 fibres arm\u00e9s ?<\/strong><\/h2>\n<p>Vous cherchez plus de choix en mati\u00e8re de c\u00e2bles blind\u00e9s \u00e0 fibres optiques ? D\u00e9couvrez nos<a href=\"https:\/\/www.bonelinks.com\/fr\/armored-optical-fiber-cable\/\" target=\"_blank\" rel=\"noopener\"><strong><span style=\"color: #0054a6;\"> c\u00e2bles \u00e0 fibres arm\u00e9s <\/span><\/strong><\/a>pour une mise en r\u00e9seau sans faille. Si vous avez besoin de c\u00e2bles \u00e0 fibres optiques sur mesure pour r\u00e9pondre \u00e0 vos besoins sp\u00e9cifiques, jetez un coup d&rsquo;\u0153il \u00e0 nos<a href=\"https:\/\/www.bonelinks.com\/fr\/custom-fiber-optic-cables\/\" target=\"_blank\" rel=\"noopener\"><strong><span style=\"color: #0054a6;\"> C\u00e2bles \u00e0 fibres optiques sur mesure <\/span><\/strong><\/a>pour des solutions de connectivit\u00e9 personnalis\u00e9es.<\/p>\n","protected":false},"excerpt":{"rendered":"<p>Le c\u00e2ble \u00e0 fibre optique blind\u00e9 GYTY53 est un c\u00e2ble \u00e0 fibre optique d&rsquo;ext\u00e9rieur adapt\u00e9 \u00e0 l&rsquo;environnement difficile de la pose de pipelines, de l&rsquo;enfouissement direct et de l&rsquo;utilisation en hauteur. La double gaine en PE et le ruban en acier PSP qui l&rsquo;enveloppe font de ce c\u00e2ble ext\u00e9rieur \u00e0 torons et \u00e0 tubes l\u00e2ches un c\u00e2ble non seulement antistatique et r\u00e9sistant \u00e0 la pression, mais aussi emp\u00eachant les animaux de terrain de d\u00e9chirer et d&rsquo;endommager la fibre interne. Bonlinks con\u00e7oit et produit des c\u00e2bles \u00e0 fibres optiques arm\u00e9s GYTY53 pour l&rsquo;ext\u00e9rieur avec un nombre minimum de 2 noyaux et un nombre maximum de 216 noyaux, et peut produire des bobines de diff\u00e9rentes longueurs en fonction des exigences r\u00e9elles de chargement et de c\u00e2blage.<\/p>\n","protected":false},"featured_media":13450,"template":"","meta":{"site-sidebar-layout":"default","site-content-layout":"default","ast-site-content-layout":"default","site-content-style":"default","site-sidebar-style":"default","ast-global-header-display":"","ast-banner-title-visibility":"","ast-main-header-display":"","ast-hfb-above-header-display":"","ast-hfb-below-header-display":"","ast-hfb-mobile-header-display":"","site-post-title":"","ast-breadcrumbs-content":"","ast-featured-img":"","footer-sml-layout":"","ast-disable-related-posts":"","theme-transparent-header-meta":"default","adv-header-id-meta":"","stick-header-meta":"default","header-above-stick-meta":"","header-main-stick-meta":"","header-below-stick-meta":"","astra-migrate-meta-layouts":"set","ast-page-background-enabled":"default","ast-page-background-meta":{"desktop":{"background-color":"","background-image":"","background-repeat":"repeat","background-position":"center center","background-size":"auto","background-attachment":"scroll","background-type":"","background-media":"","overlay-type":"","overlay-color":"","overlay-opacity":"","overlay-gradient":""},"tablet":{"background-color":"","background-image":"","background-repeat":"repeat","background-position":"center center","background-size":"auto","background-attachment":"scroll","background-type":"","background-media":"","overlay-type":"","overlay-color":"","overlay-opacity":"","overlay-gradient":""},"mobile":{"background-color":"","background-image":"","background-repeat":"repeat","background-position":"center center","background-size":"auto","background-attachment":"scroll","background-type":"","background-media":"","overlay-type":"","overlay-color":"","overlay-opacity":"","overlay-gradient":""}},"ast-content-background-meta":{"desktop":{"background-color":"var(--ast-global-color-5)","background-image":"","background-repeat":"repeat","background-position":"center center","background-size":"auto","background-attachment":"scroll","background-type":"","background-media":"","overlay-type":"","overlay-color":"","overlay-opacity":"","overlay-gradient":""},"tablet":{"background-color":"var(--ast-global-color-5)","background-image":"","background-repeat":"repeat","background-position":"center center","background-size":"auto","background-attachment":"scroll","background-type":"","background-media":"","overlay-type":"","overlay-color":"","overlay-opacity":"","overlay-gradient":""},"mobile":{"background-color":"var(--ast-global-color-5)","background-image":"","background-repeat":"repeat","background-position":"center center","background-size":"auto","background-attachment":"scroll","background-type":"","background-media":"","overlay-type":"","overlay-color":"","overlay-opacity":"","overlay-gradient":""}}},"product_brand":[],"product_cat":[519,505],"product_tag":[],"class_list":{"0":"post-21567","1":"product","2":"type-product","3":"status-publish","4":"has-post-thumbnail","6":"product_cat-direct-buried-fiber-optic-cable-fr","7":"product_cat-armored-optical-fiber-cable-fr","8":"desktop-align-left","9":"tablet-align-left","10":"mobile-align-left","11":"ast-product-gallery-layout-vertical","12":"ast-product-gallery-with-no-image","13":"ast-product-tabs-layout-vertical","14":"ast-qv-on-image","16":"first","17":"instock","18":"shipping-taxable","19":"product-type-simple"},"_links":{"self":[{"href":"https:\/\/www.bonelinks.com\/fr\/wp-json\/wp\/v2\/product\/21567","targetHints":{"allow":["GET"]}}],"collection":[{"href":"https:\/\/www.bonelinks.com\/fr\/wp-json\/wp\/v2\/product"}],"about":[{"href":"https:\/\/www.bonelinks.com\/fr\/wp-json\/wp\/v2\/types\/product"}],"version-history":[{"count":3,"href":"https:\/\/www.bonelinks.com\/fr\/wp-json\/wp\/v2\/product\/21567\/revisions"}],"predecessor-version":[{"id":24170,"href":"https:\/\/www.bonelinks.com\/fr\/wp-json\/wp\/v2\/product\/21567\/revisions\/24170"}],"wp:featuredmedia":[{"embeddable":true,"href":"https:\/\/www.bonelinks.com\/fr\/wp-json\/wp\/v2\/media\/13450"}],"wp:attachment":[{"href":"https:\/\/www.bonelinks.com\/fr\/wp-json\/wp\/v2\/media?parent=21567"}],"wp:term":[{"taxonomy":"product_brand","embeddable":true,"href":"https:\/\/www.bonelinks.com\/fr\/wp-json\/wp\/v2\/product_brand?post=21567"},{"taxonomy":"product_cat","embeddable":true,"href":"https:\/\/www.bonelinks.com\/fr\/wp-json\/wp\/v2\/product_cat?post=21567"},{"taxonomy":"product_tag","embeddable":true,"href":"https:\/\/www.bonelinks.com\/fr\/wp-json\/wp\/v2\/product_tag?post=21567"}],"curies":[{"name":"wp","href":"https:\/\/api.w.org\/{rel}","templated":true}]}}