{"id":21564,"date":"2023-01-07T23:20:40","date_gmt":"2023-01-08T07:20:40","guid":{"rendered":"https:\/\/www.bonelinks.com\/product\/cordons-de-raccordement-lc-a-fc\/"},"modified":"2024-01-28T22:20:21","modified_gmt":"2024-01-29T06:20:21","slug":"lc-to-fc-fiber-patch-cords","status":"publish","type":"product","link":"https:\/\/www.bonelinks.com\/fr\/product\/lc-to-fc-fiber-patch-cords\/","title":{"rendered":"Cordons de raccordement LC \u00e0 FC"},"content":{"rendered":"<h1 style=\"text-align: left; font-size: 18px;\"><strong>Cordons de raccordement LC \u00e0 FC pour une connectivit\u00e9 sans faille<\/strong><\/h1>\n<p>Les cordons de raccordement Bonelinks LC vers FC sont g\u00e9n\u00e9ralement constitu\u00e9s d&rsquo;un c\u00e2ble en fibre optique de haute qualit\u00e9 avec un connecteur LC \u00e0 une extr\u00e9mit\u00e9 et un connecteur FC \u00e0 l&rsquo;autre extr\u00e9mit\u00e9. Les connecteurs LC sont des connecteurs de petite taille qui offrent une connectivit\u00e9 \u00e0 haute densit\u00e9 dans des espaces limit\u00e9s. Les connecteurs FC, quant \u00e0 eux, sont des connecteurs plus grands et robustes qui sont couramment utilis\u00e9s dans les applications \u00e0 haute performance. Les fibres optiques \u00e0 l&rsquo;int\u00e9rieur du c\u00e2ble sont soigneusement enduites et prot\u00e9g\u00e9es pour garantir une perte de signal et une att\u00e9nuation minimales. Il en r\u00e9sulte une transmission de donn\u00e9es fiable et \u00e0 grande vitesse entre les appareils.<\/p>\n<p>Les cordons de raccordement LC \u00e0 FC sont sp\u00e9cialement con\u00e7us et fabriqu\u00e9s pour connecter les ports LC et FC dans les syst\u00e8mes CATV, les syst\u00e8mes de diffusion ou les panneaux de raccordement de fibres optiques. Ces cordons permettent la transmission de signaux optiques dans les bandes de longueur d&rsquo;onde 850nm, 1310nm et 1550nm.<\/p>\n<p>Les cordons de raccordement LC vers FC monomode sont g\u00e9n\u00e9ralement fabriqu\u00e9s \u00e0 partir de c\u00e2bles \u00e0 fibres optiques gain\u00e9s de PVC jaune ou de LSZH. Le c\u00e2ble est cod\u00e9 en couleur pour correspondre au pigtail vert du c\u00f4t\u00e9 APC et au pigtail bleu ou noir du c\u00f4t\u00e9 UPC. D&rsquo;autre part, les cordons de raccordement multimode LC vers FC sont g\u00e9n\u00e9ralement fabriqu\u00e9s \u00e0 partir d&rsquo;un c\u00e2ble en fibre optique \u00e0 gaine orange OM2 LSZH. Les pigtails des connecteurs LC et FC sont respectivement beige et noir pour distinguer le type de fibre.<\/p>\n<p>Pour assurer une r\u00e9flexion statique stable et excellente dans la longueur d&rsquo;onde de travail, le connecteur fibre LCAPC vers FCAPC est dot\u00e9 d&rsquo;une pointe APC inclin\u00e9e \u00e0 8\u00b0. Cette conception permet une transmission stable de la source de lumi\u00e8re r\u00e9fl\u00e9chie \u00e0 l&rsquo;int\u00e9rieur de la fibre et entra\u00eene une transmission stable du signal.<\/p>\n<p>Bonelinks prend le contr\u00f4le de la qualit\u00e9 au s\u00e9rieux, en testant la propret\u00e9 de chaque fibre et de chaque connecteur au cours du processus de fabrication. L&rsquo;entreprise teste \u00e9galement l&rsquo;att\u00e9nuation, la valeur de la perte de retour et la d\u00e9viation 3D de chaque c\u00e2ble de raccordement \u00e0 fibres optiques apr\u00e8s la production. Pour les projets de transmission de r\u00e9seau n\u00e9cessitant des cordons de raccordement APC avec une faible perte d&rsquo;insertion (moins de 0,15dB) et une perte de retour \u00e9lev\u00e9e (plus de 65dB), Bonelinks utilise des noyaux de haute pr\u00e9cision et des processus de rectification pour fournir des vitesses de r\u00e9seau fiables et constantes aux ing\u00e9nieurs en communication, aux entrepreneurs ou aux distributeurs.<\/p>\n<h2 style=\"text-align: left; font-size: 18px;\"><strong>Caract\u00e9ristiques des cordons de raccordement fibre LC \u00e0 FC<\/strong><\/h2>\n<ul>\n<li>Transmission de donn\u00e9es \u00e0 grande vitesse : Les cordons de raccordement en fibre LC \u00e0 FC sont capables de transmettre des donn\u00e9es \u00e0 grande vitesse, ce qui les rend id\u00e9aux pour une utilisation dans les centres de donn\u00e9es, les r\u00e9seaux de t\u00e9l\u00e9communications et d&rsquo;autres applications qui n\u00e9cessitent un transfert de donn\u00e9es rapide.<\/li>\n<li>Faible perte d&rsquo;insertion : Ces cordons de raccordement pr\u00e9sentent une faible perte d&rsquo;insertion, ce qui signifie qu&rsquo;ils n&rsquo;entra\u00eenent pas de perte de signal significative, garantissant ainsi la qualit\u00e9 des donn\u00e9es transmises.<\/li>\n<li>Durabilit\u00e9 : Les cordons de raccordement fibre LC \u00e0 FC sont fabriqu\u00e9s \u00e0 partir de mat\u00e9riaux de haute qualit\u00e9 con\u00e7us pour r\u00e9sister aux rigueurs d&rsquo;une utilisation quotidienne et offrir des performances durables.<\/li>\n<li>Grande compatibilit\u00e9 : Ces cordons de raccordement sont compatibles avec une large gamme d&rsquo;appareils, y compris les \u00e9metteurs-r\u00e9cepteurs optiques, les commutateurs et les routeurs, ce qui permet de les utiliser dans divers environnements de mise en r\u00e9seau.<\/li>\n<\/ul>\n<h2 style=\"text-align: left; font-size: 18px;\"><strong>Applications des cordons de raccordement de fibres LC \u00e0 FC<\/strong><\/h2>\n<ul>\n<li>Centres de donn\u00e9es : Ils sont utilis\u00e9s pour connecter les serveurs, les commutateurs et les dispositifs de stockage dans les centres de donn\u00e9es, ce qui permet un transfert de donn\u00e9es rapide et fiable.<\/li>\n<li>T\u00e9l\u00e9communications : Les cordons de raccordement LC \u00e0 FC sont utilis\u00e9s dans les r\u00e9seaux de t\u00e9l\u00e9communications pour connecter les \u00e9quipements de transmission optique, assurant ainsi un transfert de donn\u00e9es \u00e0 grande vitesse.<\/li>\n<li>R\u00e9seaux locaux (LAN) : Ils sont utilis\u00e9s pour connecter des appareils informatiques dans des r\u00e9seaux locaux, ce qui permet un transfert de donn\u00e9es rapide et fiable entre les appareils.<\/li>\n<li>\u00c9quipements d&rsquo;essai : Ils sont \u00e9galement utilis\u00e9s dans les \u00e9quipements d&rsquo;essai et les syst\u00e8mes de mesure qui n\u00e9cessitent un transfert de donn\u00e9es \u00e0 grande vitesse.<\/li>\n<\/ul>\n<h2 style=\"text-align: left; font-size: 18px;\"><strong>Vous cherchez d&rsquo;autres choix de c\u00e2bles de raccordement en fibre optique ?<\/strong><\/h2>\n<p>Vous souhaitez plus d&rsquo;options pour les c\u00e2bles de raccordement en fibre optique ? D\u00e9couvrez notre s\u00e9lection de <span style=\"color: #0054a6;\"><strong><a style=\"color: #0054a6;\" href=\"https:\/\/www.bonelinks.com\/fr\/lc-fibre-patch-leads\/\" target=\"_blank\" rel=\"noopener\">C\u00e2bles de raccordement en fibre LC, <\/a><\/strong><\/span><a title=\"C\u00e2bles de raccordement en fibre FC\" href=\"https:\/\/www.bonelinks.com\/fr\/fc-fiber-cable\/\" target=\"_blank\" rel=\"noopener\"><strong><span style=\"color: #0054a6;\">C\u00e2bles de raccordement en fibre FC <\/span><\/strong><\/a>pour une mise en r\u00e9seau sans faille.<\/p>\n<p>\u00c0 la recherche de cordons de raccordement en fibre optique con\u00e7us et fabriqu\u00e9s sur mesure ? D\u00e9couvrez notre section d\u00e9di\u00e9e aux<a href=\"https:\/\/www.bonelinks.com\/fr\/custom-fiber-optic-cables\/\" target=\"_blank\" rel=\"noopener\"><span style=\"color: #0054a6;\"><strong> C\u00e2bles \u00e0 fibres optiques sur mesure <\/strong><\/span><\/a>pour des solutions de connectivit\u00e9 sur mesure.<\/p>\n<ul>\n<li>Vente au d\u00e9tail ou en gros &#8211; Nous avons tout ce qu&rsquo;il faut !<\/li>\n<li>Vous ne savez pas quoi acheter ? Nous offrons des conseils d&rsquo;experts.<\/li>\n<li>Faible MOQ : pas besoin d&rsquo;acheter plus que ce que vous voulez.<\/li>\n<li>Des prix comp\u00e9titifs : Obtenez un excellent rapport qualit\u00e9-prix \u00e0 chaque fois.<\/li>\n<li>Livraison rapide : Votre rapidit\u00e9, notre priorit\u00e9.<\/li>\n<li>Centr\u00e9 sur le client : Nous adaptons nos services \u00e0 vos besoins.<\/li>\n<\/ul>\n<p><strong>Connectez-vous avec nous !<\/strong><br \/>\nSi vous avez des difficult\u00e9s \u00e0 trouver le bon <span style=\"color: #0054a6;\"><strong><a style=\"color: #0054a6;\" href=\"https:\/\/www.bonelinks.com\/fr\/fiber-optic-patch-cord-supplier\/\" target=\"_blank\" rel=\"noopener\">cordon de raccordement en fibre optique <\/a><\/strong><\/span>pour vos besoins, ou si vous avez besoin de conseils d&rsquo;experts, un seul clic et vous pouvez<a href=\"https:\/\/www.bonelinks.com\/fr\/contact-us\/\" target=\"_blank\" rel=\"noopener\"><strong><span style=\"color: #0054a6;\"> discuter avec nous <\/span><\/strong><\/a>en quelques secondes. Votre satisfaction est notre priorit\u00e9. Nous sommes pr\u00eats \u00e0 vous aider dans tous les domaines. <strong>Ne vous inqui\u00e9tez pas, il n&rsquo;est pas n\u00e9cessaire de trop r\u00e9fl\u00e9chir. Nous sommes l\u00e0, pr\u00eats \u00e0 vous aider.<\/strong><\/p>\n","protected":false},"excerpt":{"rendered":"<p>Les cordons de raccordement LC \u00e0 FC sont des composants essentiels des r\u00e9seaux \u00e0 fibres optiques, utilis\u00e9s pour connecter deux appareils dot\u00e9s d&rsquo;interfaces LC (Local Connector) et FC (Fiber Channel). Ils jouent un r\u00f4le essentiel dans l&rsquo;\u00e9tablissement d&rsquo;une transmission de donn\u00e9es fiable et \u00e0 grande vitesse entre les appareils.<\/p>\n<p>Les cordons de raccordement LC \u00e0 FC sont tr\u00e8s polyvalents et compatibles avec une large gamme d&rsquo;\u00e9quipements et d&rsquo;appareils \u00e0 fibre optique. Ils sont disponibles en diff\u00e9rentes longueurs, ce qui permet aux utilisateurs de personnaliser leurs r\u00e9seaux de fibres optiques pour r\u00e9pondre \u00e0 des exigences sp\u00e9cifiques.<\/p>\n","protected":false},"featured_media":16415,"template":"","meta":{"site-sidebar-layout":"default","site-content-layout":"default","ast-site-content-layout":"default","site-content-style":"default","site-sidebar-style":"default","ast-global-header-display":"","ast-banner-title-visibility":"","ast-main-header-display":"","ast-hfb-above-header-display":"","ast-hfb-below-header-display":"","ast-hfb-mobile-header-display":"","site-post-title":"","ast-breadcrumbs-content":"","ast-featured-img":"","footer-sml-layout":"","ast-disable-related-posts":"","theme-transparent-header-meta":"default","adv-header-id-meta":"","stick-header-meta":"default","header-above-stick-meta":"","header-main-stick-meta":"","header-below-stick-meta":"","astra-migrate-meta-layouts":"set","ast-page-background-enabled":"default","ast-page-background-meta":{"desktop":{"background-color":"","background-image":"","background-repeat":"repeat","background-position":"center center","background-size":"auto","background-attachment":"scroll","background-type":"","background-media":"","overlay-type":"","overlay-color":"","overlay-opacity":"","overlay-gradient":""},"tablet":{"background-color":"","background-image":"","background-repeat":"repeat","background-position":"center center","background-size":"auto","background-attachment":"scroll","background-type":"","background-media":"","overlay-type":"","overlay-color":"","overlay-opacity":"","overlay-gradient":""},"mobile":{"background-color":"","background-image":"","background-repeat":"repeat","background-position":"center center","background-size":"auto","background-attachment":"scroll","background-type":"","background-media":"","overlay-type":"","overlay-color":"","overlay-opacity":"","overlay-gradient":""}},"ast-content-background-meta":{"desktop":{"background-color":"var(--ast-global-color-5)","background-image":"","background-repeat":"repeat","background-position":"center center","background-size":"auto","background-attachment":"scroll","background-type":"","background-media":"","overlay-type":"","overlay-color":"","overlay-opacity":"","overlay-gradient":""},"tablet":{"background-color":"var(--ast-global-color-5)","background-image":"","background-repeat":"repeat","background-position":"center center","background-size":"auto","background-attachment":"scroll","background-type":"","background-media":"","overlay-type":"","overlay-color":"","overlay-opacity":"","overlay-gradient":""},"mobile":{"background-color":"var(--ast-global-color-5)","background-image":"","background-repeat":"repeat","background-position":"center center","background-size":"auto","background-attachment":"scroll","background-type":"","background-media":"","overlay-type":"","overlay-color":"","overlay-opacity":"","overlay-gradient":""}}},"product_brand":[],"product_cat":[455,229,227],"product_tag":[],"class_list":{"0":"post-21564","1":"product","2":"type-product","3":"status-publish","4":"has-post-thumbnail","6":"product_cat-fc-fiber-patch-cord-fr","7":"product_cat-lc-fiber-patch-cord-fr","8":"product_cat-fiber-patch-cord-fr","9":"pa_connector-type-lc-fc-fr","10":"desktop-align-left","11":"tablet-align-left","12":"mobile-align-left","13":"ast-product-gallery-layout-vertical","14":"ast-product-gallery-with-no-image","15":"ast-product-tabs-layout-vertical","16":"ast-qv-on-image","18":"first","19":"instock","20":"shipping-taxable","21":"product-type-simple"},"_links":{"self":[{"href":"https:\/\/www.bonelinks.com\/fr\/wp-json\/wp\/v2\/product\/21564","targetHints":{"allow":["GET"]}}],"collection":[{"href":"https:\/\/www.bonelinks.com\/fr\/wp-json\/wp\/v2\/product"}],"about":[{"href":"https:\/\/www.bonelinks.com\/fr\/wp-json\/wp\/v2\/types\/product"}],"version-history":[{"count":3,"href":"https:\/\/www.bonelinks.com\/fr\/wp-json\/wp\/v2\/product\/21564\/revisions"}],"predecessor-version":[{"id":24162,"href":"https:\/\/www.bonelinks.com\/fr\/wp-json\/wp\/v2\/product\/21564\/revisions\/24162"}],"wp:featuredmedia":[{"embeddable":true,"href":"https:\/\/www.bonelinks.com\/fr\/wp-json\/wp\/v2\/media\/16415"}],"wp:attachment":[{"href":"https:\/\/www.bonelinks.com\/fr\/wp-json\/wp\/v2\/media?parent=21564"}],"wp:term":[{"taxonomy":"product_brand","embeddable":true,"href":"https:\/\/www.bonelinks.com\/fr\/wp-json\/wp\/v2\/product_brand?post=21564"},{"taxonomy":"product_cat","embeddable":true,"href":"https:\/\/www.bonelinks.com\/fr\/wp-json\/wp\/v2\/product_cat?post=21564"},{"taxonomy":"product_tag","embeddable":true,"href":"https:\/\/www.bonelinks.com\/fr\/wp-json\/wp\/v2\/product_tag?post=21564"}],"curies":[{"name":"wp","href":"https:\/\/api.w.org\/{rel}","templated":true}]}}