{"id":21562,"date":"2023-01-07T23:28:28","date_gmt":"2023-01-08T07:28:28","guid":{"rendered":"https:\/\/www.bonelinks.com\/product\/cordon-de-raccordement-lc\/"},"modified":"2024-01-28T22:18:33","modified_gmt":"2024-01-29T06:18:33","slug":"lc-to-lc-fiber-patch-cables","status":"publish","type":"product","link":"https:\/\/www.bonelinks.com\/fr\/product\/lc-to-lc-fiber-patch-cables\/","title":{"rendered":"Cordon de raccordement LC"},"content":{"rendered":"<h1 style=\"text-align: left; font-size: 18px;\"><strong>Cordon de raccordement fibre LC \u00e0 LC<\/strong><\/h1>\n<p>Le cordon de raccordement LC se d\u00e9cline en deux types : simplex et duplex. Le cordon de raccordement LC simplex est utilis\u00e9 pour les connexions \u00e0 un seul canal, tandis que le cordon de raccordement LC duplex est utilis\u00e9 pour les connexions \u00e0 deux canaux afin de garantir une transmission et une r\u00e9ception stables du signal.<\/p>\n<p><img fetchpriority=\"high\" decoding=\"async\" class=\"alignnone wp-image-7117\" src=\"https:\/\/www.bonelinks.com\/wp-content\/uploads\/2023\/01\/simplex-duplex-LC-patch-cord.jpg\" alt=\"cordon de raccordement LC simplex duplex\" width=\"400\" height=\"234\" srcset=\"https:\/\/www.bonelinks.com\/wp-content\/uploads\/2023\/01\/simplex-duplex-LC-patch-cord.jpg 1024w, https:\/\/www.bonelinks.com\/wp-content\/uploads\/2023\/01\/simplex-duplex-LC-patch-cord-300x176.jpg 300w, https:\/\/www.bonelinks.com\/wp-content\/uploads\/2023\/01\/simplex-duplex-LC-patch-cord-768x450.jpg 768w, https:\/\/www.bonelinks.com\/wp-content\/uploads\/2023\/01\/simplex-duplex-LC-patch-cord-650x381.jpg 650w\" sizes=\"(max-width: 400px) 100vw, 400px\" \/><\/p>\n<p>Pour les connexions monomodes, les cordons de raccordement LC conventionnels utilisent des c\u00e2bles \u00e0 fibres optiques G652D ou G657 et pr\u00e9terminent la face d&rsquo;extr\u00e9mit\u00e9 LCUPC avec un bo\u00eetier bleu ou LCAPC avec un bo\u00eetier vert. Pour les connexions multimodes, les cordons de raccordement LC utilisent des c\u00e2bles \u00e0 fibres optiques OM2, OM3 ou OM4 et pr\u00e9terminent la face d&rsquo;extr\u00e9mit\u00e9 LCUPC avec un bo\u00eetier beige, vert d&rsquo;eau ou rouge rose, en fonction de l&rsquo;application.<\/p>\n<p><img decoding=\"async\" class=\"alignnone wp-image-7097\" src=\"https:\/\/www.bonelinks.com\/wp-content\/uploads\/2023\/06\/LC-UPC.jpg\" alt=\"LC UPC\" width=\"400\" height=\"197\" srcset=\"https:\/\/www.bonelinks.com\/wp-content\/uploads\/2023\/06\/LC-UPC.jpg 581w, https:\/\/www.bonelinks.com\/wp-content\/uploads\/2023\/06\/LC-UPC-300x148.jpg 300w\" sizes=\"(max-width: 400px) 100vw, 400px\" \/><img decoding=\"async\" class=\"alignnone wp-image-7115\" src=\"https:\/\/www.bonelinks.com\/wp-content\/uploads\/2023\/01\/LC-APC.jpg\" alt=\"LC APC\" width=\"400\" height=\"208\" srcset=\"https:\/\/www.bonelinks.com\/wp-content\/uploads\/2023\/01\/LC-APC.jpg 370w, https:\/\/www.bonelinks.com\/wp-content\/uploads\/2023\/01\/LC-APC-300x156.jpg 300w\" sizes=\"(max-width: 400px) 100vw, 400px\" \/><\/p>\n<p>Bonelinks a mis en place un processus de contr\u00f4le rigoureux pour garantir la meilleure r\u00e9flexion de la lumi\u00e8re et la meilleure transmission du signal, avec des tests stricts des valeurs d&rsquo;att\u00e9nuation des fibres, de la tension du c\u00e2ble et de l&rsquo;indice de r\u00e9sistance au feu de la gaine. Les r\u00e9sultats des tests sont enregistr\u00e9s et imprim\u00e9s sur l&#8217;emballage du cordon de raccordement pour faciliter la consultation lors de l&rsquo;installation. Des options d&rsquo;impression et de couleur personnalis\u00e9es pour la gaine du c\u00e2ble sont \u00e9galement disponibles pour r\u00e9pondre aux exigences de reconnaissance de la marque.<\/p>\n<table>\n<tbody>\n<tr>\n<th class=\"header\">Cordon de raccordement LC<\/th>\n<th class=\"header\">OS2 Fibre LC \u00e0 LC<\/th>\n<th class=\"header\">Fibre OM3 LC \u00e0 LC<\/th>\n<th class=\"header\">Fibre OM4 LC \u00e0 LC<\/th>\n<\/tr>\n<tr>\n<td>Nombre de fibres<\/td>\n<td>simplex, duplex<\/td>\n<td>simplex, duplex<\/td>\n<td>simplex, duplex<\/td>\n<\/tr>\n<tr>\n<td>Mode fibre<\/td>\n<td>SingleMode<\/td>\n<td>Multimode<\/td>\n<td>Multimode<\/td>\n<\/tr>\n<tr>\n<td>Taux de donn\u00e9es<\/td>\n<td>1G\/10GB<\/td>\n<td>10G\/40G\/100GB<\/td>\n<td>10G\/40G\/100GB<\/td>\n<\/tr>\n<tr>\n<td>Connecteur<\/td>\n<td>LC UPC\/APC vers LC UPC\/APC<\/td>\n<td>LC UPC \u00e0 LC UPC<\/td>\n<td>LC UPC \u00e0 LC UPC<\/td>\n<\/tr>\n<tr>\n<td>Perte d&rsquo;insertion<\/td>\n<td>\u22640,3dB<\/td>\n<td>\u22640,3dB<\/td>\n<td>\u22640,3dB<\/td>\n<\/tr>\n<tr>\n<td>Perte de retour<\/td>\n<td>UPC\u226550dB, APC\u226560dB<\/td>\n<td>UPC\u226530dB<\/td>\n<td>UPC\u226530dB<\/td>\n<\/tr>\n<tr>\n<td>Longueur<\/td>\n<td>1m, 2m, 3m, 5m, 10m ou sur mesure<\/td>\n<td>1m, 2m, 3m, 5m, 10m ou sur mesure<\/td>\n<td>1m, 2m, 3m, 5m, 10m ou sur mesure<\/td>\n<\/tr>\n<tr>\n<td>Veste<\/td>\n<td>LSZH, OFNR, PVC<\/td>\n<td>LSZH, OFNR, PVC<\/td>\n<td>LSZH, OFNR, PVC<\/td>\n<\/tr>\n<\/tbody>\n<\/table>\n<p><img loading=\"lazy\" decoding=\"async\" class=\"alignnone wp-image-7118\" src=\"https:\/\/www.bonelinks.com\/wp-content\/uploads\/2023\/01\/OS2-OM3-OM4-LC-LC-fiber-patch-cord.jpg\" alt=\"Cordon de raccordement fibre OS2 OM3 OM4 LC LC\" width=\"500\" height=\"336\" srcset=\"https:\/\/www.bonelinks.com\/wp-content\/uploads\/2023\/01\/OS2-OM3-OM4-LC-LC-fiber-patch-cord.jpg 688w, https:\/\/www.bonelinks.com\/wp-content\/uploads\/2023\/01\/OS2-OM3-OM4-LC-LC-fiber-patch-cord-300x201.jpg 300w, https:\/\/www.bonelinks.com\/wp-content\/uploads\/2023\/01\/OS2-OM3-OM4-LC-LC-fiber-patch-cord-650x436.jpg 650w\" sizes=\"(max-width: 500px) 100vw, 500px\" \/><\/p>\n<h2 style=\"text-align: left; font-size: 18px;\"><strong>Caract\u00e9ristiques du cordon de raccordement LC<\/strong><\/h2>\n<ul>\n<li>Taille compacte : Les connecteurs LC sont plus petits que les autres types de connecteurs fibre, ce qui rend le cordon de raccordement LC plus compact et adapt\u00e9 aux environnements r\u00e9seau \u00e0 haute densit\u00e9.<\/li>\n<li>Facilit\u00e9 d&rsquo;utilisation : Les connecteurs LC sont faciles \u00e0 installer et \u00e0 manipuler, ce qui facilite la connexion et la d\u00e9connexion des appareils par les techniciens.<\/li>\n<li>Transfert de donn\u00e9es \u00e0 grande vitesse : Les cordons de raccordement LC peuvent supporter des taux de transfert de donn\u00e9es \u00e9lev\u00e9s, ce qui les rend id\u00e9aux pour une utilisation dans les centres de donn\u00e9es et les environnements LAN.<\/li>\n<li>Faible perte d&rsquo;insertion : Les connecteurs LC ont une faible perte d&rsquo;insertion, ce qui permet de minimiser la perte de signal et de maintenir la qualit\u00e9 du signal sur toute la longueur du c\u00e2ble.<\/li>\n<li>Durabilit\u00e9 : Les connecteurs LC sont con\u00e7us pour \u00eatre durables et fiables, et ils peuvent supporter des branchements et d\u00e9branchements fr\u00e9quents.<\/li>\n<li>Polyvalence : Le cordon de raccordement LC est disponible en monomode et multimode, ce qui permet de l&rsquo;utiliser dans une large gamme de r\u00e9seaux de fibres optiques.<\/li>\n<li>Rentable : Les cordons de raccordement LC sont relativement abordables par rapport \u00e0 d&rsquo;autres types de c\u00e2bles \u00e0 fibres optiques, ce qui en fait une solution rentable pour la connexion de dispositifs \u00e0 fibres optiques.<\/li>\n<\/ul>\n<h2 style=\"text-align: left; font-size: 18px;\"><strong>Applications du cordon de raccordement LC<\/strong><\/h2>\n<ul>\n<li>Centres de donn\u00e9es : Les cordons de raccordement LC sont couramment utilis\u00e9s dans les centres de donn\u00e9es pour connecter les commutateurs, les serveurs et les dispositifs de stockage.<\/li>\n<li>R\u00e9seaux locaux (LAN) : Les c\u00e2bles de raccordement LC \u00e0 LC sont utilis\u00e9s dans les r\u00e9seaux locaux pour connecter les commutateurs, les routeurs et d&rsquo;autres dispositifs de mise en r\u00e9seau.<\/li>\n<li>R\u00e9seaux de fibre optique jusqu&rsquo;au domicile (FTTH) et de fibre optique jusqu&rsquo;au x (FTTx) : Les c\u00e2bles de raccordement LC \u00e0 LC sont utilis\u00e9s dans les r\u00e9seaux FTTH et FTTx pour connecter les terminaux de r\u00e9seaux optiques (ONT) et d&rsquo;autres dispositifs \u00e0 fibre optique.<\/li>\n<li>R\u00e9seaux m\u00e9tropolitains (MAN) : Les cordons de raccordement LC sont utilis\u00e9s dans les r\u00e9seaux m\u00e9tropolitains pour connecter les commutateurs, les routeurs et d&rsquo;autres dispositifs de mise en r\u00e9seau.<\/li>\n<li>\u00c9quipement de test et de mesure : Les c\u00e2bles de raccordement LC \u00e0 LC sont utilis\u00e9s pour connecter les \u00e9quipements de test et de mesure en laboratoire ou sur le terrain.<\/li>\n<\/ul>\n<p><img loading=\"lazy\" decoding=\"async\" class=\"alignnone wp-image-7119\" src=\"https:\/\/www.bonelinks.com\/wp-content\/uploads\/2023\/01\/LC-LC-patch-cord-application.jpg\" alt=\"Application du cordon de raccordement LC LC\" width=\"500\" height=\"500\" srcset=\"https:\/\/www.bonelinks.com\/wp-content\/uploads\/2023\/01\/LC-LC-patch-cord-application.jpg 466w, https:\/\/www.bonelinks.com\/wp-content\/uploads\/2023\/01\/LC-LC-patch-cord-application-300x300.jpg 300w, https:\/\/www.bonelinks.com\/wp-content\/uploads\/2023\/01\/LC-LC-patch-cord-application-80x80.jpg 80w, https:\/\/www.bonelinks.com\/wp-content\/uploads\/2023\/01\/LC-LC-patch-cord-application-100x100.jpg 100w\" sizes=\"(max-width: 500px) 100vw, 500px\" \/><\/p>\n<h2 style=\"text-align: left; font-size: 18px;\"><strong>Vous cherchez d&rsquo;autres choix de c\u00e2bles de raccordement en fibre optique ?<\/strong><\/h2>\n<p>Vous souhaitez plus d&rsquo;options pour les c\u00e2bles de raccordement en fibre optique ? D\u00e9couvrez notre s\u00e9lection de <span style=\"color: #0054a6;\"><strong><a style=\"color: #0054a6;\" href=\"https:\/\/www.bonelinks.com\/fr\/lc-fibre-patch-leads\/\" target=\"_blank\" rel=\"noopener\">C\u00e2bles de raccordement en fibre LC, <\/a><\/strong><\/span><a title=\"C\u00e2bles de raccordement en fibre LC \u00e0 LC\" href=\"https:\/\/www.bonelinks.com\/fr\/lc-to-lc-fiber-patch-cable\/\" target=\"_blank\" rel=\"noopener\"><strong><span style=\"color: #0054a6;\">C\u00e2bles de raccordement fibre LC \u00e0 LC <\/span><\/strong><\/a>pour une mise en r\u00e9seau sans faille.<\/p>\n<p>\u00c0 la recherche de cordons de raccordement en fibre optique con\u00e7us et fabriqu\u00e9s sur mesure ? D\u00e9couvrez notre section d\u00e9di\u00e9e aux<a href=\"https:\/\/www.bonelinks.com\/fr\/custom-fiber-optic-cables\/\" target=\"_blank\" rel=\"noopener\"><span style=\"color: #0054a6;\"><strong> C\u00e2bles \u00e0 fibres optiques sur mesure <\/strong><\/span><\/a>pour des solutions de connectivit\u00e9 sur mesure.<\/p>\n<ul>\n<li>Vente au d\u00e9tail ou en gros &#8211; Nous avons tout ce qu&rsquo;il faut !<\/li>\n<li>Vous ne savez pas quoi acheter ? Nous offrons des conseils d&rsquo;experts.<\/li>\n<li>Faible MOQ : pas besoin d&rsquo;acheter plus que ce que vous voulez.<\/li>\n<li>Des prix comp\u00e9titifs : Obtenez un excellent rapport qualit\u00e9-prix \u00e0 chaque fois.<\/li>\n<li>Livraison rapide : Votre rapidit\u00e9, notre priorit\u00e9.<\/li>\n<li>Centr\u00e9 sur le client : Nous adaptons nos services \u00e0 vos besoins.<\/li>\n<\/ul>\n<p><strong>Connectez-vous avec nous !<\/strong><br \/>\nSi vous avez des difficult\u00e9s \u00e0 trouver le bon <span style=\"color: #0054a6;\"><strong><a style=\"color: #0054a6;\" href=\"https:\/\/www.bonelinks.com\/fr\/fiber-optic-patch-cord-supplier\/\" target=\"_blank\" rel=\"noopener\">cordon de raccordement en fibre optique <\/a><\/strong><\/span>pour vos besoins, ou si vous avez besoin de conseils d&rsquo;experts, un seul clic et vous pouvez<a href=\"https:\/\/www.bonelinks.com\/fr\/contact-us\/\" target=\"_blank\" rel=\"noopener\"><strong><span style=\"color: #0054a6;\"> discuter avec nous <\/span><\/strong><\/a>en quelques secondes. Votre satisfaction est notre priorit\u00e9. Nous sommes pr\u00eats \u00e0 vous aider dans tous les domaines. <strong>Ne vous inqui\u00e9tez pas, il n&rsquo;est pas n\u00e9cessaire de trop r\u00e9fl\u00e9chir. Nous sommes l\u00e0, pr\u00eats \u00e0 vous aider.<\/strong><\/p>\n","protected":false},"excerpt":{"rendered":"<p>Les cordons de raccordement LC sont des c\u00e2bles en fibre optique utilis\u00e9s pour connecter des appareils de communication. Ils sont con\u00e7us pour fournir une connexion fiable entre deux ports LC (Lucent Connector), qui sont couramment utilis\u00e9s dans les r\u00e9seaux de fibres optiques. Le connecteur LC est un connecteur de petite taille couramment utilis\u00e9 dans les applications de fibre optique \u00e0 haute densit\u00e9.<\/p>\n","protected":false},"featured_media":17865,"template":"","meta":{"site-sidebar-layout":"default","site-content-layout":"default","ast-site-content-layout":"default","site-content-style":"default","site-sidebar-style":"default","ast-global-header-display":"","ast-banner-title-visibility":"","ast-main-header-display":"","ast-hfb-above-header-display":"","ast-hfb-below-header-display":"","ast-hfb-mobile-header-display":"","site-post-title":"","ast-breadcrumbs-content":"","ast-featured-img":"","footer-sml-layout":"","ast-disable-related-posts":"","theme-transparent-header-meta":"default","adv-header-id-meta":"","stick-header-meta":"default","header-above-stick-meta":"","header-main-stick-meta":"","header-below-stick-meta":"","astra-migrate-meta-layouts":"set","ast-page-background-enabled":"default","ast-page-background-meta":{"desktop":{"background-color":"","background-image":"","background-repeat":"repeat","background-position":"center center","background-size":"auto","background-attachment":"scroll","background-type":"","background-media":"","overlay-type":"","overlay-color":"","overlay-opacity":"","overlay-gradient":""},"tablet":{"background-color":"","background-image":"","background-repeat":"repeat","background-position":"center center","background-size":"auto","background-attachment":"scroll","background-type":"","background-media":"","overlay-type":"","overlay-color":"","overlay-opacity":"","overlay-gradient":""},"mobile":{"background-color":"","background-image":"","background-repeat":"repeat","background-position":"center center","background-size":"auto","background-attachment":"scroll","background-type":"","background-media":"","overlay-type":"","overlay-color":"","overlay-opacity":"","overlay-gradient":""}},"ast-content-background-meta":{"desktop":{"background-color":"var(--ast-global-color-5)","background-image":"","background-repeat":"repeat","background-position":"center center","background-size":"auto","background-attachment":"scroll","background-type":"","background-media":"","overlay-type":"","overlay-color":"","overlay-opacity":"","overlay-gradient":""},"tablet":{"background-color":"var(--ast-global-color-5)","background-image":"","background-repeat":"repeat","background-position":"center center","background-size":"auto","background-attachment":"scroll","background-type":"","background-media":"","overlay-type":"","overlay-color":"","overlay-opacity":"","overlay-gradient":""},"mobile":{"background-color":"var(--ast-global-color-5)","background-image":"","background-repeat":"repeat","background-position":"center center","background-size":"auto","background-attachment":"scroll","background-type":"","background-media":"","overlay-type":"","overlay-color":"","overlay-opacity":"","overlay-gradient":""}}},"product_brand":[],"product_cat":[229,227],"product_tag":[],"class_list":{"0":"post-21562","1":"product","2":"type-product","3":"status-publish","4":"has-post-thumbnail","6":"product_cat-lc-fiber-patch-cord-fr","7":"product_cat-fiber-patch-cord-fr","8":"pa_connector-type-lc-lc-fr","9":"desktop-align-left","10":"tablet-align-left","11":"mobile-align-left","12":"ast-product-gallery-layout-vertical","13":"ast-product-gallery-with-no-image","14":"ast-product-tabs-layout-vertical","15":"ast-qv-on-image","17":"first","18":"instock","19":"shipping-taxable","20":"product-type-simple"},"_links":{"self":[{"href":"https:\/\/www.bonelinks.com\/fr\/wp-json\/wp\/v2\/product\/21562","targetHints":{"allow":["GET"]}}],"collection":[{"href":"https:\/\/www.bonelinks.com\/fr\/wp-json\/wp\/v2\/product"}],"about":[{"href":"https:\/\/www.bonelinks.com\/fr\/wp-json\/wp\/v2\/types\/product"}],"version-history":[{"count":3,"href":"https:\/\/www.bonelinks.com\/fr\/wp-json\/wp\/v2\/product\/21562\/revisions"}],"predecessor-version":[{"id":24160,"href":"https:\/\/www.bonelinks.com\/fr\/wp-json\/wp\/v2\/product\/21562\/revisions\/24160"}],"wp:featuredmedia":[{"embeddable":true,"href":"https:\/\/www.bonelinks.com\/fr\/wp-json\/wp\/v2\/media\/17865"}],"wp:attachment":[{"href":"https:\/\/www.bonelinks.com\/fr\/wp-json\/wp\/v2\/media?parent=21562"}],"wp:term":[{"taxonomy":"product_brand","embeddable":true,"href":"https:\/\/www.bonelinks.com\/fr\/wp-json\/wp\/v2\/product_brand?post=21562"},{"taxonomy":"product_cat","embeddable":true,"href":"https:\/\/www.bonelinks.com\/fr\/wp-json\/wp\/v2\/product_cat?post=21562"},{"taxonomy":"product_tag","embeddable":true,"href":"https:\/\/www.bonelinks.com\/fr\/wp-json\/wp\/v2\/product_tag?post=21562"}],"curies":[{"name":"wp","href":"https:\/\/api.w.org\/{rel}","templated":true}]}}